{"id":997,"date":"2025-05-02T03:11:36","date_gmt":"2025-05-02T03:11:36","guid":{"rendered":"https:\/\/eu.goodseed.com\/?post_type=product&#038;p=997"},"modified":"2025-12-05T01:11:37","modified_gmt":"2025-12-05T01:11:37","slug":"fieldnotes-stories-of-the-gospel-transforming-lives-volume-2-fieldnotes-stories-of-the-gospel-transforming-lives-volume-2","status":"publish","type":"product","link":"https:\/\/eu.goodseed.com\/uk\/product\/fieldnotes-stories-of-the-gospel-transforming-lives-volume-2-fieldnotes-stories-of-the-gospel-transforming-lives-volume-2\/","title":{"rendered":"\u041f\u043e\u043b\u044c\u043e\u0432\u0456 \u043d\u043e\u0442\u0430\u0442\u043a\u0438: \u0404\u0432\u0430\u043d\u0433\u0435\u043b\u044c\u0441\u044c\u043a\u0456 \u0456\u0441\u0442\u043e\u0440\u0456\u0457, \u044f\u043a\u0456 \u0437\u043c\u0456\u043d\u044e\u044e\u0442\u044c \u0436\u0438\u0442\u0442\u044f (\u0422\u043e\u043c 2)"},"content":{"rendered":"<p class=\"p1\">\u00dcberall auf der Welt nehmen Gl\u00e4ubige ihre Rolle als Botschafter Christi ernst. Im Alltag halten sie Augen und Ohren offen f\u00fcr Gelegenheiten, die Botschaft des Evangeliums zu verbreiten. Manchmal sind die Begegnungen kurz \u2013 sie verschenken einfach ein Buch. Manchmal erhalten Gl\u00e4ubige die Zeit, einen Freund durch ein Bibelstudium zu f\u00fchren. Oft f\u00fchren diese Gelegenheiten dazu, dass Menschen zum Glauben an Jesus Christus finden. Wir sind dankbar, dass uns diese Zeugnisse mit GoodSeed-Ressourcen erreicht haben, und freuen uns \u00fcber das, was Gott getan hat.<\/p>\n<p class=\"p2\">Dieser zweite Band der Fieldnotes erz\u00e4hlt weitere dieser wertvollen Geschichten. Lesen Sie sie und lassen Sie sich ermutigen. Loben Sie Gott und freuen Sie sich mit uns. Und gewinnen Sie Ideen, wie auch Sie ein Botschafter f\u00fcr Christus sein k\u00f6nnen.<\/p>\n<p class=\"p2\">Siehe auch <a href=\"https:\/\/ca.goodseed.com\/fieldnotes-stories-of-the-gospel-transforming-lives-volume-1\/\" target=\"_blank\" rel=\"noopener\">Fieldnotes Volume 1<\/a>.<\/p>\n<p class=\"p2\">","protected":false},"excerpt":{"rendered":"<p>\u00dcberall auf der Welt nehmen Gl\u00e4ubige ihre Rolle als Botschafter Christi ernst. Im Alltag halten sie Augen und Ohren offen f\u00fcr Gelegenheiten, die Botschaft des Evangeliums zu verbreiten. Manchmal sind die Begegnungen kurz \u2013 sie verschenken einfach ein Buch. Manchmal erhalten Gl\u00e4ubige die Zeit, einen Freund durch ein Bibelstudium zu f\u00fchren. Oft f\u00fchren diese Gelegenheiten [&hellip;]<\/p>\n","protected":false},"featured_media":998,"comment_status":"closed","ping_status":"closed","template":"","meta":{"_acf_changed":false,"_glsr_average":0,"_glsr_ranking":0,"_glsr_reviews":0},"product_brand":[],"product_cat":[23],"product_tag":[],"giftcard-category":[],"class_list":{"0":"post-997","1":"product","2":"type-product","3":"status-publish","4":"has-post-thumbnail","6":"product_cat-andere-materialien","8":"first","9":"instock","10":"taxable","11":"shipping-taxable","12":"purchasable","13":"product-type-simple"},"acf":[],"_links":{"self":[{"href":"https:\/\/eu.goodseed.com\/uk\/wp-json\/wp\/v2\/product\/997","targetHints":{"allow":["GET"]}}],"collection":[{"href":"https:\/\/eu.goodseed.com\/uk\/wp-json\/wp\/v2\/product"}],"about":[{"href":"https:\/\/eu.goodseed.com\/uk\/wp-json\/wp\/v2\/types\/product"}],"replies":[{"embeddable":true,"href":"https:\/\/eu.goodseed.com\/uk\/wp-json\/wp\/v2\/comments?post=997"}],"wp:featuredmedia":[{"embeddable":true,"href":"https:\/\/eu.goodseed.com\/uk\/wp-json\/wp\/v2\/media\/998"}],"wp:attachment":[{"href":"https:\/\/eu.goodseed.com\/uk\/wp-json\/wp\/v2\/media?parent=997"}],"wp:term":[{"taxonomy":"product_brand","embeddable":true,"href":"https:\/\/eu.goodseed.com\/uk\/wp-json\/wp\/v2\/product_brand?post=997"},{"taxonomy":"product_cat","embeddable":true,"href":"https:\/\/eu.goodseed.com\/uk\/wp-json\/wp\/v2\/product_cat?post=997"},{"taxonomy":"product_tag","embeddable":true,"href":"https:\/\/eu.goodseed.com\/uk\/wp-json\/wp\/v2\/product_tag?post=997"},{"taxonomy":"giftcard-category","embeddable":true,"href":"https:\/\/eu.goodseed.com\/uk\/wp-json\/wp\/v2\/giftcard-category?post=997"}],"curies":[{"name":"wp","href":"https:\/\/api.w.org\/{rel}","templated":true}]}}