{"id":965,"date":"2025-05-02T02:51:30","date_gmt":"2025-05-02T02:51:30","guid":{"rendered":"https:\/\/eu.goodseed.com\/?post_type=product&#038;p=965"},"modified":"2025-12-05T01:17:58","modified_gmt":"2025-12-05T01:17:58","slug":"front-cover-back-cover-and-beginning-with-moses-korean","status":"publish","type":"product","link":"https:\/\/eu.goodseed.com\/uk\/product\/front-cover-back-cover-and-beginning-with-moses-korean\/","title":{"rendered":"\u041f\u043e\u0447\u0438\u043d\u0430\u044e\u0447\u0438 \u0437 \u041c\u043e\u0439\u0441\u0435\u044f (\u043a\u043e\u0440\u0435\u0439\u0441\u044c\u043a\u0430)"},"content":{"rendered":"<p>Dies ist die koreanische Ausgabe von \u201e<a title=\"And Beginning with Moses\" href=\"https:\/\/ca.goodseed.com\/and-beginning-with-moses-english\/\">And Beginning with Moses.<\/a>\u201c<\/p>\n<p>&nbsp;<\/p>\n<p>Im Folgenden finden Sie die Beschreibung der englischen Ausgabe:<\/p>\n<p>Haben Sie einen Wandel in unserer Kultur bemerkt und wissen nicht, wie Sie das Evangelium mit dieser neuen Generation teilen sollen? Sie m\u00f6chten die Bibel lehren, aber wo fangen Sie an, wenn die Menschen nicht einmal wissen, wer Gott ist?<\/p>\n<p>Vielleicht haben Sie eine Ver\u00e4nderung in der christlichen Kirche beobachtet, da die Postmoderne unser Denken zu beeinflussen beginnt. Die bisherigen Methoden der Evangelisation scheinen zu versagen, und die Menschen werden immer ungebildeter, was die Bibel angeht. Sie wissen, dass es ein Problem gibt, aber Sie k\u00f6nnen nicht genau sagen, was es ist oder wie man es l\u00f6sen kann.<\/p>\n<p>W\u00fcrden Sie sich nicht w\u00fcnschen, dass bereits etwas unternommen worden w\u00e4re, um herauszufinden, was das Problem ist? Noch besser w\u00e4re es, wenn es bereits eine Antwort darauf g\u00e4be, wie man es beheben kann? Stellen Sie sich vor, wie viel effektiver Sie das Evangelium weitergeben k\u00f6nnten, wenn Sie w\u00fcssten, mit welchen Hilfsmitteln Sie das Problem beheben k\u00f6nnten, und noch mehr, wenn Sie w\u00fcssten, wie Sie diese Hilfsmittel einsetzen k\u00f6nnen!<\/p>\n<p>Dieses Buch wirft einen guten Blick auf die Probleme, denen wir bei der Kommunikation des Evangeliums in der heutigen Kultur gegen\u00fcberstehen. Es zeigt nicht nur auf, was das Problem ist, sondern bietet auch eine biblische L\u00f6sung an und erkl\u00e4rt, warum diese Methode funktioniert. Es wurden verschiedene Hilfsmittel entwickelt, um diesen Bedarf zu decken, die jeweils auf ein anderes Publikum zugeschnitten sind. In der zweiten H\u00e4lfte des Buches werden diese Hilfsmittel vorgestellt und ihre Anwendung erkl\u00e4rt. Au\u00dferdem gibt es einen Abschnitt, in dem \u00fcber h\u00e4ufige Fehler im Umgang mit diesen Werkzeugen informiert wird, sowie Ideen, wie man sie effektiv einsetzen kann.<\/p>\n<p>Anzahl der Seiten: 49<br \/>\nISBN: 1890082277<\/p>","protected":false},"excerpt":{"rendered":"<p>Dies ist die koreanische Ausgabe von \u201eAnd Beginning with Moses.\u201c &nbsp; Im Folgenden finden Sie die Beschreibung der englischen Ausgabe: Haben Sie einen Wandel in unserer Kultur bemerkt und wissen nicht, wie Sie das Evangelium mit dieser neuen Generation teilen sollen? Sie m\u00f6chten die Bibel lehren, aber wo fangen Sie an, wenn die Menschen nicht [&hellip;]<\/p>\n","protected":false},"featured_media":966,"comment_status":"closed","ping_status":"closed","template":"","meta":{"_acf_changed":false,"_glsr_average":0,"_glsr_ranking":0,"_glsr_reviews":0},"product_brand":[],"product_cat":[23,83],"product_tag":[54],"giftcard-category":[],"class_list":{"0":"post-965","1":"product","2":"type-product","3":"status-publish","4":"has-post-thumbnail","6":"product_cat-andere-materialien","7":"product_cat-koreanisch","8":"product_tag-korean","10":"first","11":"instock","12":"taxable","13":"shipping-taxable","14":"purchasable","15":"product-type-simple"},"acf":[],"_links":{"self":[{"href":"https:\/\/eu.goodseed.com\/uk\/wp-json\/wp\/v2\/product\/965","targetHints":{"allow":["GET"]}}],"collection":[{"href":"https:\/\/eu.goodseed.com\/uk\/wp-json\/wp\/v2\/product"}],"about":[{"href":"https:\/\/eu.goodseed.com\/uk\/wp-json\/wp\/v2\/types\/product"}],"replies":[{"embeddable":true,"href":"https:\/\/eu.goodseed.com\/uk\/wp-json\/wp\/v2\/comments?post=965"}],"wp:featuredmedia":[{"embeddable":true,"href":"https:\/\/eu.goodseed.com\/uk\/wp-json\/wp\/v2\/media\/966"}],"wp:attachment":[{"href":"https:\/\/eu.goodseed.com\/uk\/wp-json\/wp\/v2\/media?parent=965"}],"wp:term":[{"taxonomy":"product_brand","embeddable":true,"href":"https:\/\/eu.goodseed.com\/uk\/wp-json\/wp\/v2\/product_brand?post=965"},{"taxonomy":"product_cat","embeddable":true,"href":"https:\/\/eu.goodseed.com\/uk\/wp-json\/wp\/v2\/product_cat?post=965"},{"taxonomy":"product_tag","embeddable":true,"href":"https:\/\/eu.goodseed.com\/uk\/wp-json\/wp\/v2\/product_tag?post=965"},{"taxonomy":"giftcard-category","embeddable":true,"href":"https:\/\/eu.goodseed.com\/uk\/wp-json\/wp\/v2\/giftcard-category?post=965"}],"curies":[{"name":"wp","href":"https:\/\/api.w.org\/{rel}","templated":true}]}}