{"id":960,"date":"2025-05-02T02:49:30","date_gmt":"2025-05-02T02:49:30","guid":{"rendered":"https:\/\/eu.goodseed.com\/?post_type=product&#038;p=960"},"modified":"2025-07-07T07:11:16","modified_gmt":"2025-07-07T07:11:16","slug":"front-cover-back-cover-ee-taow-dvd-english","status":"publish","type":"product","link":"https:\/\/eu.goodseed.com\/uk\/product\/front-cover-back-cover-ee-taow-dvd-english\/","title":{"rendered":"\u0421\u043f\u0435\u0440\u0435\u0434\u0443 \u043d\u0430\u0437\u0430\u0434 EE-TAOW! DVD (\u0430\u043d\u0433\u043b\u0456\u0439\u0441\u044c\u043a\u043e\u044e)"},"content":{"rendered":"<p>Diese DVD enth\u00e4lt zwei klassische Dokudramen:<\/p>\n<ul>\n<li>Die Mouk-Geschichte<\/li>\n<li>Das n\u00e4chste Kapitel<\/li>\n<\/ul>\n<p>Diese Filme wurden von Menschen in der ganzen Welt gesehen. Sie zeigen die bemerkenswerte Wirkung der Lehre des Evangeliums in chronologischer Weise, beginnend mit der Sch\u00f6pfung und fortlaufend durch die Bibel bis zum Kreuz.<\/p>\n<p>Diese beiden zusammenh\u00e4ngenden Dokudramen wurden vor Ort gedreht und erz\u00e4hlen die Geschichte des Volkes der Mouk im entlegensten Dschungel von Papua-Neuguinea. Der erste Teil, &#8222;Die Geschichte der Mouk&#8220;, vermittelt ein Bild von der dunklen und harten Lebensweise, in der dieses Volk seit Jahrhunderten lebte. Es war unbekannt, wie sie auf das Evangelium reagieren w\u00fcrden. Der Film zeigt die Wirkung der dreimonatigen Bibellehre in chronologischer Reihenfolge und schildert anschaulich die Reaktion des Volkes auf die letzte Erkl\u00e4rung des Evangeliums. Der zweite Teil, &#8222;Das n\u00e4chste Kapitel&#8220;, setzt ihre Geschichte fort, wie sie sich von einer Geschichte m\u00f6rderischer Zauberei und Betruges zu einer Entdeckung der Liebe Gottes und zu einem Volk entwickeln, das seinen neuen Glauben ernst nimmt.<\/p>\n<p>Lassen Sie sich herausfordern und ermutigen, wenn Sie diese wahre Geschichte sehen, wie eine chronologische Lehre des Evangeliums einen ganzen Stamm ver\u00e4ndert hat!<\/p>\n<p>&nbsp;<\/p>\n<p>&nbsp;<\/p>\n<p>DVD Region: Alle Regionen<br \/>\nDauer:57 Min.<\/p>","protected":false},"excerpt":{"rendered":"<p>Diese DVD enth\u00e4lt zwei klassische Dokudramen: Die Mouk-Geschichte Das n\u00e4chste Kapitel Diese Filme wurden von Menschen in der ganzen Welt gesehen. Sie zeigen die bemerkenswerte Wirkung der Lehre des Evangeliums in chronologischer Weise, beginnend mit der Sch\u00f6pfung und fortlaufend durch die Bibel bis zum Kreuz. Diese beiden zusammenh\u00e4ngenden Dokudramen wurden vor Ort gedreht und erz\u00e4hlen [&hellip;]<\/p>\n","protected":false},"featured_media":963,"comment_status":"closed","ping_status":"closed","template":"","meta":{"_acf_changed":false,"_glsr_average":0,"_glsr_ranking":0,"_glsr_reviews":0},"product_brand":[],"product_cat":[23,76],"product_tag":[53],"giftcard-category":[],"class_list":{"0":"post-960","1":"product","2":"type-product","3":"status-publish","4":"has-post-thumbnail","6":"product_cat-andere-materialien","7":"product_cat-englisch","8":"product_tag-english","10":"first","11":"instock","12":"taxable","13":"shipping-taxable","14":"purchasable","15":"product-type-simple"},"acf":[],"_links":{"self":[{"href":"https:\/\/eu.goodseed.com\/uk\/wp-json\/wp\/v2\/product\/960","targetHints":{"allow":["GET"]}}],"collection":[{"href":"https:\/\/eu.goodseed.com\/uk\/wp-json\/wp\/v2\/product"}],"about":[{"href":"https:\/\/eu.goodseed.com\/uk\/wp-json\/wp\/v2\/types\/product"}],"replies":[{"embeddable":true,"href":"https:\/\/eu.goodseed.com\/uk\/wp-json\/wp\/v2\/comments?post=960"}],"wp:featuredmedia":[{"embeddable":true,"href":"https:\/\/eu.goodseed.com\/uk\/wp-json\/wp\/v2\/media\/963"}],"wp:attachment":[{"href":"https:\/\/eu.goodseed.com\/uk\/wp-json\/wp\/v2\/media?parent=960"}],"wp:term":[{"taxonomy":"product_brand","embeddable":true,"href":"https:\/\/eu.goodseed.com\/uk\/wp-json\/wp\/v2\/product_brand?post=960"},{"taxonomy":"product_cat","embeddable":true,"href":"https:\/\/eu.goodseed.com\/uk\/wp-json\/wp\/v2\/product_cat?post=960"},{"taxonomy":"product_tag","embeddable":true,"href":"https:\/\/eu.goodseed.com\/uk\/wp-json\/wp\/v2\/product_tag?post=960"},{"taxonomy":"giftcard-category","embeddable":true,"href":"https:\/\/eu.goodseed.com\/uk\/wp-json\/wp\/v2\/giftcard-category?post=960"}],"curies":[{"name":"wp","href":"https:\/\/api.w.org\/{rel}","templated":true}]}}