{"id":957,"date":"2025-05-02T02:47:15","date_gmt":"2025-05-02T02:47:15","guid":{"rendered":"https:\/\/eu.goodseed.com\/?post_type=product&#038;p=957"},"modified":"2025-07-07T07:11:06","modified_gmt":"2025-07-07T07:11:06","slug":"the-taliabo-story-and-delivered-from-the-power-of-darkness-dvd-english","status":"publish","type":"product","link":"https:\/\/eu.goodseed.com\/uk\/product\/the-taliabo-story-and-delivered-from-the-power-of-darkness-dvd-english\/","title":{"rendered":"\u0406\u0441\u0442\u043e\u0440\u0456\u044f \u0422\u0430\u043b\u0456\u0430\u0431\u043e \u0442\u0430 \u0417\u0432\u0456\u043b\u044c\u043d\u0435\u043d\u0456 \u0432\u0456\u0434 \u0432\u043b\u0430\u0434\u0438 \u0442\u0435\u043c\u0440\u044f\u0432\u0438 DVD (\u0430\u043d\u0433\u043b\u0456\u0439\u0441\u044c\u043a\u043e\u044e \u043c\u043e\u0432\u043e\u044e)"},"content":{"rendered":"<p>Diese DVD enth\u00e4lt zwei Dokudramen:<\/p>\n<ul>\n<li>Die Taliabo-Geschichte<\/li>\n<li>Befreit von der Macht der Finsternis<\/li>\n<\/ul>\n<p>Die Idee, das Evangelium chronologisch zu lehren, scheint sehr sinnvoll zu sein, aber man wei\u00df nicht genau, wie sie funktioniert. Welche Auswirkungen hat diese Methode, wenn sie angewendet wird? Wie hilft sie den Menschen in ihrem Verst\u00e4ndnis des Evangeliums?<\/p>\n<p>Erst in j\u00fcngster Zeit wird der chronologische Ansatz in der Lehre vermehrt diskutiert und angewendet. Immer mehr Menschen werden sich dieser Methode bewusst, aber es gibt nicht viele Quellen, die sie erkl\u00e4ren oder vorleben.<\/p>\n<p>Stellen Sie sich vor, wie hilfreich es w\u00e4re, wenn Sie tats\u00e4chlich sehen k\u00f6nnten, wie sich diese Lehrmethode auf die Menschen ausgewirkt hat &#8230; wenn Sie beobachten k\u00f6nnten, wie sie funktioniert hat und was als Ergebnis der Anwendung dieser Methode geschehen ist &#8230; wenn Sie sehen k\u00f6nnten, wie sie das Verst\u00e4ndnis der Menschen f\u00fcr die Botschaft der Erl\u00f6sung beeinflusst hat.<\/p>\n<p>Die Geschichte des Taliabo-Volkes gibt Ihnen einen Vorgeschmack auf die chronologische Lehre. Die Geschichte der Taliabo, die von einer abgelegenen Insel in Indonesien stammen, ist die Geschichte eines Volkes, dessen Leben von Angst erf\u00fcllt war. Ihre gr\u00f6\u00dfte Suche war die nach dem Schl\u00fcssel, der sie von dem befreit, was sie am meisten f\u00fcrchten &#8211; dem Tod. Es war die Suche nach dem ewigen Leben. Der erste Teil, &#8222;Die Taliabo-Geschichte&#8220;, erz\u00e4hlt, wie sie neues Leben fanden, w\u00e4hrend der zweite Teil, &#8222;Von der Macht der Finsternis befreit&#8220;, die kraftvolle Geschichte schildert, wie sie den Sieg \u00fcber die d\u00e4monischen Kr\u00e4fte errangen, die ihr Leben beherrschten. W\u00e4hrend Sie lernen, wie man das Evangelium von der Sch\u00f6pfung bis zu Christus lehrt, werden Sie auch eine biblische Perspektive der geistlichen Kriegsf\u00fchrung gewinnen.<\/p>\n<p>Erfahren Sie anhand der Geschichte des Volkes der Taliabo, wie der chronologische Ansatz bei der Vermittlung des Evangeliums Leben ver\u00e4ndern kann.<\/p>\n<p>&nbsp;<\/p>\n<p>DVD Region: All Regions<br \/>\nDauer: 70 Min.<\/p>","protected":false},"excerpt":{"rendered":"<p>Diese DVD enth\u00e4lt zwei Dokudramen: Die Taliabo-Geschichte Befreit von der Macht der Finsternis Die Idee, das Evangelium chronologisch zu lehren, scheint sehr sinnvoll zu sein, aber man wei\u00df nicht genau, wie sie funktioniert. Welche Auswirkungen hat diese Methode, wenn sie angewendet wird? Wie hilft sie den Menschen in ihrem Verst\u00e4ndnis des Evangeliums? Erst in j\u00fcngster [&hellip;]<\/p>\n","protected":false},"featured_media":959,"comment_status":"closed","ping_status":"closed","template":"","meta":{"_acf_changed":false,"_glsr_average":0,"_glsr_ranking":0,"_glsr_reviews":0},"product_brand":[],"product_cat":[23,76],"product_tag":[53],"giftcard-category":[],"class_list":{"0":"post-957","1":"product","2":"type-product","3":"status-publish","4":"has-post-thumbnail","6":"product_cat-andere-materialien","7":"product_cat-englisch","8":"product_tag-english","10":"first","11":"instock","12":"taxable","13":"shipping-taxable","14":"purchasable","15":"product-type-simple"},"acf":[],"_links":{"self":[{"href":"https:\/\/eu.goodseed.com\/uk\/wp-json\/wp\/v2\/product\/957","targetHints":{"allow":["GET"]}}],"collection":[{"href":"https:\/\/eu.goodseed.com\/uk\/wp-json\/wp\/v2\/product"}],"about":[{"href":"https:\/\/eu.goodseed.com\/uk\/wp-json\/wp\/v2\/types\/product"}],"replies":[{"embeddable":true,"href":"https:\/\/eu.goodseed.com\/uk\/wp-json\/wp\/v2\/comments?post=957"}],"wp:featuredmedia":[{"embeddable":true,"href":"https:\/\/eu.goodseed.com\/uk\/wp-json\/wp\/v2\/media\/959"}],"wp:attachment":[{"href":"https:\/\/eu.goodseed.com\/uk\/wp-json\/wp\/v2\/media?parent=957"}],"wp:term":[{"taxonomy":"product_brand","embeddable":true,"href":"https:\/\/eu.goodseed.com\/uk\/wp-json\/wp\/v2\/product_brand?post=957"},{"taxonomy":"product_cat","embeddable":true,"href":"https:\/\/eu.goodseed.com\/uk\/wp-json\/wp\/v2\/product_cat?post=957"},{"taxonomy":"product_tag","embeddable":true,"href":"https:\/\/eu.goodseed.com\/uk\/wp-json\/wp\/v2\/product_tag?post=957"},{"taxonomy":"giftcard-category","embeddable":true,"href":"https:\/\/eu.goodseed.com\/uk\/wp-json\/wp\/v2\/giftcard-category?post=957"}],"curies":[{"name":"wp","href":"https:\/\/api.w.org\/{rel}","templated":true}]}}