{"id":955,"date":"2025-05-02T02:45:44","date_gmt":"2025-05-02T02:45:44","guid":{"rendered":"https:\/\/eu.goodseed.com\/?post_type=product&#038;p=955"},"modified":"2025-07-07T07:11:06","modified_gmt":"2025-07-07T07:11:06","slug":"front-cover-back-cover-now-we-see-clearly-dvd-english","status":"publish","type":"product","link":"https:\/\/eu.goodseed.com\/uk\/product\/front-cover-back-cover-now-we-see-clearly-dvd-english\/","title":{"rendered":"\u0422\u0435\u043f\u0435\u0440 \u043c\u0438 \u0447\u0456\u0442\u043a\u043e \u0431\u0430\u0447\u0438\u043c\u043e DVD (\u0430\u043d\u0433\u043b\u0456\u0439\u0441\u044c\u043a\u043e\u044e \u043c\u043e\u0432\u043e\u044e)"},"content":{"rendered":"<p>&#8222;Now We See Clearly&#8220; gibt einen ausgezeichneten \u00dcberblick dar\u00fcber, worum es bei der Evangelisation mit Weltanschauung geht. Den Puinaves aus Kolumbien war das Evangelium gelehrt worden, aber nicht in ihrer Muttersprache. Sie hatten in den letzten 30 Jahren in der Kirche gespielt, seit sie den Weg der Erl\u00f6sung erhalten hatten, aber obwohl sie sagten, dass sie glaubten, schien etwas in ihrem Verst\u00e4ndnis zu fehlen.<\/p>\n<p>Jetzt wurde ihnen die Bibel chronologisch in ihrer eigenen Sprache beigebracht. W\u00fcrde sich das auf ihr Verst\u00e4ndnis auswirken? Wie w\u00fcrden sie auf das Evangelium reagieren? Diese 30-min\u00fctige DVD veranschaulicht anhand der Geschichte der Puinaves, warum der chronologische Ansatz so effektiv ist, um den Menschen ein klares Verst\u00e4ndnis des Evangeliums zu vermitteln.<\/p>\n<p>Sehen Sie sich die Geschichte der Puinaves an und erfahren Sie mehr \u00fcber Evangelisation aus der Weltanschauung!<\/p>\n<p>DVD Region: Alle Regionen<br \/>\nDauer:30 Min.<\/p>","protected":false},"excerpt":{"rendered":"<p>&#8222;Now We See Clearly&#8220; gibt einen ausgezeichneten \u00dcberblick dar\u00fcber, worum es bei der Evangelisation mit Weltanschauung geht. Den Puinaves aus Kolumbien war das Evangelium gelehrt worden, aber nicht in ihrer Muttersprache. Sie hatten in den letzten 30 Jahren in der Kirche gespielt, seit sie den Weg der Erl\u00f6sung erhalten hatten, aber obwohl sie sagten, dass [&hellip;]<\/p>\n","protected":false},"featured_media":956,"comment_status":"closed","ping_status":"closed","template":"","meta":{"_acf_changed":false,"_glsr_average":0,"_glsr_ranking":0,"_glsr_reviews":0},"product_brand":[],"product_cat":[23,76],"product_tag":[53],"giftcard-category":[],"class_list":{"0":"post-955","1":"product","2":"type-product","3":"status-publish","4":"has-post-thumbnail","6":"product_cat-andere-materialien","7":"product_cat-englisch","8":"product_tag-english","10":"first","11":"instock","12":"taxable","13":"shipping-taxable","14":"purchasable","15":"product-type-simple"},"acf":[],"_links":{"self":[{"href":"https:\/\/eu.goodseed.com\/uk\/wp-json\/wp\/v2\/product\/955","targetHints":{"allow":["GET"]}}],"collection":[{"href":"https:\/\/eu.goodseed.com\/uk\/wp-json\/wp\/v2\/product"}],"about":[{"href":"https:\/\/eu.goodseed.com\/uk\/wp-json\/wp\/v2\/types\/product"}],"replies":[{"embeddable":true,"href":"https:\/\/eu.goodseed.com\/uk\/wp-json\/wp\/v2\/comments?post=955"}],"wp:featuredmedia":[{"embeddable":true,"href":"https:\/\/eu.goodseed.com\/uk\/wp-json\/wp\/v2\/media\/956"}],"wp:attachment":[{"href":"https:\/\/eu.goodseed.com\/uk\/wp-json\/wp\/v2\/media?parent=955"}],"wp:term":[{"taxonomy":"product_brand","embeddable":true,"href":"https:\/\/eu.goodseed.com\/uk\/wp-json\/wp\/v2\/product_brand?post=955"},{"taxonomy":"product_cat","embeddable":true,"href":"https:\/\/eu.goodseed.com\/uk\/wp-json\/wp\/v2\/product_cat?post=955"},{"taxonomy":"product_tag","embeddable":true,"href":"https:\/\/eu.goodseed.com\/uk\/wp-json\/wp\/v2\/product_tag?post=955"},{"taxonomy":"giftcard-category","embeddable":true,"href":"https:\/\/eu.goodseed.com\/uk\/wp-json\/wp\/v2\/giftcard-category?post=955"}],"curies":[{"name":"wp","href":"https:\/\/api.w.org\/{rel}","templated":true}]}}