{"id":858,"date":"2025-04-29T07:38:05","date_gmt":"2025-04-29T07:38:05","guid":{"rendered":"https:\/\/eu.goodseed.com\/?post_type=product&#038;p=858"},"modified":"2025-12-05T01:19:23","modified_gmt":"2025-12-05T01:19:23","slug":"all-that-the-prophets-have-spoken-english","status":"publish","type":"product","link":"https:\/\/eu.goodseed.com\/uk\/product\/all-that-the-prophets-have-spoken-english\/","title":{"rendered":"\u0412\u0441\u0435, \u0449\u043e \u0433\u043e\u0432\u043e\u0440\u0438\u043b\u0438 \u043f\u0440\u043e\u0440\u043e\u043a\u0438 (\u0430\u043d\u0433\u043b\u0456\u0439\u0441\u044c\u043a\u043e\u044e \u043c\u043e\u0432\u043e\u044e)"},"content":{"rendered":"<blockquote>\n<ul>\n<li><strong>Kaufen Sie 4 &#8211; 11 <\/strong>und erhalten Sie <strong>20% Rabatt<\/strong><\/li>\n<li><strong>Kaufen Sie 12 &#8211; 23 <\/strong>und erhalten Sie <strong>30% Rabatt<\/strong><\/li>\n<li><strong>Kaufen Sie 24 oder mehr <\/strong>und erhalten Sie <strong>40% Rabatt<\/strong><\/li>\n<\/ul>\n<\/blockquote>\n<p>Mit der zunehmenden Verbreitung des Islams treffen Sie mehr Muslime. Aber wie k\u00f6nnen Sie ihnen die zentrale Botschaft der Heiligen Schrift vermitteln? Wo soll man anfangen? Wie kann man \u00fcberhaupt anfangen?<\/p>\n<p>In ihrem heiligen Buch, dem Koran, wird den Muslimen gesagt, dass sie an die Thora des Mose, die Psalmen Davids und das Evangelium von Jesus glauben sollen. Und wenn Sie jemals mit ihnen \u00fcber die Heilige Schrift gesprochen haben, haben sie Ihnen vielleicht gesagt, dass sie &#8222;allen Propheten glauben&#8220;.<\/p>\n<p>Zwar werden viele Geschichten aus dem Alten Testament auch im Koran erw\u00e4hnt, und beide sprechen von denselben Propheten, doch gibt es erhebliche Unterschiede in der Auslegung und im Verst\u00e4ndnis. Aber wie \u00fcberbr\u00fcckt man diese Unterschiede, um die Botschaft der Bibel auf eine Weise zu vermitteln, die sie verstehen k\u00f6nnen?<\/p>\n<p><em>All that the Prophets have Spoken<\/em> takes a look at the Word of God from the perspective of a Muslim reader, all without referral to Islam or the Quran. With an awareness of what Muslims believe about key prophets, this book examines what the Scripture has to say about these men and connects them with the core message of the Bible. Keeping in mind the Islamic perspective, the book builds on this understanding and addresses questions Muslims might have, so that by the end, they will have a clear understanding of the God of the Bible.<\/p>\n<p><a title=\"Sample chapters of the book\" href=\"http:\/\/www.goodseed.com\/pdfs\/samples\/sample-atp-eng-039001.pdf\" target=\"_blank\" rel=\"noopener\"><strong>Read sample chapters<\/strong><\/a><\/p>\n<p>This edition includes 98 online video clips. You can watch these video clips on your mobile device or web browser. Use the QR codes and URLs to access them. (<a href=\"http:\/\/goodseed.com\/atp\" target=\"_blank\" rel=\"noopener\">See the videos online<\/a>.) An optional DVD with these clips is also available for separate purchase. To purchase, go to <a href=\"https:\/\/ca.goodseed.com\/add-on-dvd-for-all-that-the-prophets-have-spoken\/\" target=\"_blank\" rel=\"noopener\">Add-On DVD for All that the Prophets Have Spoken<\/a>.<\/p>\n<p>&nbsp;<\/p>\n<p><strong>\u041e\u0441\u043e\u0431\u043b\u0438\u0432\u043e\u0441\u0442\u0456<\/strong><\/p>\n<ul>\n<li><strong>\u041d\u0430\u043f\u0438\u0441\u0430\u043d\u0430 \u0434\u043b\u044f \u0434\u043e\u0440\u043e\u0441\u043b\u0438\u0445 \u0442\u0430 \u043c\u043e\u043b\u043e\u0434\u0456:<\/strong> \u0417\u0440\u043e\u0437\u0443\u043c\u0456\u043b\u0430 \u0434\u0456\u0442\u044f\u043c \u0432\u0456\u0434 \u0434\u0435\u0441\u044f\u0442\u0438 \u0440\u043e\u043a\u0456\u0432, \u0430\u043b\u0435 \u043d\u0430\u043f\u0438\u0441\u0430\u043d\u0430 \u0434\u043b\u044f \u043f\u0456\u0434\u043b\u0456\u0442\u043a\u0456\u0432 \u0456 \u0434\u043e\u0440\u043e\u0441\u043b\u0438\u0445.<\/li>\n<li><strong>\u041f\u0440\u0438\u043f\u0443\u0449\u0435\u043d\u043d\u044f:<\/strong> \u041f\u0440\u0438\u043f\u0443\u0441\u043a\u0430\u0454, \u0449\u043e \u043a\u043e\u043b\u0438 \u0447\u0438\u0442\u0430\u0447\u0456 \u0434\u0443\u043c\u0430\u044e\u0442\u044c \u043f\u0440\u043e \u0411\u043e\u0433\u0430, \u0432\u043e\u043d\u0438 \u0434\u0443\u043c\u0430\u044e\u0442\u044c \u043b\u0438\u0448\u0435 \u043f\u0440\u043e \u043e\u0434\u043d\u043e\u0433\u043e \u0411\u043e\u0433\u0430, \u0456 \u0449\u043e \u0411\u043e\u0433 \u0454 \u043e\u0441\u043e\u0431\u043e\u044e, \u0430 \u043d\u0435 \u0441\u0438\u043b\u043e\u044e. \u041d\u0435 \u043f\u0435\u0440\u0435\u0434\u0431\u0430\u0447\u0430\u0454\u0442\u044c\u0441\u044f \u043d\u0456\u044f\u043a\u0438\u0445 \u043f\u043e\u0434\u0430\u043b\u044c\u0448\u0438\u0445 \u0437\u043d\u0430\u043d\u044c \u043f\u0440\u043e \u0411\u0456\u0431\u043b\u0456\u044e.<\/li>\n<li><strong>\u041c\u0443\u0441\u0443\u043b\u044c\u043c\u0430\u043d\u0441\u044c\u043a\u0438\u0439 \u0441\u0432\u0456\u0442\u043e\u0433\u043b\u044f\u0434:<\/strong> \u041f\u043e\u044f\u0441\u043d\u044e\u0454 \u043f\u043e\u0441\u043b\u0430\u043d\u043d\u044f \u0411\u0456\u0431\u043b\u0456\u0457 \u0442\u0430\u043a, \u0449\u043e\u0431 \u043b\u044e\u0434\u0438 \u0437 \u0456\u0441\u043b\u0430\u043c\u0441\u044c\u043a\u0438\u043c \u043a\u0443\u043b\u044c\u0442\u0443\u0440\u043d\u0438\u043c \u043f\u043e\u0445\u043e\u0434\u0436\u0435\u043d\u043d\u044f\u043c (\u0430\u043b\u0435 \u043d\u0435 \u043e\u0431\u043e\u0432'\u044f\u0437\u043a\u043e\u0432\u043e \u043c\u0443\u0441\u0443\u043b\u044c\u043c\u0430\u043d\u0438 \u0437\u0430 \u043f\u0435\u0440\u0435\u043a\u043e\u043d\u0430\u043d\u043d\u044f\u043c\u0438) \u043c\u043e\u0433\u043b\u0438 \u0439\u043e\u0433\u043e \u0437\u0440\u043e\u0437\u0443\u043c\u0456\u0442\u0438, \u043d\u0435 \u0437\u043c\u0456\u0448\u0443\u044e\u0447\u0438 \u0456\u0441\u043b\u0430\u043c\u0441\u044c\u043a\u0438\u0439 \u0456 \u0431\u0456\u0431\u043b\u0456\u0439\u043d\u0438\u0439 \u0441\u0432\u0456\u0442\u043e\u0433\u043b\u044f\u0434\u0438.<\/li>\n<li><strong>\u0425\u0440\u043e\u043d\u043e\u043b\u043e\u0433\u0456\u0447\u043d\u043e:<\/strong> \u041f\u043e\u0447\u0438\u043d\u0430\u0454\u0442\u044c\u0441\u044f \u0437\u0456 \u0441\u0442\u0432\u043e\u0440\u0435\u043d\u043d\u044f \u0412\u0441\u0435\u0441\u0432\u0456\u0442\u0443, \u0430 \u043f\u043e\u0442\u0456\u043c \u043f\u043e\u0441\u043b\u0456\u0434\u043e\u0432\u043d\u043e \u043f\u0435\u0440\u0435\u0445\u043e\u0434\u0438\u0442\u044c \u0447\u0435\u0440\u0435\u0437 \u043a\u043b\u044e\u0447\u043e\u0432\u0456 \u0456\u0441\u0442\u043e\u0440\u0456\u0457 \u0421\u0442\u0430\u0440\u043e\u0433\u043e \u0417\u0430\u043f\u043e\u0432\u0456\u0442\u0443 \u0434\u043e \u041d\u043e\u0432\u043e\u0433\u043e \u0417\u0430\u043f\u043e\u0432\u0456\u0442\u0443, \u0449\u043e\u0431 \u043f\u043e\u043a\u0430\u0437\u0430\u0442\u0438 \u0437\u043d\u0430\u0447\u0435\u043d\u043d\u044f \u0445\u0440\u0435\u0441\u0442\u0430 \u0456 \u0433\u0440\u043e\u0431\u0443. \u041e\u0441\u043d\u043e\u0432\u043d\u0430 \u0456\u0441\u0442\u043e\u0440\u0456\u044f \u0411\u0456\u0431\u043b\u0456\u0457 \u043e\u0431'\u0454\u0434\u043d\u0430\u043d\u0430 \u0432 \u0443\u043d\u0456\u0432\u0435\u0440\u0441\u0430\u043b\u044c\u043d\u0443, \u0432\u0441\u0435\u043e\u0445\u043e\u043f\u043b\u044e\u044e\u0447\u0443 \u0434\u0440\u0430\u043c\u0443. \u0412\u043e\u043d\u0430 \u0441\u043b\u0456\u0434\u0443\u0454 \u0442\u0456\u0439 \u0441\u0430\u043c\u0456\u0439 \u0441\u044e\u0436\u0435\u0442\u043d\u0456\u0439 \u043b\u0456\u043d\u0456\u0457, \u0449\u043e \u0439 \u201e\u041f\u0440\u0438\u0431\u0443\u043b\u0435\u0446\u044c \u043f\u043e \u0434\u043e\u0440\u043e\u0437\u0456 \u0432 \u0415\u043c\u0430\u0443\u0441\u201c, \u0430\u043b\u0435 \u0432\u0456\u0434\u0440\u0456\u0437\u043d\u044f\u0454\u0442\u044c\u0441\u044f \u0432\u0456\u0434 \u043d\u0435\u0457 \u043d\u0430 25 \u0432\u0456\u0434\u0441\u043e\u0442\u043a\u0456\u0432. \u0420\u0456\u0437\u043d\u0438\u0446\u044f \u0441\u0443\u0442\u0442\u0454\u0432\u0430.<\/li>\n<li><strong>Basierend auf dem Johannesevangelium:<\/strong> Verwendet das Johannesevangelium als Vorlage; gleichzeitig liefert es die notwendigen Hintergrundgeschichten, um dem Evangelium einen Kontext zu geben. Es wird davon ausgegangen, dass der Leser, wenn \u00fcberhaupt, nur sehr wenig \u00fcber das Wort Gottes wei\u00df.<\/li>\n<li><strong>\u041c\u0435\u0442\u0430:<\/strong> Die Heilige Schrift darf f\u00fcr sich selbst sprechen, wenn sie die gute Nachricht von Jesus Christus pr\u00e4sentiert. Es gibt kein Zureden zum Glauben. Die Botschaft wird objektiv dargelegt; die Entscheidung, ob man glaubt oder nicht, bleibt dem Leser \u00fcberlassen.<\/li>\n<li><strong>\u0417\u0432\u0456\u043b\u044c\u043d\u0435\u043d\u043d\u044f \u041f\u0438\u0441\u0430\u043d\u043d\u044f \u0432\u0456\u0434 \u0440\u0435\u043b\u0456\u0433\u0456\u0439\u043d\u0438\u0445 \u0442\u0440\u0430\u0434\u0438\u0446\u0456\u0439:<\/strong> Der Leser wird in das Wort Gottes eingef\u00fchrt, ohne dass er mit religi\u00f6sen Fallen konfrontiert wird.<\/li>\n<li><strong>\u0411\u0456\u0431\u043b\u0456\u0439\u043d\u0456 \u0432\u0456\u0440\u0448\u0456:<\/strong> \u0420\u043e\u0437\u043a\u0430\u0437\u0430\u043d\u0430 \u044f\u043a \u0456\u0441\u0442\u043e\u0440\u0456\u044f, 1244 \u0431\u0456\u0431\u043b\u0456\u0439\u043d\u0456 \u0432\u0456\u0440\u0448\u0456 \u0432\u043f\u043b\u0435\u0442\u0435\u043d\u0456 \u0432 \u0442\u0435\u043a\u0441\u0442. \u0427\u0438\u0442\u0430\u0447 \u0441\u0430\u043c \u0432\u0437\u0430\u0454\u043c\u043e\u0434\u0456\u0454 \u0437 \u0442\u0435\u043a\u0441\u0442\u043e\u043c \u0411\u0456\u0431\u043b\u0456\u0457.<\/li>\n<li><strong>\u0417 \u0456\u043b\u044e\u0441\u0442\u0440\u0430\u0446\u0456\u044f\u043c\u0438:<\/strong> \u041f\u043e\u043d\u0430\u0434 100 \u043c\u0430\u043b\u044e\u043d\u043a\u0456\u0432, \u043a\u0430\u0440\u0442 \u0456 \u0434\u0456\u0430\u0433\u0440\u0430\u043c \u0434\u043e\u043f\u043e\u043c\u0430\u0433\u0430\u044e\u0442\u044c \u043f\u043e\u044f\u0441\u043d\u0438\u0442\u0438 \u0456\u0441\u0442\u043e\u0440\u0456\u044e.<\/li>\n<li><strong>\u041f\u0440\u0438\u0437\u043d\u0430\u0447\u0435\u043d\u0438\u0439 \u0434\u043b\u044f \u043f\u043e\u0434\u0430\u0440\u0443\u043d\u043a\u0430:<\/strong> \u041a\u043d\u0438\u0433\u0443 \u043c\u043e\u0436\u043d\u0430 \u043f\u0435\u0440\u0435\u0434\u0430\u0432\u0430\u0442\u0438 \u044f\u043a \u0454\u0432\u0430\u043d\u0433\u0435\u043b\u044c\u0441\u044c\u043a\u0438\u0439 \u0442\u0440\u0430\u043a\u0442\u0430\u0442. \u0422\u0430\u043a\u0438\u043c \u0447\u0438\u043d\u043e\u043c, \u0447\u0438\u0442\u0430\u0447\u0456 \u043c\u043e\u0436\u0443\u0442\u044c \u043f\u0435\u0440\u0435\u0436\u0438\u0442\u0438 \u0431\u0456\u0431\u043b\u0456\u0439\u043d\u0435 \u043f\u043e\u0441\u043b\u0430\u043d\u043d\u044f \u043d\u0430 \u0432\u043b\u0430\u0441\u043d\u043e\u043c\u0443 \u0434\u043e\u0441\u0432\u0456\u0434\u0456.<\/li>\n<\/ul>\n<p>Seitenzahl: 288<br \/>\nISBN: 9781890082536<\/p>\n<p>\u0422\u0430\u043a\u043e\u0436 \u0454 \u0432 \u043d\u0430\u044f\u0432\u043d\u043e\u0441\u0442\u0456: <a href=\"https:\/\/ca.goodseed.com\/all-that-the-prophets-have-spoken-english-ebook\/\">eBook-Ausgabe<\/a><\/p>","protected":false},"excerpt":{"rendered":"<div class=\"productView-info-bulkPricing\">\n<p>Bulk Pricing: Below are the available bulk discount rates for each individual item when you purchase a certain amount<\/p>\n<ul>\n<li>Buy 3 &#8211; 11 and get 20% off<\/li>\n<li>Buy 12 &#8211; 23 and get 30% off<\/li>\n<li>Buy 24 or above and get 40% off<\/li>\n<\/ul>\n<\/div>\n<div class=\"productView-specs\">\n<div><\/div>\n<\/div>","protected":false},"featured_media":859,"comment_status":"closed","ping_status":"closed","template":"","meta":{"_acf_changed":false,"_glsr_average":0,"_glsr_ranking":0,"_glsr_reviews":0},"product_brand":[111],"product_cat":[76,18,49,17],"product_tag":[53],"giftcard-category":[],"class_list":{"0":"post-858","1":"product","2":"type-product","3":"status-publish","4":"has-post-thumbnail","6":"product_brand-alles-was-die-propheten-verheissen-haben","7":"product_cat-englisch","8":"product_cat-evangelisation_nachfolge","9":"product_cat-islamische-weltanschauung","10":"product_cat-new-release","11":"product_tag-english","13":"first","14":"instock","15":"taxable","16":"shipping-taxable","17":"purchasable","18":"product-type-simple"},"acf":[],"_links":{"self":[{"href":"https:\/\/eu.goodseed.com\/uk\/wp-json\/wp\/v2\/product\/858","targetHints":{"allow":["GET"]}}],"collection":[{"href":"https:\/\/eu.goodseed.com\/uk\/wp-json\/wp\/v2\/product"}],"about":[{"href":"https:\/\/eu.goodseed.com\/uk\/wp-json\/wp\/v2\/types\/product"}],"replies":[{"embeddable":true,"href":"https:\/\/eu.goodseed.com\/uk\/wp-json\/wp\/v2\/comments?post=858"}],"wp:featuredmedia":[{"embeddable":true,"href":"https:\/\/eu.goodseed.com\/uk\/wp-json\/wp\/v2\/media\/859"}],"wp:attachment":[{"href":"https:\/\/eu.goodseed.com\/uk\/wp-json\/wp\/v2\/media?parent=858"}],"wp:term":[{"taxonomy":"product_brand","embeddable":true,"href":"https:\/\/eu.goodseed.com\/uk\/wp-json\/wp\/v2\/product_brand?post=858"},{"taxonomy":"product_cat","embeddable":true,"href":"https:\/\/eu.goodseed.com\/uk\/wp-json\/wp\/v2\/product_cat?post=858"},{"taxonomy":"product_tag","embeddable":true,"href":"https:\/\/eu.goodseed.com\/uk\/wp-json\/wp\/v2\/product_tag?post=858"},{"taxonomy":"giftcard-category","embeddable":true,"href":"https:\/\/eu.goodseed.com\/uk\/wp-json\/wp\/v2\/giftcard-category?post=858"}],"curies":[{"name":"wp","href":"https:\/\/api.w.org\/{rel}","templated":true}]}}