{"id":850,"date":"2025-04-29T07:20:26","date_gmt":"2025-04-29T07:20:26","guid":{"rendered":"https:\/\/eu.goodseed.com\/?post_type=product&#038;p=850"},"modified":"2025-07-07T07:10:51","modified_gmt":"2025-07-07T07:10:51","slug":"by-this-name-leaders-guide-french-pdf","status":"publish","type":"product","link":"https:\/\/eu.goodseed.com\/uk\/product\/by-this-name-leaders-guide-french-pdf\/","title":{"rendered":"\u041f\u043e\u0441\u0456\u0431\u043d\u0438\u043a \u0434\u043b\u044f \u043c\u0435\u043d\u0435\u0434\u0436\u0435\u0440\u0456\u0432 \"\u041f\u0456\u0434 \u0446\u0438\u043c \u0456\u043c'\u044f\u043c\" (\u0444\u0440\u0430\u043d\u0446\u0443\u0437\u044c\u043a\u043e\u044e \u043c\u043e\u0432\u043e\u044e, PDF)"},"content":{"rendered":"<p><strong>Hinweis: Dies ist ein PDF-Buch.<\/strong><\/p>\n<p><strong>Dieser Leitfaden f\u00fcr franz\u00f6sische F\u00fchrungskr\u00e4fte ist f\u00fcr <em><a href=\"https:\/\/ca.goodseed.com\/by-this-name-french\/\">Par ce nom<\/a><\/em>, die franz\u00f6sische Ausgabe von\u00a0<em><a href=\"https:\/\/ca.goodseed.com\/by-this-name-english\/\">By This Name<\/a><\/em>.<\/strong><\/p>\n<p>In der heutigen Welt machen sich viele ihre eigene Art von Spiritualit\u00e4t zu eigen, um aus Gott alles zu machen, was sie wollen. Andere halten Gott f\u00fcr eine unpers\u00f6nliche Kraft.\u00a0<em>By This Name\u00a0<\/em>verwendet eine selten verwendete, aber solide biblische Methode, um den Gott der Bibel von anderen Formen der Spiritualit\u00e4t abzugrenzen und dabei zwei Fragen zu beantworten: \u201eWer ist Jesus?\u201c und \u201eWas hat es mit dem Kreuz und dem Grab auf sich?\u201c Sie stellt die Autorit\u00e4t der Heiligen Schrift heraus und vergleicht die biblische Weltanschauung behutsam mit anderen Weltanschauungen, und zwar auf eine objektive, nicht aufdringliche Weise.<\/p>\n<p><em>Das Handbuch f\u00fcr Leiter <\/em>ist ideal f\u00fcr jeden Gl\u00e4ubigen, der jemanden durch einen sch\u00f6pfungsgem\u00e4\u00dfen Zugang zum Evangelium lehren m\u00f6chte. Er gibt einen soliden \u00dcberblick \u00fcber die Hauptbotschaft der Bibel. Sie verkn\u00fcpft wichtige Geschichten aus dem Alten und Neuen Testament miteinander, um die Identit\u00e4t Gottes und das Wesen der S\u00fcnde zu offenbaren und dabei zwei Fragen zu beantworten: \u201eWer ist Jesus?\u201c und \u201eWas hat es mit der Geschichte vom Kreuz und dem Grab auf sich?\u201c Sie hilft dem Menschen, die Hauptbotschaft der Bibel klar zu verstehen.<\/p>\n<p>&nbsp;<\/p>\n<p><strong>Merkmale:<\/strong><\/p>\n<ul>\n<li>PDF-Buch<\/li>\n<li>Leiterhandbuch auf Franz\u00f6sisch<\/li>\n<li>Enth\u00e4lt den vollst\u00e4ndigen Text des franz\u00f6sischen Buches<\/li>\n<li>Details, wie man alleine oder mit einem Co-Leiter unterrichtet und wie man die visuellen Hilfsmittel und das Arbeitsbuch verwendet<\/li>\n<li>Ein Abschnitt mit Hinweisen f\u00fcr den Leiter, der tiefer gehende Informationen bietet. <\/li>\n<\/ul>\n<p>Dieser Leitfaden ist auch Bestandteil der <a href=\"https:\/\/ca.goodseed.com\/worldview-rethink-curriculum-box-english\/\">Worldview Rethink-Lehrplanbox<\/a>. Es kann allein oder zusammen mit den anderen Worldview Rethink-Ressourcen verwendet werden.<\/p>\n<p>&nbsp;<\/p>\n<p><a href=\"https:\/\/ca.goodseed.com\/coupon-codes-and-ebook-downloads\/\">[Klicken Sie hier, um Hilfe bei der Verwendung der Coupons oder beim Herunterladen der Ebooks zu erhalten.]<\/a><\/p>\n","protected":false},"excerpt":{"rendered":"<p>Hinweis: Dies ist ein PDF-Buch. Dieser Leitfaden f\u00fcr franz\u00f6sische F\u00fchrungskr\u00e4fte ist f\u00fcr Par ce nom, die franz\u00f6sische Ausgabe von\u00a0By This Name. In der heutigen Welt machen sich viele ihre eigene Art von Spiritualit\u00e4t zu eigen, um aus Gott alles zu machen, was sie wollen. Andere halten Gott f\u00fcr eine unpers\u00f6nliche Kraft.\u00a0By This Name\u00a0verwendet eine selten [&hellip;]<\/p>\n","protected":false},"featured_media":851,"comment_status":"closed","ping_status":"closed","template":"","meta":{"_acf_changed":false,"_glsr_average":0,"_glsr_ranking":0,"_glsr_reviews":0},"product_brand":[],"product_cat":[24,18,50,78,17],"product_tag":[52],"giftcard-category":[],"class_list":{"0":"post-850","1":"product","2":"type-product","3":"status-publish","4":"has-post-thumbnail","6":"product_cat-ebooks","7":"product_cat-evangelisation_nachfolge","8":"product_cat-fernostliche-weltanschauung","9":"product_cat-franzoesisch","10":"product_cat-new-release","11":"product_tag-french","13":"first","14":"instock","15":"taxable","16":"shipping-taxable","17":"purchasable","18":"product-type-simple"},"acf":[],"_links":{"self":[{"href":"https:\/\/eu.goodseed.com\/uk\/wp-json\/wp\/v2\/product\/850","targetHints":{"allow":["GET"]}}],"collection":[{"href":"https:\/\/eu.goodseed.com\/uk\/wp-json\/wp\/v2\/product"}],"about":[{"href":"https:\/\/eu.goodseed.com\/uk\/wp-json\/wp\/v2\/types\/product"}],"replies":[{"embeddable":true,"href":"https:\/\/eu.goodseed.com\/uk\/wp-json\/wp\/v2\/comments?post=850"}],"wp:featuredmedia":[{"embeddable":true,"href":"https:\/\/eu.goodseed.com\/uk\/wp-json\/wp\/v2\/media\/851"}],"wp:attachment":[{"href":"https:\/\/eu.goodseed.com\/uk\/wp-json\/wp\/v2\/media?parent=850"}],"wp:term":[{"taxonomy":"product_brand","embeddable":true,"href":"https:\/\/eu.goodseed.com\/uk\/wp-json\/wp\/v2\/product_brand?post=850"},{"taxonomy":"product_cat","embeddable":true,"href":"https:\/\/eu.goodseed.com\/uk\/wp-json\/wp\/v2\/product_cat?post=850"},{"taxonomy":"product_tag","embeddable":true,"href":"https:\/\/eu.goodseed.com\/uk\/wp-json\/wp\/v2\/product_tag?post=850"},{"taxonomy":"giftcard-category","embeddable":true,"href":"https:\/\/eu.goodseed.com\/uk\/wp-json\/wp\/v2\/giftcard-category?post=850"}],"curies":[{"name":"wp","href":"https:\/\/api.w.org\/{rel}","templated":true}]}}