{"id":848,"date":"2025-04-29T07:15:58","date_gmt":"2025-04-29T07:15:58","guid":{"rendered":"https:\/\/eu.goodseed.com\/?post_type=product&#038;p=848"},"modified":"2025-12-05T01:19:51","modified_gmt":"2025-12-05T01:19:51","slug":"by-this-name-french","status":"publish","type":"product","link":"https:\/\/eu.goodseed.com\/uk\/product\/by-this-name-french\/","title":{"rendered":"\u041f\u0456\u0434 \u0446\u0456\u0454\u044e \u043d\u0430\u0437\u0432\u043e\u044e (\u0444\u0440\u0430\u043d\u0446\u0443\u0437\u044c\u043a\u043e\u044e)"},"content":{"rendered":"<blockquote>\n<ul>\n<li><strong>Kaufen Sie 4 &#8211; 11 <\/strong>und erhalten Sie <strong>20% Rabatt<\/strong><\/li>\n<li><strong>Kaufen Sie 12 &#8211; 23 <\/strong>und erhalten Sie <strong>30% Rabatt<\/strong><\/li>\n<li><strong>Kaufen Sie 24 oder mehr <\/strong>und erhalten Sie <strong>40% Rabatt<\/strong><\/li>\n<\/ul>\n<\/blockquote>\n<p class=\"no-fr\">Das ist <em>Par ce nom<\/em>, die franz\u00f6sische Ausgabe von <em><a title=\"By This Name\" href=\"https:\/\/ca. goodseed.com\/by-this-name-english\/\">By This Name<\/a><\/em>.<\/p>\n<p>Das Folgende ist die Beschreibung der englischen Ausgabe:<\/p>\n<p>Vielleicht hat man Ihnen gesagt: &#8222;Ich bin froh, dass Sie Ihren Weg zu Gott gefunden haben, aber jeder findet ihn an anderen Orten und in anderen Religionen.&#8220; Wie teilen Sie also das Evangelium mit jemandem, der glaubt, dass Gott in der ganzen Natur gegenw\u00e4rtig ist? Was sagen Sie, wenn Ihr Freund sich \u201eGott\u201c eher als eine spirituelle Kraft oder Energie denn als eine Person vorstellt? Wie k\u00f6nnen Sie in einer Welt, in der \u201eSpiritualit\u00e4t\u201c popul\u00e4r geworden ist und das Wissen um Gott so gut wie verschwunden ist, die gute Nachricht von Jesus Christus weitergeben? Selbst die westliche Welt ist von Kulturen beeinflusst worden, die an viele G\u00f6tter glauben.<\/p>\n<p>\u201eBy This Name\u201c erkl\u00e4rt die Kernbotschaft der Bibel f\u00fcr Menschen, die keine Kenntnisse \u00fcber die Bibel haben. Anhand des Aufbaus des Johannes-Evangeliums hebt das Buch den Gott der Bibel deutlich von allen anderen G\u00f6ttern ab. Es begr\u00fcndet die Autorit\u00e4t der Heiligen Schrift und vergleicht die biblische Weltanschauung behutsam mit \u00f6stlichen Weltanschauungen. Es verkn\u00fcpft Schl\u00fcsselgeschichten aus dem Alten und Neuen Testament, um die Identit\u00e4t Gottes und das Wesen der S\u00fcnde zu enth\u00fcllen, mit dem Ziel, zwei Fragen zu beantworten: \u201eWer ist Jesus?\u201c und \u201eWas hat es mit der Geschichte vom Kreuz und dem Grab auf sich?\u201c Das Buch hilft den Menschen zu verstehen, worum es in der Bibel \u00fcberhaupt geht.<\/p>\n<p>\u201eBy This Name\u201c folgt einem \u00e4hnlichen chronologischen Aufbau wie \u201eThe Stranger on the Road to Emmaus\u201c, unterscheidet sich aber inhaltlich um 60 Prozent.<\/p>\n<p><a title=\"Leseproben des Buches\" href=\"http:\/\/www.goodseed.com\/pdfs\/samples\/sample-btn-french-049002.pdf\" target=\"_blank\" rel=\"noopener\"><strong>Leseproben<\/strong><\/a><\/p>\n<h4><\/h4>\n<h4><strong>Features<\/strong><\/h4>\n<ul>\n<li><strong>\u041d\u0430\u043f\u0438\u0441\u0430\u043d\u0430 \u0434\u043b\u044f \u0434\u043e\u0440\u043e\u0441\u043b\u0438\u0445 \u0442\u0430 \u043c\u043e\u043b\u043e\u0434\u0456:<\/strong> \u041a\u043d\u0438\u0433\u0430 \u043f\u0456\u0434\u0445\u043e\u0434\u0438\u0442\u044c \u0434\u043b\u044f \u0434\u043e\u0440\u043e\u0441\u043b\u0438\u0445 \u0456 \u043c\u043e\u043b\u043e\u0434\u0456.<\/li>\n<li><strong>\u041f\u0435\u0440\u0435\u0434\u0443\u043c\u043e\u0432\u0438:<\/strong> Es wird davon ausgegangen, dass die Leser keine oder nur geringe Kenntnisse \u00fcber die Bibel haben.<\/li>\n<li><strong>\u0421\u0445\u0456\u0434\u043d\u0438\u0439 \u0441\u0432\u0456\u0442\u043e\u0433\u043b\u044f\u0434:<\/strong> Es wird eine postmoderne, postchristliche, s\u00e4kulare Denkweise angesprochen. Geht auch auf Fragen ein, die sich aus Polytheismus, Pantheismus, Animismus, Agnostizismus und Atheismus ergeben.<\/li>\n<li><strong>\u0425\u0440\u043e\u043d\u043e\u043b\u043e\u0433\u0456\u0447\u043d\u043e:<\/strong> Beginnt mit der Erschaffung des Universums und geht dann der Reihe nach durch die Schl\u00fcsselgeschichten des Alten Testaments zum Neuen Testament \u00fcber, um die Bedeutung des Kreuzes und des Grabes zu enth\u00fcllen. Die Hauptgeschichte der Bibel wird zu einem universellen, allumfassenden Drama zusammengef\u00fcgt. Das Buch folgt demselben Handlungsstrang wie \u201eDer Fremde auf dem Weg nach Emmaus\u201c, unterscheidet sich aber zu 60 Prozent von ihm.<\/li>\n<li><strong>Basierend auf dem Johannesevangelium:<\/strong> Verwendet das Johannesevangelium als Vorlage; gleichzeitig liefert es die notwendigen Hintergrundgeschichten, um dem Evangelium einen Kontext zu geben. Es wird davon ausgegangen, dass der Leser sehr wenig oder gar nichts \u00fcber die Bibel wei\u00df.<\/li>\n<li><strong>Der Gott der Bibel ist einzigartig:<\/strong> Er beantwortet die Frage: \u201eWas macht dein heiliges Buch besser als meines?\u201c \u201eBei diesem Namen\u201c spricht an, was den Gott der Bibel von allen anderen G\u00f6ttern oder Geistern unterscheidet.<\/li>\n<li><strong>Freistellung der Bibel von religi\u00f6sen Traditionen:<\/strong> Die Leser werden in die Bibel eingef\u00fchrt, ohne dass sie mit religi\u00f6sem Ballast versehen wird.<\/li>\n<li><strong>\u041c\u0435\u0442\u0430:<\/strong> Die Bibel darf f\u00fcr sich selbst sprechen, indem sie die frohe Botschaft des Herrn Jesus Christus pr\u00e4sentiert. Es gibt kein Zureden zum Glauben. Die Botschaft wird objektiv pr\u00e4sentiert; die Entscheidung, ob man glaubt oder nicht, bleibt dem Leser \u00fcberlassen.<\/li>\n<li><strong>\u0411\u0456\u0431\u043b\u0456\u0439\u043d\u0456 \u0432\u0456\u0440\u0448\u0456:<\/strong> Als Geschichte erz\u00e4hlt, sind 1570 Bibelverse in den Text eingewoben. Der Leser setzt sich selbst mit dem Text der Bibel auseinander.<\/li>\n<li><strong>\u0417 \u0456\u043b\u044e\u0441\u0442\u0440\u0430\u0446\u0456\u044f\u043c\u0438:<\/strong> \u041f\u043e\u043d\u0430\u0434 100 \u043c\u0430\u043b\u044e\u043d\u043a\u0456\u0432, \u043a\u0430\u0440\u0442 \u0456 \u0434\u0456\u0430\u0433\u0440\u0430\u043c \u0434\u043e\u043f\u043e\u043c\u0430\u0433\u0430\u044e\u0442\u044c \u043f\u043e\u044f\u0441\u043d\u0438\u0442\u0438 \u0456\u0441\u0442\u043e\u0440\u0456\u044e.<\/li>\n<li><strong>\u041f\u0440\u0438\u0437\u043d\u0430\u0447\u0435\u043d\u0438\u0439 \u0434\u043b\u044f \u043f\u043e\u0434\u0430\u0440\u0443\u043d\u043a\u0430:<\/strong> \u041a\u043d\u0438\u0433\u0443 \u043c\u043e\u0436\u043d\u0430 \u043f\u0435\u0440\u0435\u0434\u0430\u0432\u0430\u0442\u0438 \u044f\u043a \u0454\u0432\u0430\u043d\u0433\u0435\u043b\u044c\u0441\u044c\u043a\u0438\u0439 \u0442\u0440\u0430\u043a\u0442\u0430\u0442. \u0422\u0430\u043a\u0438\u043c \u0447\u0438\u043d\u043e\u043c, \u0447\u0438\u0442\u0430\u0447\u0456 \u043c\u043e\u0436\u0443\u0442\u044c \u043f\u0435\u0440\u0435\u0436\u0438\u0442\u0438 \u0431\u0456\u0431\u043b\u0456\u0439\u043d\u0435 \u043f\u043e\u0441\u043b\u0430\u043d\u043d\u044f \u043d\u0430 \u0432\u043b\u0430\u0441\u043d\u043e\u043c\u0443 \u0434\u043e\u0441\u0432\u0456\u0434\u0456.<\/li>\n<\/ul>\n<p>Seitenzahl: 522<br \/>\nISBN: 97811890082826<\/p>\n<p>\u0422\u0430\u043a\u043e\u0436 \u0454 \u0432 \u043d\u0430\u044f\u0432\u043d\u043e\u0441\u0442\u0456: <a href=\"https:\/\/ca.goodseed.com\/by-this-name-french-ebook\/\">eBook-Ausgabe<\/a><\/p>","protected":false},"excerpt":{"rendered":"<p>Bulk Pricing:<\/p>\n<p>Below are the available bulk discount rates for each individual item when you purchase a certain amount<\/p>\n<ul>\n<li>Buy 4 &#8211; 11 and get 20% off<\/li>\n<li>Buy 12 &#8211; 23 and get 30% off<\/li>\n<li>Buy 24 or above and get 40% off<\/li>\n<\/ul>","protected":false},"featured_media":849,"comment_status":"closed","ping_status":"closed","template":"","meta":{"_acf_changed":false,"_glsr_average":0,"_glsr_ranking":0,"_glsr_reviews":0},"product_brand":[109],"product_cat":[24,18,50,78,17],"product_tag":[52],"giftcard-category":[],"class_list":{"0":"post-848","1":"product","2":"type-product","3":"status-publish","4":"has-post-thumbnail","6":"product_brand-der-versprochene-unter-diesem-namen","7":"product_cat-ebooks","8":"product_cat-evangelisation_nachfolge","9":"product_cat-fernostliche-weltanschauung","10":"product_cat-franzoesisch","11":"product_cat-new-release","12":"product_tag-french","14":"first","15":"instock","16":"taxable","17":"shipping-taxable","18":"purchasable","19":"product-type-simple"},"acf":[],"_links":{"self":[{"href":"https:\/\/eu.goodseed.com\/uk\/wp-json\/wp\/v2\/product\/848","targetHints":{"allow":["GET"]}}],"collection":[{"href":"https:\/\/eu.goodseed.com\/uk\/wp-json\/wp\/v2\/product"}],"about":[{"href":"https:\/\/eu.goodseed.com\/uk\/wp-json\/wp\/v2\/types\/product"}],"replies":[{"embeddable":true,"href":"https:\/\/eu.goodseed.com\/uk\/wp-json\/wp\/v2\/comments?post=848"}],"wp:featuredmedia":[{"embeddable":true,"href":"https:\/\/eu.goodseed.com\/uk\/wp-json\/wp\/v2\/media\/849"}],"wp:attachment":[{"href":"https:\/\/eu.goodseed.com\/uk\/wp-json\/wp\/v2\/media?parent=848"}],"wp:term":[{"taxonomy":"product_brand","embeddable":true,"href":"https:\/\/eu.goodseed.com\/uk\/wp-json\/wp\/v2\/product_brand?post=848"},{"taxonomy":"product_cat","embeddable":true,"href":"https:\/\/eu.goodseed.com\/uk\/wp-json\/wp\/v2\/product_cat?post=848"},{"taxonomy":"product_tag","embeddable":true,"href":"https:\/\/eu.goodseed.com\/uk\/wp-json\/wp\/v2\/product_tag?post=848"},{"taxonomy":"giftcard-category","embeddable":true,"href":"https:\/\/eu.goodseed.com\/uk\/wp-json\/wp\/v2\/giftcard-category?post=848"}],"curies":[{"name":"wp","href":"https:\/\/api.w.org\/{rel}","templated":true}]}}