{"id":846,"date":"2025-04-29T07:13:11","date_gmt":"2025-04-29T07:13:11","guid":{"rendered":"https:\/\/eu.goodseed.com\/?post_type=product&#038;p=846"},"modified":"2025-12-05T01:19:57","modified_gmt":"2025-12-05T01:19:57","slug":"by-this-name-companion-workbook-french","status":"publish","type":"product","link":"https:\/\/eu.goodseed.com\/uk\/product\/by-this-name-companion-workbook-french\/","title":{"rendered":"\u041f\u0456\u0434 \u0446\u0456\u0454\u044e \u043d\u0430\u0437\u0432\u043e\u044e - \u0441\u0443\u043f\u0440\u043e\u0432\u0456\u0434\u043d\u0438\u0439 \u0440\u043e\u0431\u043e\u0447\u0438\u0439 \u0437\u043e\u0448\u0438\u0442 (\u0444\u0440\u0430\u043d\u0446\u0443\u0437\u044c\u043a\u043e\u044e \u043c\u043e\u0432\u043e\u044e)"},"content":{"rendered":"<p>Dieses franz\u00f6sische Arbeitsbuch ist ein unverzichtbarer Begleiter zur franz\u00f6sischen Ausgabe von &#8222;<a title=\"By This Name (French)\" href=\"https:\/\/ca.goodseed.com\/by-this-name-french\/\">By This Name.<\/a>&#8220; Es bietet eine einfache M\u00f6glichkeit, den Lernstoff zu wiederholen. Wenn Ihren Sch\u00fclern etwas nicht klar ist, werden Sie es mit Hilfe des Arbeitsbuchs herausfinden. Jedes Kapitel korrespondiert mit den Kapiteln in &#8222;By This Name&#8220; und stellt Fragen, die darauf abzielen, die wichtigsten Punkte zu festigen, sowie zus\u00e4tzliche Aufgaben, die den Sch\u00fcler in die Bibel selbst einf\u00fchren.<\/p>\n<p>Einige der Fragen sind Multiple-Choice-Fragen, L\u00fcckentexte und Kreuzwortr\u00e4tsel, deren Antworten auf der R\u00fcckseite des Arbeitsbuchs zu finden sind.<\/p>\n<p>\u0426\u0435 \u0456\u0434\u0435\u0430\u043b\u044c\u043d\u0438\u0439 \u0440\u0435\u0441\u0443\u0440\u0441 \u0434\u043b\u044f \u0432\u0438\u0432\u0447\u0435\u043d\u043d\u044f \u0411\u0456\u0431\u043b\u0456\u0457 \u0432 \u0446\u0435\u0440\u043a\u0432\u0456 \u0430\u0431\u043e \u0432\u0434\u043e\u043c\u0430, \u0434\u043b\u044f \u043d\u0435\u0434\u0456\u043b\u044c\u043d\u043e\u0457 \u0448\u043a\u043e\u043b\u0438 \u0430\u0431\u043e \u0431\u0456\u0431\u043b\u0456\u0439\u043d\u0438\u0445 \u0442\u0430\u0431\u043e\u0440\u0456\u0432.<\/p>\n<p>Anzahl der Seiten: 79<br \/>\nISBN: 9781890082840<\/p>","protected":false},"excerpt":{"rendered":"<p>Dieses franz\u00f6sische Arbeitsbuch ist ein unverzichtbarer Begleiter zur franz\u00f6sischen Ausgabe von &#8222;By This Name.&#8220; Es bietet eine einfache M\u00f6glichkeit, den Lernstoff zu wiederholen. Wenn Ihren Sch\u00fclern etwas nicht klar ist, werden Sie es mit Hilfe des Arbeitsbuchs herausfinden. Jedes Kapitel korrespondiert mit den Kapiteln in &#8222;By This Name&#8220; und stellt Fragen, die darauf abzielen, die [&hellip;]<\/p>\n","protected":false},"featured_media":847,"comment_status":"closed","ping_status":"closed","template":"","meta":{"_acf_changed":false,"_glsr_average":0,"_glsr_ranking":0,"_glsr_reviews":0},"product_brand":[109],"product_cat":[18,50,78,17],"product_tag":[52],"giftcard-category":[],"class_list":{"0":"post-846","1":"product","2":"type-product","3":"status-publish","4":"has-post-thumbnail","6":"product_brand-der-versprochene-unter-diesem-namen","7":"product_cat-evangelisation_nachfolge","8":"product_cat-fernostliche-weltanschauung","9":"product_cat-franzoesisch","10":"product_cat-new-release","11":"product_tag-french","13":"first","14":"instock","15":"taxable","16":"shipping-taxable","17":"purchasable","18":"product-type-simple"},"acf":[],"_links":{"self":[{"href":"https:\/\/eu.goodseed.com\/uk\/wp-json\/wp\/v2\/product\/846","targetHints":{"allow":["GET"]}}],"collection":[{"href":"https:\/\/eu.goodseed.com\/uk\/wp-json\/wp\/v2\/product"}],"about":[{"href":"https:\/\/eu.goodseed.com\/uk\/wp-json\/wp\/v2\/types\/product"}],"replies":[{"embeddable":true,"href":"https:\/\/eu.goodseed.com\/uk\/wp-json\/wp\/v2\/comments?post=846"}],"wp:featuredmedia":[{"embeddable":true,"href":"https:\/\/eu.goodseed.com\/uk\/wp-json\/wp\/v2\/media\/847"}],"wp:attachment":[{"href":"https:\/\/eu.goodseed.com\/uk\/wp-json\/wp\/v2\/media?parent=846"}],"wp:term":[{"taxonomy":"product_brand","embeddable":true,"href":"https:\/\/eu.goodseed.com\/uk\/wp-json\/wp\/v2\/product_brand?post=846"},{"taxonomy":"product_cat","embeddable":true,"href":"https:\/\/eu.goodseed.com\/uk\/wp-json\/wp\/v2\/product_cat?post=846"},{"taxonomy":"product_tag","embeddable":true,"href":"https:\/\/eu.goodseed.com\/uk\/wp-json\/wp\/v2\/product_tag?post=846"},{"taxonomy":"giftcard-category","embeddable":true,"href":"https:\/\/eu.goodseed.com\/uk\/wp-json\/wp\/v2\/giftcard-category?post=846"}],"curies":[{"name":"wp","href":"https:\/\/api.w.org\/{rel}","templated":true}]}}