{"id":838,"date":"2025-04-29T06:54:35","date_gmt":"2025-04-29T06:54:35","guid":{"rendered":"https:\/\/eu.goodseed.com\/?post_type=product&#038;p=838"},"modified":"2025-07-07T07:10:51","modified_gmt":"2025-07-07T07:10:51","slug":"add-on-dvd-for-all-that-the-prophets-have-spoken","status":"publish","type":"product","link":"https:\/\/eu.goodseed.com\/uk\/product\/add-on-dvd-for-all-that-the-prophets-have-spoken\/","title":{"rendered":"\u0414\u043e\u0434\u0430\u0442\u043a\u043e\u0432\u0438\u0439 DVD \u0434\u043b\u044f \u0412\u0441\u0435, \u0449\u043e \u0433\u043e\u0432\u043e\u0440\u0438\u043b\u0438 \u043f\u0440\u043e\u0440\u043e\u043a\u0438"},"content":{"rendered":"<p><strong>Dies ist kein eigenst\u00e4ndiges Produkt.<\/strong><\/p>\n<p>Diese DVD enth\u00e4lt 98 Videoclips (insgesamt 3 Stunden und 20 Minuten) zur Erg\u00e4nzung des Textes von\u00a0<em><a href=\"https:\/\/ca.goodseed.com\/all-that-the-prophets-have-spoken-english\/\" target=\"_blank\" rel=\"noopener\">\u0412\u0441\u0435, \u0449\u043e \u0433\u043e\u0432\u043e\u0440\u0438\u043b\u0438 \u043f\u0440\u043e\u0440\u043e\u043a\u0438<\/a><\/em>.<\/p>\n<p>All das, was die Propheten gesagt haben, enth\u00e4lt QR-Codes und Webadressen, die dem Leser den Zugang zu den <a href=\"http:\/\/goodseed.com\/atp\/\" target=\"_blank\" rel=\"noopener\">Online-Videos<\/a> erm\u00f6glichen. Wenn Sie jedoch eine DVD bevorzugen, ist dies die Begleit-DVD zum Buch.<\/p>","protected":false},"excerpt":{"rendered":"<p>Dies ist kein eigenst\u00e4ndiges Produkt. Diese DVD enth\u00e4lt 98 Videoclips (insgesamt 3 Stunden und 20 Minuten) zur Erg\u00e4nzung des Textes von\u00a0Alles, was die Propheten gesagt haben. All das, was die Propheten gesagt haben, enth\u00e4lt QR-Codes und Webadressen, die dem Leser den Zugang zu den Online-Videos erm\u00f6glichen. Wenn Sie jedoch eine DVD bevorzugen, ist dies die [&hellip;]<\/p>\n","protected":false},"featured_media":839,"comment_status":"closed","ping_status":"closed","template":"","meta":{"_acf_changed":false,"_glsr_average":0,"_glsr_ranking":0,"_glsr_reviews":0},"product_brand":[],"product_cat":[18,17],"product_tag":[],"giftcard-category":[],"class_list":{"0":"post-838","1":"product","2":"type-product","3":"status-publish","4":"has-post-thumbnail","6":"product_cat-evangelisation_nachfolge","7":"product_cat-new-release","9":"first","10":"instock","11":"taxable","12":"shipping-taxable","13":"purchasable","14":"product-type-simple"},"acf":[],"_links":{"self":[{"href":"https:\/\/eu.goodseed.com\/uk\/wp-json\/wp\/v2\/product\/838","targetHints":{"allow":["GET"]}}],"collection":[{"href":"https:\/\/eu.goodseed.com\/uk\/wp-json\/wp\/v2\/product"}],"about":[{"href":"https:\/\/eu.goodseed.com\/uk\/wp-json\/wp\/v2\/types\/product"}],"replies":[{"embeddable":true,"href":"https:\/\/eu.goodseed.com\/uk\/wp-json\/wp\/v2\/comments?post=838"}],"wp:featuredmedia":[{"embeddable":true,"href":"https:\/\/eu.goodseed.com\/uk\/wp-json\/wp\/v2\/media\/839"}],"wp:attachment":[{"href":"https:\/\/eu.goodseed.com\/uk\/wp-json\/wp\/v2\/media?parent=838"}],"wp:term":[{"taxonomy":"product_brand","embeddable":true,"href":"https:\/\/eu.goodseed.com\/uk\/wp-json\/wp\/v2\/product_brand?post=838"},{"taxonomy":"product_cat","embeddable":true,"href":"https:\/\/eu.goodseed.com\/uk\/wp-json\/wp\/v2\/product_cat?post=838"},{"taxonomy":"product_tag","embeddable":true,"href":"https:\/\/eu.goodseed.com\/uk\/wp-json\/wp\/v2\/product_tag?post=838"},{"taxonomy":"giftcard-category","embeddable":true,"href":"https:\/\/eu.goodseed.com\/uk\/wp-json\/wp\/v2\/giftcard-category?post=838"}],"curies":[{"name":"wp","href":"https:\/\/api.w.org\/{rel}","templated":true}]}}