{"id":836,"date":"2025-04-29T06:43:31","date_gmt":"2025-04-29T06:43:31","guid":{"rendered":"https:\/\/eu.goodseed.com\/?post_type=product&#038;p=836"},"modified":"2025-12-05T01:22:50","modified_gmt":"2025-12-05T01:22:50","slug":"all-that-the-prophets-have-spoken-companion-workbook-english","status":"publish","type":"product","link":"https:\/\/eu.goodseed.com\/uk\/product\/all-that-the-prophets-have-spoken-companion-workbook-english\/","title":{"rendered":"\u0412\u0441\u0435, \u0449\u043e \u043f\u0440\u043e\u0440\u043e\u043a\u0443\u0432\u0430\u043b\u0438 \u043f\u0440\u043e\u0440\u043e\u043a\u0438 \u0420\u043e\u0431\u043e\u0447\u0438\u0439 \u0437\u043e\u0448\u0438\u0442-\u0441\u0443\u043f\u0443\u0442\u043d\u0438\u043a (\u0430\u043d\u0433\u043b\u0456\u0439\u0441\u044c\u043a\u043e\u044e \u043c\u043e\u0432\u043e\u044e)"},"content":{"rendered":"<p>Dieses Arbeitsbuch ist eine unverzichtbare Erg\u00e4nzung zu \u201e<a title=\"\u0412\u0441\u0435, \u0449\u043e \u0433\u043e\u0432\u043e\u0440\u0438\u043b\u0438 \u043f\u0440\u043e\u0440\u043e\u043a\u0438\" href=\"https:\/\/ca.goodseed.com\/all-that-the-prophets-have-spoken-english\/\">\u0412\u0441\u0435, \u0449\u043e \u0433\u043e\u0432\u043e\u0440\u0438\u043b\u0438 \u043f\u0440\u043e\u0440\u043e\u043a\u0438<\/a>\u201c. Es bietet eine einfache M\u00f6glichkeit, den Lernstoff zu wiederholen, der gerade studiert wird. Wenn Ihren Sch\u00fclern etwas nicht klar ist, werden Sie es mit Hilfe des Arbeitsbuchs herausfinden. Jedes Kapitel korrespondiert mit den Kapiteln in \u201eAlle Propheten\u201c und stellt Fragen, die darauf abzielen, die wichtigsten Punkte zu festigen, sowie zus\u00e4tzliche Aufgaben, die den Sch\u00fcler in die Bibel selbst einf\u00fchren.<\/p>\n<p>Einige der Fragen sind Multiple-Choice-Fragen, L\u00fcckentexte und Kreuzwortr\u00e4tsel, deren Antworten sich auf der R\u00fcckseite des Arbeitsbuchs befinden.<\/p>\n<p>Dies ist ein ideales Hilfsmittel f\u00fcr ein Bibelstudium zu Hause, f\u00fcr die Sonntagsschule oder ein Bibelcamp.<\/p>\n<p>Anzahl der Seiten: 64<br \/>\nISBN: 9781890082819<\/p>","protected":false},"excerpt":{"rendered":"<p>Dieses Arbeitsbuch ist eine unverzichtbare Erg\u00e4nzung zu \u201eAlles, was die Propheten gesagt haben\u201c. Es bietet eine einfache M\u00f6glichkeit, den Lernstoff zu wiederholen, der gerade studiert wird. Wenn Ihren Sch\u00fclern etwas nicht klar ist, werden Sie es mit Hilfe des Arbeitsbuchs herausfinden. Jedes Kapitel korrespondiert mit den Kapiteln in \u201eAlle Propheten\u201c und stellt Fragen, die darauf [&hellip;]<\/p>\n","protected":false},"featured_media":837,"comment_status":"closed","ping_status":"closed","template":"","meta":{"_acf_changed":false,"_glsr_average":0,"_glsr_ranking":0,"_glsr_reviews":0},"product_brand":[111],"product_cat":[76,18,49],"product_tag":[53],"giftcard-category":[],"class_list":{"0":"post-836","1":"product","2":"type-product","3":"status-publish","4":"has-post-thumbnail","6":"product_brand-alles-was-die-propheten-verheissen-haben","7":"product_cat-englisch","8":"product_cat-evangelisation_nachfolge","9":"product_cat-islamische-weltanschauung","10":"product_tag-english","12":"first","13":"instock","14":"taxable","15":"shipping-taxable","16":"purchasable","17":"product-type-simple"},"acf":[],"_links":{"self":[{"href":"https:\/\/eu.goodseed.com\/uk\/wp-json\/wp\/v2\/product\/836","targetHints":{"allow":["GET"]}}],"collection":[{"href":"https:\/\/eu.goodseed.com\/uk\/wp-json\/wp\/v2\/product"}],"about":[{"href":"https:\/\/eu.goodseed.com\/uk\/wp-json\/wp\/v2\/types\/product"}],"replies":[{"embeddable":true,"href":"https:\/\/eu.goodseed.com\/uk\/wp-json\/wp\/v2\/comments?post=836"}],"wp:featuredmedia":[{"embeddable":true,"href":"https:\/\/eu.goodseed.com\/uk\/wp-json\/wp\/v2\/media\/837"}],"wp:attachment":[{"href":"https:\/\/eu.goodseed.com\/uk\/wp-json\/wp\/v2\/media?parent=836"}],"wp:term":[{"taxonomy":"product_brand","embeddable":true,"href":"https:\/\/eu.goodseed.com\/uk\/wp-json\/wp\/v2\/product_brand?post=836"},{"taxonomy":"product_cat","embeddable":true,"href":"https:\/\/eu.goodseed.com\/uk\/wp-json\/wp\/v2\/product_cat?post=836"},{"taxonomy":"product_tag","embeddable":true,"href":"https:\/\/eu.goodseed.com\/uk\/wp-json\/wp\/v2\/product_tag?post=836"},{"taxonomy":"giftcard-category","embeddable":true,"href":"https:\/\/eu.goodseed.com\/uk\/wp-json\/wp\/v2\/giftcard-category?post=836"}],"curies":[{"name":"wp","href":"https:\/\/api.w.org\/{rel}","templated":true}]}}