{"id":801,"date":"2025-04-29T05:23:04","date_gmt":"2025-04-29T05:23:04","guid":{"rendered":"https:\/\/eu.goodseed.com\/?post_type=product&#038;p=801"},"modified":"2025-12-05T01:29:16","modified_gmt":"2025-12-05T01:29:16","slug":"by-this-name-thai","status":"publish","type":"product","link":"https:\/\/eu.goodseed.com\/uk\/product\/by-this-name-thai\/","title":{"rendered":"Unter diesem Namen (Thai)"},"content":{"rendered":"<div>\n<ul>\n<li><strong>Kaufen Sie 12 oder mehr <\/strong>und erhalten Sie <strong>10% \u0417\u043d\u0438\u0436\u043a\u0430<\/strong><\/li>\n<\/ul>\n<\/div>\n<p>Dies ist die thail\u00e4ndische Ausgabe von &#8222;<a title=\"By This Name\" href=\"https:\/\/ca.goodseed.com\/by-this-name-english\/\">By This Name<\/a>.&#8220; Es handelt sich um spiralgebundene B\u00fccher, die nicht genau wie abgebildet sind.<\/p>\n<p>Das Folgende ist die Beschreibung der englischen Ausgabe:<\/p>\n<p>Vielleicht hat man Ihnen gesagt: \u201eIch bin froh, dass Sie Ihren Weg zu Gott gefunden haben, aber jeder findet ihn an anderen Orten und in anderen Religionen\u201c. Wie teilen Sie also das Evangelium mit jemandem, der glaubt, dass Gott in der ganzen Natur gegenw\u00e4rtig ist? Was sagen Sie, wenn Ihr Freund sich \u201eGott\u201c eher als eine spirituelle Kraft oder Energie denn als eine Person vorstellt? Wie k\u00f6nnen Sie in einer Welt, in der \u201eSpiritualit\u00e4t\u201c popul\u00e4r geworden ist und das Wissen um Gott so gut wie verschwunden ist, die gute Nachricht von Jesus Christus weitergeben? Selbst die westliche Welt ist von Kulturen beeinflusst worden, die an viele G\u00f6tter glauben.<\/p>\n<p>\u201eBy This Name\u201c erkl\u00e4rt die Kernbotschaft der Bibel f\u00fcr Menschen, die keine Ahnung von der Bibel haben. Anhand der Struktur des Johannesevangeliums hebt das Buch den Gott der Bibel deutlich von allen anderen G\u00f6ttern ab. Es begr\u00fcndet die Autorit\u00e4t der Heiligen Schrift und vergleicht die biblische Weltanschauung behutsam mit \u00f6stlichen Weltanschauungen. Es verkn\u00fcpft Schl\u00fcsselgeschichten aus dem Alten und Neuen Testament, um die Identit\u00e4t Gottes und das Wesen der S\u00fcnde zu enth\u00fcllen, mit dem Ziel, zwei Fragen zu beantworten: \u201eWer ist Jesus?\u201c und \u201eWas hat es mit der Geschichte vom Kreuz und dem Grab auf sich?\u201c Das Buch hilft den Menschen zu verstehen, worum es in der Bibel \u00fcberhaupt geht.<\/p>\n<p>\u201eBy This Name\u201c folgt einem \u00e4hnlichen chronologischen Aufbau wie \u201eThe Stranger on the Road to Emmaus\u201c, unterscheidet sich aber zu 60 Prozent vom Inhalt.<\/p>\n<h4><strong>\u041e\u0441\u043e\u0431\u043b\u0438\u0432\u043e\u0441\u0442\u0456<\/strong><\/h4>\n<ul>\n<li><strong>\u041d\u0430\u043f\u0438\u0441\u0430\u043d\u0430 \u0434\u043b\u044f \u0434\u043e\u0440\u043e\u0441\u043b\u0438\u0445 \u0442\u0430 \u043c\u043e\u043b\u043e\u0434\u0456:<\/strong> \u041a\u043d\u0438\u0433\u0430 \u043f\u0456\u0434\u0445\u043e\u0434\u0438\u0442\u044c \u0434\u043b\u044f \u0434\u043e\u0440\u043e\u0441\u043b\u0438\u0445 \u0456 \u043c\u043e\u043b\u043e\u0434\u0456.<\/li>\n<li><strong>\u041f\u0440\u0438\u043f\u0443\u0449\u0435\u043d\u043d\u044f:<\/strong> Setzt voraus, dass die Leser wenig oder gar keine Kenntnisse \u00fcber die Bibel haben.<\/li>\n<li><strong>\u0421\u0445\u0456\u0434\u043d\u0438\u0439 \u0441\u0432\u0456\u0442\u043e\u0433\u043b\u044f\u0434:<\/strong> Setzt sich mit einer postmodernen, postchristlichen, s\u00e4kularen Denkweise auseinander. Geht auch auf Fragen ein, die sich aus Polytheismus, Pantheismus, Animismus, Agnostizismus und Atheismus ergeben.<\/li>\n<li><strong>\u0425\u0440\u043e\u043d\u043e\u043b\u043e\u0433\u0456\u0447\u043d\u043e:<\/strong> Beginnt mit der Erschaffung des Universums und geht dann der Reihe nach durch die Schl\u00fcsselgeschichten des Alten Testaments zum Neuen Testament \u00fcber, um die Bedeutung des Kreuzes und des Grabes zu enth\u00fcllen. Die Hauptgeschichte der Bibel wird zu einem universellen, allumfassenden Drama zusammengef\u00fcgt. Folgt demselben Handlungsstrang wie \u201eDer Fremde auf dem Weg nach Emmaus\u201c, unterscheidet sich aber zu 60 Prozent.<\/li>\n<li><strong>Basierend auf dem Johannesevangelium:<\/strong> Verwendet das Johannesevangelium als Vorlage, liefert aber gleichzeitig die notwendigen Hintergrundgeschichten, um dem Evangelium einen Kontext zu geben. Es geht davon aus, dass der Leser wenig oder gar nichts \u00fcber die Bibel wei\u00df.<\/li>\n<li><strong>\u041f\u0456\u0434\u043a\u0440\u0435\u0441\u043b\u044e\u0454 \u0411\u043e\u0433\u0430 \u0411\u0456\u0431\u043b\u0456\u0457:<\/strong> Beantwortet die Frage: \u201eWas macht Ihr heiliges Buch besser als meines?\u201c \u201eBei diesem Namen\u201c spricht an, was den Gott der Bibel von allen anderen G\u00f6ttern oder Geistern unterscheidet.<\/li>\n<li><strong>Freistellung der Bibel von religi\u00f6sen Traditionen:<\/strong> Der Leser lernt die Bibel ohne religi\u00f6ses Drumherum kennen.<\/li>\n<li><strong>\u041c\u0435\u0442\u0430:<\/strong> Die Bibel darf f\u00fcr sich selbst sprechen, indem sie die frohe Botschaft des Herrn Jesus Christus pr\u00e4sentiert. Es gibt kein Zureden zum Glauben. Die Botschaft wird objektiv pr\u00e4sentiert; die Entscheidung, ob man glaubt oder nicht, bleibt dem Leser \u00fcberlassen.<\/li>\n<li><strong>\u0411\u0456\u0431\u043b\u0456\u0439\u043d\u0456 \u0432\u0456\u0440\u0448\u0456:<\/strong> Als Geschichte erz\u00e4hlt, sind 1570 Bibelverse in den Text eingewoben. Der Leser setzt sich selbst mit dem Text der Bibel auseinander.<\/li>\n<li><strong>\u0417 \u0456\u043b\u044e\u0441\u0442\u0440\u0430\u0446\u0456\u044f\u043c\u0438:<\/strong> \u041f\u043e\u043d\u0430\u0434 100 \u043c\u0430\u043b\u044e\u043d\u043a\u0456\u0432, \u043a\u0430\u0440\u0442 \u0456 \u0434\u0456\u0430\u0433\u0440\u0430\u043c \u0434\u043e\u043f\u043e\u043c\u0430\u0433\u0430\u044e\u0442\u044c \u043f\u043e\u044f\u0441\u043d\u0438\u0442\u0438 \u0456\u0441\u0442\u043e\u0440\u0456\u044e.<\/li>\n<li><strong>\u041f\u0440\u0438\u0437\u043d\u0430\u0447\u0435\u043d\u0438\u0439 \u0434\u043b\u044f \u043f\u043e\u0434\u0430\u0440\u0443\u043d\u043a\u0430:<\/strong> \u041a\u043d\u0438\u0433\u0443 \u043c\u043e\u0436\u043d\u0430 \u043f\u0435\u0440\u0435\u0434\u0430\u0432\u0430\u0442\u0438 \u044f\u043a \u0454\u0432\u0430\u043d\u0433\u0435\u043b\u044c\u0441\u044c\u043a\u0438\u0439 \u0442\u0440\u0430\u043a\u0442\u0430\u0442. \u0422\u0430\u043a\u0438\u043c \u0447\u0438\u043d\u043e\u043c, \u0447\u0438\u0442\u0430\u0447\u0456 \u043c\u043e\u0436\u0443\u0442\u044c \u043f\u0435\u0440\u0435\u0436\u0438\u0442\u0438 \u0431\u0456\u0431\u043b\u0456\u0439\u043d\u0435 \u043f\u043e\u0441\u043b\u0430\u043d\u043d\u044f \u043d\u0430 \u0432\u043b\u0430\u0441\u043d\u043e\u043c\u0443 \u0434\u043e\u0441\u0432\u0456\u0434\u0456.<\/li>\n<\/ul>\n<p>Seitenzahl: 443<br \/>\nISBN: 9781927429068<\/p>","protected":false},"excerpt":{"rendered":"<p>Bulk Pricing:<\/p>\n<p>Below are the available bulk discount rates for each individual item when you purchase a certain amount<\/p>\n<ul>\n<li>\u041a\u0443\u043f\u0443\u0439\u0442\u0435 12 \u0430\u0431\u043e \u0431\u0456\u043b\u044c\u0448\u0435 \u0442\u0430 \u043e\u0442\u0440\u0438\u043c\u0430\u0439\u0442\u0435 \u0437\u043d\u0438\u0436\u043a\u0443 10%<\/li>\n<\/ul>","protected":false},"featured_media":802,"comment_status":"closed","ping_status":"closed","template":"","meta":{"_acf_changed":false,"_glsr_average":0,"_glsr_ranking":0,"_glsr_reviews":0},"product_brand":[109],"product_cat":[18,50,95],"product_tag":[],"giftcard-category":[],"class_list":{"0":"post-801","1":"product","2":"type-product","3":"status-publish","4":"has-post-thumbnail","6":"product_brand-der-versprochene-unter-diesem-namen","7":"product_cat-evangelisation_nachfolge","8":"product_cat-fernostliche-weltanschauung","9":"product_cat-thailaendisch","11":"first","12":"instock","13":"taxable","14":"shipping-taxable","15":"purchasable","16":"product-type-simple"},"acf":[],"_links":{"self":[{"href":"https:\/\/eu.goodseed.com\/uk\/wp-json\/wp\/v2\/product\/801","targetHints":{"allow":["GET"]}}],"collection":[{"href":"https:\/\/eu.goodseed.com\/uk\/wp-json\/wp\/v2\/product"}],"about":[{"href":"https:\/\/eu.goodseed.com\/uk\/wp-json\/wp\/v2\/types\/product"}],"replies":[{"embeddable":true,"href":"https:\/\/eu.goodseed.com\/uk\/wp-json\/wp\/v2\/comments?post=801"}],"wp:featuredmedia":[{"embeddable":true,"href":"https:\/\/eu.goodseed.com\/uk\/wp-json\/wp\/v2\/media\/802"}],"wp:attachment":[{"href":"https:\/\/eu.goodseed.com\/uk\/wp-json\/wp\/v2\/media?parent=801"}],"wp:term":[{"taxonomy":"product_brand","embeddable":true,"href":"https:\/\/eu.goodseed.com\/uk\/wp-json\/wp\/v2\/product_brand?post=801"},{"taxonomy":"product_cat","embeddable":true,"href":"https:\/\/eu.goodseed.com\/uk\/wp-json\/wp\/v2\/product_cat?post=801"},{"taxonomy":"product_tag","embeddable":true,"href":"https:\/\/eu.goodseed.com\/uk\/wp-json\/wp\/v2\/product_tag?post=801"},{"taxonomy":"giftcard-category","embeddable":true,"href":"https:\/\/eu.goodseed.com\/uk\/wp-json\/wp\/v2\/giftcard-category?post=801"}],"curies":[{"name":"wp","href":"https:\/\/api.w.org\/{rel}","templated":true}]}}