{"id":643,"date":"2025-04-28T09:28:07","date_gmt":"2025-04-28T09:28:07","guid":{"rendered":"https:\/\/eu.goodseed.com\/?post_type=product&#038;p=643"},"modified":"2025-07-07T07:10:34","modified_gmt":"2025-07-07T07:10:34","slug":"all-that-the-prophets-have-spoken-french-ebook-edition","status":"publish","type":"product","link":"https:\/\/eu.goodseed.com\/uk\/product\/all-that-the-prophets-have-spoken-french-ebook-edition\/","title":{"rendered":"\u0412\u0441\u0435, \u0449\u043e \u0441\u043a\u0430\u0437\u0430\u043b\u0438 \u043f\u0440\u043e\u0440\u043e\u043a\u0438 (\u0444\u0440\u0430\u043d\u0446\u0443\u0437\u044c\u043a\u0430) \u0435\u043b\u0435\u043a\u0442\u0440\u043e\u043d\u043d\u0435 \u0432\u0438\u0434\u0430\u043d\u043d\u044f"},"content":{"rendered":"<p>Dies ist die eBook-Version von <em>Tout ce qu&#8217;ont dit les proph\u00e8tes,<\/em> der franz\u00f6sischen Ausgabe von <em><a href=\"https:\/\/ca.goodseed.com\/all-that-the-prophets-have-spoken-french\/\">Alles, was die Propheten gesagt haben<\/a><\/em>. Wenn Sie dieses Produkt kaufen, k\u00f6nnen Sie die Mobi, ePub und PDF Versionen herunterladen.<\/p>\n<ul>\n<li>Mobi: f\u00fcr Kindle-Ger\u00e4te<\/li>\n<li>ePub: f\u00fcr iBooks, Google Books, Kobo und mehr<\/li>\n<li>PDF: erfordert einen PDF-Reader wie Adobe Acrobat Reader zur Ansicht<\/li>\n<\/ul>\n<p>&nbsp;<\/p>\n<p><strong>FREE DOWNLOAD<\/strong><br \/>\nAls gemeinn\u00fctziger Dienst werden die Verkaufserl\u00f6se dazu verwendet, Menschen auf der ganzen Welt, die keinen Zugang dazu haben, mit Ressourcen zu versorgen. Auch wenn Sie sich dieses Ebook nicht leisten k\u00f6nnen, m\u00f6chten wir, dass Sie es trotzdem lesen. Verwenden Sie diesen Gutscheincode, um das Ebook kostenlos zu erhalten: <strong>GOODSEEDFREE<\/strong><\/p>\n<p>(Kopieren Sie den Gutscheincode und f\u00fcgen Sie ihn in das Gutscheinfeld auf der Bezahlseite ein).<\/p>\n<p><a href=\"https:\/\/ca.goodseed.com\/coupon-codes-and-ebook-downloads\/\">[Klicken Sie hier, um Hilfe bei der Verwendung der Gutscheine oder beim Herunterladen der Ebooks zu erhalten.]<\/a><\/p>\n","protected":false},"excerpt":{"rendered":"<p>Dies ist die eBook-Version von Tout ce qu&#8217;ont dit les proph\u00e8tes, der franz\u00f6sischen Ausgabe von Alles, was die Propheten gesagt haben. Wenn Sie dieses Produkt kaufen, k\u00f6nnen Sie die Mobi, ePub und PDF Versionen herunterladen. Mobi: f\u00fcr Kindle-Ger\u00e4te ePub: f\u00fcr iBooks, Google Books, Kobo und mehr PDF: erfordert einen PDF-Reader wie Adobe Acrobat Reader zur [&hellip;]<\/p>\n","protected":false},"featured_media":647,"comment_status":"closed","ping_status":"closed","template":"","meta":{"_acf_changed":false,"_glsr_average":0,"_glsr_ranking":0,"_glsr_reviews":0},"product_brand":[],"product_cat":[24,18,78,49],"product_tag":[52],"giftcard-category":[],"class_list":{"0":"post-643","1":"product","2":"type-product","3":"status-publish","4":"has-post-thumbnail","6":"product_cat-ebooks","7":"product_cat-evangelisation_nachfolge","8":"product_cat-franzoesisch","9":"product_cat-islamische-weltanschauung","10":"product_tag-french","12":"first","13":"instock","14":"taxable","15":"shipping-taxable","16":"purchasable","17":"product-type-simple"},"acf":[],"_links":{"self":[{"href":"https:\/\/eu.goodseed.com\/uk\/wp-json\/wp\/v2\/product\/643","targetHints":{"allow":["GET"]}}],"collection":[{"href":"https:\/\/eu.goodseed.com\/uk\/wp-json\/wp\/v2\/product"}],"about":[{"href":"https:\/\/eu.goodseed.com\/uk\/wp-json\/wp\/v2\/types\/product"}],"replies":[{"embeddable":true,"href":"https:\/\/eu.goodseed.com\/uk\/wp-json\/wp\/v2\/comments?post=643"}],"wp:featuredmedia":[{"embeddable":true,"href":"https:\/\/eu.goodseed.com\/uk\/wp-json\/wp\/v2\/media\/647"}],"wp:attachment":[{"href":"https:\/\/eu.goodseed.com\/uk\/wp-json\/wp\/v2\/media?parent=643"}],"wp:term":[{"taxonomy":"product_brand","embeddable":true,"href":"https:\/\/eu.goodseed.com\/uk\/wp-json\/wp\/v2\/product_brand?post=643"},{"taxonomy":"product_cat","embeddable":true,"href":"https:\/\/eu.goodseed.com\/uk\/wp-json\/wp\/v2\/product_cat?post=643"},{"taxonomy":"product_tag","embeddable":true,"href":"https:\/\/eu.goodseed.com\/uk\/wp-json\/wp\/v2\/product_tag?post=643"},{"taxonomy":"giftcard-category","embeddable":true,"href":"https:\/\/eu.goodseed.com\/uk\/wp-json\/wp\/v2\/giftcard-category?post=643"}],"curies":[{"name":"wp","href":"https:\/\/api.w.org\/{rel}","templated":true}]}}