{"id":632,"date":"2025-04-28T09:21:25","date_gmt":"2025-04-28T09:21:25","guid":{"rendered":"https:\/\/eu.goodseed.com\/?post_type=product&#038;p=632"},"modified":"2025-11-21T11:56:28","modified_gmt":"2025-11-21T11:56:28","slug":"in-ka-hai-how-sweet-it-is-ebook-edition","status":"publish","type":"product","link":"https:\/\/eu.goodseed.com\/uk\/product\/in-ka-hai-how-sweet-it-is-ebook-edition\/","title":{"rendered":"\u0406\u043d-\u043a\u0430-\u0445\u0430\u0439: \u042f\u043a \u0446\u0435 \u0441\u043e\u043b\u043e\u0434\u043a\u043e! (\u0435\u043b\u0435\u043a\u0442\u0440\u043e\u043d\u043d\u0435 \u0432\u0438\u0434\u0430\u043d\u043d\u044f)"},"content":{"rendered":"<p><iframe src=\"https:\/\/www.youtube-nocookie.com\/embed\/0qg1nHKiw0E\" width=\"480\" height=\"360\" frameborder=\"0\"><\/iframe><\/p>\n<p><strong> <\/strong><\/p>\n<p>Dies ist die eBook-Version von <em><a href=\"https:\/\/ca.goodseed.com\/in-ka-hai-how-sweet-it-is\/\">In-k\u00e1-hai: How Sweet It Is!<\/a><\/em> Wenn Sie dieses Produkt kaufen, haben Sie die M\u00f6glichkeit, die Mobi, ePub und PDF Versionen herunterzuladen.<\/p>\n<ul>\n<li>Mobi: f\u00fcr Kindle-Ger\u00e4te<\/li>\n<li>ePub: f\u00fcr iBooks, Google Books, Kobo und mehr<\/li>\n<li>PDF: erfordert einen PDF-Reader wie Adobe Acrobat Reader zum Betrachten<\/li>\n<\/ul>\n<p>&nbsp;<\/p>\n<p><em>In-k\u00e1-hai: How Sweet It Is!<\/em> ist die wahre Geschichte von Pete und Leah Humphreys, die 17 Jahre lang in der trockenen Chaco-Region in Paraguay gearbeitet haben. Sie waren Bibellehrer f\u00fcr die Manj\u00fai. Diese Stammesangeh\u00f6rigen hatten keine Ahnung von der Bibel und waren in ihrem traditionellen Glauben verwurzelt.<\/p>\n<p>Obwohl die Humphreys sehr darauf bedacht waren, die Bibel klar zu lehren, stie\u00dfen sie auf Probleme. Die Manj\u00fai trugen eine christliche Fassade, aber darunter hielten sie an ihrem animistischen Glauben fest. Sie vermischten zwei Glaubenssysteme miteinander. Was konnten Pete und Leah tun? Dass die Manj\u00fais schlie\u00dflich Jesus vertrauten, ist eine spannende Geschichte \u00fcber den Dienst an vorderster Front in Aktion.<\/p>\n<p>Erfahren Sie, was die Humphreys getan haben, um die Herausforderungen zu meistern, und &#8211; was noch wichtiger ist &#8211; sehen Sie, wie dies f\u00fcr gew\u00f6hnliche Gl\u00e4ubige \u00fcberall auf der Welt heute anwendbar ist.<\/p>\n<p>&nbsp;<\/p>\n<p><strong>Einschlie\u00dflich eines sechsteiligen Studienleitfadens, der auf Lektionen aus der Geschichte basiert: <\/strong><\/p>\n<ul>\n<li>Die Bedeutung der Glaubw\u00fcrdigkeit beim Weitergeben des Evangeliums<\/li>\n<li>Was ist zu beachten, wenn man das Evangelium mit biblischen Analphabeten teilt<\/li>\n<li>Wie eine Person, die kein begnadeter Kommunikator ist, das Evangelium weitergeben kann<\/li>\n<li>Die Frage derjenigen, die sagen, dass sie gerettet sind, sich aber nicht so verhalten<\/li>\n<li>Das Problem des Synkretismus und wie man es angeht<\/li>\n<\/ul>\n<div><\/div>\n<div>\n<p><strong>Geeignet f\u00fcr diese Zielgruppen:<\/strong><\/p>\n<ul>\n<li>Pers\u00f6nliche Lekt\u00fcre und Reflexion<\/li>\n<li>Kleingruppen<\/li>\n<li>Christliche Schulen<\/li>\n<li>Bibelschulen &#038; Seminare (Pastoral, Mission, Evangelisation)<\/li>\n<li>Sonntagsschule<\/li>\n<\/ul>\n<\/div>\n<div><\/div>\n<div><\/div>\n<div>\n<p class=\"p1\">&#8222;In-k\u00e1-hai&#8220; ist Teil der Ambassador Series. Die Ambassador Series ist ein Lehrplan, der Gl\u00e4ubige mit dem Auftrag, der Botschaft und der Methode ausr\u00fcstet, die gute Nachricht von Jesus Christus weiterzugeben.<\/p>\n<p class=\"p1\"><strong><a title=\"PDF Vorschau von In-k\u00e1-hai\" href=\"http:\/\/www.goodseed.com\/blog\/wp-content\/uploads\/2013\/09\/goodseed-in-ka-hai-preview.pdf\" target=\"_blank\" rel=\"noopener\">Lesen Sie eine Vorschau von In-k\u00e1-hai.<\/a><\/strong><\/p>\n<\/div>\n<p>&nbsp;<\/p>\n<p><a href=\"https:\/\/ca.goodseed.com\/coupon-codes-and-ebook-downloads\/\">[Klicken Sie hier, um Hilfe bei der Verwendung der Coupons oder beim Herunterladen der Ebooks zu erhalten.]<\/a><\/p>\n","protected":false},"excerpt":{"rendered":"<p>Dies ist die eBook-Version von In-k\u00e1-hai: How Sweet It Is! Wenn Sie dieses Produkt kaufen, haben Sie die M\u00f6glichkeit, die Mobi, ePub und PDF Versionen herunterzuladen. Mobi: f\u00fcr Kindle-Ger\u00e4te ePub: f\u00fcr iBooks, Google Books, Kobo und mehr PDF: erfordert einen PDF-Reader wie Adobe Acrobat Reader zum Betrachten &nbsp; In-k\u00e1-hai: How Sweet It Is! ist die [&hellip;]<\/p>\n","protected":false},"featured_media":636,"comment_status":"closed","ping_status":"closed","template":"","meta":{"_acf_changed":false,"_glsr_average":0,"_glsr_ranking":0,"_glsr_reviews":0},"product_brand":[],"product_cat":[23,24],"product_tag":[],"giftcard-category":[],"class_list":{"0":"post-632","1":"product","2":"type-product","3":"status-publish","4":"has-post-thumbnail","6":"product_cat-andere-materialien","7":"product_cat-ebooks","9":"first","10":"instock","11":"taxable","12":"shipping-taxable","13":"product-type-simple"},"acf":[],"_links":{"self":[{"href":"https:\/\/eu.goodseed.com\/uk\/wp-json\/wp\/v2\/product\/632","targetHints":{"allow":["GET"]}}],"collection":[{"href":"https:\/\/eu.goodseed.com\/uk\/wp-json\/wp\/v2\/product"}],"about":[{"href":"https:\/\/eu.goodseed.com\/uk\/wp-json\/wp\/v2\/types\/product"}],"replies":[{"embeddable":true,"href":"https:\/\/eu.goodseed.com\/uk\/wp-json\/wp\/v2\/comments?post=632"}],"wp:featuredmedia":[{"embeddable":true,"href":"https:\/\/eu.goodseed.com\/uk\/wp-json\/wp\/v2\/media\/636"}],"wp:attachment":[{"href":"https:\/\/eu.goodseed.com\/uk\/wp-json\/wp\/v2\/media?parent=632"}],"wp:term":[{"taxonomy":"product_brand","embeddable":true,"href":"https:\/\/eu.goodseed.com\/uk\/wp-json\/wp\/v2\/product_brand?post=632"},{"taxonomy":"product_cat","embeddable":true,"href":"https:\/\/eu.goodseed.com\/uk\/wp-json\/wp\/v2\/product_cat?post=632"},{"taxonomy":"product_tag","embeddable":true,"href":"https:\/\/eu.goodseed.com\/uk\/wp-json\/wp\/v2\/product_tag?post=632"},{"taxonomy":"giftcard-category","embeddable":true,"href":"https:\/\/eu.goodseed.com\/uk\/wp-json\/wp\/v2\/giftcard-category?post=632"}],"curies":[{"name":"wp","href":"https:\/\/api.w.org\/{rel}","templated":true}]}}