{"id":499,"date":"2025-04-28T07:38:03","date_gmt":"2025-04-28T07:38:03","guid":{"rendered":"https:\/\/eu.goodseed.com\/?post_type=product&#038;p=499"},"modified":"2025-08-07T22:27:27","modified_gmt":"2025-08-07T22:27:27","slug":"the-lamb-powerpoint-and-jpgs-download","status":"publish","type":"product","link":"https:\/\/eu.goodseed.com\/uk\/product\/the-lamb-powerpoint-and-jpgs-download\/","title":{"rendered":"Das Lamm &#8211; PowerPoint und JPGs &#8211; Herunterladen"},"content":{"rendered":"<p>Dieses PowerPoint-Set verwandelt &#8222;Das Lamm&#8220; in ein Lehr- und Pr\u00e4sentationsmittel. Es enth\u00e4lt den vollst\u00e4ndigen Text und die Bilder von &#8222;The Lamb&#8220;.<\/p>\n<p>In diesem Set enthalten sind:<\/p>\n<p>PowerPoint-Dateien zum Herunterladen (10 Lektionen, 5 Lektionsformate)<br \/>\nPDF-Handouts &#8211; Fragen f\u00fcr die Kinder, Fragen und Antworten f\u00fcr die Lehrer<br \/>\n3 Skripthefte<br \/>\nDiese dienen als Skript f\u00fcr zwei Vorleser und als Leitfaden f\u00fcr den PowerPoint-Operator.<br \/>\nAnweisungen, wie das Material vorzutragen ist.<br \/>\nEnth\u00e4lt auch Fragen f\u00fcr jede Lektion.<br \/>\nFormate 10 Lektionen und 5 Lektionen.<\/p>\n<p>Dieser Lehrplan kann unter anderem verwendet werden f\u00fcr:<br \/>\nFerienbibelschule<br \/>\nSonntagsschule<br \/>\nKinderkirche<br \/>\nOutreach-Veranstaltungen<br \/>\nKinderlager<br \/>\n&#8222;Erz\u00e4hlzeit f\u00fcr Kinder&#8220; des Pastors vor der Predigt<br \/>\nBesondere Pr\u00e4sentationen<br \/>\nAndachten zu Hause<br \/>\nHortclubs<br \/>\nKinderprogramme f\u00fcr Familienlager<\/p>\n<p>System-Anforderungen<\/p>\n<p>Windows XP oder h\u00f6her, Mac mit PowerPoint 2011 oder h\u00f6her.<\/p>\n<p>\u00dcbersetzt mit DeepL.com (kostenlose Version)<\/p>","protected":false},"excerpt":{"rendered":"<p>Dieses PowerPoint-Set verwandelt &#8222;Das Lamm&#8220; in ein Lehr- und Pr\u00e4sentationsmittel. Es enth\u00e4lt den vollst\u00e4ndigen Text und die Bilder von &#8222;The Lamb&#8220;. In diesem Set enthalten sind: PowerPoint-Dateien zum Herunterladen (10 Lektionen, 5 Lektionsformate) PDF-Handouts &#8211; Fragen f\u00fcr die Kinder, Fragen und Antworten f\u00fcr die Lehrer 3 Skripthefte Diese dienen als Skript f\u00fcr zwei Vorleser und [&hellip;]<\/p>\n","protected":false},"featured_media":1020,"comment_status":"closed","ping_status":"closed","template":"","meta":{"_acf_changed":false,"_glsr_average":0,"_glsr_ranking":0,"_glsr_reviews":0},"product_brand":[110],"product_cat":[18,17],"product_tag":[],"giftcard-category":[],"class_list":{"0":"post-499","1":"product","2":"type-product","3":"status-publish","4":"has-post-thumbnail","6":"product_brand-das-lamm","7":"product_cat-evangelisation_nachfolge","8":"product_cat-new-release","10":"first","11":"instock","12":"downloadable","13":"taxable","14":"shipping-taxable","15":"purchasable","16":"product-type-simple"},"acf":[],"_links":{"self":[{"href":"https:\/\/eu.goodseed.com\/uk\/wp-json\/wp\/v2\/product\/499","targetHints":{"allow":["GET"]}}],"collection":[{"href":"https:\/\/eu.goodseed.com\/uk\/wp-json\/wp\/v2\/product"}],"about":[{"href":"https:\/\/eu.goodseed.com\/uk\/wp-json\/wp\/v2\/types\/product"}],"replies":[{"embeddable":true,"href":"https:\/\/eu.goodseed.com\/uk\/wp-json\/wp\/v2\/comments?post=499"}],"wp:featuredmedia":[{"embeddable":true,"href":"https:\/\/eu.goodseed.com\/uk\/wp-json\/wp\/v2\/media\/1020"}],"wp:attachment":[{"href":"https:\/\/eu.goodseed.com\/uk\/wp-json\/wp\/v2\/media?parent=499"}],"wp:term":[{"taxonomy":"product_brand","embeddable":true,"href":"https:\/\/eu.goodseed.com\/uk\/wp-json\/wp\/v2\/product_brand?post=499"},{"taxonomy":"product_cat","embeddable":true,"href":"https:\/\/eu.goodseed.com\/uk\/wp-json\/wp\/v2\/product_cat?post=499"},{"taxonomy":"product_tag","embeddable":true,"href":"https:\/\/eu.goodseed.com\/uk\/wp-json\/wp\/v2\/product_tag?post=499"},{"taxonomy":"giftcard-category","embeddable":true,"href":"https:\/\/eu.goodseed.com\/uk\/wp-json\/wp\/v2\/giftcard-category?post=499"}],"curies":[{"name":"wp","href":"https:\/\/api.w.org\/{rel}","templated":true}]}}