{"id":496,"date":"2025-04-28T07:34:22","date_gmt":"2025-04-28T07:34:22","guid":{"rendered":"https:\/\/eu.goodseed.com\/?post_type=product&#038;p=496"},"modified":"2025-11-28T19:51:32","modified_gmt":"2025-11-28T19:51:32","slug":"the-lamb-just-the-story-dvd-english","status":"publish","type":"product","link":"https:\/\/eu.goodseed.com\/uk\/product\/the-lamb-just-the-story-dvd-english\/","title":{"rendered":"The Lamb - Just the Story DVD (\u0430\u043d\u0433\u043b\u0456\u0439\u0441\u044c\u043a\u043e\u044e)"},"content":{"rendered":"<p>Diese DVD bietet Kindern die M\u00f6glichkeit, die gesamte Geschichte von &#8222;<a title=\"\u042f\u0433\u043d\u044f.\" href=\"https:\/\/ca.goodseed.com\/the-lamb-picturebook-english\/\">\u042f\u0433\u043d\u044f.<\/a>&#8220; ohne Kapitelunterbrechungen oder R\u00fcckblicke zu h\u00f6ren. Sie arbeitet sich durch den Text des Buches und pr\u00e4sentiert das Evangelium von der Sch\u00f6pfung bis zum Kreuz, w\u00e4hrend die Bilder auf dem Bildschirm angezeigt werden. Im DVD-Format pr\u00e4sentiert, werden Kinder es lieben, eines ihrer Lieblingsb\u00fccher zu sehen.<\/p>\n<p>Zeigen Sie Ihren Kindern diese DVD und helfen Sie ihnen, ein solides Wissen und Verst\u00e4ndnis f\u00fcr das Evangelium zu entwickeln!<\/p>\n<p>&nbsp;<\/p>\n<p>Laufzeit: 40 Minuten<br \/>\nISBN: 978-1-890082-60-4<\/p>\n<p>Alle Regionen, NTSC, 4:3<\/p>","protected":false},"excerpt":{"rendered":"<p>Bulk Pricing:<\/p>\n<p>Below are the available bulk discount rates for each individual item when you purchase a certain amount<\/p>\n<ul>\n<li>Buy 4 &#8211; 15 and get 15% off<\/li>\n<li>Buy 16 or above and get 25% off<\/li>\n<\/ul>","protected":false},"featured_media":497,"comment_status":"closed","ping_status":"closed","template":"","meta":{"_acf_changed":false,"_glsr_average":0,"_glsr_ranking":0,"_glsr_reviews":0},"product_brand":[],"product_cat":[76,18,21],"product_tag":[53],"giftcard-category":[],"class_list":{"0":"post-496","1":"product","2":"type-product","3":"status-publish","4":"has-post-thumbnail","6":"product_cat-englisch","7":"product_cat-evangelisation_nachfolge","8":"product_cat-kinder","9":"product_tag-english","11":"first","12":"instock","13":"taxable","14":"shipping-taxable","15":"purchasable","16":"product-type-simple"},"acf":[],"_links":{"self":[{"href":"https:\/\/eu.goodseed.com\/uk\/wp-json\/wp\/v2\/product\/496","targetHints":{"allow":["GET"]}}],"collection":[{"href":"https:\/\/eu.goodseed.com\/uk\/wp-json\/wp\/v2\/product"}],"about":[{"href":"https:\/\/eu.goodseed.com\/uk\/wp-json\/wp\/v2\/types\/product"}],"replies":[{"embeddable":true,"href":"https:\/\/eu.goodseed.com\/uk\/wp-json\/wp\/v2\/comments?post=496"}],"wp:featuredmedia":[{"embeddable":true,"href":"https:\/\/eu.goodseed.com\/uk\/wp-json\/wp\/v2\/media\/497"}],"wp:attachment":[{"href":"https:\/\/eu.goodseed.com\/uk\/wp-json\/wp\/v2\/media?parent=496"}],"wp:term":[{"taxonomy":"product_brand","embeddable":true,"href":"https:\/\/eu.goodseed.com\/uk\/wp-json\/wp\/v2\/product_brand?post=496"},{"taxonomy":"product_cat","embeddable":true,"href":"https:\/\/eu.goodseed.com\/uk\/wp-json\/wp\/v2\/product_cat?post=496"},{"taxonomy":"product_tag","embeddable":true,"href":"https:\/\/eu.goodseed.com\/uk\/wp-json\/wp\/v2\/product_tag?post=496"},{"taxonomy":"giftcard-category","embeddable":true,"href":"https:\/\/eu.goodseed.com\/uk\/wp-json\/wp\/v2\/giftcard-category?post=496"}],"curies":[{"name":"wp","href":"https:\/\/api.w.org\/{rel}","templated":true}]}}