{"id":484,"date":"2025-04-28T07:23:22","date_gmt":"2025-04-28T07:23:22","guid":{"rendered":"https:\/\/eu.goodseed.com\/?post_type=product&#038;p=484"},"modified":"2025-11-28T19:54:12","modified_gmt":"2025-11-28T19:54:12","slug":"the-lamb-picture-book-with-cd-french","status":"publish","type":"product","link":"https:\/\/eu.goodseed.com\/uk\/product\/the-lamb-picture-book-with-cd-french\/","title":{"rendered":"\u042f\u0433\u043d\u044f - \u043a\u043d\u0438\u0436\u043a\u0430-\u043a\u0430\u0440\u0442\u0438\u043d\u043a\u0430 \u0437 \u043a\u043e\u043c\u043f\u0430\u043a\u0442-\u0434\u0438\u0441\u043a\u043e\u043c (\u0444\u0440\u0430\u043d\u0446\u0443\u0437\u044c\u043a\u0430)"},"content":{"rendered":"<blockquote>\n<ul>\n<li><strong>Kaufen Sie 4 &#8211; 15 <\/strong>und erhalten Sie <strong>20% Rabatt<\/strong><\/li>\n<li><strong>Kaufen Sie 16 oder mehr <\/strong>und erhalten Sie <strong>35% Rabatt<\/strong><\/li>\n<\/ul>\n<\/blockquote>\n<p class=\"no-fr\"><em>L&#8217;Agneau<\/em> ist die franz\u00f6sische Ausgabe von <a title=\"The Lamb\" href=\"https:\/\/ca. goodseed.com\/the-lamb-picture-book-with-cd-english\/\"><em>\u042f\u0433\u043d\u044f.<\/em>.<\/a><\/p>\n<p>Das Folgende ist die Beschreibung der englischen Ausgabe.<\/p>\n<p>\u042f\u043a \u043f\u043e\u044f\u0441\u043d\u0438\u0442\u0438 \u0434\u0456\u0442\u044f\u043c \u0404\u0432\u0430\u043d\u0433\u0435\u043b\u0456\u0454 \u0442\u0430\u043a, \u0449\u043e\u0431 \u0432\u043e\u043d\u0438 \u0439\u043e\u0433\u043e \u0437\u0440\u043e\u0437\u0443\u043c\u0456\u043b\u0438? \u042f\u043a \u043f\u043e\u044f\u0441\u043d\u0438\u0442\u0438 \u0457\u043c, \u0449\u043e \u0457\u043c \u043f\u043e\u0442\u0440\u0456\u0431\u0435\u043d \u0421\u043f\u0430\u0441\u0438\u0442\u0435\u043b\u044c, \u043d\u0435 \u043e\u043f\u0443\u0441\u043a\u0430\u044e\u0447\u0438 \u0434\u0435\u0442\u0430\u043b\u0435\u0439? \u042f\u043a \u0443\u0442\u0440\u0438\u043c\u0430\u0442\u0438 \u0457\u0445\u043d\u044e \u0443\u0432\u0430\u0433\u0443 \u0434\u043e\u0441\u0442\u0430\u0442\u043d\u044c\u043e \u0434\u043e\u0432\u0433\u043e, \u0449\u043e\u0431 \u043f\u043e\u044f\u0441\u043d\u0438\u0442\u0438 \u0457\u043c, \u043f\u0440\u043e \u0449\u043e \u0439\u0434\u0435\u0442\u044c\u0441\u044f \u0432 \u0411\u0456\u0431\u043b\u0456\u0457? \u042f\u043a \u0431\u0443\u0442\u0438 \u0442\u043e\u0447\u043d\u0438\u043c\u0438, \u0430\u043b\u0435 \u043f\u0440\u0438 \u0446\u044c\u043e\u043c\u0443 \u0432\u0440\u0430\u0445\u043e\u0432\u0443\u0432\u0430\u0442\u0438, \u0449\u043e \u0432\u043e\u043d\u0438 \u043f\u043e\u0442\u0440\u0435\u0431\u0443\u044e\u0442\u044c \u0431\u0456\u043b\u044c\u0448 \u043f\u0440\u043e\u0441\u0442\u0438\u0445 \u043f\u043e\u044f\u0441\u043d\u0435\u043d\u044c?<\/p>\n<p>\u201e\u042f\u0433\u043d\u044f\u201c - \u043a\u043d\u0438\u0433\u0430 \u0434\u043b\u044f \u0434\u0456\u0442\u0435\u0439 \u0432\u0456\u043a\u043e\u043c \u0432\u0456\u0434 \u043f'\u044f\u0442\u0438 \u0434\u043e \u0434\u0435\u0441\u044f\u0442\u0438 \u0440\u043e\u043a\u0456\u0432. \u0426\u044f \u043a\u043d\u0438\u0436\u043a\u0430-\u043a\u0430\u0440\u0442\u0438\u043d\u043a\u0430 \u0437\u0430\u0445\u043e\u043f\u043b\u044e\u0454 \u0434\u0456\u0442\u0435\u0439 \u0441\u0432\u043e\u0457\u043c\u0438 \u0431\u0430\u0440\u0432\u0438\u0441\u0442\u0438\u043c\u0438 \u0456\u043b\u044e\u0441\u0442\u0440\u0430\u0446\u0456\u044f\u043c\u0438 \u0456 \u0437\u0430\u043f\u0440\u043e\u0448\u0443\u0454 \u0457\u0445 \u0443 \u043f\u043e\u0434\u043e\u0440\u043e\u0436 \u0434\u043e \u0441\u0430\u043c\u043e\u0433\u043e \u0441\u0435\u0440\u0446\u044f \u0431\u0456\u0431\u043b\u0456\u0439\u043d\u043e\u0433\u043e \u043f\u043e\u0441\u043b\u0430\u043d\u043d\u044f. \u041a\u043d\u0438\u0433\u0430 \u043f\u043e\u0447\u0438\u043d\u0430\u0454\u0442\u044c\u0441\u044f \u0437\u0456 \u0441\u0442\u0432\u043e\u0440\u0435\u043d\u043d\u044f \u0412\u0441\u0435\u0441\u0432\u0456\u0442\u0443 \u0456 \u043f\u043e\u044f\u0441\u043d\u044e\u0454 \u043d\u0430\u0439\u0432\u0430\u0436\u043b\u0438\u0432\u0456\u0448\u0456 \u0431\u0456\u0431\u043b\u0456\u0439\u043d\u0456 \u043f\u043e\u043d\u044f\u0442\u0442\u044f: \u0425\u0442\u043e \u0454 \u0411\u043e\u0433? \u042f\u043a\u0438\u0439 \u0411\u043e\u0433? \u0429\u043e \u0442\u0430\u043a\u0435 \u0433\u0440\u0456\u0445? \u0417\u0432\u0456\u0434\u043a\u0438 \u0431\u0435\u0440\u0435\u0442\u044c\u0441\u044f \u0437\u043b\u043e? \u0427\u043e\u043c\u0443 \u043d\u0430\u043c \u043f\u043e\u0442\u0440\u0456\u0431\u0435\u043d \u0421\u043f\u0430\u0441\u0438\u0442\u0435\u043b\u044c? \u041a\u043d\u0438\u0433\u0430 \u0437\u0430\u0432\u0435\u0440\u0448\u0443\u0454\u0442\u044c\u0441\u044f \u0447\u0456\u0442\u043a\u0438\u043c \u043f\u043e\u044f\u0441\u043d\u0435\u043d\u043d\u044f\u043c \u043e\u0441\u043e\u0431\u0438\u0441\u0442\u043e\u0441\u0442\u0456 \u0406\u0441\u0443\u0441\u0430 \u0442\u0430 \u0419\u043e\u0433\u043e \u0434\u0438\u0432\u043e\u0432\u0438\u0436\u043d\u0438\u0445 \u0434\u043e\u0441\u044f\u0433\u043d\u0435\u043d\u044c \u044f\u043a \u043d\u0430\u0448\u043e\u0433\u043e \u0421\u043f\u0430\u0441\u0438\u0442\u0435\u043b\u044f.<\/p>\n<p>Das Buch stellt eine klare Verbindung zwischen Jesus und dem alttestamentlichen Opferlamm her. Themen wie der Tod werden in einer ehrlichen, geradlinigen Weise behandelt. Die anschaulichen Details rund um die Erl\u00f6sungsgeschichte werden sensibel behandelt, aber nicht verw\u00e4ssert.  Am Ende wird den Kindern erkl\u00e4rt, wer Gott ist und was er am Kreuz f\u00fcr die Menschheit getan hat. Es ist eine Botschaft der Hoffnung, die jedes Kind h\u00f6ren sollte.<\/p>\n<p><strong><a title=\"Leseproben\" href=\"http:\/\/www.goodseed.com\/pdfs\/samples\/sample-lamb-french-050003.pdf\" target=\"_blank\" rel=\"noopener\">Leseproben<\/a><\/strong><\/p>\n<h4>\u041e\u0441\u043e\u0431\u043b\u0438\u0432\u043e\u0441\u0442\u0456<\/h4>\n<ul>\n<li><strong>\u041d\u0430\u043f\u0438\u0441\u0430\u043d\u0430 \u0434\u043b\u044f \u0434\u0456\u0442\u0435\u0439:<\/strong> \u041f\u0456\u0434\u0445\u043e\u0434\u0438\u0442\u044c \u0434\u043b\u044f \u0431\u0443\u0434\u044c-\u044f\u043a\u043e\u0433\u043e \u0432\u0456\u043a\u0443, \u0430\u043b\u0435 \u043d\u0430\u043f\u0438\u0441\u0430\u043d\u0430 \u0434\u043b\u044f \u0434\u0456\u0442\u0435\u0439 \u0432\u0456\u043a\u043e\u043c \u0432\u0456\u0434 \u043f'\u044f\u0442\u0438 \u0440\u043e\u043a\u0456\u0432.<\/li>\n<li><strong>Voll illustriert:<\/strong> 50 \u043a\u043e\u043b\u044c\u043e\u0440\u043e\u0432\u0438\u0445 \u043c\u0430\u043b\u044e\u043d\u043a\u0456\u0432 \u0442\u0430\u043b\u0430\u043d\u043e\u0432\u0438\u0442\u043e\u0433\u043e \u0445\u0443\u0434\u043e\u0436\u043d\u0438\u043a\u0430 \u042f\u043d\u0430 \u041c\u0430\u0441\u0442\u0456\u043d\u0430 \u043e\u0436\u0438\u0432\u043b\u044f\u044e\u0442\u044c \u0454\u0432\u0430\u043d\u0433\u0435\u043b\u044c\u0441\u044c\u043a\u0443 \u0456\u0441\u0442\u043e\u0440\u0456\u044e. (\u0414\u0438\u0432. <a title=\"Ianmastin.com\" href=\"http:\/\/ianmastin.com\/\">anmastin.com<\/a>)<\/li>\n<li><strong>\u041f\u0435\u0440\u0435\u0434\u0443\u043c\u043e\u0432\u0438:<\/strong> \u041d\u0435 \u043f\u0435\u0440\u0435\u0434\u0431\u0430\u0447\u0430\u0454 \u043f\u043e\u043f\u0435\u0440\u0435\u0434\u043d\u044c\u043e\u0433\u043e \u0437\u043d\u0430\u043d\u043d\u044f \u0411\u0456\u0431\u043b\u0456\u0457.<\/li>\n<li><strong>\u0425\u0440\u043e\u043d\u043e\u043b\u043e\u0433\u0456\u0447\u043d\u043e:<\/strong> \u041f\u043e\u0447\u0438\u043d\u0430\u0454\u0442\u044c\u0441\u044f \u0437\u0456 \u0441\u0442\u0432\u043e\u0440\u0435\u043d\u043d\u044f \u0412\u0441\u0435\u0441\u0432\u0456\u0442\u0443, \u0430 \u043f\u043e\u0442\u0456\u043c \u043f\u043e\u0441\u043b\u0456\u0434\u043e\u0432\u043d\u043e \u043f\u0435\u0440\u0435\u0445\u043e\u0434\u0438\u0442\u044c \u0447\u0435\u0440\u0435\u0437 \u043a\u043b\u044e\u0447\u043e\u0432\u0456 \u0456\u0441\u0442\u043e\u0440\u0456\u0457 \u0421\u0442\u0430\u0440\u043e\u0433\u043e \u0417\u0430\u043f\u043e\u0432\u0456\u0442\u0443 \u0434\u043e \u041d\u043e\u0432\u043e\u0433\u043e \u0417\u0430\u043f\u043e\u0432\u0456\u0442\u0443, \u0449\u043e\u0431 \u0440\u043e\u0437\u043a\u0440\u0438\u0442\u0438 \u0437\u043d\u0430\u0447\u0435\u043d\u043d\u044f \u0445\u0440\u0435\u0441\u0442\u0430 \u0456 \u0433\u0440\u043e\u0431\u0443. \u041e\u0441\u043d\u043e\u0432\u043d\u0430 \u0456\u0441\u0442\u043e\u0440\u0456\u044f \u0411\u0456\u0431\u043b\u0456\u0457 \u0432\u043f\u043b\u0456\u0442\u0430\u0454\u0442\u044c\u0441\u044f \u0432 \u0443\u043d\u0456\u0432\u0435\u0440\u0441\u0430\u043b\u044c\u043d\u0443, \u0432\u0441\u0435\u043e\u0441\u044f\u0436\u043d\u0443 \u0434\u0440\u0430\u043c\u0443.<\/li>\n<li><strong>\u0417\u0430\u043a\u043b\u0430\u0441\u0442\u0438 \u0444\u0443\u043d\u0434\u0430\u043c\u0435\u043d\u0442:<\/strong> \u041f\u0456\u0434\u0445\u0456\u0434 \u0432\u0456\u0434 \u0441\u0442\u0432\u043e\u0440\u0435\u043d\u043d\u044f \u0434\u043e \u0445\u0440\u0435\u0441\u0442\u0430 \u0434\u043e\u043f\u043e\u043c\u0430\u0433\u0430\u0454 \u043a\u043e\u043d\u0442\u0435\u043a\u0441\u0442\u0443\u0430\u043b\u0456\u0437\u0443\u0432\u0430\u0442\u0438 \u0432\u0441\u044e \u0411\u0456\u0431\u043b\u0456\u044e. \u0414\u043e\u043f\u043e\u043c\u0430\u0433\u0430\u0454 \u0434\u0456\u0442\u044f\u043c \u0437\u0440\u043e\u0437\u0443\u043c\u0456\u0442\u0438 \u0437\u0430\u0433\u0430\u043b\u044c\u043d\u0435 \u043f\u043e\u0441\u043b\u0430\u043d\u043d\u044f \u0411\u0456\u0431\u043b\u0456\u0457 \u0431\u0435\u0437 \u043f\u043b\u0443\u0442\u0430\u043d\u0438\u043d\u0438.<\/li>\n<li><strong>\u0422\u043e\u0447\u043d\u0435 \u0432\u0438\u043a\u043b\u0430\u0434\u0435\u043d\u043d\u044f \u0404\u0432\u0430\u043d\u0433\u0435\u043b\u0456\u044f:<\/strong> \u0421\u043a\u043b\u0430\u0434\u043d\u0456 \u0442\u0435\u043c\u0438, \u0442\u0430\u043a\u0456 \u044f\u043a \u0441\u043c\u0435\u0440\u0442\u044c, \u0433\u0440\u0456\u0445, \u0437\u043b\u043e \u0456 \u0411\u043e\u0436\u0435 \u0437\u0430\u0431\u0435\u0437\u043f\u0435\u0447\u0435\u043d\u043d\u044f, \u043f\u043e\u0434\u0430\u044e\u0442\u044c\u0441\u044f \u0434\u0435\u043b\u0456\u043a\u0430\u0442\u043d\u043e \u0456 \u0437\u0440\u043e\u0437\u0443\u043c\u0456\u043b\u043e \u0434\u043b\u044f \u0434\u0456\u0442\u0435\u0439.<\/li>\n<li><strong>\u0412\u0431\u0443\u0434\u043e\u0432\u0430\u043d\u0438\u0439 \u043f\u043e\u0432\u0442\u043e\u0440:<\/strong> \u041a\u043e\u0436\u0435\u043d \u0440\u043e\u0437\u0434\u0456\u043b \u043f\u043e\u0447\u0438\u043d\u0430\u0454\u0442\u044c\u0441\u044f \u0437 \u043e\u0433\u043b\u044f\u0434\u0443 \u0456 \u0437\u0430\u043a\u0456\u043d\u0447\u0443\u0454\u0442\u044c\u0441\u044f \u0437\u0430\u043f\u0438\u0442\u0430\u043d\u043d\u044f\u043c\u0438, \u0449\u043e\u0431 \u043f\u0435\u0440\u0435\u043a\u043e\u043d\u0430\u0442\u0438\u0441\u044f, \u0449\u043e \u0434\u0456\u0442\u0438 \u0447\u0456\u0442\u043a\u043e \u0437\u0440\u043e\u0437\u0443\u043c\u0456\u043b\u0438 \u0456\u0434\u0435\u044e.<\/li>\n<li><strong>\u0410\u0443\u0434\u0456\u043e\u043a\u043d\u0438\u0433\u0430:<\/strong> CD \u0443 \u043a\u043e\u043c\u043f\u043b\u0435\u043a\u0442\u0456. \u0406\u0441\u0442\u043e\u0440\u0456\u044e \u0440\u043e\u0437\u043f\u043e\u0432\u0456\u0434\u0430\u0454 \u0430\u0432\u0442\u043e\u0440 \u0456 \u0413\u0456\u0437\u0435\u0440 \u0425\u043e\u043b\u0434\u0441\u0432\u043e\u0440\u0442, \u0442\u0430\u043b\u0430\u043d\u043e\u0432\u0438\u0442\u0430 \u0434\u0438\u0442\u044f\u0447\u0430 \u0432\u0447\u0438\u0442\u0435\u043b\u044c\u043a\u0430. \u0414\u0456\u0442\u0438 \u043c\u043e\u0436\u0443\u0442\u044c \u0431\u0440\u0430\u0442\u0438 \u0443\u0447\u0430\u0441\u0442\u044c \u0443 \u0440\u043e\u0437\u043f\u043e\u0432\u0456\u0434\u0456, \u0441\u043b\u0456\u0434\u0443\u044e\u0447\u0438 \u0437\u0430 \u043a\u043d\u0438\u0433\u043e\u044e \u043f\u0456\u0434 \u0447\u0430\u0441 \u043f\u0440\u043e\u0441\u043b\u0443\u0445\u043e\u0432\u0443\u0432\u0430\u043d\u043d\u044f. \u0414\u043e \u0432\u0438\u0434\u0430\u043d\u043d\u044f \u0432\u0445\u043e\u0434\u0438\u0442\u044c \u201e\u041f\u0456\u0441\u043d\u044f \u043f\u0440\u043e \u044f\u0433\u043d\u044f\u0442\u043a\u043e\u201c \u0443 \u0432\u0438\u043a\u043e\u043d\u0430\u043d\u043d\u0456 \u041a\u0430\u0440\u043b\u0438 \u041d\u044c\u044e\u0448\u0435\u043c \u0442\u0430 \u0457\u0457 \u0434\u0456\u0442\u0435\u0439: \u0422\u043e\u043d\u0456-\u041c\u0430\u0440\u0456, \u0414\u0436\u043e\u0439\u0454\u043b\u043b \u0442\u0430 \u0411\u0440\u0443\u043a\u043b\u0456\u043d\u043e\u043c.<\/li>\n<li><strong>\u041f\u0440\u0438\u0437\u043d\u0430\u0447\u0435\u043d\u0438\u0439 \u0434\u043b\u044f \u043f\u043e\u0434\u0430\u0440\u0443\u043d\u043a\u0430:<\/strong> \u0426\u044f \u043a\u043d\u0438\u0433\u0430 \u0443 \u0442\u0432\u0435\u0440\u0434\u0456\u0439 \u043f\u0430\u043b\u0456\u0442\u0443\u0440\u0446\u0456 - \u0433\u0430\u0440\u043d\u0438\u0439 \u0442\u0430 \u0435\u043b\u0435\u0433\u0430\u043d\u0442\u043d\u0438\u0439 \u043f\u043e\u0434\u0430\u0440\u0443\u043d\u043e\u043a \u0434\u043b\u044f \u0434\u0438\u0442\u0438\u043d\u0438 \u0430\u0431\u043e \u0441\u0456\u043c'\u0457 \u0437 \u0434\u0456\u0442\u044c\u043c\u0438.<\/li>\n<li><strong>\u041f\u0440\u0438\u0437\u043d\u0430\u0447\u0435\u043d\u0438\u0439 \u0434\u043b\u044f \u043f\u043e\u043a\u043b\u043e\u043d\u0456\u043d\u043d\u044f:<\/strong> \u041c\u043e\u0436\u043d\u0430 \u0447\u0438\u0442\u0430\u0442\u0438 \u0434\u043b\u044f \u0441\u0456\u043c\u0435\u0439\u043d\u0438\u0445 \u043c\u043e\u043b\u0438\u0442\u043e\u0432 \u0430\u0431\u043e \u0431\u0456\u0431\u043b\u0456\u0439\u043d\u0438\u0445 \u0456\u0441\u0442\u043e\u0440\u0456\u0439.<\/li>\n<\/ul>\n<div>\n<p>\u00a0<iframe src=\"https:\/\/www.youtube.com\/embed\/IojxLpPNdE4?fs=1\" width=\"440\" height=\"330\" frameborder=\"0\" allowfullscreen=\"allowfullscreen\"><\/iframe><\/p>\n<p>&nbsp;<\/p>\n<p>\u041a\u0456\u043b\u044c\u043a\u0456\u0441\u0442\u044c \u0441\u0442\u043e\u0440\u0456\u043d\u043e\u043a: 183<br \/>\nISBN: 1890082228<br \/>\nH\u00f6rbuchformat: Audio CD Audiobook<br \/>\nDauer: Ungef\u00e4hr 60 Minuten<\/p>\n<\/div>","protected":false},"excerpt":{"rendered":"<p>Bulk Pricing:<\/p>\n<p>Below are the available bulk discount rates for each individual item when you purchase a certain amount<\/p>\n<ul>\n<li>Buy 4 &#8211; 15 and get 20% off<\/li>\n<li>Buy 16 or above and get 35% off<\/li>\n<\/ul>","protected":false},"featured_media":1609,"comment_status":"closed","ping_status":"closed","template":"","meta":{"_acf_changed":false,"_glsr_average":0,"_glsr_ranking":0,"_glsr_reviews":0},"product_brand":[],"product_cat":[18,78,21],"product_tag":[52],"giftcard-category":[],"class_list":{"0":"post-484","1":"product","2":"type-product","3":"status-publish","4":"has-post-thumbnail","6":"product_cat-evangelisation_nachfolge","7":"product_cat-franzoesisch","8":"product_cat-kinder","9":"product_tag-french","11":"first","12":"instock","13":"taxable","14":"shipping-taxable","15":"purchasable","16":"product-type-simple"},"acf":[],"_links":{"self":[{"href":"https:\/\/eu.goodseed.com\/uk\/wp-json\/wp\/v2\/product\/484","targetHints":{"allow":["GET"]}}],"collection":[{"href":"https:\/\/eu.goodseed.com\/uk\/wp-json\/wp\/v2\/product"}],"about":[{"href":"https:\/\/eu.goodseed.com\/uk\/wp-json\/wp\/v2\/types\/product"}],"replies":[{"embeddable":true,"href":"https:\/\/eu.goodseed.com\/uk\/wp-json\/wp\/v2\/comments?post=484"}],"wp:featuredmedia":[{"embeddable":true,"href":"https:\/\/eu.goodseed.com\/uk\/wp-json\/wp\/v2\/media\/1609"}],"wp:attachment":[{"href":"https:\/\/eu.goodseed.com\/uk\/wp-json\/wp\/v2\/media?parent=484"}],"wp:term":[{"taxonomy":"product_brand","embeddable":true,"href":"https:\/\/eu.goodseed.com\/uk\/wp-json\/wp\/v2\/product_brand?post=484"},{"taxonomy":"product_cat","embeddable":true,"href":"https:\/\/eu.goodseed.com\/uk\/wp-json\/wp\/v2\/product_cat?post=484"},{"taxonomy":"product_tag","embeddable":true,"href":"https:\/\/eu.goodseed.com\/uk\/wp-json\/wp\/v2\/product_tag?post=484"},{"taxonomy":"giftcard-category","embeddable":true,"href":"https:\/\/eu.goodseed.com\/uk\/wp-json\/wp\/v2\/giftcard-category?post=484"}],"curies":[{"name":"wp","href":"https:\/\/api.w.org\/{rel}","templated":true}]}}