{"id":475,"date":"2025-04-28T07:17:50","date_gmt":"2025-04-28T07:17:50","guid":{"rendered":"https:\/\/eu.goodseed.com\/?post_type=product&#038;p=475"},"modified":"2025-07-07T07:10:13","modified_gmt":"2025-07-07T07:10:13","slug":"the-lamb-childrens-program-beta-download","status":"publish","type":"product","link":"https:\/\/eu.goodseed.com\/uk\/product\/the-lamb-childrens-program-beta-download\/","title":{"rendered":"\u042f\u0433\u043d\u044f - \u0434\u0438\u0442\u044f\u0447\u0430 \u043f\u0440\u043e\u0433\u0440\u0430\u043c\u0430 BETA \u0417\u0430\u0432\u0430\u043d\u0442\u0430\u0436\u0438\u0442\u0438"},"content":{"rendered":"<p>Das Lamb Kinderbibelprogramm gibt Kindern ein Fundament f\u00fcr ihr Leben, auf dem sie ihren geistlichen Weg aufbauen k\u00f6nnen.<br \/>\nDieser Lehrplan hat ein Ziel: Kinder mit dem Gott der Bibel vertraut zu machen und mit seinem Plan, einen Weg f\u00fcr s\u00fcndige Menschen zu schaffen, um in eine richtige Beziehung zu Gott zu kommen.<\/p>\n<p>Dieser Lehrplan befindet sich in der Beta-Phase der Entwicklung. Obwohl er sich in bestimmten Bereichen (Musik, visuelle Hilfsmittel, zus\u00e4tzliche Lehrmittel, Werbematerialien) noch in der Entwicklung befindet, haben wir uns entschlossen, diese aktuelle Version des Lehrplans zur Verf\u00fcgung zu stellen, damit er eine Hilfe und ein Segen f\u00fcr diejenigen sein kann, die ihn nutzen m\u00f6chten.<\/p>\n<p>Ideal f\u00fcr:<\/p>\n<ul>\n<li>Ferienbibelschule<\/li>\n<li>Sonntagsschule<\/li>\n<li>Familienlager-Kinderprogramm<\/li>\n<li>Wochenendfreizeit-Kinderprogramm<\/li>\n<li>Pastor&#8217;s Story Time<\/li>\n<\/ul>\n<p>Entwickelt f\u00fcr:<\/p>\n<ul>\n<li>Jugendlichen im Alter von 5-12 Jahren grundlegende Wahrheiten \u00fcber die Erl\u00f6sung zu vermitteln<\/li>\n<li>flexibel und leicht an Ihre Bed\u00fcrfnisse anpassbar zu sein<\/li>\n<li>Spa\u00df zu haben!<\/li>\n<li>leichter Einsatz f\u00fcr verschiedene Gruppengr\u00f6\u00dfen, Freiwilligengruppen und Budgets<\/li>\n<\/ul>\n<p>Enth\u00e4lt:<\/p>\n<ul>\n<li>Unterrichtspl\u00e4ne f\u00fcr Team- und Einzelunterricht, aufgeteilt auf 5 oder 10 Unterrichtsbl\u00f6cke<\/li>\n<li>Sets<\/li>\n<li>Basteln<\/li>\n<li>Snacks<\/li>\n<li>Spiele<\/li>\n<li>Memory-Verse<\/li>\n<li>Musik<\/li>\n<li>Malvorlagen<\/li>\n<\/ul>\n<p>Zus\u00e4tzliche Hilfsmittel, die Sie verwenden k\u00f6nnen (nicht enthalten):<\/p>\n<ul>\n<li><a href=\"https:\/\/ca.goodseed.com\/the-lamb-picture-book-english\/\">\u042f\u0433\u043d\u044f.<\/a><\/li>\n<li><a href=\"https:\/\/ca.goodseed.com\/the-lamb-powerpoint-and-pdf-download\/\">Das Lamm Powerpoint-Folien oder JPGs<\/a><\/li>\n<li><a href=\"https:\/\/ca.goodseed.com\/the-lamb-posters\/\">Das Lamm Poster<\/a><\/li>\n<\/ul>\n<p>Wir freuen uns \u00fcber R\u00fcckmeldungen zu diesem Lehrplan, w\u00e4hrend wir uns auf seine offizielle Erstausgabe vorbereiten. Wenn Sie den Lehrplan testen und uns mit dem beigef\u00fcgten Formular ein ehrliches Feedback geben m\u00f6chten, verwenden Sie bitte den Gutscheincode &#8222;feedback&#8220;, um 50% der Kosten zu sparen.<\/p>","protected":false},"excerpt":{"rendered":"<p>Das Lamb Kinderbibelprogramm gibt Kindern ein Fundament f\u00fcr ihr Leben, auf dem sie ihren geistlichen Weg aufbauen k\u00f6nnen. Dieser Lehrplan hat ein Ziel: Kinder mit dem Gott der Bibel vertraut zu machen und mit seinem Plan, einen Weg f\u00fcr s\u00fcndige Menschen zu schaffen, um in eine richtige Beziehung zu Gott zu kommen. Dieser Lehrplan befindet [&hellip;]<\/p>\n","protected":false},"featured_media":477,"comment_status":"closed","ping_status":"closed","template":"","meta":{"_acf_changed":false,"_glsr_average":0,"_glsr_ranking":0,"_glsr_reviews":0},"product_brand":[],"product_cat":[18,21,17],"product_tag":[],"giftcard-category":[],"class_list":{"0":"post-475","1":"product","2":"type-product","3":"status-publish","4":"has-post-thumbnail","6":"product_cat-evangelisation_nachfolge","7":"product_cat-kinder","8":"product_cat-new-release","10":"first","11":"instock","12":"taxable","13":"shipping-taxable","14":"purchasable","15":"product-type-simple"},"acf":[],"_links":{"self":[{"href":"https:\/\/eu.goodseed.com\/uk\/wp-json\/wp\/v2\/product\/475","targetHints":{"allow":["GET"]}}],"collection":[{"href":"https:\/\/eu.goodseed.com\/uk\/wp-json\/wp\/v2\/product"}],"about":[{"href":"https:\/\/eu.goodseed.com\/uk\/wp-json\/wp\/v2\/types\/product"}],"replies":[{"embeddable":true,"href":"https:\/\/eu.goodseed.com\/uk\/wp-json\/wp\/v2\/comments?post=475"}],"wp:featuredmedia":[{"embeddable":true,"href":"https:\/\/eu.goodseed.com\/uk\/wp-json\/wp\/v2\/media\/477"}],"wp:attachment":[{"href":"https:\/\/eu.goodseed.com\/uk\/wp-json\/wp\/v2\/media?parent=475"}],"wp:term":[{"taxonomy":"product_brand","embeddable":true,"href":"https:\/\/eu.goodseed.com\/uk\/wp-json\/wp\/v2\/product_brand?post=475"},{"taxonomy":"product_cat","embeddable":true,"href":"https:\/\/eu.goodseed.com\/uk\/wp-json\/wp\/v2\/product_cat?post=475"},{"taxonomy":"product_tag","embeddable":true,"href":"https:\/\/eu.goodseed.com\/uk\/wp-json\/wp\/v2\/product_tag?post=475"},{"taxonomy":"giftcard-category","embeddable":true,"href":"https:\/\/eu.goodseed.com\/uk\/wp-json\/wp\/v2\/giftcard-category?post=475"}],"curies":[{"name":"wp","href":"https:\/\/api.w.org\/{rel}","templated":true}]}}