{"id":465,"date":"2025-04-28T07:12:47","date_gmt":"2025-04-28T07:12:47","guid":{"rendered":"https:\/\/eu.goodseed.com\/?post_type=product&#038;p=465"},"modified":"2025-12-05T01:47:44","modified_gmt":"2025-12-05T01:47:44","slug":"all-that-the-prophets-have-spoken-companion-workbook-turkish","status":"publish","type":"product","link":"https:\/\/eu.goodseed.com\/uk\/product\/all-that-the-prophets-have-spoken-companion-workbook-turkish\/","title":{"rendered":"All das, was die Propheten gesprochen haben Begleitendes Arbeitsbuch (T\u00fcrkisch)"},"content":{"rendered":"<p>Dieses t\u00fcrkische Arbeitsbuch ist eine unverzichtbare Erg\u00e4nzung zu &#8222;<a title=\"\u0412\u0441\u0435, \u0449\u043e \u0433\u043e\u0432\u043e\u0440\u0438\u043b\u0438 \u043f\u0440\u043e\u0440\u043e\u043a\u0438\" href=\"https:\/\/ca.goodseed.com\/all-that-the-prophets-have-spoken-turkish\/\">\u0412\u0441\u0435, \u0449\u043e \u0433\u043e\u0432\u043e\u0440\u0438\u043b\u0438 \u043f\u0440\u043e\u0440\u043e\u043a\u0438<\/a>&#8222;. Es bietet eine einfache M\u00f6glichkeit, den Lernstoff zu wiederholen, der gerade studiert wird. Wenn Ihren Sch\u00fclern etwas nicht klar ist, werden Sie es mit Hilfe des Arbeitsbuchs herausfinden. Jedes Kapitel korrespondiert mit den Kapiteln in &#8222;Alle Propheten&#8220; und stellt Fragen, die darauf abzielen, die wichtigsten Punkte zu festigen, und bietet zus\u00e4tzliche Aufgaben, um die Sch\u00fcler in die Bibel selbst zu bringen.<\/p>\n<p>Einige der Fragen sind Multiple-Choice-Fragen, L\u00fcckentexte und Kreuzwortr\u00e4tsel, deren Antworten sich auf der R\u00fcckseite des Arbeitsbuchs befinden.<\/p>\n<p>Dies ist ein ideales Hilfsmittel f\u00fcr ein Bibelstudium zu Hause, f\u00fcr die Sonntagsschule oder ein Bibellager.<\/p>\n<p>Anzahl der Seiten: 96<br \/>\nISBN: 9789759062736<\/p>","protected":false},"excerpt":{"rendered":"<p>Dieses t\u00fcrkische Arbeitsbuch ist eine unverzichtbare Erg\u00e4nzung zu &#8222;Alles, was die Propheten gesagt haben&#8222;. Es bietet eine einfache M\u00f6glichkeit, den Lernstoff zu wiederholen, der gerade studiert wird. Wenn Ihren Sch\u00fclern etwas nicht klar ist, werden Sie es mit Hilfe des Arbeitsbuchs herausfinden. Jedes Kapitel korrespondiert mit den Kapiteln in &#8222;Alle Propheten&#8220; und stellt Fragen, die [&hellip;]<\/p>\n","protected":false},"featured_media":466,"comment_status":"closed","ping_status":"closed","template":"","meta":{"_acf_changed":false,"_glsr_average":0,"_glsr_ranking":0,"_glsr_reviews":0},"product_brand":[],"product_cat":[18,49,88],"product_tag":[58],"giftcard-category":[],"class_list":{"0":"post-465","1":"product","2":"type-product","3":"status-publish","4":"has-post-thumbnail","6":"product_cat-evangelisation_nachfolge","7":"product_cat-islamische-weltanschauung","8":"product_cat-tuerkisch","9":"product_tag-turkish","11":"first","12":"instock","13":"taxable","14":"shipping-taxable","15":"purchasable","16":"product-type-simple"},"acf":[],"_links":{"self":[{"href":"https:\/\/eu.goodseed.com\/uk\/wp-json\/wp\/v2\/product\/465","targetHints":{"allow":["GET"]}}],"collection":[{"href":"https:\/\/eu.goodseed.com\/uk\/wp-json\/wp\/v2\/product"}],"about":[{"href":"https:\/\/eu.goodseed.com\/uk\/wp-json\/wp\/v2\/types\/product"}],"replies":[{"embeddable":true,"href":"https:\/\/eu.goodseed.com\/uk\/wp-json\/wp\/v2\/comments?post=465"}],"wp:featuredmedia":[{"embeddable":true,"href":"https:\/\/eu.goodseed.com\/uk\/wp-json\/wp\/v2\/media\/466"}],"wp:attachment":[{"href":"https:\/\/eu.goodseed.com\/uk\/wp-json\/wp\/v2\/media?parent=465"}],"wp:term":[{"taxonomy":"product_brand","embeddable":true,"href":"https:\/\/eu.goodseed.com\/uk\/wp-json\/wp\/v2\/product_brand?post=465"},{"taxonomy":"product_cat","embeddable":true,"href":"https:\/\/eu.goodseed.com\/uk\/wp-json\/wp\/v2\/product_cat?post=465"},{"taxonomy":"product_tag","embeddable":true,"href":"https:\/\/eu.goodseed.com\/uk\/wp-json\/wp\/v2\/product_tag?post=465"},{"taxonomy":"giftcard-category","embeddable":true,"href":"https:\/\/eu.goodseed.com\/uk\/wp-json\/wp\/v2\/giftcard-category?post=465"}],"curies":[{"name":"wp","href":"https:\/\/api.w.org\/{rel}","templated":true}]}}