{"id":428,"date":"2025-04-28T06:40:31","date_gmt":"2025-04-28T06:40:31","guid":{"rendered":"https:\/\/eu.goodseed.com\/?post_type=product&#038;p=428"},"modified":"2025-12-05T01:48:55","modified_gmt":"2025-12-05T01:48:55","slug":"what-are-christmas-and-easter-all-about-english","status":"publish","type":"product","link":"https:\/\/eu.goodseed.com\/uk\/product\/what-are-christmas-and-easter-all-about-english\/","title":{"rendered":"\u0429\u043e \u0442\u0430\u043a\u0435 \u0420\u0456\u0437\u0434\u0432\u043e \u0442\u0430 \u0412\u0435\u043b\u0438\u043a\u0434\u0435\u043d\u044c? (\u0430\u043d\u0433\u043b.)"},"content":{"rendered":"<blockquote>\n<ul>\n<li><strong>Kaufen Sie 10 &#8211; 49 <\/strong>\u0456 \u043e\u0442\u0440\u0438\u043c\u0430\u0442\u0438 <strong>15% Rabatt<\/strong><\/li>\n<li><strong>Kaufen Sie 50 &#8211; 99 <\/strong>\u0456 \u043e\u0442\u0440\u0438\u043c\u0430\u0442\u0438 <strong>25% Rabatt<\/strong><\/li>\n<li><strong>Kaufen Sie 100 oder mehr <\/strong>\u0456 \u043e\u0442\u0440\u0438\u043c\u0430\u0442\u0438 <strong>35% Rabatt<\/strong><\/li>\n<\/ul>\n<\/blockquote>\n<p>\u042f\u043a \u0456 \u0456\u043d\u0448\u0456 \u0440\u0435\u0441\u0443\u0440\u0441\u0438 GoodSeed, \u0446\u044f \u043a\u043d\u0438\u0433\u0430 \u043f\u043e\u044f\u0441\u043d\u044e\u0454 \u0404\u0432\u0430\u043d\u0433\u0435\u043b\u0456\u0454 \u0432 \u0445\u0440\u043e\u043d\u043e\u043b\u043e\u0433\u0456\u0447\u043d\u043e\u043c\u0443 \u043f\u043e\u0440\u044f\u0434\u043a\u0443 \u0432\u0456\u0434 \u0441\u0442\u0432\u043e\u0440\u0435\u043d\u043d\u044f \u0441\u0432\u0456\u0442\u0443 \u0434\u043e \u0445\u0440\u0435\u0441\u0442\u0430. \u0426\u0456\u043d\u0430 \u0446\u044c\u043e\u0433\u043e 80-\u0441\u0442\u043e\u0440\u0456\u043d\u043a\u043e\u0432\u043e\u0433\u043e \u0431\u0443\u043a\u043b\u0435\u0442\u0443 \u0434\u043e\u0437\u0432\u043e\u043b\u044f\u0454 \u0440\u043e\u0437\u0434\u0430\u0432\u0430\u0442\u0438 \u0439\u043e\u0433\u043e \u0443 \u0432\u0435\u043b\u0438\u043a\u0438\u0445 \u043a\u0456\u043b\u044c\u043a\u043e\u0441\u0442\u044f\u0445. \u0426\u0435\u0440\u043a\u0432\u0438 \u043c\u043e\u0436\u0443\u0442\u044c \u0440\u043e\u0437\u0434\u0430\u0432\u0430\u0442\u0438 \u0446\u0456 \u0431\u0443\u043a\u043b\u0435\u0442\u0438 \u0432\u0456\u0434\u0432\u0456\u0434\u0443\u0432\u0430\u0447\u0430\u043c \u0430\u0431\u043e \u0440\u043e\u0437\u043f\u043e\u0432\u0441\u044e\u0434\u0436\u0443\u0432\u0430\u0442\u0438 \u0457\u0445 \u043d\u0430 \u043a\u043e\u043d\u0446\u0435\u0440\u0442\u0430\u0445 \u0447\u0438 \u0446\u0435\u0440\u043a\u043e\u0432\u043d\u0438\u0445 \u043f\u0440\u043e\u0433\u0440\u0430\u043c\u0430\u0445, \u043e\u0441\u043e\u0431\u043b\u0438\u0432\u043e \u043d\u0430 \u0412\u0435\u043b\u0438\u043a\u043e\u0434\u043d\u0456\u0445 \u0442\u0430 \u0420\u0456\u0437\u0434\u0432\u044f\u043d\u0438\u0445 \u0437\u0430\u0445\u043e\u0434\u0430\u0445. \u041f\u0440\u0438\u0432\u0430\u0442\u043d\u0456 \u043e\u0441\u043e\u0431\u0438 \u0442\u0430\u043a\u043e\u0436 \u043c\u043e\u0436\u0443\u0442\u044c \u0434\u0430\u0440\u0443\u0432\u0430\u0442\u0438 \u0431\u0443\u043a\u043b\u0435\u0442 \u0441\u0456\u043c'\u0457, \u0434\u0440\u0443\u0437\u044f\u043c \u0456 \u0441\u0443\u0441\u0456\u0434\u0430\u043c, \u044f\u043a \u0454\u0432\u0430\u043d\u0433\u0435\u043b\u044c\u0441\u044c\u043a\u0438\u0439 \u0442\u0440\u0430\u043a\u0442\u0430\u0442.<\/p>\n<p>Mit farbigen Illustrationen und sorgf\u00e4ltig kontrolliertem Text wird die Kernbotschaft der Bibel in einfach zu verstehendem Englisch erkl\u00e4rt, so dass auch jemand, der Englisch als Zweitsprache spricht, ein klares Verst\u00e4ndnis der Botschaft gewinnen kann.<\/p>\n<p><a title=\"CnE Beispielkapitel\" href=\"http:\/\/www.goodseed.com\/pdfs\/samples\/sample-cne-english-070001.pdf\" target=\"_blank\" rel=\"noopener\"><strong>Lesen Sie Beispielkapitel<\/strong><\/a><\/p>\n<h4><\/h4>\n<h4>\u041e\u0441\u043e\u0431\u043b\u0438\u0432\u043e\u0441\u0442\u0456<\/h4>\n<ul>\n<li><strong>Geschrieben f\u00fcr Menschen mit eingeschr\u00e4nkten Sprachkenntnissen:<\/strong> Durch die Verwendung von EasyEnglish ist es f\u00fcr Kinder, Jugendliche, ESL und Menschen, die nicht viel lesen, geeignet.<\/li>\n<li><strong>Preisg\u00fcnstig f\u00fcr Massengeschenke: <\/strong>Dieses Heft ist sehr erschwinglich. Wenn man es in gro\u00dfen Mengen kauft, kostet es weniger als eine Tasse Kaffee &#8211; billiger als eine Weihnachts- oder Osterkarte. Es ist ideal, um es in gro\u00dfen Mengen zu verschenken. Eine Kirche kann es an jede T\u00fcr in der Nachbarschaft h\u00e4ngen, ohne das Budget zu sprengen!<\/li>\n<li><strong>\u041f\u0435\u0440\u0435\u0434\u0443\u043c\u043e\u0432\u0438:<\/strong> Es wird davon ausgegangen, dass der Leser keine oder nur geringe Vorkenntnisse \u00fcber die Bibel hat<\/li>\n<li><strong>\u0425\u0440\u043e\u043d\u043e\u043b\u043e\u0433\u0456\u0447\u043d\u043e:<\/strong> Es beginnt mit der Erschaffung des Universums, geht dann der Reihe nach durch die Schl\u00fcsselgeschichten des Alten Testaments und bewegt sich ins Neue Testament, um die Bedeutung des Kreuzes und des Grabes zu enth\u00fcllen. Die Hauptgeschichte der Bibel wird zu einem universellen, allumfassenden Drama zusammengef\u00fcgt. Der Inhalt ist kurz gehalten, so dass ein Leser das Buch in etwa 45 Minuten durchlesen kann.<\/li>\n<li><strong>\u041f\u043e\u0432\u043d\u0456\u0441\u0442\u044e \u0456\u043b\u044e\u0441\u0442\u0440\u043e\u0432\u0430\u043d\u0430:<\/strong> Farbige Bilder des begnadeten K\u00fcnstlers Ian Mastin erwecken die Geschichte des Evangeliums zum Leben. (Siehe <a title=\"iammastin.com\" href=\"http:\/\/ianmastin.com\/\">anmastin.com<\/a>)<\/li>\n<\/ul>\n<p>\u041a\u0456\u043b\u044c\u043a\u0456\u0441\u0442\u044c \u0441\u0442\u043e\u0440\u0456\u043d\u043e\u043a: 80<br \/>\nISBN: 9781890082570<\/p>\n<p>&nbsp;<\/p>\n<p>Hinweis: Eine Variante dieser Brosch\u00fcre ist <em><a href=\"https:\/\/ca.goodseed.com\/the-story-that-matters-english\/\">Die Geschichte, auf die es ankommt<\/a><\/em>. Es handelt sich um ein 64-seitiges Heft mit identischem Text, aber mit ausdrucksstarker Strichgrafik. Es ist auch f\u00fcr den Gebrauch au\u00dferhalb der Weihnachts- und Osterzeit gedacht.<\/p>","protected":false},"excerpt":{"rendered":"<p>Bulk Pricing:<\/p>\n<p>Below are the available bulk discount rates for each individual item when you purchase a certain amount<\/p>\n<ul>\n<li>Buy 10 &#8211; 49 and get 15% off<\/li>\n<li>Buy 50 &#8211; 99 and get 25% off<\/li>\n<li>Buy 100 or above and get 35% off<\/li>\n<\/ul>","protected":false},"featured_media":429,"comment_status":"closed","ping_status":"closed","template":"","meta":{"_acf_changed":false,"_glsr_average":0,"_glsr_ranking":0,"_glsr_reviews":0},"product_brand":[],"product_cat":[19,76],"product_tag":[53],"giftcard-category":[],"class_list":{"0":"post-428","1":"product","2":"type-product","3":"status-publish","4":"has-post-thumbnail","6":"product_cat-broschuren-zur-evangelisation","7":"product_cat-englisch","8":"product_tag-english","10":"first","11":"instock","12":"taxable","13":"shipping-taxable","14":"purchasable","15":"product-type-simple"},"acf":[],"_links":{"self":[{"href":"https:\/\/eu.goodseed.com\/uk\/wp-json\/wp\/v2\/product\/428","targetHints":{"allow":["GET"]}}],"collection":[{"href":"https:\/\/eu.goodseed.com\/uk\/wp-json\/wp\/v2\/product"}],"about":[{"href":"https:\/\/eu.goodseed.com\/uk\/wp-json\/wp\/v2\/types\/product"}],"replies":[{"embeddable":true,"href":"https:\/\/eu.goodseed.com\/uk\/wp-json\/wp\/v2\/comments?post=428"}],"wp:featuredmedia":[{"embeddable":true,"href":"https:\/\/eu.goodseed.com\/uk\/wp-json\/wp\/v2\/media\/429"}],"wp:attachment":[{"href":"https:\/\/eu.goodseed.com\/uk\/wp-json\/wp\/v2\/media?parent=428"}],"wp:term":[{"taxonomy":"product_brand","embeddable":true,"href":"https:\/\/eu.goodseed.com\/uk\/wp-json\/wp\/v2\/product_brand?post=428"},{"taxonomy":"product_cat","embeddable":true,"href":"https:\/\/eu.goodseed.com\/uk\/wp-json\/wp\/v2\/product_cat?post=428"},{"taxonomy":"product_tag","embeddable":true,"href":"https:\/\/eu.goodseed.com\/uk\/wp-json\/wp\/v2\/product_tag?post=428"},{"taxonomy":"giftcard-category","embeddable":true,"href":"https:\/\/eu.goodseed.com\/uk\/wp-json\/wp\/v2\/giftcard-category?post=428"}],"curies":[{"name":"wp","href":"https:\/\/api.w.org\/{rel}","templated":true}]}}