{"id":420,"date":"2025-04-28T06:37:01","date_gmt":"2025-04-28T06:37:01","guid":{"rendered":"https:\/\/eu.goodseed.com\/?post_type=product&#038;p=420"},"modified":"2025-12-05T01:49:03","modified_gmt":"2025-12-05T01:49:03","slug":"the-story-that-matters-english","status":"publish","type":"product","link":"https:\/\/eu.goodseed.com\/uk\/product\/the-story-that-matters-english\/","title":{"rendered":"\u0406\u0441\u0442\u043e\u0440\u0456\u044f, \u044f\u043a\u0430 \u043c\u0430\u0454 \u0437\u043d\u0430\u0447\u0435\u043d\u043d\u044f (\u0430\u043d\u0433\u043b\u0456\u0439\u0441\u044c\u043a\u043e\u044e \u043c\u043e\u0432\u043e\u044e)"},"content":{"rendered":"<blockquote>\n<ul>\n<li><strong>Kaufen Sie 10\u201349 Exemplare und erhalten Sie <strong>15 % Rabatt<\/strong><\/li>\n<li><strong>Kaufen Sie 50\u201399 Exemplare und erhalten Sie <strong>25 % Rabatt<\/strong><\/li>\n<li><strong>Kaufen Sie 100 Exemplare oder mehr und erhalten Sie <strong>35 % Rabatt<\/strong><\/li>\n<\/ul>\n<\/blockquote>\n<p>Diese 64-seitige Brosch\u00fcre erkl\u00e4rt das Evangelium chronologisch von der Sch\u00f6pfung bis zum Kreuz. Mit ausdrucksstarken Strichzeichnungen und sorgf\u00e4ltig ausgew\u00e4hltem Text wird die Kernbotschaft der Bibel in leicht verst\u00e4ndlichem Englisch erkl\u00e4rt, sodass auch Menschen mit Englisch als Zweitsprache sie klar verstehen k\u00f6nnen.<\/p>\n<p>Der Preis ist so gestaltet, dass die Brosch\u00fcre in gro\u00dfen Mengen verschenkt werden kann. Kirchengemeinden k\u00f6nnen die Brosch\u00fcren Besuchern \u00fcberreichen oder sie bei Konzerten oder anderen Veranstaltungen verteilen. Einzelpersonen k\u00f6nnen die Brosch\u00fcre auch wie ein Traktat an Familie, Freunde und Nachbarn weitergeben.<\/p>\n<p>Dieses Buch ist eine Variante von <em><a href=\"https:\/\/ca.goodseed.com\/what-are-christmas-and-easter-all-about-english\/\">Worum geht es bei Weihnachten und Ostern?<\/a><\/em>. Der Text ist identisch, jedoch mit ausdrucksstarker Strichzeichnung. Der Titel ist auch f\u00fcr die Verwendung \u00fcber die Weihnachts- und Osterzeit hinaus gedacht.<\/p>\n<h4>Funktionen<\/h4>\n<ul>\n<li><strong>F\u00fcr Menschen mit eingeschr\u00e4nkten Sprachkenntnissen:<\/strong>\u00a0Dank EasyEnglish eignet es sich f\u00fcr Kinder, Jugendliche, Englisch als Zweitsprache und Menschen, die nicht viel lesen.<\/li>\n<li><strong>Preis f\u00fcr Massenverlosungen:<\/strong>Diese Brosch\u00fcre ist sehr erschwinglich. In gr\u00f6\u00dferen Mengen gekauft, kostet sie weniger als eine Tasse Kaffee \u2013 g\u00fcnstiger als eine Weihnachts- oder Osterkarte. Sie eignet sich ideal f\u00fcr Gro\u00dfverlosungen. Eine Gemeinde kann eine Brosch\u00fcre an jede T\u00fcr in ihrer Nachbarschaft h\u00e4ngen, ohne das Budget zu sprengen!<\/li>\n<li><strong>\u041f\u0440\u0438\u043f\u0443\u0449\u0435\u043d\u043d\u044f:<\/strong>\u00a0Setzt voraus, dass der Leser wenig oder keine Vorkenntnisse der Bibel hat.<\/li>\n<li><strong>\u0425\u0440\u043e\u043d\u043e\u043b\u043e\u0433\u0456\u0447\u043d\u043e:<\/strong>\u00a0Beginnt mit der Erschaffung des Universums und geht dann sequenziell durch die wichtigsten Geschichten des Alten Testaments, bevor es ins Neue Testament \u00fcbergeht und die Bedeutung von Kreuz und Grab enth\u00fcllt. Die Hauptgeschichte der Bibel ist zu einem universellen, allumfassenden Drama verkn\u00fcpft. Der Inhalt ist kurz gehalten, sodass der Leser das Buch in etwa 45 Minuten durchlesen kann.<\/li>\n<li><strong>Ausdrucksstarke Linienkunst:<\/strong>\u00a0Illustrationen des begabten K\u00fcnstlers Matt Almy erwecken die Geschichte des Evangeliums zum Leben.<\/li>\n<\/ul>\n<p>Seitenzahl: 64<br \/>\nISBN: 9781927429655<\/p>\n<p>&nbsp;<\/p>\n<p><strong>BUCHH\u00dcLLEN<\/strong><\/p>\n<p>Es gibt Buchh\u00fcllen, die sich um <em>Die Geschichte, die z\u00e4hlt<\/em> wickeln lassen, um das Buch als Geschenk noch attraktiver zu machen. Beispielsweise k\u00f6nnen Sie das Buch zu einem Geburtstag oder einer Feier mit der H\u00fclle verpacken und dazu sagen: \u201eDanke, dass Sie mit uns gefeiert haben!\u201c Oder bei der Beerdigung eines geliebten Menschen k\u00f6nnen Sie einen Stapel B\u00fccher in die H\u00fclle packen und dazu sagen: \u201eDer Anker unserer Hoffnung und unseres Friedens.\u201c Diese und andere H\u00fcllen helfen dabei, jemandem das Evangelium verst\u00e4ndlich zu vermitteln. Schauen Sie sich auf unserer Website die gro\u00dfe Auswahl an H\u00fcllen an, die Sie herunterladen und selbst ausdrucken k\u00f6nnen. Wir hoffen, dass Sie beim Durchst\u00f6bern der Auswahl auch weitere M\u00f6glichkeiten entdecken, das Evangelium weiterzugeben. <a href=\"http:\/\/www.goodseed.com\/the-story-that-matters.html#book-sleeves\" target=\"_blank\" rel=\"noopener\">Buchh\u00fcllen ansehen<\/a><\/p>\n<p>Seitenzahl: 64<br \/>\nISBN: 9781927429655<\/p>","protected":false},"excerpt":{"rendered":"<p>Bulk Pricing:<\/p>\n<p>Below are the available bulk discount rates for each individual item when you purchase a certain amount<\/p>\n<ul>\n<li>Buy 10 &#8211; 49 and get 15% off<\/li>\n<li>Buy 50 &#8211; 99 and get 25% off<\/li>\n<li>Buy 100 or above and get 35% off<\/li>\n<\/ul>","protected":false},"featured_media":423,"comment_status":"closed","ping_status":"closed","template":"","meta":{"_acf_changed":false,"_glsr_average":0,"_glsr_ranking":0,"_glsr_reviews":0},"product_brand":[],"product_cat":[19,76],"product_tag":[53],"giftcard-category":[],"class_list":{"0":"post-420","1":"product","2":"type-product","3":"status-publish","4":"has-post-thumbnail","6":"product_cat-broschuren-zur-evangelisation","7":"product_cat-englisch","8":"product_tag-english","10":"first","11":"instock","12":"taxable","13":"shipping-taxable","14":"purchasable","15":"product-type-simple"},"acf":[],"_links":{"self":[{"href":"https:\/\/eu.goodseed.com\/uk\/wp-json\/wp\/v2\/product\/420","targetHints":{"allow":["GET"]}}],"collection":[{"href":"https:\/\/eu.goodseed.com\/uk\/wp-json\/wp\/v2\/product"}],"about":[{"href":"https:\/\/eu.goodseed.com\/uk\/wp-json\/wp\/v2\/types\/product"}],"replies":[{"embeddable":true,"href":"https:\/\/eu.goodseed.com\/uk\/wp-json\/wp\/v2\/comments?post=420"}],"wp:featuredmedia":[{"embeddable":true,"href":"https:\/\/eu.goodseed.com\/uk\/wp-json\/wp\/v2\/media\/423"}],"wp:attachment":[{"href":"https:\/\/eu.goodseed.com\/uk\/wp-json\/wp\/v2\/media?parent=420"}],"wp:term":[{"taxonomy":"product_brand","embeddable":true,"href":"https:\/\/eu.goodseed.com\/uk\/wp-json\/wp\/v2\/product_brand?post=420"},{"taxonomy":"product_cat","embeddable":true,"href":"https:\/\/eu.goodseed.com\/uk\/wp-json\/wp\/v2\/product_cat?post=420"},{"taxonomy":"product_tag","embeddable":true,"href":"https:\/\/eu.goodseed.com\/uk\/wp-json\/wp\/v2\/product_tag?post=420"},{"taxonomy":"giftcard-category","embeddable":true,"href":"https:\/\/eu.goodseed.com\/uk\/wp-json\/wp\/v2\/giftcard-category?post=420"}],"curies":[{"name":"wp","href":"https:\/\/api.w.org\/{rel}","templated":true}]}}