{"id":411,"date":"2025-04-28T06:27:12","date_gmt":"2025-04-28T06:27:12","guid":{"rendered":"https:\/\/eu.goodseed.com\/?post_type=product&#038;p=411"},"modified":"2025-12-05T01:49:23","modified_gmt":"2025-12-05T01:49:23","slug":"the-lamb-picture-book-softcover-italian","status":"publish","type":"product","link":"https:\/\/eu.goodseed.com\/uk\/product\/the-lamb-picture-book-softcover-italian\/","title":{"rendered":"\u042f\u0433\u043d\u044f - \u043a\u043d\u0438\u0436\u043a\u0430 \u0437 \u043c\u0430\u043b\u044e\u043d\u043a\u0430\u043c\u0438 - \u043c'\u044f\u043a\u0430 \u043e\u0431\u043a\u043b\u0430\u0434\u0438\u043d\u043a\u0430 (\u0456\u0442\u0430\u043b\u0456\u0439\u0441\u044c\u043a\u0430)"},"content":{"rendered":"<blockquote>\n<ul>\n<li><strong>Kaufen Sie 4\u201315 Artikel<\/strong> und erhalten Sie <strong>20 % Rabatt<\/strong><\/li>\n<li><strong>Kaufen Sie 16 Artikel oder mehr<\/strong> und erhalten Sie <strong>35 % Rabatt<\/strong><\/li>\n<\/ul>\n<\/blockquote>\n<p>&nbsp;<\/p>\n<p>&#8222;L&#8217;Agnello&#8220; is the Italian edition of &#8222;<a title=\"The Lamb\" href=\"https:\/\/ca.goodseed.com\/the-lamb-picture-book-with-cd-english\/\">The Lamb.<\/a>&#8220;<\/p>\n<p>Un messaggio dal valore eterno, dedicato ai bambini, amato da tutti.<\/p>\n<p>Un giorno molto importante di tanti anni a qualcuno raccont\u00f2 la storia straordinaria a riguardo ad un Agnello. I racconto guid\u00f2 gli ascoltatori in un viaggio attraverso la Bibbia, dalla Creazione alla Croce, spiegandone il messaggio principale della scrittura e rivelandone il vero significato dell&#8217;Agnello. In questo libro si rinarra la stessa storia &#8211; un messaggio indimenticabile che tutti dovrebbero sentire.<\/p>\n<p>\u041d\u0430\u0441\u0442\u0443\u043f\u043d\u0438\u0439 \u043e\u043f\u0438\u0441 \u0432\u0437\u044f\u0442\u043e \u0437 \u0430\u043d\u0433\u043b\u0456\u0439\u0441\u044c\u043a\u043e\u0433\u043e \u0432\u0438\u0434\u0430\u043d\u043d\u044f.<\/p>\n<p>Wie erkl\u00e4ren wir Kindern das Evangelium verst\u00e4ndlich? Wie erkl\u00e4ren wir ihnen, dass sie einen Erl\u00f6ser brauchen, ohne die Details zu verw\u00e4ssern? Wie k\u00f6nnen wir ihre Aufmerksamkeit lange genug fesseln, um ihnen den Inhalt der Bibel zu erkl\u00e4ren? Wie k\u00f6nnen wir pr\u00e4zise sein und gleichzeitig ber\u00fccksichtigen, dass sie einfachere Erkl\u00e4rungen brauchen?<\/p>\n<p>\u201eDas Lamm\u201c ist ein Buch f\u00fcr Kinder von f\u00fcnf bis zehn Jahren. Mit seinen farbenfrohen Illustrationen nimmt dieses Bilderbuch Kinder mit auf eine Reise durch das Herz der biblischen Botschaft. Ausgehend von der Erschaffung des Universums erkl\u00e4rt das Buch zentrale biblische Konzepte: Wer ist Gott? Wie ist Gott? Was ist S\u00fcnde? Woher kommt das B\u00f6se? Warum brauchen wir einen Erl\u00f6ser? Das Buch schlie\u00dft mit einer klaren Erkl\u00e4rung der Identit\u00e4t Jesu und seiner wunderbaren Gabe als unser Erl\u00f6ser.<\/p>\n<p>Das Buch stellt eine klare Verbindung zwischen Jesus und dem Opferlamm des Alten Testaments her. Themen wie der Tod werden ehrlich und direkt behandelt. Die anschaulichen Details der Heilsgeschichte werden einf\u00fchlsam behandelt, aber nicht verw\u00e4ssert. Am Ende erfahren die Kinder, wer Gott ist und was er am Kreuz f\u00fcr die Menschheit getan hat. Es ist eine Botschaft der Hoffnung, die jedes Kind h\u00f6ren sollte.<\/p>\n<h4>\u041e\u0441\u043e\u0431\u043b\u0438\u0432\u043e\u0441\u0442\u0456<\/h4>\n<ul>\n<li><strong>\u041d\u0430\u043f\u0438\u0441\u0430\u043d\u0430 \u0434\u043b\u044f \u0434\u0456\u0442\u0435\u0439:<\/strong>\u00a0\u041f\u0456\u0434\u0445\u043e\u0434\u0438\u0442\u044c \u0434\u043b\u044f \u0431\u0443\u0434\u044c-\u044f\u043a\u043e\u0433\u043e \u0432\u0456\u043a\u0443, \u0430\u043b\u0435 \u043d\u0430\u043f\u0438\u0441\u0430\u043d\u0430 \u0434\u043b\u044f \u0434\u0456\u0442\u0435\u0439 \u0432\u0456\u043a\u043e\u043c \u0432\u0456\u0434 \u043f'\u044f\u0442\u0438 \u0440\u043e\u043a\u0456\u0432.<\/li>\n<li><strong>\u041f\u043e\u0432\u043d\u0456\u0441\u0442\u044e \u0456\u043b\u044e\u0441\u0442\u0440\u043e\u0432\u0430\u043d\u0430:<\/strong>\u00a050 \u043a\u043e\u043b\u044c\u043e\u0440\u043e\u0432\u0438\u0445 \u043a\u0430\u0440\u0442\u0438\u043d \u0442\u0430\u043b\u0430\u043d\u043e\u0432\u0438\u0442\u043e\u0433\u043e \u0445\u0443\u0434\u043e\u0436\u043d\u0438\u043a\u0430 \u042f\u043d\u0430 \u041c\u0430\u0441\u0442\u0456\u043d\u0430 \u043e\u0436\u0438\u0432\u043b\u044f\u044e\u0442\u044c \u0454\u0432\u0430\u043d\u0433\u0435\u043b\u044c\u0441\u044c\u043a\u0443 \u0456\u0441\u0442\u043e\u0440\u0456\u044e. (\u0414\u0438\u0432. <a title=\"Ianmastin.com\" href=\"http:\/\/ianmastin.com\/\">anmastin.com<\/a>)<\/li>\n<li><strong>\u041f\u0440\u0438\u043f\u0443\u0449\u0435\u043d\u043d\u044f:<\/strong>\u00a0\u041d\u0435 \u0432\u0438\u043c\u0430\u0433\u0430\u0454 \u0437\u043d\u0430\u043d\u043d\u044f \u0411\u0456\u0431\u043b\u0456\u0457.<\/li>\n<li><strong>\u0425\u0440\u043e\u043d\u043e\u043b\u043e\u0433\u0456\u0447\u043d\u043e:<\/strong>\u00a0\u041f\u043e\u0447\u0438\u043d\u0430\u0454\u0442\u044c\u0441\u044f \u0437\u0456 \u0441\u0442\u0432\u043e\u0440\u0435\u043d\u043d\u044f \u0412\u0441\u0435\u0441\u0432\u0456\u0442\u0443, \u0430 \u043f\u043e\u0442\u0456\u043c \u043f\u043e\u0441\u043b\u0456\u0434\u043e\u0432\u043d\u043e \u043f\u0440\u043e\u0445\u043e\u0434\u0438\u0442\u044c \u0447\u0435\u0440\u0435\u0437 \u043e\u0441\u043d\u043e\u0432\u043d\u0456 \u0456\u0441\u0442\u043e\u0440\u0456\u0457 \u0421\u0442\u0430\u0440\u043e\u0433\u043e \u0417\u0430\u043f\u043e\u0432\u0456\u0442\u0443, \u043f\u0435\u0440\u0448 \u043d\u0456\u0436 \u043f\u0435\u0440\u0435\u0439\u0442\u0438 \u0434\u043e \u041d\u043e\u0432\u043e\u0433\u043e \u0417\u0430\u043f\u043e\u0432\u0456\u0442\u0443 \u0456 \u0440\u043e\u0437\u043a\u0440\u0438\u0442\u0438 \u0437\u043d\u0430\u0447\u0435\u043d\u043d\u044f \u0445\u0440\u0435\u0441\u0442\u0430 \u0456 \u0433\u0440\u043e\u0431\u0443. \u041e\u0441\u043d\u043e\u0432\u043d\u0430 \u0456\u0441\u0442\u043e\u0440\u0456\u044f \u0411\u0456\u0431\u043b\u0456\u0457 \u0432\u043f\u043b\u0435\u0442\u0435\u043d\u0430 \u0432 \u0443\u043d\u0456\u0432\u0435\u0440\u0441\u0430\u043b\u044c\u043d\u0443, \u0432\u0441\u0435\u043e\u0441\u044f\u0436\u043d\u0443 \u0434\u0440\u0430\u043c\u0443.<\/li>\n<li><strong>\u0417\u0430\u043a\u043b\u0430\u0434\u0430\u0454 \u0444\u0443\u043d\u0434\u0430\u043c\u0435\u043d\u0442:<\/strong> \u041f\u0456\u0434\u0445\u0456\u0434 \u0432\u0456\u0434 \u0441\u0442\u0432\u043e\u0440\u0435\u043d\u043d\u044f \u0434\u043e \u0445\u0440\u0435\u0441\u0442\u0430 \u0434\u043e\u043f\u043e\u043c\u0430\u0433\u0430\u0454 \u043f\u043e\u043c\u0456\u0441\u0442\u0438\u0442\u0438 \u0432\u0441\u044e \u0411\u0456\u0431\u043b\u0456\u044e \u0432 \u043a\u043e\u043d\u0442\u0435\u043a\u0441\u0442. \u0414\u043e\u043f\u043e\u043c\u0430\u0433\u0430\u0454 \u0434\u0456\u0442\u044f\u043c \u0437\u0440\u043e\u0437\u0443\u043c\u0456\u0442\u0438 \u043f\u043e\u0441\u043b\u0430\u043d\u043d\u044f \u0411\u0456\u0431\u043b\u0456\u0457.<\/li>\n<li><strong>\u0422\u043e\u0447\u043d\u0435 \u0432\u0438\u043a\u043b\u0430\u0434\u0435\u043d\u043d\u044f \u0404\u0432\u0430\u043d\u0433\u0435\u043b\u0456\u044f:<\/strong>\u00a0\u0421\u043a\u043b\u0430\u0434\u043d\u0456 \u0442\u0435\u043c\u0438, \u0442\u0430\u043a\u0456 \u044f\u043a \u0441\u043c\u0435\u0440\u0442\u044c, \u0433\u0440\u0456\u0445, \u0437\u043b\u043e \u0442\u0430 \u0411\u043e\u0436\u0430 \u0442\u0443\u0440\u0431\u043e\u0442\u0430, \u043f\u043e\u0434\u0430\u044e\u0442\u044c\u0441\u044f \u0443 \u0434\u0435\u043b\u0456\u043a\u0430\u0442\u043d\u0456\u0439 \u0442\u0430 \u0434\u0440\u0443\u0436\u043d\u0456\u0439 \u0434\u043e \u0434\u0456\u0442\u0435\u0439 \u0444\u043e\u0440\u043c\u0456.<\/li>\n<li><strong>\u0406\u043d\u0442\u0435\u0433\u0440\u043e\u0432\u0430\u043d\u0435 \u043f\u043e\u0432\u0442\u043e\u0440\u0435\u043d\u043d\u044f:<\/strong>\u00a0\u041a\u043e\u0436\u0435\u043d \u0440\u043e\u0437\u0434\u0456\u043b \u043f\u043e\u0447\u0438\u043d\u0430\u0454\u0442\u044c\u0441\u044f \u0437 \u043e\u0433\u043b\u044f\u0434\u0443 \u0456 \u0437\u0430\u043a\u0456\u043d\u0447\u0443\u0454\u0442\u044c\u0441\u044f \u0437\u0430\u043f\u0438\u0442\u0430\u043d\u043d\u044f\u043c\u0438, \u0449\u043e\u0431 \u043f\u0435\u0440\u0435\u043a\u043e\u043d\u0430\u0442\u0438\u0441\u044f, \u0449\u043e \u0434\u0456\u0442\u0438 \u0447\u0456\u0442\u043a\u043e \u0437\u0440\u043e\u0437\u0443\u043c\u0456\u043b\u0438 \u0456\u0434\u0435\u044e.<\/li>\n<li><\/li>\n<li><strong>Zum Verschenken:<\/strong>\u00a0Dieses gebundene Buch ist ein sch\u00f6nes und elegantes Geschenk f\u00fcr ein Kind oder eine Familie mit Kindern.<\/li>\n<li><strong>\u041d\u0430 \u043f\u043e\u043a\u043b\u043e\u043d\u0456\u043d\u043d\u044f:<\/strong>\u00a0\u041c\u043e\u0436\u043d\u0430 \u0447\u0438\u0442\u0430\u0442\u0438 \u0434\u043b\u044f \u0441\u0456\u043c\u0435\u0439\u043d\u0438\u0445 \u043c\u043e\u043b\u0438\u0442\u043e\u0432 \u0430\u0431\u043e \u0434\u043b\u044f \u0447\u0438\u0442\u0430\u043d\u043d\u044f \u0431\u0456\u0431\u043b\u0456\u0439\u043d\u0438\u0445 \u0456\u0441\u0442\u043e\u0440\u0456\u0439 \u0432\u0433\u043e\u043b\u043e\u0441.<\/li>\n<\/ul>\n<div>\n<p>\u00a0<iframe src=\"https:\/\/www.youtube.com\/embed\/IojxLpPNdE4?fs=1\" width=\"440\" height=\"330\" frameborder=\"0\" allowfullscreen=\"allowfullscreen\"><\/iframe><\/p>\n<p>No. of pages: 183<br \/>\nISBN: 9781927429976<\/p>\n<\/div>","protected":false},"excerpt":{"rendered":"<p>Bulk Pricing:<\/p>\n<p>Below are the available bulk discount rates for each individual item when you purchase a certain amount<\/p>\n<ul>\n<li>Buy 4 &#8211; 15 and get 20% off<\/li>\n<li>Buy 16 or above and get 35% off<\/li>\n<\/ul>","protected":false},"featured_media":414,"comment_status":"closed","ping_status":"closed","template":"","meta":{"_acf_changed":false,"_glsr_average":0,"_glsr_ranking":0,"_glsr_reviews":0},"product_brand":[],"product_cat":[18,90,21,17],"product_tag":[70],"giftcard-category":[],"class_list":{"0":"post-411","1":"product","2":"type-product","3":"status-publish","4":"has-post-thumbnail","6":"product_cat-evangelisation_nachfolge","7":"product_cat-italienisch","8":"product_cat-kinder","9":"product_cat-new-release","10":"product_tag-italian","12":"first","13":"instock","14":"taxable","15":"shipping-taxable","16":"purchasable","17":"product-type-simple"},"acf":[],"_links":{"self":[{"href":"https:\/\/eu.goodseed.com\/uk\/wp-json\/wp\/v2\/product\/411","targetHints":{"allow":["GET"]}}],"collection":[{"href":"https:\/\/eu.goodseed.com\/uk\/wp-json\/wp\/v2\/product"}],"about":[{"href":"https:\/\/eu.goodseed.com\/uk\/wp-json\/wp\/v2\/types\/product"}],"replies":[{"embeddable":true,"href":"https:\/\/eu.goodseed.com\/uk\/wp-json\/wp\/v2\/comments?post=411"}],"wp:featuredmedia":[{"embeddable":true,"href":"https:\/\/eu.goodseed.com\/uk\/wp-json\/wp\/v2\/media\/414"}],"wp:attachment":[{"href":"https:\/\/eu.goodseed.com\/uk\/wp-json\/wp\/v2\/media?parent=411"}],"wp:term":[{"taxonomy":"product_brand","embeddable":true,"href":"https:\/\/eu.goodseed.com\/uk\/wp-json\/wp\/v2\/product_brand?post=411"},{"taxonomy":"product_cat","embeddable":true,"href":"https:\/\/eu.goodseed.com\/uk\/wp-json\/wp\/v2\/product_cat?post=411"},{"taxonomy":"product_tag","embeddable":true,"href":"https:\/\/eu.goodseed.com\/uk\/wp-json\/wp\/v2\/product_tag?post=411"},{"taxonomy":"giftcard-category","embeddable":true,"href":"https:\/\/eu.goodseed.com\/uk\/wp-json\/wp\/v2\/giftcard-category?post=411"}],"curies":[{"name":"wp","href":"https:\/\/api.w.org\/{rel}","templated":true}]}}