{"id":390,"date":"2025-03-28T06:02:07","date_gmt":"2025-03-28T06:02:07","guid":{"rendered":"https:\/\/eu.goodseed.com\/?post_type=product&#038;p=390"},"modified":"2025-11-28T20:33:04","modified_gmt":"2025-11-28T20:33:04","slug":"the-lamb-picture-book-with-cd-german","status":"publish","type":"product","link":"https:\/\/eu.goodseed.com\/uk\/product\/the-lamb-picture-book-with-cd-german\/","title":{"rendered":"Das Lamm (H\u00f6rbuch Audio-CD) - \u042f\u0433\u043d\u044f - \u043a\u043d\u0438\u0436\u043a\u0430-\u043a\u0430\u0440\u0442\u0438\u043d\u043a\u0430 \u0437 \u043a\u043e\u043c\u043f\u0430\u043a\u0442-\u0434\u0438\u0441\u043a\u043e\u043c (\u043d\u0456\u043c\u0435\u0446\u044c\u043a\u0430)"},"content":{"rendered":"<p>Vor vielen Jahren wurde an einem ganz besonderen Tag die erstaunliche Geschichte eines Lammes erz\u00e4hlt. Diese Geschichte f\u00fchrte die Zuh\u00f6rer auf eine Reise durch die Bibel, von der Erschaffung der Erde bis zur Kreuzigung Jesu. Sie erkl\u00e4rte die grundlegende Botschaft der Heiligen Schrift und die wahre Bedeutung des Lammes. Auf dieser CD wird die Geschichte nun wieder erz\u00e4hlt: Eine unvergessliche Botschaft, die jeder h\u00f6ren sollte.<\/p>\n<p>\u042f\u043a \u043f\u043e\u044f\u0441\u043d\u0438\u0442\u0438 \u0434\u0456\u0442\u044f\u043c \u0404\u0432\u0430\u043d\u0433\u0435\u043b\u0456\u0454 \u0443 \u0437\u0440\u043e\u0437\u0443\u043c\u0456\u043b\u0456\u0439 \u0444\u043e\u0440\u043c\u0456? \u042f\u043a \u043f\u043e\u044f\u0441\u043d\u0438\u0442\u0438 \u0457\u043c, \u0449\u043e \u0457\u043c \u043f\u043e\u0442\u0440\u0456\u0431\u0435\u043d \u0421\u043f\u0430\u0441\u0438\u0442\u0435\u043b\u044c, \u043d\u0435 \u043e\u043f\u0443\u0441\u043a\u0430\u044e\u0447\u0438 \u0434\u0435\u0442\u0430\u043b\u0435\u0439? \u042f\u043a \u0443\u0442\u0440\u0438\u043c\u0430\u0442\u0438 \u0457\u0445\u043d\u044e \u0443\u0432\u0430\u0433\u0443 \u0434\u043e\u0441\u0442\u0430\u0442\u043d\u044c\u043e \u0434\u043e\u0432\u0433\u043e, \u0449\u043e\u0431 \u043f\u043e\u044f\u0441\u043d\u0438\u0442\u0438, \u043f\u0440\u043e \u0449\u043e \u0439\u0434\u0435\u0442\u044c\u0441\u044f \u0432 \u0411\u0456\u0431\u043b\u0456\u0457? \u042f\u043a \u043c\u0438 \u043c\u043e\u0436\u0435\u043c\u043e \u0431\u0443\u0442\u0438 \u0442\u043e\u0447\u043d\u0438\u043c\u0438, \u0432\u0438\u0437\u043d\u0430\u044e\u0447\u0438, \u0449\u043e \u0432\u043e\u043d\u0438 \u043f\u043e\u0442\u0440\u0435\u0431\u0443\u044e\u0442\u044c \u0431\u0456\u043b\u044c\u0448 \u043f\u0440\u043e\u0441\u0442\u0438\u0445 \u043f\u043e\u044f\u0441\u043d\u0435\u043d\u044c?<\/p>\n<p>\u201eDas Lamm\u201c ist ein Buch f\u00fcr Kinder von f\u00fcnf bis zehn Jahren. Mit seinen farbenfrohen Illustrationen nimmt dieses Bilderbuch Kinder mit auf eine Reise durch das Herz der biblischen Botschaft. Ausgehend von der Erschaffung des Universums erkl\u00e4rt das Buch zentrale biblische Konzepte: Wer ist Gott? Wie ist Gott? Was ist S\u00fcnde? Woher kommt das B\u00f6se? Warum brauchen wir einen Erl\u00f6ser? Das Buch schlie\u00dft mit einer klaren Erkl\u00e4rung der Identit\u00e4t Jesu und seiner wunderbaren Gabe als unser Erl\u00f6ser.<\/p>\n<p>Das Buch stellt eine klare Verbindung zwischen Jesus und dem Opferlamm des Alten Testaments her. Themen wie der Tod werden ehrlich und direkt behandelt. Die anschaulichen Details der Erl\u00f6sungsgeschichte werden einf\u00fchlsam behandelt, aber nicht verw\u00e4ssert. Am Ende erfahren Kinder, wer Gott ist und was er am Kreuz f\u00fcr die Menschheit getan hat. Es ist eine Botschaft der Hoffnung, die jedes Kind h\u00f6ren sollte.<\/p>\n<h4>\u041e\u0441\u043e\u0431\u043b\u0438\u0432\u043e\u0441\u0442\u0456<\/h4>\n<ul>\n<li><strong>\u041d\u0430\u043f\u0438\u0441\u0430\u043d\u0430 \u0434\u043b\u044f \u0434\u0456\u0442\u0435\u0439:<\/strong>\u00a0\u041f\u0456\u0434\u0445\u043e\u0434\u0438\u0442\u044c \u0434\u043b\u044f \u0431\u0443\u0434\u044c-\u044f\u043a\u043e\u0433\u043e \u0432\u0456\u043a\u0443, \u0430\u043b\u0435 \u043d\u0430\u043f\u0438\u0441\u0430\u043d\u0430 \u0434\u043b\u044f \u0434\u0456\u0442\u0435\u0439 \u0432\u0456\u043a\u043e\u043c \u0432\u0456\u0434 \u043f'\u044f\u0442\u0438 \u0440\u043e\u043a\u0456\u0432.<\/li>\n<li><strong>\u041f\u043e\u0432\u043d\u0456\u0441\u0442\u044e \u0456\u043b\u044e\u0441\u0442\u0440\u043e\u0432\u0430\u043d\u0430:<\/strong>\u00a050 \u043a\u043e\u043b\u044c\u043e\u0440\u043e\u0432\u0438\u0445 \u043a\u0430\u0440\u0442\u0438\u043d \u0442\u0430\u043b\u0430\u043d\u043e\u0432\u0438\u0442\u043e\u0433\u043e \u0445\u0443\u0434\u043e\u0436\u043d\u0438\u043a\u0430 \u042f\u043d\u0430 \u041c\u0430\u0441\u0442\u0456\u043d\u0430 \u043e\u0436\u0438\u0432\u043b\u044f\u044e\u0442\u044c \u0454\u0432\u0430\u043d\u0433\u0435\u043b\u044c\u0441\u044c\u043a\u0443 \u0456\u0441\u0442\u043e\u0440\u0456\u044e. (\u0414\u0438\u0432. <a title=\"Ianmastin.com\" href=\"http:\/\/ianmastin.com\/\">anmastin.com<\/a>)<\/li>\n<li><strong>\u041f\u0440\u0438\u043f\u0443\u0449\u0435\u043d\u043d\u044f:<\/strong>\u00a0\u041d\u0435 \u0432\u0438\u043c\u0430\u0433\u0430\u0454 \u0437\u043d\u0430\u043d\u043d\u044f \u0411\u0456\u0431\u043b\u0456\u0457.<\/li>\n<li><strong>\u0425\u0440\u043e\u043d\u043e\u043b\u043e\u0433\u0456\u0447\u043d\u043e:<\/strong>\u00a0\u041f\u043e\u0447\u0438\u043d\u0430\u0454\u0442\u044c\u0441\u044f \u0437\u0456 \u0441\u0442\u0432\u043e\u0440\u0435\u043d\u043d\u044f \u0412\u0441\u0435\u0441\u0432\u0456\u0442\u0443, \u0430 \u043f\u043e\u0442\u0456\u043c \u043f\u043e\u0441\u043b\u0456\u0434\u043e\u0432\u043d\u043e \u043f\u0440\u043e\u0445\u043e\u0434\u0438\u0442\u044c \u0447\u0435\u0440\u0435\u0437 \u043e\u0441\u043d\u043e\u0432\u043d\u0456 \u0456\u0441\u0442\u043e\u0440\u0456\u0457 \u0421\u0442\u0430\u0440\u043e\u0433\u043e \u0417\u0430\u043f\u043e\u0432\u0456\u0442\u0443, \u043f\u0435\u0440\u0448 \u043d\u0456\u0436 \u043f\u0435\u0440\u0435\u0439\u0442\u0438 \u0434\u043e \u041d\u043e\u0432\u043e\u0433\u043e \u0417\u0430\u043f\u043e\u0432\u0456\u0442\u0443 \u0456 \u0440\u043e\u0437\u043a\u0440\u0438\u0442\u0438 \u0437\u043d\u0430\u0447\u0435\u043d\u043d\u044f \u0445\u0440\u0435\u0441\u0442\u0430 \u0456 \u0433\u0440\u043e\u0431\u0443. \u041e\u0441\u043d\u043e\u0432\u043d\u0430 \u0456\u0441\u0442\u043e\u0440\u0456\u044f \u0411\u0456\u0431\u043b\u0456\u0457 \u0432\u043f\u043b\u0435\u0442\u0435\u043d\u0430 \u0432 \u0443\u043d\u0456\u0432\u0435\u0440\u0441\u0430\u043b\u044c\u043d\u0443, \u0432\u0441\u0435\u043e\u0441\u044f\u0436\u043d\u0443 \u0434\u0440\u0430\u043c\u0443.<\/li>\n<li><strong>Grundlage:<\/strong> Der Ansatz von der Sch\u00f6pfung bis zum Kreuz hilft, die gesamte Bibel in einen Kontext zu setzen. Hilft Kindern, die Gesamtbotschaft der Bibel ohne Verwirrung zu verstehen.<\/li>\n<li><strong>\u0422\u043e\u0447\u043d\u0435 \u0432\u0438\u043a\u043b\u0430\u0434\u0435\u043d\u043d\u044f \u0404\u0432\u0430\u043d\u0433\u0435\u043b\u0456\u044f:<\/strong> \u0421\u043a\u043b\u0430\u0434\u043d\u0456 \u0442\u0435\u043c\u0438, \u0442\u0430\u043a\u0456 \u044f\u043a \u0441\u043c\u0435\u0440\u0442\u044c, \u0433\u0440\u0456\u0445, \u0437\u043b\u043e \u0442\u0430 \u0411\u043e\u0436\u0430 \u0442\u0443\u0440\u0431\u043e\u0442\u0430, \u043f\u043e\u0434\u0430\u044e\u0442\u044c\u0441\u044f \u0443 \u0434\u0435\u043b\u0456\u043a\u0430\u0442\u043d\u0456\u0439 \u0442\u0430 \u0434\u0440\u0443\u0436\u043d\u0456\u0439 \u0434\u043e \u0434\u0456\u0442\u0435\u0439 \u0444\u043e\u0440\u043c\u0456.<\/li>\n<li><strong>\u0406\u043d\u0442\u0435\u0433\u0440\u043e\u0432\u0430\u043d\u0435 \u043f\u043e\u0432\u0442\u043e\u0440\u0435\u043d\u043d\u044f:<\/strong> \u041a\u043e\u0436\u0435\u043d \u0440\u043e\u0437\u0434\u0456\u043b \u043f\u043e\u0447\u0438\u043d\u0430\u0454\u0442\u044c\u0441\u044f \u0437 \u043e\u0433\u043b\u044f\u0434\u0443 \u0456 \u0437\u0430\u043a\u0456\u043d\u0447\u0443\u0454\u0442\u044c\u0441\u044f \u0437\u0430\u043f\u0438\u0442\u0430\u043d\u043d\u044f\u043c\u0438, \u0449\u043e\u0431 \u043f\u0435\u0440\u0435\u043a\u043e\u043d\u0430\u0442\u0438\u0441\u044f, \u0449\u043e \u0434\u0456\u0442\u0438 \u0447\u0456\u0442\u043a\u043e \u0437\u0440\u043e\u0437\u0443\u043c\u0456\u043b\u0438 \u0456\u0434\u0435\u044e.<\/li>\n<li><strong>\u0410\u0443\u0434\u0456\u043e\u043a\u043d\u0438\u0433\u0430:<\/strong> Die Geschichte wird vom Autor und Heather Holdsworth, einer begabten Kinderg\u00e4rtnerin, erz\u00e4hlt. Kinder k\u00f6nnen sich in die Geschichte einbringen, indem sie dem Buch beim Zuh\u00f6ren folgen. Enth\u00e4lt \u201eThe Lamb Song\u201c, vorgetragen von Carla Newsham und ihren Kindern Toni-Marie, Joyelle und Brooklyn.<\/li>\n<li><strong>Zum Verschenken:<\/strong>\u00a0Dieses gebundene Buch ist ein sch\u00f6nes und elegantes Geschenk f\u00fcr ein Kind oder eine Familie mit Kindern.<\/li>\n<li><strong>\u041d\u0430 \u043f\u043e\u043a\u043b\u043e\u043d\u0456\u043d\u043d\u044f:<\/strong>\u00a0Kann als Familienandacht oder zum Lesen biblischer Geschichten gelesen werden.<\/li>\n<\/ul>\n<p>&nbsp;<\/p>\n<div>\n<p>Seiten: 183<br \/>\nISBN:\u00a09781890082253<br \/>\nAudiobook format: Audio CD<br \/>\nAudiobook duration: Approximately 60 minutes<\/p>\n<\/div>","protected":false},"excerpt":{"rendered":"<p>Prix de gros :<\/p>\n<p>Vous trouverez ci-dessous les taux de remise en gros disponibles pour chaque article lorsque vous achetez une certaine quantit\u00e9.<\/p>\n<ul>\n<li>Achetez de 4 \u00e0 15 et obtenez 20 % de r\u00e9duction<\/li>\n<li>Achetez 16 ou plus et obtenez 35 % de r\u00e9duction<\/li>\n<\/ul>","protected":false},"featured_media":392,"comment_status":"closed","ping_status":"closed","template":"","meta":{"_acf_changed":false,"_glsr_average":0,"_glsr_ranking":0,"_glsr_reviews":0},"product_brand":[110],"product_cat":[77,18,21,17],"product_tag":[60],"giftcard-category":[],"class_list":{"0":"post-390","1":"product","2":"type-product","3":"status-publish","4":"has-post-thumbnail","6":"product_brand-das-lamm","7":"product_cat-deutsch","8":"product_cat-evangelisation_nachfolge","9":"product_cat-kinder","10":"product_cat-new-release","11":"product_tag-german","13":"first","14":"instock","15":"taxable","16":"shipping-taxable","17":"purchasable","18":"product-type-simple"},"acf":[],"_links":{"self":[{"href":"https:\/\/eu.goodseed.com\/uk\/wp-json\/wp\/v2\/product\/390","targetHints":{"allow":["GET"]}}],"collection":[{"href":"https:\/\/eu.goodseed.com\/uk\/wp-json\/wp\/v2\/product"}],"about":[{"href":"https:\/\/eu.goodseed.com\/uk\/wp-json\/wp\/v2\/types\/product"}],"replies":[{"embeddable":true,"href":"https:\/\/eu.goodseed.com\/uk\/wp-json\/wp\/v2\/comments?post=390"}],"wp:featuredmedia":[{"embeddable":true,"href":"https:\/\/eu.goodseed.com\/uk\/wp-json\/wp\/v2\/media\/392"}],"wp:attachment":[{"href":"https:\/\/eu.goodseed.com\/uk\/wp-json\/wp\/v2\/media?parent=390"}],"wp:term":[{"taxonomy":"product_brand","embeddable":true,"href":"https:\/\/eu.goodseed.com\/uk\/wp-json\/wp\/v2\/product_brand?post=390"},{"taxonomy":"product_cat","embeddable":true,"href":"https:\/\/eu.goodseed.com\/uk\/wp-json\/wp\/v2\/product_cat?post=390"},{"taxonomy":"product_tag","embeddable":true,"href":"https:\/\/eu.goodseed.com\/uk\/wp-json\/wp\/v2\/product_tag?post=390"},{"taxonomy":"giftcard-category","embeddable":true,"href":"https:\/\/eu.goodseed.com\/uk\/wp-json\/wp\/v2\/giftcard-category?post=390"}],"curies":[{"name":"wp","href":"https:\/\/api.w.org\/{rel}","templated":true}]}}