{"id":377,"date":"2025-04-28T05:22:39","date_gmt":"2025-04-28T05:22:39","guid":{"rendered":"https:\/\/eu.goodseed.com\/?post_type=product&#038;p=377"},"modified":"2025-07-08T09:17:06","modified_gmt":"2025-07-08T09:17:06","slug":"the-lamb-spanish-ebook-edition","status":"publish","type":"product","link":"https:\/\/eu.goodseed.com\/uk\/product\/the-lamb-spanish-ebook-edition\/","title":{"rendered":"\u0410\u0433\u043d\u0435\u0446\u044c (\u0456\u0441\u043f\u0430\u043d\u0441\u044c\u043a\u043e\u044e \u043c\u043e\u0432\u043e\u044e) \u0435\u043b\u0435\u043a\u0442\u0440\u043e\u043d\u043d\u0435 \u0432\u0438\u0434\u0430\u043d\u043d\u044f"},"content":{"rendered":"<p>Dies ist die E-Book-Version von <em><a href=\"https:\/\/ca.goodseed.com\/the-lamb-picture-book-with-cd-spanish\/\">El Cordero<\/a><\/em>, der spanischen Ausgabe von <em><a href=\"https:\/\/ca.goodseed.com\/the-lamb-picture-book-with-cd-english\/\">Das Lamm<\/a><\/em>. Beim Kauf dieses Produkts k\u00f6nnen Sie die Mobi-, ePub- und PDF-Versionen herunterladen.<\/p>\n<ul>\n<li>Mobi: f\u00fcr Kindle-Ger\u00e4te<\/li>\n<li>ePub: f\u00fcr iBooks, Google Books, Kobo und mehr<\/li>\n<li>PDF: Zum Anzeigen ist ein PDF-Reader wie Adobe Acrobat Reader erforderlich<\/li>\n<\/ul>\n<p><strong>KOSTENLOSER DOWNLOAD<\/strong><br \/>\nAls gemeinn\u00fctzige Organisation werden die Verkaufserl\u00f6se verwendet, um Menschen weltweit Ressourcen zur Verf\u00fcgung zu stellen, die keinen Zugang zu diesen haben. Auch wenn Sie sich dieses E-Book nicht leisten k\u00f6nnen, m\u00f6chten wir Sie trotzdem bitten, es zu lesen. Nutzen Sie den Gutscheincode, um das E-Book kostenlos zu erhalten: <strong>GOODSEEDFREE<\/strong><\/p>\n<p>(Kopieren Sie den Gutscheincode und f\u00fcgen Sie ihn in das Feld auf der Zahlungsseite ein.)<\/p>\n<p><a href=\"https:\/\/ca.goodseed.com\/coupon-codes-and-ebook-downloads\/\">[Hier klicken, um Hilfe zur Verwendung der Gutscheine oder zum Herunterladen der E-Books zu erhalten.]<\/a><\/p>\n","protected":false},"excerpt":{"rendered":"<p>Dies ist die E-Book-Version von El Cordero, der spanischen Ausgabe von Das Lamm. Beim Kauf dieses Produkts k\u00f6nnen Sie die Mobi-, ePub- und PDF-Versionen herunterladen. Mobi: f\u00fcr Kindle-Ger\u00e4te ePub: f\u00fcr iBooks, Google Books, Kobo und mehr PDF: Zum Anzeigen ist ein PDF-Reader wie Adobe Acrobat Reader erforderlich KOSTENLOSER DOWNLOAD Als gemeinn\u00fctzige Organisation werden die Verkaufserl\u00f6se [&hellip;]<\/p>\n","protected":false},"featured_media":378,"comment_status":"closed","ping_status":"closed","template":"","meta":{"_acf_changed":false,"_glsr_average":0,"_glsr_ranking":0,"_glsr_reviews":0},"product_brand":[],"product_cat":[18,21,97],"product_tag":[56],"giftcard-category":[],"class_list":{"0":"post-377","1":"product","2":"type-product","3":"status-publish","4":"has-post-thumbnail","6":"product_cat-evangelisation_nachfolge","7":"product_cat-kinder","8":"product_cat-spanisch","9":"product_tag-spanish","11":"first","12":"instock","13":"taxable","14":"shipping-taxable","15":"purchasable","16":"product-type-simple"},"acf":[],"_links":{"self":[{"href":"https:\/\/eu.goodseed.com\/uk\/wp-json\/wp\/v2\/product\/377","targetHints":{"allow":["GET"]}}],"collection":[{"href":"https:\/\/eu.goodseed.com\/uk\/wp-json\/wp\/v2\/product"}],"about":[{"href":"https:\/\/eu.goodseed.com\/uk\/wp-json\/wp\/v2\/types\/product"}],"replies":[{"embeddable":true,"href":"https:\/\/eu.goodseed.com\/uk\/wp-json\/wp\/v2\/comments?post=377"}],"wp:featuredmedia":[{"embeddable":true,"href":"https:\/\/eu.goodseed.com\/uk\/wp-json\/wp\/v2\/media\/378"}],"wp:attachment":[{"href":"https:\/\/eu.goodseed.com\/uk\/wp-json\/wp\/v2\/media?parent=377"}],"wp:term":[{"taxonomy":"product_brand","embeddable":true,"href":"https:\/\/eu.goodseed.com\/uk\/wp-json\/wp\/v2\/product_brand?post=377"},{"taxonomy":"product_cat","embeddable":true,"href":"https:\/\/eu.goodseed.com\/uk\/wp-json\/wp\/v2\/product_cat?post=377"},{"taxonomy":"product_tag","embeddable":true,"href":"https:\/\/eu.goodseed.com\/uk\/wp-json\/wp\/v2\/product_tag?post=377"},{"taxonomy":"giftcard-category","embeddable":true,"href":"https:\/\/eu.goodseed.com\/uk\/wp-json\/wp\/v2\/giftcard-category?post=377"}],"curies":[{"name":"wp","href":"https:\/\/api.w.org\/{rel}","templated":true}]}}