{"id":360,"date":"2025-04-28T03:46:03","date_gmt":"2025-04-28T03:46:03","guid":{"rendered":"https:\/\/eu.goodseed.com\/?post_type=product&#038;p=360"},"modified":"2025-12-05T01:53:12","modified_gmt":"2025-12-05T01:53:12","slug":"worldview-rethink-leaders-curriculum-box-english","status":"publish","type":"product","link":"https:\/\/eu.goodseed.com\/uk\/product\/worldview-rethink-leaders-curriculum-box-english\/","title":{"rendered":"Worldview Rethink Leader&#8217;s Curriculum Box (Englisch)"},"content":{"rendered":"<p><strong>Die Lehrplanbox f\u00fcr F\u00fchrungskr\u00e4fte<\/strong> ist das Herzst\u00fcck des Kurses <strong>Weltanschauung neu denken<\/strong>. Mit diesem Set allein kann eine F\u00fchrungskraft den Kurs durchf\u00fchren. Die Box enth\u00e4lt Schulungsmaterialien f\u00fcr die F\u00fchrungskraft und Kursmaterialien f\u00fcr die Teilnehmer.<\/p>\n<p>Die Lehrplanbox enth\u00e4lt:<\/p>\n<h4><strong>A. RESSOURCEN F\u00dcR LEITER<\/strong><\/h4>\n<ul>\n<li><strong>Leitfaden f\u00fcr Leiter \u2013 W\u00c4HLEN SIE\u00a0EINEN\u00a0<\/strong>Lehrplan aus<em><strong>\u00a0<a href=\"https:\/\/ca.goodseed.com\/by-this-name-leaders-guide-english\/\" target=\"_blank\" rel=\"noopener\">By This Name<\/a>,\u00a0<a href=\"https:\/\/ca.goodseed.com\/the-stranger-on-the-road-to-emmaus-leaders-guide-english\/\" target=\"_blank\" rel=\"noopener\">\u041d\u0435\u0437\u043d\u0430\u0439\u043e\u043c\u0435\u0446\u044c \u043d\u0430 \u0434\u043e\u0440\u043e\u0437\u0456 \u0434\u043e \u0415\u043c\u0430\u0443\u0441\u0443<\/a><\/strong><\/em><a href=\"http:\/\/us.goodseed.com\/the-stranger-on-the-road-to-emmaus-leaders-guide-english\/\" target=\"_blank\" rel=\"noopener\">\u00a0<\/a>und<strong>\u00a0<em><a href=\"https:\/\/ca.goodseed.com\/all-that-the-prophets-have-spoken-leaders-guide-english\/\" target=\"_blank\" rel=\"noopener\">Alles, was die Propheten gesprochen haben<\/a>.<\/em><\/strong>\u00a0Dieser Leitfaden enth\u00e4lt den vollst\u00e4ndigen Text des Kursbuchs und bietet eine Schritt-f\u00fcr-Schritt-Anleitung f\u00fcr den Unterricht. Zus\u00e4tzlich gibt es eine interaktive DVD als Erg\u00e4nzung zum Text. Diese Clips k\u00f6nnen w\u00e4hrend der Kurssitzungen gezeigt werden.<\/li>\n<li><strong>Schulungs-DVDs<\/strong>1. \u201eWas\u201c: Was ist \u201eWorldview Rethink\u201c?2. \u201eWarum\u201c: Die Einzigartigkeit von \u201eWorldview Rethink\u201c und sein Beitrag zum Leib Christi3. \u201eWie\u201c: Ein Anleitungsvideo zur Kursleitung.\n<p>4. Ressourcen-CD: Zus\u00e4tzliche Bilder und Grafiken f\u00fcr den Kurs \u201eWorldview Rethink\u201c; Banner, Flyer, Poster \u2013 alles, was Sie brauchen, um f\u00fcr den Kurs zu werben.<\/li>\n<li><strong>Das begleitende Arbeitsbuch<\/strong><\/li>\n<\/ul>\n<p><strong>B. STUDENTENRESSOURCEN<\/strong><\/p>\n<h4>W\u00c4HLEN SIE EINES aus:\u00a0<a href=\"https:\/\/ca.goodseed.com\/by-this-name-interactive-english\/\" target=\"_blank\" rel=\"noopener\"><em>By This Name<\/em><\/a>,\u00a0<a href=\"https:\/\/ca.goodseed.com\/the-stranger-on-the-road-to-emmaus-interactive-english\/\" target=\"_blank\" rel=\"noopener\"><em>\u041d\u0435\u0437\u043d\u0430\u0439\u043e\u043c\u0435\u0446\u044c \u043d\u0430 \u0434\u043e\u0440\u043e\u0437\u0456 \u0434\u043e \u0415\u043c\u0430\u0443\u0441\u0443<\/em>\u00a0<\/a> und\u00a0<a href=\"https:\/\/ca.goodseed.com\/all-that-the-prophets-have-spoken-interactive-english\/\" target=\"_blank\" rel=\"noopener\"><em>Alles, was die Propheten gesprochen haben<\/em><\/a><\/h4>\n<ul>\n<li>Interaktive Versionen des Kurses Buch:\u00a0<a href=\"https:\/\/ca.goodseed.com\/by-this-name-interactive-english\/\" target=\"_blank\" rel=\"noopener\"><em>By This Name<\/em>\u00a0(Interaktive Ausgabe),<\/a>\u00a0<a title=\"Der Fremde auf dem Weg nach Emmaus, Interaktive Ausgabe\" href=\"https:\/\/ca.goodseed.com\/the-stranger-on-the-road-to-emmaus-interactive-english\/\">Der Fremde auf dem Weg nach Emmaus (Interaktive Ausgabe)<\/a>\u00a0oder\u00a0<a href=\"https:\/\/ca.goodseed.com\/all-that-the-prophets-have-spoken-interactive-english\/\">Alles, was die Propheten gesprochen haben (Interaktive Ausgabe)<\/a><\/li>\n<li>Begleitendes Arbeitsbuch:\u00a0<a href=\"https:\/\/ca.goodseed.com\/by-this-name-companion-workbook-english\/\" target=\"_blank\" rel=\"noopener\"><em>By This Name<\/em>\u00a0Begleitarbeitsbuch<\/a>,\u00a0<a href=\"https:\/\/ca.goodseed.com\/the-stranger-on-the-road-to-emmaus-companion-workbook-english\/\"><em>\u041d\u0435\u0437\u043d\u0430\u0439\u043e\u043c\u0435\u0446\u044c \u043d\u0430 \u0434\u043e\u0440\u043e\u0437\u0456 \u0434\u043e \u0415\u043c\u0430\u0443\u0441\u0443<\/em>\u00a0Begleitarbeitsbuch<\/a>\u00a0oder\u00a0<a href=\"https:\/\/ca.goodseed.com\/all-that-the-prophets-have-spoken-companion-workbook-english\/\"><em>Alles, was die Propheten gesprochen haben<\/em>\u00a0Begleitarbeitsbuch<\/a><\/li>\n<\/ul>\n<p>(Zus\u00e4tzliche Kursb\u00fccher und Begleitarbeitsb\u00fccher sind separat erh\u00e4ltlich.)<\/p>\n<p>Die Lehrplanbox ist in folgenden Kits enthalten:<\/p>\n<ul>\n<li><a title=\"Starter Kit | Weltanschauung neu denken\" href=\"https:\/\/ca.goodseed.com\/worldview-rethink-starter-kit\/\">Das Starter-Kit<\/a><\/li>\n<li><a title=\"Silber-Kit | Weltanschauung neu denken\" href=\"https:\/\/ca.goodseed.com\/worldview-rethink-silver-kit\/\">Das Silber-Kit<\/a><\/li>\n<li><a title=\"Starter-Kit | Weltanschauung neu denken\" href=\"https:\/\/ca.goodseed.com\/worldview-rethink-gold-kit\/\">Das Gold-Kit<\/a><\/li>\n<\/ul>","protected":false},"excerpt":{"rendered":"<div class=\"productView-product\">\n<div class=\"productView-price\">\n<div class=\"price-section price-section--withoutTax \">\n<div class=\"price-section price-section--withoutTax rrp-price--withoutTax\"><span class=\"price price--rrp\" data-product-rrp-without-tax=\"\">$67.50<\/span><\/div>\n<\/div>\n<div class=\"price-section price-section--saving price\"><span class=\"price\">(You save<\/span>\u00a0<span class=\"price price--saving\" data-product-price-saved=\"\">$13.51\u00a0<\/span><span class=\"price\">)<\/span><\/div>\n<\/div>\n<div data-content-region=\"product_below_price\"><\/div>\n<div class=\"productView-rating\"><span role=\"img\" aria-label=\"Product rating is 5 of 5\">\u00a0\u00a0\u00a0\u00a0\u00a0<\/span><a id=\"productReview_link\" href=\"https:\/\/ca.goodseed.com\/worldview-rethink-curriculum-box-english\/?searchid=17166&amp;search_query=Worldview+Rethink+Leader%E2%80%99s+Curriculum+Box+%28English%29#product-reviews\">(1 review)\u00a0<\/a><button class=\"productView-reviewLink productView-reviewLink--new\"><a role=\"button\" href=\"https:\/\/ca.goodseed.com\/worldview-rethink-curriculum-box-english\/\" data-reveal-id=\"modal-review-form\"><i class=\"icon\" aria-hidden=\"true\"><\/i>\u00a0<strong>Write a Review<\/strong><\/a><\/button><\/div>\n<div class=\"productView-specs\">\n<div class=\"productView-info\">Weight:\u00a01.90 KGS<\/div>\n<div>Width:\u00a025.00 (cm)<\/div>\n<div>Height:\u00a029.50 (cm)<\/div>\n<div>Depth:\u00a07.50 (cm)<\/div>\n<\/div>\n<\/div>\n<div class=\"productView-options\">\n<form class=\"form\" action=\"https:\/\/ca.goodseed.com\/cart.php\" enctype=\"multipart\/form-data\" method=\"post\" data-cart-item-add=\"\">\n<div class=\"productView-options-wrap\" data-product-option-change=\"\">\n<div class=\"productView-options-inner\">\n<div class=\"form-field\" role=\"radiogroup\" data-product-attribute=\"set-rectangle\" aria-labelledby=\"rectangle-group-label\"><label id=\"rectangle-group-label\" class=\"form-label form-label--alternate form-label--inlineSmall\">Choose your option:\u00a0<small class=\"is-required\">(Required)\u00a0<\/small><\/label><\/p>\n<div class=\"form-option-wrapper\"><input id=\"attribute_rectangle__292_209\" class=\"form-radio\" name=\"attribute[292]\" required=\"\" type=\"radio\" value=\"209\" data-state=\"false\" \/><label class=\"form-option\" for=\"attribute_rectangle__292_209\" data-product-attribute-value=\"209\"><span class=\"form-option-variant\">Christianized Worldview: The Stranger on the Road to Emmaus<\/span><\/label><\/div>\n<div class=\"form-option-wrapper\"><input id=\"attribute_rectangle__292_210\" class=\"form-radio\" name=\"attribute[292]\" required=\"\" type=\"radio\" value=\"210\" data-state=\"false\" \/><label class=\"form-option\" for=\"attribute_rectangle__292_210\" data-product-attribute-value=\"210\"><span class=\"form-option-variant\">Islamic Worldview: All that the Prophets have Spoken<\/span><\/label><\/div>\n<div class=\"form-option-wrapper\"><input id=\"attribute_rectangle__292_211\" class=\"form-radio\" name=\"attribute[292]\" required=\"\" type=\"radio\" value=\"211\" data-state=\"false\" \/><label class=\"form-option\" for=\"attribute_rectangle__292_211\" data-product-attribute-value=\"211\"><span class=\"form-option-variant\">Eastern Worldview: By This Name<\/span><\/label><\/div>\n<div class=\"form-option-wrapper\"><input id=\"attribute_rectangle__292_216\" class=\"form-radio\" name=\"attribute[292]\" required=\"\" type=\"radio\" value=\"216\" data-state=\"false\" \/><label class=\"form-option\" for=\"attribute_rectangle__292_216\" data-product-attribute-value=\"216\"><span class=\"form-option-variant\">Secular Worldview: No Ordinary Story<\/span><\/label><\/div>\n<\/div>\n<\/div>\n<\/div>\n<\/form>\n<\/div>\n","protected":false},"featured_media":361,"comment_status":"closed","ping_status":"closed","template":"","meta":{"_acf_changed":false,"_glsr_average":0,"_glsr_ranking":0,"_glsr_reviews":0},"product_brand":[],"product_cat":[76,18,17],"product_tag":[53],"giftcard-category":[],"class_list":{"0":"post-360","1":"product","2":"type-product","3":"status-publish","4":"has-post-thumbnail","6":"product_cat-englisch","7":"product_cat-evangelisation_nachfolge","8":"product_cat-new-release","9":"product_tag-english","11":"first","12":"instock","13":"taxable","14":"shipping-taxable","15":"purchasable","16":"product-type-simple"},"acf":[],"_links":{"self":[{"href":"https:\/\/eu.goodseed.com\/uk\/wp-json\/wp\/v2\/product\/360","targetHints":{"allow":["GET"]}}],"collection":[{"href":"https:\/\/eu.goodseed.com\/uk\/wp-json\/wp\/v2\/product"}],"about":[{"href":"https:\/\/eu.goodseed.com\/uk\/wp-json\/wp\/v2\/types\/product"}],"replies":[{"embeddable":true,"href":"https:\/\/eu.goodseed.com\/uk\/wp-json\/wp\/v2\/comments?post=360"}],"wp:featuredmedia":[{"embeddable":true,"href":"https:\/\/eu.goodseed.com\/uk\/wp-json\/wp\/v2\/media\/361"}],"wp:attachment":[{"href":"https:\/\/eu.goodseed.com\/uk\/wp-json\/wp\/v2\/media?parent=360"}],"wp:term":[{"taxonomy":"product_brand","embeddable":true,"href":"https:\/\/eu.goodseed.com\/uk\/wp-json\/wp\/v2\/product_brand?post=360"},{"taxonomy":"product_cat","embeddable":true,"href":"https:\/\/eu.goodseed.com\/uk\/wp-json\/wp\/v2\/product_cat?post=360"},{"taxonomy":"product_tag","embeddable":true,"href":"https:\/\/eu.goodseed.com\/uk\/wp-json\/wp\/v2\/product_tag?post=360"},{"taxonomy":"giftcard-category","embeddable":true,"href":"https:\/\/eu.goodseed.com\/uk\/wp-json\/wp\/v2\/giftcard-category?post=360"}],"curies":[{"name":"wp","href":"https:\/\/api.w.org\/{rel}","templated":true}]}}