{"id":235,"date":"2025-04-23T09:26:38","date_gmt":"2025-04-23T09:26:38","guid":{"rendered":"https:\/\/eu.goodseed.com\/?post_type=product&#038;p=235"},"modified":"2025-12-05T01:54:50","modified_gmt":"2025-12-05T01:54:50","slug":"by-this-name-chinese-simplified","status":"publish","type":"product","link":"https:\/\/eu.goodseed.com\/uk\/product\/by-this-name-chinese-simplified\/","title":{"rendered":"Unter diesem Namen (Chinesisch, vereinfacht)"},"content":{"rendered":"<p>Voici \u5168\u9760\u9019\u540d, l&#8217;\u00e9dition en chinois simplifi\u00e9 de \u00ab<a href=\"https:\/\/ca.goodseed.com\/by-this-name-english\/\"> By This Name<\/a> \u00bb.<\/p>\n<p><a href=\"https:\/\/ca.goodseed.com\/by-this-name-chinese-traditional\/\">L&#8217;\u00e9dition en chinois traditionnel est disponible ici.<\/a><\/p>\n<p>Voici la description de l'\u00e9dition anglaise :<\/p>\n<p>On vous a peut-\u00eatre dit : \u00ab Je suis heureux que vous ayez trouv\u00e9 votre chemin vers Dieu, mais tout le monde le trouve dans des lieux et des religions diff\u00e9rents. \u00bb Comment partager l&#8217;\u00c9vangile avec quelqu&#8217;un qui croit que Dieu est pr\u00e9sent dans toute la nature ? Que dire lorsque votre ami per\u00e7oit \u00ab Dieu \u00bb comme une force ou une \u00e9nergie spirituelle plut\u00f4t que comme une personne ? Dans un monde o\u00f9 la \u00ab spiritualit\u00e9 \u00bb est devenue populaire et o\u00f9 la connaissance de Dieu a pratiquement disparu, comment partager la bonne nouvelle de J\u00e9sus-Christ ? M\u00eame le monde occidental a \u00e9t\u00e9 influenc\u00e9 par des cultures qui croient en de nombreux dieux.<\/p>\n<p>\u00ab By This Name \u00bb explique le message central de la Bible \u00e0 des personnes qui n&#8217;ont aucune connaissance de la Bible. S&#8217;appuyant sur l&#8217;architecture de l&#8217;\u00e9vangile de Jean, le livre distingue clairement le Dieu de la Bible de tous les autres dieux. Il \u00e9tablit l&#8217;autorit\u00e9 de l&#8217;\u00c9criture et compare doucement la vision du monde biblique aux visions du monde orientales. Il relie les r\u00e9cits cl\u00e9s de l&#8217;Ancien et du Nouveau Testament pour r\u00e9v\u00e9ler l&#8217;identit\u00e9 de Dieu et la nature du p\u00e9ch\u00e9, dans le but de r\u00e9pondre \u00e0 deux questions : \u00ab Qui est J\u00e9sus ? \u00bb et \u00ab Que signifie l&#8217;histoire de la croix et du tombeau ? \u00bb Il aide \u00e0 comprendre clairement ce qu&#8217;est la Bible.<\/p>\n<p>\u00ab By This Name \u00bb suit une structure chronologique similaire \u00e0 celle de \u00ab L&#8217;\u00e9tranger sur le chemin d&#8217;Emma\u00fcs \u00bb, mais son contenu est diff\u00e9rent de 60 %.<\/p>\n<p>&nbsp;<\/p>\n<h4>\u0425\u0430\u0440\u0430\u043a\u0442\u0435\u0440\u043d\u0456 \u0440\u0438\u0441\u0438<\/h4>\n<ul>\n<li><strong>\u041f\u043e\u0441\u0456\u0431\u043d\u0438\u043a \u0434\u043b\u044f \u0434\u043e\u0440\u043e\u0441\u043b\u0438\u0445 \u0442\u0430 \u043f\u0456\u0434\u043b\u0456\u0442\u043a\u0456\u0432<\/strong> : Le livre convient aux adultes et aux adolescents.<\/li>\n<li><strong>\u0413\u0456\u043f\u043e\u0442\u0435\u0437\u0438<\/strong> : Le livre part du principe que les lecteurs n&#8217;ont que peu ou pas de connaissances sur la Bible.<\/li>\n<li><strong>Vision du monde orientale<\/strong> : S&#8217;inscrit dans une mentalit\u00e9 postmoderne, postchr\u00e9tienne et la\u00efque. Aborde \u00e9galement les questions soulev\u00e9es par le polyth\u00e9isme, le panth\u00e9isme, l&#8217;animisme, l&#8217;agnosticisme et l&#8217;ath\u00e9isme.<\/li>\n<li><strong>\u0425\u0440\u043e\u043d\u043e\u043b\u043e\u0433\u0456\u044f<\/strong> : commence par la cr\u00e9ation de l&#8217;univers, puis progresse s\u00e9quentiellement \u00e0 travers les r\u00e9cits cl\u00e9s de l&#8217;Ancien Testament, avant d&#8217;aborder le Nouveau Testament pour r\u00e9v\u00e9ler la signification de la croix et du tombeau. L&#8217;histoire principale de la Bible est li\u00e9e \u00e0 un drame universel et global. Reprend le m\u00eame sc\u00e9nario que \u00ab L&#8217;\u00e9tranger sur le chemin d&#8217;Emma\u00fcs \u00bb, mais est diff\u00e9rent \u00e0 60 %.<\/li>\n<li><strong>\u041d\u0430 \u043e\u0441\u043d\u043e\u0432\u0456 \u0454\u0432\u0430\u043d\u0433\u0435\u043b\u0456\u044f \u0432\u0456\u0434 \u0416\u0430\u043d\u0430<\/strong> \u0432\u0438\u043a\u043e\u0440\u0438\u0441\u0442\u043e\u0432\u0443\u0454 \u041f\u043e\u0441\u043b\u0430\u043d\u043d\u044f \u0416\u0430\u043d\u0430 \u044f\u043a \u043c\u043e\u0434\u0435\u043b\u044c; \u0432 \u0442\u043e\u0439 \u0436\u0435 \u0447\u0430\u0441, \u0432\u0456\u043d \u043d\u0430\u0434\u0430\u0454 \u043e\u0441\u043d\u043e\u0432\u043d\u0456 \u043f\u043e\u0441\u0438\u043b\u0430\u043d\u043d\u044f, \u043d\u0435\u043e\u0431\u0445\u0456\u0434\u043d\u0456 \u0434\u043b\u044f \u0442\u043e\u0433\u043e, \u0449\u043e\u0431 \u0437\u0440\u043e\u0437\u0443\u043c\u0456\u0442\u0438 \u043a\u043e\u043d\u0442\u0435\u043a\u0441\u0442 \u041f\u043e\u0441\u043b\u0430\u043d\u043d\u044f. \u0412\u0456\u043d \u043f\u0440\u0438\u043f\u0443\u0441\u043a\u0430\u0454, \u0449\u043e \u0447\u0438\u0442\u0430\u0447 \u0437\u043d\u0430\u0454 \u043b\u0438\u0448\u0435 \u0447\u0430\u0441\u0442\u0438\u043d\u0443 \u0411\u0456\u0431\u043b\u0456\u0457, \u0430\u0431\u043e \u043d\u0430\u0432\u0456\u0442\u044c \u043d\u0435 \u0432\u0441\u044e \u0411\u0456\u0431\u043b\u0456\u044e.<\/li>\n<li><strong>Met en \u00e9vidence le Dieu de la Bible<\/strong> : R\u00e9pond \u00e0 la question : \u00ab Qu&#8217;est-ce qui fait que votre livre sacr\u00e9 est meilleur que le mien ? \u00bb \u00ab By This Name \u00bb traite de ce qui rend le Dieu de la Bible unique par rapport \u00e0 tous les autres dieux ou esprits.<\/li>\n<li><strong>La Bible se d\u00e9tache de la tradition religieuse<\/strong> : Les lecteurs d\u00e9couvrent la Bible sans les pi\u00e8ges de la religion.<\/li>\n<li><strong>\u041c\u0435\u0442\u0430<\/strong> \u0411\u0456\u0431\u043b\u0456\u044f \u0443\u043f\u043e\u0432\u043d\u043e\u0432\u0430\u0436\u0435\u043d\u0430 \u0433\u043e\u0432\u043e\u0440\u0438\u0442\u0438 \u043f\u0440\u043e \u0441\u0435\u0431\u0435, \u043f\u0440\u0435\u0434\u0441\u0442\u0430\u0432\u043b\u044f\u044e\u0447\u0438 \u0434\u043e\u0431\u0440\u0443 \u043d\u043e\u0432\u0438\u043d\u0443 \u043f\u0440\u043e \u0413\u043e\u0441\u043f\u043e\u0434\u0430 \u0406\u0441\u0443\u0441\u0430 \u0425\u0440\u0438\u0441\u0442\u0430. \u041d\u0435 \u043f\u043e\u0442\u0440\u0456\u0431\u043d\u043e \u0447\u0438\u043d\u0438\u0442\u0438 \u0442\u0438\u0441\u043a \u043d\u0430 \u0447\u0438\u0442\u0430\u0447\u0430, \u0449\u043e\u0431 \u0432\u0456\u043d \u043f\u043e\u0432\u0456\u0440\u0438\u0432. \u041f\u043e\u0441\u043b\u0430\u043d\u043d\u044f \u043f\u043e\u0434\u0430\u0454\u0442\u044c\u0441\u044f \u043e\u0431'\u0454\u043a\u0442\u0438\u0432\u043d\u043e; \u0440\u0456\u0448\u0435\u043d\u043d\u044f \u0432\u0456\u0440\u0438\u0442\u0438 \u0447\u0438 \u043d\u0435 \u0432\u0456\u0440\u0438\u0442\u0438 \u0437\u0430\u043b\u0438\u0448\u0430\u0454\u0442\u044c\u0441\u044f \u0437\u0430 \u0447\u0438\u0442\u0430\u0447\u0435\u043c.<\/li>\n<li><strong>Versets bibliques<\/strong> : Racont\u00e9s comme une histoire, les 1570 versets bibliques sont tiss\u00e9s tout au long du texte. Le lecteur s&#8217;engage dans le texte de la Bible pour lui-m\u00eame.<\/li>\n<li><strong>Illustr\u00e9<\/strong> \u041f\u043e\u043d\u0430\u0434 100 \u043c\u0430\u043b\u044e\u043d\u043a\u0456\u0432, \u043a\u0430\u0440\u0442 \u0442\u0430 \u0434\u0456\u0430\u0433\u0440\u0430\u043c \u0434\u043e\u043f\u043e\u043c\u0430\u0433\u0430\u044e\u0442\u044c \u043a\u0440\u0430\u0449\u0435 \u0437\u0440\u043e\u0437\u0443\u043c\u0456\u0442\u0438 \u0456\u0441\u0442\u043e\u0440\u0456\u044e.<\/li>\n<li><strong>\u041a\u043e\u043d\u0446\u0435\u043f\u0446\u0456\u044f \u043f\u0440\u043e\u043f\u043e\u0437\u0438\u0446\u0456\u0457<\/strong> \u041f\u043e\u044f\u0441\u043d\u0435\u043d\u043d\u044f: \u041a\u043d\u0438\u0433\u0443 \u043c\u043e\u0436\u043d\u0430 \u0440\u043e\u0437\u043f\u043e\u0432\u0441\u044e\u0434\u0436\u0443\u0432\u0430\u0442\u0438 \u044f\u043a \u0454\u0432\u0430\u043d\u0433\u0435\u043b\u044c\u0441\u044c\u043a\u0438\u0439 \u0442\u0440\u0430\u043a\u0442\u0430\u0442. \u0412\u0438\u043a\u043b\u0430\u0434\u0430\u0447\u0456 \u043c\u043e\u0436\u0443\u0442\u044c \u0442\u0430\u043a\u043e\u0436 \u0440\u043e\u0437\u043a\u0440\u0438\u0442\u0438 \u0431\u0456\u0431\u043b\u0456\u0439\u043d\u0435 \u043f\u043e\u0441\u043b\u0430\u043d\u043d\u044f \u0432\u0434\u0432\u043e\u0445.<\/li>\n<\/ul>\n<p>&nbsp;<\/p>\n<p><strong>\u00c9criture chinoise traditionnelle<\/strong> : Utilis\u00e9e principalement par les Chinois de Hong Kong, de Ta\u00efwan et de Macao.<\/p>\n<p><strong>\u00c9criture chinoise simplifi\u00e9e<\/strong> : Utilis\u00e9e principalement par les Chinois de Chine continentale, de Singapour et de Malaisie.<\/p>","protected":false},"excerpt":{"rendered":"<p>Voici \u5168\u9760\u9019\u540d, l&#8217;\u00e9dition en chinois simplifi\u00e9 de \u00ab By This Name \u00bb. L&#8217;\u00e9dition en chinois traditionnel est disponible ici. Voici la description de l&#8217;\u00e9dition anglaise : On vous a peut-\u00eatre dit : \u00ab Je suis heureux que vous ayez trouv\u00e9 votre chemin vers Dieu, mais tout le monde le trouve dans des lieux et des [&hellip;]<\/p>\n","protected":false},"featured_media":308,"comment_status":"closed","ping_status":"closed","template":"","meta":{"_acf_changed":false,"_glsr_average":0,"_glsr_ranking":0,"_glsr_reviews":0},"product_brand":[],"product_cat":[80,18,50,17],"product_tag":[55],"giftcard-category":[],"class_list":{"0":"post-235","1":"product","2":"type-product","3":"status-publish","4":"has-post-thumbnail","6":"product_cat-chinesisch","7":"product_cat-evangelisation_nachfolge","8":"product_cat-fernostliche-weltanschauung","9":"product_cat-new-release","10":"product_tag-chinese","12":"first","13":"instock","14":"taxable","15":"shipping-taxable","16":"purchasable","17":"product-type-simple"},"acf":[],"_links":{"self":[{"href":"https:\/\/eu.goodseed.com\/uk\/wp-json\/wp\/v2\/product\/235","targetHints":{"allow":["GET"]}}],"collection":[{"href":"https:\/\/eu.goodseed.com\/uk\/wp-json\/wp\/v2\/product"}],"about":[{"href":"https:\/\/eu.goodseed.com\/uk\/wp-json\/wp\/v2\/types\/product"}],"replies":[{"embeddable":true,"href":"https:\/\/eu.goodseed.com\/uk\/wp-json\/wp\/v2\/comments?post=235"}],"wp:featuredmedia":[{"embeddable":true,"href":"https:\/\/eu.goodseed.com\/uk\/wp-json\/wp\/v2\/media\/308"}],"wp:attachment":[{"href":"https:\/\/eu.goodseed.com\/uk\/wp-json\/wp\/v2\/media?parent=235"}],"wp:term":[{"taxonomy":"product_brand","embeddable":true,"href":"https:\/\/eu.goodseed.com\/uk\/wp-json\/wp\/v2\/product_brand?post=235"},{"taxonomy":"product_cat","embeddable":true,"href":"https:\/\/eu.goodseed.com\/uk\/wp-json\/wp\/v2\/product_cat?post=235"},{"taxonomy":"product_tag","embeddable":true,"href":"https:\/\/eu.goodseed.com\/uk\/wp-json\/wp\/v2\/product_tag?post=235"},{"taxonomy":"giftcard-category","embeddable":true,"href":"https:\/\/eu.goodseed.com\/uk\/wp-json\/wp\/v2\/giftcard-category?post=235"}],"curies":[{"name":"wp","href":"https:\/\/api.w.org\/{rel}","templated":true}]}}