{"id":1191,"date":"2025-05-07T03:01:09","date_gmt":"2025-05-07T03:01:09","guid":{"rendered":"https:\/\/eu.goodseed.com\/?post_type=product&#038;p=1191"},"modified":"2025-07-14T03:23:14","modified_gmt":"2025-07-14T03:23:14","slug":"das-tabernakel-broschuere","status":"publish","type":"product","link":"https:\/\/eu.goodseed.com\/uk\/product\/das-tabernakel-broschuere\/","title":{"rendered":"\u0421\u043a\u0438\u043d\u0456\u044f - \u0411\u0440\u043e\u0448\u0443\u0440\u0430"},"content":{"rendered":"<p>Die Brosch\u00fcre zeigt ein wundersch\u00f6nes Bild der alttestamentlichen Stiftsh\u00fctte in der W\u00fcste Sinai. Die Stiftsh\u00fctte war das \u201eZelt der Begegnung\u201c, das Gott Moses errichten lie\u00df. Es stand im Zentrum des Lagers und konnte auf- und abgebaut werden, wann immer die Kinder Israels reisten. Dieses Bild ist nach biblischen Ma\u00dfen gestaltet und zeigt wichtige Merkmale: die Bundeslade, den Hohepriester, das Heilige, das Allerheiligste, den ehernen Altar, die Feuers\u00e4ule und vieles mehr. Es enth\u00e4lt Ma\u00dfangaben, Erkl\u00e4rungen, eine Liste der Opfer, Symbole und eine Zeitleiste.<\/p>\n<div class=\"row\">\n<div class=\"col-lg-8 col-md-8 col-sm-12 col-xs-12\"><strong>Publisher:\u00a0<\/strong>Rose Publishing<\/div>\n<div class=\"col-lg-8 col-md-8 col-sm-12 col-xs-12\"><strong>Ver\u00f6ffentlichungsdatum: <\/strong>Sep 17, 2007<\/div>\n<div class=\"col-lg-8 col-md-8 col-sm-12 col-xs-12\"><strong>Sprache: <\/strong>English<\/div>\n<div class=\"col-lg-8 col-md-8 col-sm-12 col-xs-12\"><strong>Artikelnummer: <\/strong>1890947997<\/div>\n<div class=\"col-lg-8 col-md-8 col-sm-12 col-xs-12\"><strong>Einband: <\/strong>Pamphlet<\/div>\n<\/div>","protected":false},"excerpt":{"rendered":"<p>Die Brosch\u00fcre zeigt ein wundersch\u00f6nes Bild der alttestamentlichen Stiftsh\u00fctte in der W\u00fcste Sinai. Die Stiftsh\u00fctte war das \u201eZelt der Begegnung\u201c, das Gott Moses errichten lie\u00df. Es stand im Zentrum des Lagers und konnte auf- und abgebaut werden, wann immer die Kinder Israels reisten. Dieses Bild ist nach biblischen Ma\u00dfen gestaltet und zeigt wichtige Merkmale: die [&hellip;]<\/p>\n","protected":false},"featured_media":1193,"comment_status":"closed","ping_status":"closed","template":"","meta":{"_acf_changed":false,"_glsr_average":0,"_glsr_ranking":0,"_glsr_reviews":0},"product_brand":[],"product_cat":[22],"product_tag":[],"giftcard-category":[],"class_list":{"0":"post-1191","1":"product","2":"type-product","3":"status-publish","4":"has-post-thumbnail","6":"product_cat-veranschaulichung","8":"first","9":"instock","10":"taxable","11":"shipping-taxable","12":"purchasable","13":"product-type-simple"},"acf":[],"_links":{"self":[{"href":"https:\/\/eu.goodseed.com\/uk\/wp-json\/wp\/v2\/product\/1191","targetHints":{"allow":["GET"]}}],"collection":[{"href":"https:\/\/eu.goodseed.com\/uk\/wp-json\/wp\/v2\/product"}],"about":[{"href":"https:\/\/eu.goodseed.com\/uk\/wp-json\/wp\/v2\/types\/product"}],"replies":[{"embeddable":true,"href":"https:\/\/eu.goodseed.com\/uk\/wp-json\/wp\/v2\/comments?post=1191"}],"wp:featuredmedia":[{"embeddable":true,"href":"https:\/\/eu.goodseed.com\/uk\/wp-json\/wp\/v2\/media\/1193"}],"wp:attachment":[{"href":"https:\/\/eu.goodseed.com\/uk\/wp-json\/wp\/v2\/media?parent=1191"}],"wp:term":[{"taxonomy":"product_brand","embeddable":true,"href":"https:\/\/eu.goodseed.com\/uk\/wp-json\/wp\/v2\/product_brand?post=1191"},{"taxonomy":"product_cat","embeddable":true,"href":"https:\/\/eu.goodseed.com\/uk\/wp-json\/wp\/v2\/product_cat?post=1191"},{"taxonomy":"product_tag","embeddable":true,"href":"https:\/\/eu.goodseed.com\/uk\/wp-json\/wp\/v2\/product_tag?post=1191"},{"taxonomy":"giftcard-category","embeddable":true,"href":"https:\/\/eu.goodseed.com\/uk\/wp-json\/wp\/v2\/giftcard-category?post=1191"}],"curies":[{"name":"wp","href":"https:\/\/api.w.org\/{rel}","templated":true}]}}