{"id":1928,"date":"2025-07-18T15:26:56","date_gmt":"2025-07-18T15:26:56","guid":{"rendered":"https:\/\/eu.goodseed.com\/?page_id=1928"},"modified":"2025-07-18T15:26:56","modified_gmt":"2025-07-18T15:26:56","slug":"widerrufsbelehrung","status":"publish","type":"page","link":"https:\/\/eu.goodseed.com\/uk\/widerrufsbelehrung\/","title":{"rendered":"\u041f\u043e\u043b\u0456\u0442\u0438\u043a\u0430 \u0430\u043d\u0443\u043b\u044f\u0446\u0456\u0457"},"content":{"rendered":"<div class=\"entry-content\">\n<p>\u0421\u043f\u043e\u0436\u0438\u0432\u0430\u0447\u0456 \u043c\u0430\u044e\u0442\u044c \u043f\u0440\u0430\u0432\u043e \u043d\u0430 \u0432\u0456\u0434\u043c\u043e\u0432\u0443 \u0432\u0456\u0434 \u0434\u043e\u0433\u043e\u0432\u043e\u0440\u0443 \u0432\u0456\u0434\u043f\u043e\u0432\u0456\u0434\u043d\u043e \u0434\u043e \u043d\u0430\u0441\u0442\u0443\u043f\u043d\u0438\u0445 \u043f\u043e\u043b\u043e\u0436\u0435\u043d\u044c, \u0437\u0433\u0456\u0434\u043d\u043e \u0437 \u044f\u043a\u0438\u043c\u0438 \u0441\u043f\u043e\u0436\u0438\u0432\u0430\u0447\u0435\u043c \u0454 \u0431\u0443\u0434\u044c-\u044f\u043a\u0430 \u0444\u0456\u0437\u0438\u0447\u043d\u0430 \u043e\u0441\u043e\u0431\u0430, \u044f\u043a\u0430 \u0443\u043a\u043b\u0430\u0434\u0430\u0454 \u043f\u0440\u0430\u0432\u043e\u0447\u0438\u043d \u0437 \u043c\u0435\u0442\u043e\u044e, \u0449\u043e \u043d\u0435 \u043c\u043e\u0436\u0435 \u0431\u0443\u0442\u0438 \u043f\u043e\u0432'\u044f\u0437\u0430\u043d\u0430 \u0437 \u0457\u0457 \u043a\u043e\u043c\u0435\u0440\u0446\u0456\u0439\u043d\u043e\u044e \u0430\u0431\u043e \u043d\u0435\u0437\u0430\u043b\u0435\u0436\u043d\u043e\u044e \u043f\u0440\u043e\u0444\u0435\u0441\u0456\u0439\u043d\u043e\u044e \u0434\u0456\u044f\u043b\u044c\u043d\u0456\u0441\u0442\u044e:<\/p>\n<p><strong>\u041f\u0440\u0430\u0432\u043e \u043d\u0430 \u0441\u043a\u0430\u0441\u0443\u0432\u0430\u043d\u043d\u044f<\/strong><\/p>\n<p>\u0412\u0438 \u043c\u043e\u0436\u0435\u0442\u0435 \u0430\u043d\u0443\u043b\u044e\u0432\u0430\u0442\u0438 \u0441\u0432\u043e\u044e \u0434\u043e\u0433\u043e\u0432\u0456\u0440\u043d\u0443 \u0434\u0435\u043a\u043b\u0430\u0440\u0430\u0446\u0456\u044e \u043f\u0440\u043e\u0442\u044f\u0433\u043e\u043c 14 \u0434\u043d\u0456\u0432 \u0431\u0435\u0437 \u043f\u043e\u044f\u0441\u043d\u0435\u043d\u043d\u044f \u043f\u0440\u0438\u0447\u0438\u043d \u0443 \u043f\u0438\u0441\u044c\u043c\u043e\u0432\u0456\u0439 \u0444\u043e\u0440\u043c\u0456 (\u043d\u0430\u043f\u0440\u0438\u043a\u043b\u0430\u0434, \u043b\u0438\u0441\u0442\u043e\u043c, \u0444\u0430\u043a\u0441\u043e\u043c, \u0435\u043b\u0435\u043a\u0442\u0440\u043e\u043d\u043d\u043e\u044e \u043f\u043e\u0448\u0442\u043e\u044e) \u0430\u0431\u043e - \u044f\u043a\u0449\u043e \u0442\u043e\u0432\u0430\u0440 \u0431\u0443\u0434\u0435 \u0434\u043e\u0441\u0442\u0430\u0432\u043b\u0435\u043d\u0438\u0439 \u0432\u0430\u043c \u0440\u0430\u043d\u0456\u0448\u0435 \u0432\u0441\u0442\u0430\u043d\u043e\u0432\u043b\u0435\u043d\u043e\u0433\u043e \u0442\u0435\u0440\u043c\u0456\u043d\u0443 - \u0448\u043b\u044f\u0445\u043e\u043c \u043f\u043e\u0432\u0435\u0440\u043d\u0435\u043d\u043d\u044f \u0442\u043e\u0432\u0430\u0440\u0443. \u041f\u0435\u0440\u0435\u0431\u0456\u0433 \u0441\u0442\u0440\u043e\u043a\u0443 \u043f\u043e\u0447\u0438\u043d\u0430\u0454\u0442\u044c\u0441\u044f \u043f\u0456\u0441\u043b\u044f \u043e\u0442\u0440\u0438\u043c\u0430\u043d\u043d\u044f \u0446\u0456\u0454\u0457 \u0456\u043d\u0441\u0442\u0440\u0443\u043a\u0446\u0456\u0457 \u0432 \u0442\u0435\u043a\u0441\u0442\u043e\u0432\u0456\u0439 \u0444\u043e\u0440\u043c\u0456, \u0430\u043b\u0435 \u043d\u0435 \u0440\u0430\u043d\u0456\u0448\u0435 \u043e\u0442\u0440\u0438\u043c\u0430\u043d\u043d\u044f \u0442\u043e\u0432\u0430\u0440\u0443 \u043e\u0434\u0435\u0440\u0436\u0443\u0432\u0430\u0447\u0435\u043c (\u0443 \u0440\u0430\u0437\u0456 \u043f\u043e\u0432\u0442\u043e\u0440\u043d\u0438\u0445 \u043f\u043e\u0441\u0442\u0430\u0432\u043e\u043a \u0430\u043d\u0430\u043b\u043e\u0433\u0456\u0447\u043d\u0438\u0445 \u0442\u043e\u0432\u0430\u0440\u0456\u0432 \u043d\u0435 \u0440\u0430\u043d\u0456\u0448\u0435 \u043e\u0442\u0440\u0438\u043c\u0430\u043d\u043d\u044f \u043f\u0435\u0440\u0448\u043e\u0457 \u0447\u0430\u0441\u0442\u043a\u043e\u0432\u043e\u0457 \u043f\u043e\u0441\u0442\u0430\u0432\u043a\u0438), \u0430 \u0442\u0430\u043a\u043e\u0436 \u043d\u0435 \u0440\u0430\u043d\u0456\u0448\u0435 \u0432\u0438\u043a\u043e\u043d\u0430\u043d\u043d\u044f \u043d\u0430\u0448\u0438\u0445 \u0437\u043e\u0431\u043e\u0432'\u044f\u0437\u0430\u043d\u044c \u0449\u043e\u0434\u043e \u043d\u0430\u0434\u0430\u043d\u043d\u044f \u0456\u043d\u0444\u043e\u0440\u043c\u0430\u0446\u0456\u0457 \u0432\u0456\u0434\u043f\u043e\u0432\u0456\u0434\u043d\u043e \u0434\u043e \u0441\u0442\u0430\u0442\u0442\u0456 246 \u00a7 2 \u0443 \u043f\u043e\u0454\u0434\u043d\u0430\u043d\u043d\u0456 \u0437 \u00a7 1 \u0430\u0431\u0437. 1 \u0456 2 EGBGB \u0442\u0430 \u043d\u0430\u0448\u0438\u0445 \u0437\u043e\u0431\u043e\u0432'\u044f\u0437\u0430\u043d\u044c \u0432\u0456\u0434\u043f\u043e\u0432\u0456\u0434\u043d\u043e \u0434\u043e \u00a7 312g \u0430\u0431\u0437. 1 \u0440\u0435\u0447\u0435\u043d\u043d\u044f 1 BGB \u0443 \u043f\u043e\u0454\u0434\u043d\u0430\u043d\u043d\u0456 \u0437\u0456 \u0441\u0442\u0430\u0442\u0442\u0435\u044e 246 \u00a7 3 EGBGB. \u0421\u0432\u043e\u0454\u0447\u0430\u0441\u043d\u0430 \u0432\u0456\u0434\u043f\u0440\u0430\u0432\u043a\u0430 \u0430\u043d\u0443\u043b\u044f\u0446\u0456\u0457 \u0430\u0431\u043e \u0442\u043e\u0432\u0430\u0440\u0443 \u0454 \u0434\u043e\u0441\u0442\u0430\u0442\u043d\u044c\u043e\u044e \u0434\u043b\u044f \u0434\u043e\u0442\u0440\u0438\u043c\u0430\u043d\u043d\u044f \u0442\u0435\u0440\u043c\u0456\u043d\u0443 \u0430\u043d\u0443\u043b\u044f\u0446\u0456\u0457. \u0410\u043d\u0443\u043b\u044f\u0446\u0456\u044f \u043f\u043e\u0432\u0438\u043d\u043d\u0430 \u0431\u0443\u0442\u0438 \u043d\u0430\u0434\u0456\u0441\u043b\u0430\u043d\u0430 \u043d\u0430 \u0430\u0434\u0440\u0435\u0441\u0443:<\/p>\n<p>\u0413\u0435\u043e\u0440\u0433 \u0425\u0430\u0433\u0435\u0434\u043e\u0440\u043d<br \/>\nIm Huferfeld 10<br \/>\n40468 \u0414\u044e\u0441\u0441\u0435\u043b\u044c\u0434\u043e\u0440\u0444<br \/>\n\u041d\u0456\u043c\u0435\u0447\u0447\u0438\u043d\u0430<br \/>\n\u0422\u0435\u043b\u0435\u0444\u043e\u043d: +49 (0) 5261-971 57 48<br \/>\n\u0424\u0430\u043a\u0441: +49 (0) 211-429 98 53<br \/>\n\u0415\u043b\u0435\u043a\u0442\u0440\u043e\u043d\u043d\u0430 \u043f\u043e\u0448\u0442\u0430: bestellung@cmv-duesseldorf.de<\/p>\n<p><strong>\u041d\u0430\u0441\u043b\u0456\u0434\u043a\u0438 \u0441\u043a\u0430\u0441\u0443\u0432\u0430\u043d\u043d\u044f<\/strong><\/p>\n<p>\u0423 \u0440\u0430\u0437\u0456 \u0435\u0444\u0435\u043a\u0442\u0438\u0432\u043d\u043e\u0433\u043e \u0430\u043d\u0443\u043b\u044e\u0432\u0430\u043d\u043d\u044f \u043f\u043e\u0441\u043b\u0443\u0433\u0438, \u043e\u0442\u0440\u0438\u043c\u0430\u043d\u0456 \u043e\u0431\u043e\u043c\u0430 \u0441\u0442\u043e\u0440\u043e\u043d\u0430\u043c\u0438, \u043f\u043e\u0432\u0438\u043d\u043d\u0456 \u0431\u0443\u0442\u0438 \u043f\u043e\u0432\u0435\u0440\u043d\u0443\u0442\u0456, \u0430 \u0432\u0441\u0456 \u043e\u0442\u0440\u0438\u043c\u0430\u043d\u0456 \u0432\u0438\u0433\u043e\u0434\u0438 (\u043d\u0430\u043f\u0440\u0438\u043a\u043b\u0430\u0434, \u0432\u0456\u0434\u0441\u043e\u0442\u043a\u0438) - \u043f\u0435\u0440\u0435\u0434\u0430\u043d\u0456. \u042f\u043a\u0449\u043e \u0432\u0438 \u043d\u0435 \u043c\u043e\u0436\u0435\u0442\u0435 \u043f\u043e\u0432\u0435\u0440\u043d\u0443\u0442\u0438 \u0430\u0431\u043e \u043f\u0435\u0440\u0435\u0434\u0430\u0442\u0438 \u043d\u0430\u043c \u043e\u0442\u0440\u0438\u043c\u0430\u043d\u0456 \u0442\u043e\u0432\u0430\u0440\u0438 \u0430\u0431\u043e \u043f\u043e\u0441\u043b\u0443\u0433\u0438, \u0430 \u0442\u0430\u043a\u043e\u0436 \u0432\u0438\u0433\u043e\u0434\u0438 (\u043d\u0430\u043f\u0440\u0438\u043a\u043b\u0430\u0434, \u0432\u0438\u0433\u043e\u0434\u0438 \u0432\u0456\u0434 \u0432\u0438\u043a\u043e\u0440\u0438\u0441\u0442\u0430\u043d\u043d\u044f), \u0430\u0431\u043e \u044f\u043a\u0449\u043e \u0432\u0438 \u043d\u0435 \u043c\u043e\u0436\u0435\u0442\u0435 \u043f\u043e\u0432\u0435\u0440\u043d\u0443\u0442\u0438 \u0430\u0431\u043e \u043f\u0435\u0440\u0435\u0434\u0430\u0442\u0438 \u0457\u0445 \u0447\u0430\u0441\u0442\u043a\u043e\u0432\u043e \u0430\u0431\u043e \u0442\u0456\u043b\u044c\u043a\u0438 \u0432 \u043f\u043e\u0433\u0456\u0440\u0448\u0435\u043d\u043e\u043c\u0443 \u0441\u0442\u0430\u043d\u0456, \u0432\u0438 \u043f\u043e\u0432\u0438\u043d\u043d\u0456 \u043a\u043e\u043c\u043f\u0435\u043d\u0441\u0443\u0432\u0430\u0442\u0438 \u043d\u0430\u043c \u0457\u0445 \u0432\u0430\u0440\u0442\u0456\u0441\u0442\u044c. \u0412\u0438 \u043f\u043e\u0432\u0438\u043d\u043d\u0456 \u0441\u043f\u043b\u0430\u0442\u0438\u0442\u0438 \u043a\u043e\u043c\u043f\u0435\u043d\u0441\u0430\u0446\u0456\u044e \u0437\u0430 \u043f\u043e\u0433\u0456\u0440\u0448\u0435\u043d\u043d\u044f \u0441\u0442\u0430\u043d\u0443 \u043f\u0440\u0435\u0434\u043c\u0435\u0442\u0430 \u0442\u0430 \u0437\u0430 \u0432\u0438\u043a\u043e\u0440\u0438\u0441\u0442\u0430\u043d\u043d\u044f \u043f\u0440\u0435\u0434\u043c\u0435\u0442\u0430 \u043b\u0438\u0448\u0435 \u0432 \u0442\u043e\u043c\u0443 \u0432\u0438\u043f\u0430\u0434\u043a\u0443, \u044f\u043a\u0449\u043e \u0432\u0438\u043a\u043e\u0440\u0438\u0441\u0442\u0430\u043d\u043d\u044f \u0430\u0431\u043e \u043f\u043e\u0433\u0456\u0440\u0448\u0435\u043d\u043d\u044f \u0441\u0442\u0430\u043d\u0443 \u043f\u043e\u0432'\u044f\u0437\u0430\u043d\u0435 \u0437 \u043f\u043e\u0432\u043e\u0434\u0436\u0435\u043d\u043d\u044f\u043c \u0437 \u043f\u0440\u0435\u0434\u043c\u0435\u0442\u043e\u043c, \u044f\u043a\u0435 \u0432\u0438\u0445\u043e\u0434\u0438\u0442\u044c \u0437\u0430 \u0440\u0430\u043c\u043a\u0438 \u043f\u0435\u0440\u0435\u0432\u0456\u0440\u043a\u0438 \u0432\u043b\u0430\u0441\u0442\u0438\u0432\u043e\u0441\u0442\u0435\u0439 \u0442\u0430 \u0444\u0443\u043d\u043a\u0446\u0456\u043e\u043d\u0430\u043b\u044c\u043d\u043e\u0441\u0442\u0456. \u041f\u0435\u0440\u0435\u0432\u0456\u0440\u043a\u0430 \u0432\u043b\u0430\u0441\u0442\u0438\u0432\u043e\u0441\u0442\u0435\u0439 \u0456 \u0444\u0443\u043d\u043a\u0446\u0456\u043e\u043d\u0430\u043b\u044c\u043d\u043e\u0441\u0442\u0456\" \u043e\u0437\u043d\u0430\u0447\u0430\u0454 \u0442\u0435\u0441\u0442\u0443\u0432\u0430\u043d\u043d\u044f \u0456 \u0432\u0438\u043f\u0440\u043e\u0431\u0443\u0432\u0430\u043d\u043d\u044f \u0432\u0456\u0434\u043f\u043e\u0432\u0456\u0434\u043d\u0438\u0445 \u0442\u043e\u0432\u0430\u0440\u0456\u0432, \u044f\u043a \u0446\u0435 \u043c\u043e\u0436\u043b\u0438\u0432\u043e \u0456 \u043f\u0440\u0438\u0439\u043d\u044f\u0442\u043e, \u043d\u0430\u043f\u0440\u0438\u043a\u043b\u0430\u0434, \u0432 \u0440\u043e\u0437\u0434\u0440\u0456\u0431\u043d\u043e\u043c\u0443 \u043c\u0430\u0433\u0430\u0437\u0438\u043d\u0456. \u0422\u043e\u0432\u0430\u0440\u0438, \u044f\u043a\u0456 \u043c\u043e\u0436\u0443\u0442\u044c \u0431\u0443\u0442\u0438 \u0432\u0456\u0434\u043f\u0440\u0430\u0432\u043b\u0435\u043d\u0456 \u043f\u043e\u0441\u0438\u043b\u043a\u043e\u044e, \u043f\u043e\u0432\u0435\u0440\u0442\u0430\u044e\u0442\u044c\u0441\u044f \u043d\u0430 \u043d\u0430\u0448 \u0440\u0438\u0437\u0438\u043a. \u0412\u0438 \u043f\u043e\u0432\u0438\u043d\u043d\u0456 \u043d\u0435\u0441\u0442\u0438 \u0437\u0432\u0438\u0447\u0430\u0439\u043d\u0456 \u0432\u0438\u0442\u0440\u0430\u0442\u0438 \u043d\u0430 \u043f\u043e\u0432\u0435\u0440\u043d\u0435\u043d\u043d\u044f \u0442\u043e\u0432\u0430\u0440\u0443, \u044f\u043a\u0449\u043e \u0434\u043e\u0441\u0442\u0430\u0432\u043b\u0435\u043d\u0438\u0439 \u0442\u043e\u0432\u0430\u0440 \u0432\u0456\u0434\u043f\u043e\u0432\u0456\u0434\u0430\u0454 \u0437\u0430\u043c\u043e\u0432\u043b\u0435\u043d\u043e\u043c\u0443 \u0456 \u044f\u043a\u0449\u043e \u0446\u0456\u043d\u0430 \u0442\u043e\u0432\u0430\u0440\u0443, \u0449\u043e \u043f\u0456\u0434\u043b\u044f\u0433\u0430\u0454 \u043f\u043e\u0432\u0435\u0440\u043d\u0435\u043d\u043d\u044e, \u043d\u0435 \u043f\u0435\u0440\u0435\u0432\u0438\u0449\u0443\u0454 40 \u0454\u0432\u0440\u043e \u0430\u0431\u043e, \u044f\u043a\u0449\u043e \u0446\u0456\u043d\u0430 \u0442\u043e\u0432\u0430\u0440\u0443 \u0432\u0438\u0449\u0430, \u044f\u043a\u0449\u043e \u0432\u0438 \u0449\u0435 \u043d\u0435 \u0441\u043f\u043b\u0430\u0442\u0438\u043b\u0438 \u0432\u0456\u0434\u0448\u043a\u043e\u0434\u0443\u0432\u0430\u043d\u043d\u044f \u0430\u0431\u043e \u0443\u0437\u0433\u043e\u0434\u0436\u0435\u043d\u0443 \u0432 \u0434\u043e\u0433\u043e\u0432\u043e\u0440\u0456 \u0447\u0430\u0441\u0442\u0438\u043d\u0443 \u043d\u0430 \u043c\u043e\u043c\u0435\u043d\u0442 \u0430\u043d\u0443\u043b\u044e\u0432\u0430\u043d\u043d\u044f \u0437\u0430\u043c\u043e\u0432\u043b\u0435\u043d\u043d\u044f. \u0412 \u0456\u043d\u0448\u043e\u043c\u0443 \u0432\u0438\u043f\u0430\u0434\u043a\u0443 \u0437\u0432\u043e\u0440\u043e\u0442\u043d\u0430 \u0432\u0456\u0434\u043f\u0440\u0430\u0432\u043a\u0430 \u0434\u043b\u044f \u0432\u0430\u0441 \u0431\u0435\u0437\u043a\u043e\u0448\u0442\u043e\u0432\u043d\u0430. \u0422\u043e\u0432\u0430\u0440\u0438, \u044f\u043a\u0456 \u043d\u0435 \u043c\u043e\u0436\u0443\u0442\u044c \u0431\u0443\u0442\u0438 \u0432\u0456\u0434\u043f\u0440\u0430\u0432\u043b\u0435\u043d\u0456 \u043f\u043e\u0441\u0438\u043b\u043a\u043e\u044e, \u0431\u0443\u0434\u0443\u0442\u044c \u0437\u0430\u0431\u0440\u0430\u043d\u0456 \u0443 \u0432\u0430\u0441. \u0417\u043e\u0431\u043e\u0432'\u044f\u0437\u0430\u043d\u043d\u044f \u0449\u043e\u0434\u043e \u0432\u0456\u0434\u0448\u043a\u043e\u0434\u0443\u0432\u0430\u043d\u043d\u044f \u043f\u043b\u0430\u0442\u0435\u0436\u0456\u0432 \u043f\u043e\u0432\u0438\u043d\u043d\u0456 \u0431\u0443\u0442\u0438 \u0432\u0438\u043a\u043e\u043d\u0430\u043d\u0456 \u043f\u0440\u043e\u0442\u044f\u0433\u043e\u043c 30 \u0434\u043d\u0456\u0432. \u041f\u0435\u0440\u0456\u043e\u0434 \u043f\u043e\u0447\u0438\u043d\u0430\u0454\u0442\u044c\u0441\u044f \u0434\u043b\u044f \u0432\u0430\u0441 \u0437 \u043c\u043e\u043c\u0435\u043d\u0442\u0443 \u0432\u0456\u0434\u043f\u0440\u0430\u0432\u043a\u0438 \u0432\u0430\u0448\u043e\u0433\u043e \u0430\u043d\u0443\u043b\u044e\u0432\u0430\u043d\u043d\u044f \u0430\u0431\u043e \u0442\u043e\u0432\u0430\u0440\u0443, \u0434\u043b\u044f \u043d\u0430\u0441 - \u0437 \u043c\u043e\u043c\u0435\u043d\u0442\u0443 \u0457\u0445 \u043e\u0442\u0440\u0438\u043c\u0430\u043d\u043d\u044f.<\/p>\n<p><strong>\u041a\u0456\u043d\u0435\u0446\u044c \u043f\u043e\u043b\u0456\u0442\u0438\u043a\u0438 \u0441\u043a\u0430\u0441\u0443\u0432\u0430\u043d\u043d\u044f<\/strong><\/p>\n<p>\u041f\u0440\u0430\u0432\u043e \u043d\u0430 \u0441\u043a\u0430\u0441\u0443\u0432\u0430\u043d\u043d\u044f \u043d\u0435 \u043f\u043e\u0448\u0438\u0440\u044e\u0454\u0442\u044c\u0441\u044f \u043d\u0430 \u0434\u043e\u0433\u043e\u0432\u043e\u0440\u0438 \u0434\u0438\u0441\u0442\u0430\u043d\u0446\u0456\u0439\u043d\u043e\u0433\u043e \u043f\u0440\u043e\u0434\u0430\u0436\u0443<\/p>\n<ul class=\"wp-block-list\">\n<li>\u0434\u043b\u044f \u0434\u043e\u0441\u0442\u0430\u0432\u043a\u0438 \u0442\u043e\u0432\u0430\u0440\u0456\u0432, \u044f\u043a\u0456 \u0432\u0438\u0433\u043e\u0442\u043e\u0432\u043b\u0435\u043d\u0456 \u0432\u0456\u0434\u043f\u043e\u0432\u0456\u0434\u043d\u043e \u0434\u043e \u0441\u043f\u0435\u0446\u0438\u0444\u0456\u043a\u0430\u0446\u0456\u0439 \u0437\u0430\u043c\u043e\u0432\u043d\u0438\u043a\u0430, \u0430\u0431\u043e \u044f\u043a\u0456 \u0447\u0456\u0442\u043a\u043e \u0430\u0434\u0430\u043f\u0442\u043e\u0432\u0430\u043d\u0456 \u0434\u043e \u043e\u0441\u043e\u0431\u0438\u0441\u0442\u0438\u0445 \u043f\u043e\u0442\u0440\u0435\u0431, \u0430\u0431\u043e \u044f\u043a\u0456 \u043d\u0435 \u043f\u0456\u0434\u0445\u043e\u0434\u044f\u0442\u044c \u0434\u043b\u044f \u043f\u043e\u0432\u0435\u0440\u043d\u0435\u043d\u043d\u044f \u0447\u0435\u0440\u0435\u0437 \u0441\u0432\u043e\u044e \u043f\u0440\u0438\u0440\u043e\u0434\u0443, \u0430\u0431\u043e \u044f\u043a\u0456 \u043c\u043e\u0436\u0443\u0442\u044c \u0448\u0432\u0438\u0434\u043a\u043e \u0437\u0456\u043f\u0441\u0443\u0432\u0430\u0442\u0438\u0441\u044f, \u0430\u0431\u043e \u0442\u0435\u0440\u043c\u0456\u043d \u043f\u0440\u0438\u0434\u0430\u0442\u043d\u043e\u0441\u0442\u0456 \u044f\u043a\u0438\u0445 \u0431\u0443\u0434\u0435 \u043f\u0435\u0440\u0435\u0432\u0438\u0449\u0435\u043d\u043e,<\/li>\n<li>\u0437\u0430 \u0434\u043e\u0441\u0442\u0430\u0432\u043a\u0443 \u0430\u0443\u0434\u0456\u043e- \u0447\u0438 \u0432\u0456\u0434\u0435\u043e\u0437\u0430\u043f\u0438\u0441\u0456\u0432 \u0430\u0431\u043e \u043f\u0440\u043e\u0433\u0440\u0430\u043c\u043d\u043e\u0433\u043e \u0437\u0430\u0431\u0435\u0437\u043f\u0435\u0447\u0435\u043d\u043d\u044f, \u0437\u0430 \u0443\u043c\u043e\u0432\u0438, \u0449\u043e \u043f\u043b\u043e\u043c\u0431\u0430 \u043d\u0430 \u0434\u043e\u0441\u0442\u0430\u0432\u043b\u0435\u043d\u0438\u0445 \u043d\u043e\u0441\u0456\u044f\u0445 \u0456\u043d\u0444\u043e\u0440\u043c\u0430\u0446\u0456\u0457 \u0431\u0443\u043b\u0430 \u043f\u043e\u0440\u0443\u0448\u0435\u043d\u0430 \u0441\u043f\u043e\u0436\u0438\u0432\u0430\u0447\u0435\u043c,<\/li>\n<li>\u043d\u0430 \u0434\u043e\u0441\u0442\u0430\u0432\u043a\u0443 \u0433\u0430\u0437\u0435\u0442, \u0436\u0443\u0440\u043d\u0430\u043b\u0456\u0432 \u0442\u0430 \u043f\u0435\u0440\u0456\u043e\u0434\u0438\u0447\u043d\u0438\u0445 \u0432\u0438\u0434\u0430\u043d\u044c, \u044f\u043a\u0449\u043e \u0432\u0438 \u043d\u0435 \u0437\u0440\u043e\u0431\u0438\u043b\u0438 \u0434\u043e\u0433\u043e\u0432\u0456\u0440\u043d\u0443 \u0437\u0430\u044f\u0432\u0443 \u043f\u043e \u0442\u0435\u043b\u0435\u0444\u043e\u043d\u0443.<\/li>\n<\/ul>\n<\/div>","protected":false},"excerpt":{"rendered":"<p>Verbrauchern steht ein Widerrufsrecht nach folgender Ma\u00dfgabe zu, wobei Verbraucher jede nat\u00fcrliche Person ist, die ein Rechtsgesch\u00e4ft zu einem Zwecke abschlie\u00dft, der weder ihrer gewerblichen noch ihrer selbst\u00e4ndigen beruflichen T\u00e4tigkeit zugerechnet werden kann: Widerrufsrecht Sie k\u00f6nnen Ihre Vertragserkl\u00e4rung innerhalb von 14 Tagen ohne Angabe von Gr\u00fcnden in Textform (z. B. Brief, Fax, E-Mail) oder \u2013 [&hellip;]<\/p>\n","protected":false},"author":3,"featured_media":0,"parent":0,"menu_order":0,"comment_status":"closed","ping_status":"closed","template":"","meta":{"_acf_changed":false,"_glsr_average":0,"_glsr_ranking":0,"_glsr_reviews":0,"footnotes":""},"class_list":["post-1928","page","type-page","status-publish","hentry"],"acf":[],"_links":{"self":[{"href":"https:\/\/eu.goodseed.com\/uk\/wp-json\/wp\/v2\/pages\/1928","targetHints":{"allow":["GET"]}}],"collection":[{"href":"https:\/\/eu.goodseed.com\/uk\/wp-json\/wp\/v2\/pages"}],"about":[{"href":"https:\/\/eu.goodseed.com\/uk\/wp-json\/wp\/v2\/types\/page"}],"author":[{"embeddable":true,"href":"https:\/\/eu.goodseed.com\/uk\/wp-json\/wp\/v2\/users\/3"}],"replies":[{"embeddable":true,"href":"https:\/\/eu.goodseed.com\/uk\/wp-json\/wp\/v2\/comments?post=1928"}],"version-history":[{"count":1,"href":"https:\/\/eu.goodseed.com\/uk\/wp-json\/wp\/v2\/pages\/1928\/revisions"}],"predecessor-version":[{"id":1929,"href":"https:\/\/eu.goodseed.com\/uk\/wp-json\/wp\/v2\/pages\/1928\/revisions\/1929"}],"wp:attachment":[{"href":"https:\/\/eu.goodseed.com\/uk\/wp-json\/wp\/v2\/media?parent=1928"}],"curies":[{"name":"wp","href":"https:\/\/api.w.org\/{rel}","templated":true}]}}