{"id":1679,"date":"2025-06-11T20:38:57","date_gmt":"2025-06-11T20:38:57","guid":{"rendered":"https:\/\/eu.goodseed.com\/?page_id=1679"},"modified":"2025-08-07T20:56:24","modified_gmt":"2025-08-07T20:56:24","slug":"impressum","status":"publish","type":"page","link":"https:\/\/eu.goodseed.com\/uk\/impressum\/","title":{"rendered":"\u0412\u0456\u0434\u0431\u0438\u0442\u043e\u043a"},"content":{"rendered":"<div class=\"entry-content\">\n<p><b>CMV Hagedorn<\/b><br \/>\n\u0432 \u043e\u0441\u043e\u0431\u0456 \u0413\u0435\u043e\u0440\u0433\u0430 \u0425\u0430\u0433\u0435\u0434\u043e\u0440\u043d\u0430<br \/>\nIm Huferfeld 10<br \/>\n40468 \u0414\u044e\u0441\u0441\u0435\u043b\u044c\u0434\u043e\u0440\u0444<br \/>\n\u0422\u0435\u043b\u0435\u0444\u043e\u043d: +49 (0) 211-429 98 56<\/p>\n<p><strong>\u0415\u043b\u0435\u043a\u0442\u0440\u043e\u043d\u043d\u0430 \u043f\u043e\u0448\u0442\u0430:<\/strong> info@cmv-duesseldorf.de<\/p>\n<p><strong>\u041a\u0435\u0440\u0443\u044e\u0447\u0438\u0439 \u0434\u0438\u0440\u0435\u043a\u0442\u043e\u0440:<\/strong> \u0413\u0435\u043e\u0440\u0433 \u0425\u0430\u0433\u0435\u0434\u043e\u0440\u043d<\/p>\n<p>\u0406\u0434\u0435\u043d\u0442\u0438\u0444\u0456\u043a\u0430\u0446\u0456\u0439\u043d\u0438\u0439 \u043d\u043e\u043c\u0435\u0440 \u043f\u043b\u0430\u0442\u043d\u0438\u043a\u0430 \u043f\u043e\u0434\u0430\u0442\u043a\u0443 \u043d\u0430 \u0434\u043e\u0434\u0430\u043d\u0443 \u0432\u0430\u0440\u0442\u0456\u0441\u0442\u044c: DE335506353<\/p>\n<p><strong>\u0411\u0430\u043d\u043a\u0456\u0432\u0441\u044c\u043a\u0456 \u0440\u0435\u043a\u0432\u0456\u0437\u0438\u0442\u0438:<\/strong><\/p>\n<p>\u0413\u0435\u043e\u0440\u0433 \u0425\u0430\u0433\u0435\u0434\u043e\u0440\u043d<br \/>\nIBAN: DE60 3005 0110 0038 0161 50<br \/>\nBIC: DUSSDEDDXXX<\/p>\n<h3>\u041e\u0431\u0441\u043b\u0443\u0433\u043e\u0432\u0443\u0432\u0430\u043d\u043d\u044f \u043a\u043b\u0456\u0454\u043d\u0442\u0456\u0432<\/h3>\n<p>\u041f\u0438\u0448\u0456\u0442\u044c \u043d\u0430\u043c \u043d\u0430: info@cmv-duesseldorf.de<br \/>\n\u0422\u0435\u043b\u0435\u0444\u043e\u043d: +49 (0) 211-429 98 56 (\u0440\u043e\u0431\u043e\u0447\u0456 \u0434\u043d\u0456 \u043f\u043d-\u043f\u0442: 9:00 - 17:00)<\/p>\n<h3>\u0417\u0430\u043c\u043e\u0432\u0438\u0442\u0438 \u043f\u043e\u0441\u043b\u0443\u0433\u0443<\/h3>\n<p>\u0414\u043b\u044f \u043f\u0438\u0441\u044c\u043c\u043e\u0432\u043e\u0433\u043e \u0437\u0430\u043c\u043e\u0432\u043b\u0435\u043d\u043d\u044f: bestellung@cmv-duesseldorf.de<br \/>\n\u0422\u0435\u043b\u0435\u0444\u043e\u043d: +49 (0) 211-429 98 56<\/p>\n<div class=\"woocommerce woocommerce-gzd woocommerce-gzd-complaints-shortcode\">\n<h3>\u0410\u043b\u044c\u0442\u0435\u0440\u043d\u0430\u0442\u0438\u0432\u043d\u0435 \u0432\u0438\u0440\u0456\u0448\u0435\u043d\u043d\u044f \u0441\u043f\u043e\u0440\u0456\u0432 \u0432\u0456\u0434\u043f\u043e\u0432\u0456\u0434\u043d\u043e \u0434\u043e \u0441\u0442. 14 \u043f. 1 ODR-VO \u0442\u0430 \u00a7 36 VSBG:<\/h3>\n<p>\u0404\u0432\u0440\u043e\u043f\u0435\u0439\u0441\u044c\u043a\u0430 \u041a\u043e\u043c\u0456\u0441\u0456\u044f \u043d\u0430\u0434\u0430\u0454 \u043f\u043b\u0430\u0442\u0444\u043e\u0440\u043c\u0443 \u0434\u043b\u044f \u043e\u043d\u043b\u0430\u0439\u043d \u0432\u0438\u0440\u0456\u0448\u0435\u043d\u043d\u044f \u0441\u043f\u043e\u0440\u0456\u0432 (\u041e\u0421), \u0434\u043e\u0441\u0442\u0443\u043f \u0434\u043e \u044f\u043a\u043e\u0457 \u043c\u043e\u0436\u043d\u0430 \u043e\u0442\u0440\u0438\u043c\u0430\u0442\u0438 \u0437\u0430 \u043f\u043e\u0441\u0438\u043b\u0430\u043d\u043d\u044f\u043c <a href=\"https:\/\/ec.europa.eu\/consumers\/odr\" target=\"_blank\" rel=\"noopener\">https:\/\/ec.europa.eu\/consumers\/odr<\/a> \u0437\u043d\u0430\u0439\u0442\u0438. \u041c\u0438 \u043d\u0435 \u0437\u043e\u0431\u043e\u0432'\u044f\u0437\u0430\u043d\u0456 \u0456 \u043d\u0435 \u0431\u0430\u0436\u0430\u0454\u043c\u043e \u0431\u0440\u0430\u0442\u0438 \u0443\u0447\u0430\u0441\u0442\u044c \u0443 \u0440\u043e\u0437\u0433\u043b\u044f\u0434\u0456 \u0441\u043f\u043e\u0440\u0456\u0432 \u0443 \u0441\u043f\u043e\u0436\u0438\u0432\u0447\u043e\u043c\u0443 \u0430\u0440\u0431\u0456\u0442\u0440\u0430\u0436\u0456.<\/p>\n<\/div>\n<h3>\u0420\u0456\u0437\u043d\u0435<\/h3>\n<p><b>\u042e\u0440\u0438\u0434\u0438\u0447\u043d\u0435 \u043f\u043e\u0432\u0456\u0434\u043e\u043c\u043b\u0435\u043d\u043d\u044f \u0442\u0430\u043a\u043e\u0436 \u0441\u0442\u043e\u0441\u0443\u0454\u0442\u044c\u0441\u044f \u043d\u0430\u0441\u0442\u0443\u043f\u043d\u0438\u0445 \u043f\u0440\u043e\u0444\u0456\u043b\u0456\u0432 \u0443 \u0441\u043e\u0446\u0456\u0430\u043b\u044c\u043d\u0438\u0445 \u043c\u0435\u0440\u0435\u0436\u0430\u0445<\/b><\/p>\n<ul>\n<li>Facebook<\/li>\n<li>Instagram<\/li>\n<li>YouTube<\/li>\n<\/ul>\n<p><b>\u0410\u0432\u0442\u043e\u0440\u0441\u044c\u043a\u0435 \u043f\u0440\u0430\u0432\u043e:<\/b> GoodSeed International. \u0412\u0441\u0456 \u043f\u0440\u0430\u0432\u0430 \u0437\u0430\u0445\u0438\u0449\u0435\u043d\u0456.<br \/>\n\u041f\u0435\u0440\u0435\u0434\u0440\u0443\u043a, \u0432\u043a\u043b\u044e\u0447\u0435\u043d\u043d\u044f \u0432 \u043e\u043d\u043b\u0430\u0439\u043d-\u0441\u0435\u0440\u0432\u0456\u0441\u0438 \u0442\u0430 \u0406\u043d\u0442\u0435\u0440\u043d\u0435\u0442, \u0430 \u0442\u0430\u043a\u043e\u0436 \u0432\u0456\u0434\u0442\u0432\u043e\u0440\u0435\u043d\u043d\u044f \u043d\u0430 \u043d\u043e\u0441\u0456\u044f\u0445 \u0456\u043d\u0444\u043e\u0440\u043c\u0430\u0446\u0456\u0457 \u0434\u043e\u0437\u0432\u043e\u043b\u044f\u0454\u0442\u044c\u0441\u044f \u043b\u0438\u0448\u0435 \u0437\u0430 \u043f\u043e\u043f\u0435\u0440\u0435\u0434\u043d\u044c\u043e\u0457 \u043f\u0438\u0441\u044c\u043c\u043e\u0432\u043e\u0457 \u0437\u0433\u043e\u0434\u0438 \u0432\u0438\u0434\u0430\u0432\u0446\u044f. GoodSeed \u043d\u0435 \u043d\u0435\u0441\u0435 \u0432\u0456\u0434\u043f\u043e\u0432\u0456\u0434\u0430\u043b\u044c\u043d\u043e\u0441\u0442\u0456 \u0437\u0430 \u043d\u0435\u0437\u0430\u0442\u0440\u0435\u0431\u0443\u0432\u0430\u043d\u0456 \u0440\u0443\u043a\u043e\u043f\u0438\u0441\u0438 \u0442\u0430 \u0444\u043e\u0442\u043e\u0433\u0440\u0430\u0444\u0456\u0457.<\/p>\n<p>&nbsp;<\/p>\n<\/div>","protected":false},"excerpt":{"rendered":"<p>CMV Hagedorn vertreten durch Georg Hagedorn Im Huferfeld 10 40468 D\u00fcsseldorf Telefon: +49 (0) 211-429 98 56 E-Mail: info@cmv-duesseldorf.de Gesch\u00e4ftsf\u00fchrer: Georg Hagedorn Umsatzsteuer ID-Nummer: DE335506353 Bankverbindung: Georg Hagedorn IBAN: DE60 3005 0110 0038 0161 50 BIC: DUSSDEDDXXX Kundenservice Schreiben Sie uns: info@cmv-duesseldorf.de Telefon: +49 (0) 211-429 98 56 (Werktags Mo-Fr: 9:00 \u2013 17:00 Uhr) Bestellservice [&hellip;]<\/p>\n","protected":false},"author":3,"featured_media":0,"parent":0,"menu_order":0,"comment_status":"closed","ping_status":"closed","template":"","meta":{"_acf_changed":false,"_glsr_average":0,"_glsr_ranking":0,"_glsr_reviews":0,"footnotes":""},"class_list":["post-1679","page","type-page","status-publish","hentry"],"acf":[],"_links":{"self":[{"href":"https:\/\/eu.goodseed.com\/uk\/wp-json\/wp\/v2\/pages\/1679","targetHints":{"allow":["GET"]}}],"collection":[{"href":"https:\/\/eu.goodseed.com\/uk\/wp-json\/wp\/v2\/pages"}],"about":[{"href":"https:\/\/eu.goodseed.com\/uk\/wp-json\/wp\/v2\/types\/page"}],"author":[{"embeddable":true,"href":"https:\/\/eu.goodseed.com\/uk\/wp-json\/wp\/v2\/users\/3"}],"replies":[{"embeddable":true,"href":"https:\/\/eu.goodseed.com\/uk\/wp-json\/wp\/v2\/comments?post=1679"}],"version-history":[{"count":3,"href":"https:\/\/eu.goodseed.com\/uk\/wp-json\/wp\/v2\/pages\/1679\/revisions"}],"predecessor-version":[{"id":2067,"href":"https:\/\/eu.goodseed.com\/uk\/wp-json\/wp\/v2\/pages\/1679\/revisions\/2067"}],"wp:attachment":[{"href":"https:\/\/eu.goodseed.com\/uk\/wp-json\/wp\/v2\/media?parent=1679"}],"curies":[{"name":"wp","href":"https:\/\/api.w.org\/{rel}","templated":true}]}}