{"id":982,"date":"2025-05-02T03:03:54","date_gmt":"2025-05-02T03:03:54","guid":{"rendered":"https:\/\/eu.goodseed.com\/?post_type=product&#038;p=982"},"modified":"2025-12-05T01:17:30","modified_gmt":"2025-12-05T01:17:30","slug":"in-ka-hai-how-sweet-it-is-in-ka-hai-how-sweet-it-is-in-ka-hai-how-sweet-it-is","status":"publish","type":"product","link":"https:\/\/eu.goodseed.com\/ro\/product\/in-ka-hai-how-sweet-it-is-in-ka-hai-how-sweet-it-is-in-ka-hai-how-sweet-it-is\/","title":{"rendered":"Inka-hai: C\u00e2t de dulce este!"},"content":{"rendered":"<p><iframe src=\"https:\/\/www.youtube-nocookie.com\/embed\/0qg1nHKiw0E\" width=\"480\" height=\"360\" frameborder=\"0\"><\/iframe><\/p>\n<p>&nbsp;<\/p>\n<p><a href=\"https:\/\/ca.goodseed.com\/in-ka-hai-how-sweet-it-is-ebook\/\">Auch im eBook-Format erh\u00e4ltlich<\/a>.<\/p>\n<p>&nbsp;<\/p>\n<p><em>In-k\u00e1-hai: How Sweet It Is!<\/em> ist die wahre Geschichte von Pete und Leah Humphreys, die 17 Jahre lang in der trockenen Chaco-Region in Paraguay gearbeitet haben. Sie waren Bibellehrer bei den Manj\u00fai. Diese Stammesangeh\u00f6rigen hatten keine Ahnung von der Bibel und waren in ihrem traditionellen Glauben verwurzelt.<\/p>\n<p>Obwohl die Humphreys sehr darauf bedacht waren, die Bibel klar zu lehren, stie\u00dfen sie auf Probleme. Die Manj\u00fai trugen eine christliche Fassade, doch darunter hielten sie an ihrem animistischen Glauben fest. Sie vermischten zwei Glaubenssysteme miteinander. Was konnten Pete und Leah tun? Dass die Manj\u00fais schlie\u00dflich Jesus vertrauten, ist eine spannende Geschichte \u00fcber den Dienst an vorderster Front in Aktion.<\/p>\n<p>Erfahren Sie, was die Humphreys taten, um die Herausforderungen zu meistern, und &#8211; was noch wichtiger ist &#8211; sehen Sie, wie dies f\u00fcr gew\u00f6hnliche Gl\u00e4ubige \u00fcberall auf der Welt heute anwendbar ist.<\/p>\n<p><strong><a title=\"In-ka-hai Leseproben\" href=\"http:\/\/www.goodseed.com\/pdfs\/samples\/sample-in-ka-hai-english-010047.pdf\" target=\"_blank\" rel=\"noopener\">Mostre de lectur\u0103<\/a><\/strong><\/p>\n<p>Anzahl der Seiten: 160<br \/>\nISBN: 9781927429150<\/p>\n<p><strong>Einschlie\u00dflich eines sechsteiligen Studienleitfadens, der auf Lektionen aus der Geschichte basiert: <\/strong><\/p>\n<ul>\n<li>Die Bedeutung der Glaubw\u00fcrdigkeit beim Weitergeben des Evangeliums<\/li>\n<li>Was man beachten muss, wenn man das Evangelium mit biblischen Analphabeten teilt<\/li>\n<li>Wie eine Person, die kein begnadeter Kommunikator ist, das Evangelium weitergeben kann<\/li>\n<li>Die Frage derjenigen, die sagen, dass sie gerettet sind, aber nicht so handeln<\/li>\n<li>Das Problem des Synkretismus und wie man es angeht<\/li>\n<\/ul>\n<div>\n<p><strong>Geeignet f\u00fcr diese Zielgruppen:<\/strong><\/p>\n<ul>\n<li>Pers\u00f6nliches Lesen und Nachdenken<\/li>\n<li>Kleingruppen<\/li>\n<li>Christliche Schulen<\/li>\n<li>Bibelschulen &#038; Seminare (Pastoral, Mission, Evangelisation)<\/li>\n<li>Sonntagsschule<\/li>\n<\/ul>\n<\/div>\n<div>\n<p class=\"p1\">&#8222;In-k\u00e1-hai&#8220; ist Teil der Ambassador Series. Die Ambassador Series ist ein Lehrplan, der Gl\u00e4ubige mit dem Auftrag, der Botschaft und den Methoden der Weitergabe der guten Nachricht von Jesus Christus ausr\u00fcstet.<\/p>\n<p class=\"p1\"><strong><a title=\"PDF-Vorschau von In-k\u00e1-hai\" href=\"http:\/\/www.goodseed.com\/blog\/wp-content\/uploads\/2013\/09\/goodseed-in-ka-hai-preview.pdf\" target=\"_blank\" rel=\"noopener\">Lesen Sie eine Vorschau von In-k\u00e1-hai.<\/a><\/strong><\/p>\n<\/div>\n<p><iframe src=\"https:\/\/www.youtube-nocookie.com\/embed\/0qg1nHKiw0E\" width=\"480\" height=\"360\" frameborder=\"0\"><\/iframe><\/p>\n<p>&nbsp;<\/p>\n<p><a href=\"https:\/\/ca.goodseed.com\/in-ka-hai-how-sweet-it-is-ebook\/\">Auch im eBook-Format erh\u00e4ltlich<\/a>.<\/p>\n<p>&nbsp;<\/p>\n<p><em>In-k\u00e1-hai: How Sweet It Is!<\/em> ist die wahre Geschichte von Pete und Leah Humphreys, die 17 Jahre lang in der trockenen Chaco-Region in Paraguay gearbeitet haben. Sie waren Bibellehrer bei den Manj\u00fai. Diese Stammesangeh\u00f6rigen hatten keine Ahnung von der Bibel und waren in ihrem traditionellen Glauben verwurzelt.<\/p>\n<p>Obwohl die Humphreys sehr darauf bedacht waren, die Bibel klar zu lehren, stie\u00dfen sie auf Probleme. Die Manj\u00fai trugen eine christliche Fassade, doch darunter hielten sie an ihrem animistischen Glauben fest. Sie vermischten zwei Glaubenssysteme miteinander. Was konnten Pete und Leah tun? Dass die Manj\u00fais schlie\u00dflich Jesus vertrauten, ist eine spannende Geschichte \u00fcber den Dienst an vorderster Front in Aktion.<\/p>\n<p>Erfahren Sie, was die Humphreys taten, um die Herausforderungen zu meistern, und &#8211; was noch wichtiger ist &#8211; sehen Sie, wie dies f\u00fcr gew\u00f6hnliche Gl\u00e4ubige \u00fcberall auf der Welt heute anwendbar ist.<\/p>\n<p><strong><a title=\"In-ka-hai Leseproben\" href=\"http:\/\/www.goodseed.com\/pdfs\/samples\/sample-in-ka-hai-english-010047.pdf\" target=\"_blank\" rel=\"noopener\">Mostre de lectur\u0103<\/a><\/strong><\/p>\n<p>Anzahl der Seiten: 160<br \/>\nISBN: 9781927429150<\/p>\n<p><strong>Einschlie\u00dflich eines sechsteiligen Studienleitfadens, der auf Lektionen aus der Geschichte basiert: <\/strong><\/p>\n<ul>\n<li>Die Bedeutung der Glaubw\u00fcrdigkeit beim Weitergeben des Evangeliums<\/li>\n<li>Was man beachten muss, wenn man das Evangelium mit biblischen Analphabeten teilt<\/li>\n<li>Wie eine Person, die kein begnadeter Kommunikator ist, das Evangelium weitergeben kann<\/li>\n<li>Die Frage derjenigen, die sagen, dass sie gerettet sind, aber nicht so handeln<\/li>\n<li>Das Problem des Synkretismus und wie man es angeht<\/li>\n<\/ul>\n<div>\n<p><strong>Geeignet f\u00fcr diese Zielgruppen:<\/strong><\/p>\n<ul>\n<li>Pers\u00f6nliches Lesen und Nachdenken<\/li>\n<li>Kleingruppen<\/li>\n<li>Christliche Schulen<\/li>\n<li>Bibelschulen &#038; Seminare (Pastoral, Mission, Evangelisation)<\/li>\n<li>Sonntagsschule<\/li>\n<\/ul>\n<\/div>\n<div>\n<p class=\"p1\">&#8222;In-k\u00e1-hai&#8220; ist Teil der Ambassador Series. Die Ambassador Series ist ein Lehrplan, der Gl\u00e4ubige mit dem Auftrag, der Botschaft und den Methoden der Weitergabe der guten Nachricht von Jesus Christus ausr\u00fcstet.<\/p>\n<p class=\"p1\"><strong><a title=\"PDF-Vorschau von In-k\u00e1-hai\" href=\"http:\/\/www.goodseed.com\/blog\/wp-content\/uploads\/2013\/09\/goodseed-in-ka-hai-preview.pdf\" target=\"_blank\" rel=\"noopener\">Lesen Sie eine Vorschau von In-k\u00e1-hai.<\/a><\/strong><\/p>\n<\/div>","protected":false},"excerpt":{"rendered":"<p>&nbsp; Auch im eBook-Format erh\u00e4ltlich. &nbsp; In-k\u00e1-hai: How Sweet It Is! ist die wahre Geschichte von Pete und Leah Humphreys, die 17 Jahre lang in der trockenen Chaco-Region in Paraguay gearbeitet haben. Sie waren Bibellehrer bei den Manj\u00fai. Diese Stammesangeh\u00f6rigen hatten keine Ahnung von der Bibel und waren in ihrem traditionellen Glauben verwurzelt. Obwohl die [&hellip;]<\/p>\n","protected":false},"featured_media":984,"comment_status":"closed","ping_status":"closed","template":"","meta":{"_acf_changed":false,"_glsr_average":0,"_glsr_ranking":0,"_glsr_reviews":0},"product_brand":[],"product_cat":[23],"product_tag":[],"giftcard-category":[],"class_list":{"0":"post-982","1":"product","2":"type-product","3":"status-publish","4":"has-post-thumbnail","6":"product_cat-andere-materialien","8":"first","9":"instock","10":"taxable","11":"shipping-taxable","12":"purchasable","13":"product-type-simple"},"acf":[],"_links":{"self":[{"href":"https:\/\/eu.goodseed.com\/ro\/wp-json\/wp\/v2\/product\/982","targetHints":{"allow":["GET"]}}],"collection":[{"href":"https:\/\/eu.goodseed.com\/ro\/wp-json\/wp\/v2\/product"}],"about":[{"href":"https:\/\/eu.goodseed.com\/ro\/wp-json\/wp\/v2\/types\/product"}],"replies":[{"embeddable":true,"href":"https:\/\/eu.goodseed.com\/ro\/wp-json\/wp\/v2\/comments?post=982"}],"wp:featuredmedia":[{"embeddable":true,"href":"https:\/\/eu.goodseed.com\/ro\/wp-json\/wp\/v2\/media\/984"}],"wp:attachment":[{"href":"https:\/\/eu.goodseed.com\/ro\/wp-json\/wp\/v2\/media?parent=982"}],"wp:term":[{"taxonomy":"product_brand","embeddable":true,"href":"https:\/\/eu.goodseed.com\/ro\/wp-json\/wp\/v2\/product_brand?post=982"},{"taxonomy":"product_cat","embeddable":true,"href":"https:\/\/eu.goodseed.com\/ro\/wp-json\/wp\/v2\/product_cat?post=982"},{"taxonomy":"product_tag","embeddable":true,"href":"https:\/\/eu.goodseed.com\/ro\/wp-json\/wp\/v2\/product_tag?post=982"},{"taxonomy":"giftcard-category","embeddable":true,"href":"https:\/\/eu.goodseed.com\/ro\/wp-json\/wp\/v2\/giftcard-category?post=982"}],"curies":[{"name":"wp","href":"https:\/\/api.w.org\/{rel}","templated":true}]}}