{"id":977,"date":"2025-05-02T02:59:39","date_gmt":"2025-05-02T02:59:39","guid":{"rendered":"https:\/\/eu.goodseed.com\/?post_type=product&#038;p=977"},"modified":"2025-12-05T01:17:40","modified_gmt":"2025-12-05T01:17:40","slug":"the-ambassador-series-bundle-4-pack","status":"publish","type":"product","link":"https:\/\/eu.goodseed.com\/ro\/product\/the-ambassador-series-bundle-4-pack\/","title":{"rendered":"Seria Ambassador \u00eentr-un pachet de 4"},"content":{"rendered":"<p>Das f\u00fcr bibelgl\u00e4ubige Menschen geschriebene Set der Ambassador Series enth\u00e4lt die folgenden Materialien:<\/p>\n<ul>\n<li>\u201eAnd Beginning with Moses\u201c (Buch)<\/li>\n<li>\u201eWhat&#8217;s in a Name?\u201c (DVD)<\/li>\n<li>\u201eFlying Truth in Formation\u201c (DVD)<\/li>\n<li>\u201eUnlocking the Biblical Worldview\u201c (DVD)<\/li>\n<\/ul>\n<p>Unsere Kultur ist durchdrungen von postmodernem, s\u00e4kularem Denken. Die Menschen glauben, dass Wahrheit relativ ist &#8211; \u201edu hast deine Wahrheit und ich habe meine\u201c &#8211; und dass Gott eine universelle Kraft ist. Hinzu kommt der wachsende Trend des biblischen Analphabetentums, und man steht vor sehr realen Hindernissen, wenn man einem Freund die Botschaft des Evangeliums erkl\u00e4ren will.<\/p>\n<p>Die bisherigen Methoden der Evangelisation funktionieren nicht gut. Gl\u00e4ubige suchen nach Wegen, um die Botschaft der Bibel klar zu vermitteln. Was k\u00f6nnen wir tun?<\/p>\n<p>Die \u201eBotschafter-Reihe\u201c untersucht diese Fragen in Bezug auf die Botschaft und die Methode, die Jesus auf dem Weg nach Emmaus gelehrt und angewendet hat.<\/p>\n<p>In der Serie werden zun\u00e4chst&#8230;<\/p>\n<ul>\n<li>Probleme bei der Vermittlung des Evangeliums aufgezeigt.<\/li>\n<li>Themen, die die Botschaft verwirren, werden behandelt. <\/li>\n<\/ul>\n<div>Dann untersucht sie&#8230;<\/div>\n<div>\n<ul>\n<li>die Architektur der Bibel selbst, um zu sehen, wie Gott die Botschaft zusammengef\u00fcgt hat.<\/li>\n<li>wie Jesus die Botschaft des Evangeliums vermittelte.<\/li>\n<\/ul>\n<div>Schlie\u00dflich schlie\u00dft die Serie mit&#8230;<\/div>\n<div>\n<ul>\n<li>Es werden mehrere effektive, biblische und klare Wege aufgezeigt, wie man Menschen, die wenig oder nichts \u00fcber die Bibel wissen, das Evangelium erkl\u00e4ren kann.<\/li>\n<\/ul>\n<div><\/div>\n<div><\/div>\n<div>\n<h2><strong>1. And Beginning with Moses (114-seitiges Buch)<\/strong><\/h2>\n<p>Dieses Buch befasst sich mit den Problemen, mit denen wir bei der Vermittlung des Evangeliums in der heutigen Kultur konfrontiert sind, darunter Themen wie:<\/p>\n<ul>\n<li>Synkretismus<\/li>\n<li>Zu kurz gefasst<\/li>\n<li>Zu viel von den Zuh\u00f6rern erwarten<\/li>\n<li>Nicht auf das Wesentliche des Evangeliums eingehen<\/li>\n<\/ul>\n<div><\/div>\n<div>Das Buch untersucht, wie man ein klares Evangelium vermittelt: <\/div>\n<div>\n<ul>\n<li>Einf\u00fchrung in die vier irreduziblen Minima des Evangeliums<\/li>\n<li>Bestreben nach Klarheit und Verst\u00e4ndnis<\/li>\n<li>Nutzung der Architektur der Schrift, um zu \u00fcberzeugen und Klarheit zu schaffen<\/li>\n<li>Schl\u00fcsselgeschichten des Alten Testaments, um Kontext und Hintergrund f\u00fcr das Verst\u00e4ndnis des Neuen Testaments zu liefern. <\/li>\n<\/ul>\n<div><\/div>\n<div>Die zweite H\u00e4lfte des Buches befasst sich mit Werkzeugen, die bei der Verk\u00fcndigung des Evangeliums wirksam sind. Ebenfalls enthalten sind Abschnitte \u00fcber h\u00e4ufige Fehler, die mit diesen Werkzeugen gemacht werden, sowie Ideen, wie man sie effektiv einsetzen kann.<\/div>\n<div><\/div>\n<div><\/div>\n<\/div>\n<div><\/div>\n<div>\n<h2><strong>2. What&#8217;s in a Name? (60 Min. DVD)<\/strong><\/h2>\n<p>Als Gl\u00e4ubige hoffen wir, Menschen davon zu \u00fcberzeugen, ihr Vertrauen in Jesus Christus zu setzen. Aber wie k\u00f6nnen die Menschen das tun, wenn sie nicht wissen, wer Jesus ist? War er nur ein guter Mensch? Ein aufgestiegener Meister? Einer der Propheten? Oder ein Gott? Bitten wir die Menschen, einem Fremden zu vertrauen?<\/p>\n<p>Diese DVD geht der Frage nach: \u201eWie k\u00f6nnen wir einer Welt, die Jesus nicht kennt, seine Identit\u00e4t und sein Werk klar vermitteln?\u201c<\/p>\n<p>Wir sehen, wie die Heilige Schrift zun\u00e4chst die Identit\u00e4t Jesu festlegt und dann erkl\u00e4rt, was Jesus getan hat. Erst wenn das klar festgestellt ist, wird die Frage gestellt: \u201eVertraust du ihm?\u201c<\/p>\n<p>Erfahren Sie selbst, warum es wichtig ist, die Identit\u00e4t und das Werk Jesu gut zu verstehen, um das Evangelium zu erkl\u00e4ren.<br \/>\n&nbsp;<\/p>\n<p>&nbsp;<\/p>\n<h2><strong>3. Flying Truth in Formation (60 Min. DVD)<\/strong><\/h2>\n<p>Die Architektur der Heiligen Schrift ist anders als jede andere \u201eheilige\u201c Literatur. In die Struktur der Bibel selbst ist ein System der Selbstauthentifizierung eingebettet, das ein starkes Argument f\u00fcr die Wahrhaftigkeit des Wortes Gottes liefert.<\/p>\n<p>Wenn die Menschen verstehen, dass man der Bibel vertrauen kann, werden sie eher den Wunsch versp\u00fcren, zu untersuchen, was sie \u00fcber das Leben, den Tod und das Leben nach dem Tod zu sagen hat.<\/p>\n<p>Diese DVD erforscht diese Architektur und erkl\u00e4rt, wie Bibelgl\u00e4ubige sowohl einer skeptischen Welt als auch einer fragenden Kirche mit Zuversicht begegnen k\u00f6nnen.<\/p>\n<p>&nbsp;<\/p>\n<p>&nbsp;<\/p>\n<h2><strong>4. Die biblische Weltanschauung entschl\u00fcsseln (DVD, vier Sitzungen, je 40 Min.)<\/strong><\/h2>\n<p>Eine Weltanschauung ist wie eine Brille, mit der wir die Welt betrachten. Sie ist unsere \u00dcberzeugung \u00fcber die Art und Weise, wie die Welt funktioniert, \u00fcber Fragen von richtig und falsch und \u00fcber Leben und Tod. Unsere Weltanschauung beeinflusst die Entscheidungen, die wir treffen, und die Art, wie wir leben.<\/p>\n<\/div>\n<p>Diese DVD erforscht die biblische Weltanschauung. Sie definiert m\u00e4chtige Schl\u00fcssel, die in der Heiligen Schrift enthalten sind und uns helfen k\u00f6nnen, die Botschaft der Bibel zu entschl\u00fcsseln. Diese Schl\u00fcssel sind n\u00fctzlich, um die Bibel in den richtigen Kontext zu stellen.<\/p>\n<p>Die DVD behandelt folgende Themen:<\/p>\n<ul>\n<li>Dynamik der Weltanschauung<\/li>\n<li>Die Macht der biblischen Erz\u00e4hlung<\/li>\n<li>Die Macht der visuellen Hilfsmittel<\/li>\n<li>Die Macht der prophetischen Geschichte<\/li>\n<\/ul>\n<\/div>\n<\/div>\n<\/div>","protected":false},"excerpt":{"rendered":"<p>Das f\u00fcr bibelgl\u00e4ubige Menschen geschriebene Set der Ambassador Series enth\u00e4lt die folgenden Materialien: \u201eAnd Beginning with Moses\u201c (Buch) \u201eWhat&#8217;s in a Name?\u201c (DVD) \u201eFlying Truth in Formation\u201c (DVD) \u201eUnlocking the Biblical Worldview\u201c (DVD) Unsere Kultur ist durchdrungen von postmodernem, s\u00e4kularem Denken. Die Menschen glauben, dass Wahrheit relativ ist &#8211; \u201edu hast deine Wahrheit und ich [&hellip;]<\/p>\n","protected":false},"featured_media":978,"comment_status":"closed","ping_status":"closed","template":"","meta":{"_acf_changed":false,"_glsr_average":0,"_glsr_ranking":0,"_glsr_reviews":0},"product_brand":[],"product_cat":[23],"product_tag":[],"giftcard-category":[],"class_list":{"0":"post-977","1":"product","2":"type-product","3":"status-publish","4":"has-post-thumbnail","6":"product_cat-andere-materialien","8":"first","9":"instock","10":"taxable","11":"shipping-taxable","12":"purchasable","13":"product-type-simple"},"acf":[],"_links":{"self":[{"href":"https:\/\/eu.goodseed.com\/ro\/wp-json\/wp\/v2\/product\/977","targetHints":{"allow":["GET"]}}],"collection":[{"href":"https:\/\/eu.goodseed.com\/ro\/wp-json\/wp\/v2\/product"}],"about":[{"href":"https:\/\/eu.goodseed.com\/ro\/wp-json\/wp\/v2\/types\/product"}],"replies":[{"embeddable":true,"href":"https:\/\/eu.goodseed.com\/ro\/wp-json\/wp\/v2\/comments?post=977"}],"wp:featuredmedia":[{"embeddable":true,"href":"https:\/\/eu.goodseed.com\/ro\/wp-json\/wp\/v2\/media\/978"}],"wp:attachment":[{"href":"https:\/\/eu.goodseed.com\/ro\/wp-json\/wp\/v2\/media?parent=977"}],"wp:term":[{"taxonomy":"product_brand","embeddable":true,"href":"https:\/\/eu.goodseed.com\/ro\/wp-json\/wp\/v2\/product_brand?post=977"},{"taxonomy":"product_cat","embeddable":true,"href":"https:\/\/eu.goodseed.com\/ro\/wp-json\/wp\/v2\/product_cat?post=977"},{"taxonomy":"product_tag","embeddable":true,"href":"https:\/\/eu.goodseed.com\/ro\/wp-json\/wp\/v2\/product_tag?post=977"},{"taxonomy":"giftcard-category","embeddable":true,"href":"https:\/\/eu.goodseed.com\/ro\/wp-json\/wp\/v2\/giftcard-category?post=977"}],"curies":[{"name":"wp","href":"https:\/\/api.w.org\/{rel}","templated":true}]}}