{"id":955,"date":"2025-05-02T02:45:44","date_gmt":"2025-05-02T02:45:44","guid":{"rendered":"https:\/\/eu.goodseed.com\/?post_type=product&#038;p=955"},"modified":"2025-07-07T07:11:06","modified_gmt":"2025-07-07T07:11:06","slug":"front-cover-back-cover-now-we-see-clearly-dvd-english","status":"publish","type":"product","link":"https:\/\/eu.goodseed.com\/ro\/product\/front-cover-back-cover-now-we-see-clearly-dvd-english\/","title":{"rendered":"Acum vedem clar DVD (englez\u0103)"},"content":{"rendered":"<p>\u201eNow We See Clearly\u201c ofer\u0103 o imagine de ansamblu excelent\u0103 a ceea ce \u00eenseamn\u0103 evanghelizarea prin viziune mondial\u0103. Puinaves din Columbia au fost \u00eenv\u0103\u021ba\u021bi Evanghelia, dar nu \u00een limba lor matern\u0103. Ei participaser\u0103 la biseric\u0103 \u00een ultimii 30 de ani de c\u00e2nd primiser\u0103 calea m\u00e2ntuirii, dar, de\u0219i spuneau c\u0103 cred, ceva p\u0103rea s\u0103 lipseasc\u0103 \u00een \u00een\u021belegerea lor.<\/p>\n<p>Acum erau \u00eenv\u0103\u021ba\u021bi s\u0103 citeasc\u0103 Biblia cronologic, \u00een propria lor limb\u0103. Le-ar afecta acest lucru \u00een\u021belegerea? Cum ar r\u0103spunde ei la Evanghelie? Acest DVD de 30 de minute folose\u0219te povestea Puinaves pentru a ilustra de ce abordarea cronologic\u0103 este at\u00e2t de eficient\u0103 \u00een a le oferi oamenilor o \u00een\u021belegere clar\u0103 a Evangheliei.<\/p>\n<p>Arunca\u021bi o privire asupra istoriei Puinaves \u0219i afla\u021bi mai multe despre evanghelizare dintr-o perspectiv\u0103 mondial\u0103!<\/p>\n<p>Regiunea DVD: Toate regiunile<br \/>\nDurata:30 min.<\/p>","protected":false},"excerpt":{"rendered":"<p>&#8222;Now We See Clearly&#8220; gibt einen ausgezeichneten \u00dcberblick dar\u00fcber, worum es bei der Evangelisation mit Weltanschauung geht. Den Puinaves aus Kolumbien war das Evangelium gelehrt worden, aber nicht in ihrer Muttersprache. Sie hatten in den letzten 30 Jahren in der Kirche gespielt, seit sie den Weg der Erl\u00f6sung erhalten hatten, aber obwohl sie sagten, dass [&hellip;]<\/p>\n","protected":false},"featured_media":956,"comment_status":"closed","ping_status":"closed","template":"","meta":{"_acf_changed":false,"_glsr_average":0,"_glsr_ranking":0,"_glsr_reviews":0},"product_brand":[],"product_cat":[23,76],"product_tag":[53],"giftcard-category":[],"class_list":{"0":"post-955","1":"product","2":"type-product","3":"status-publish","4":"has-post-thumbnail","6":"product_cat-andere-materialien","7":"product_cat-englisch","8":"product_tag-english","10":"first","11":"instock","12":"taxable","13":"shipping-taxable","14":"purchasable","15":"product-type-simple"},"acf":[],"_links":{"self":[{"href":"https:\/\/eu.goodseed.com\/ro\/wp-json\/wp\/v2\/product\/955","targetHints":{"allow":["GET"]}}],"collection":[{"href":"https:\/\/eu.goodseed.com\/ro\/wp-json\/wp\/v2\/product"}],"about":[{"href":"https:\/\/eu.goodseed.com\/ro\/wp-json\/wp\/v2\/types\/product"}],"replies":[{"embeddable":true,"href":"https:\/\/eu.goodseed.com\/ro\/wp-json\/wp\/v2\/comments?post=955"}],"wp:featuredmedia":[{"embeddable":true,"href":"https:\/\/eu.goodseed.com\/ro\/wp-json\/wp\/v2\/media\/956"}],"wp:attachment":[{"href":"https:\/\/eu.goodseed.com\/ro\/wp-json\/wp\/v2\/media?parent=955"}],"wp:term":[{"taxonomy":"product_brand","embeddable":true,"href":"https:\/\/eu.goodseed.com\/ro\/wp-json\/wp\/v2\/product_brand?post=955"},{"taxonomy":"product_cat","embeddable":true,"href":"https:\/\/eu.goodseed.com\/ro\/wp-json\/wp\/v2\/product_cat?post=955"},{"taxonomy":"product_tag","embeddable":true,"href":"https:\/\/eu.goodseed.com\/ro\/wp-json\/wp\/v2\/product_tag?post=955"},{"taxonomy":"giftcard-category","embeddable":true,"href":"https:\/\/eu.goodseed.com\/ro\/wp-json\/wp\/v2\/giftcard-category?post=955"}],"curies":[{"name":"wp","href":"https:\/\/api.w.org\/{rel}","templated":true}]}}