{"id":860,"date":"2025-04-29T07:41:48","date_gmt":"2025-04-29T07:41:48","guid":{"rendered":"https:\/\/eu.goodseed.com\/?post_type=product&#038;p=860"},"modified":"2025-12-05T01:19:17","modified_gmt":"2025-12-05T01:19:17","slug":"by-this-name-english","status":"publish","type":"product","link":"https:\/\/eu.goodseed.com\/ro\/product\/by-this-name-english\/","title":{"rendered":"Sub acest nume (englez\u0103)"},"content":{"rendered":"<blockquote>\n<ul>\n<li><strong>Cump\u0103ra\u021bi 4 - 11 <\/strong>\u0219i primi\u021bi <strong>20% Reducere<\/strong><\/li>\n<li><strong>Cump\u0103ra\u021bi 12 - 23 <\/strong>\u0219i primi\u021bi <strong>30% Reducere<\/strong><\/li>\n<li><strong>Cump\u0103ra\u021bi 24 sau mai mult <\/strong>\u0219i primi\u021bi <strong>40% Reducere<\/strong><\/li>\n<\/ul>\n<\/blockquote>\n<p>Este posibil s\u0103 vi se fi spus: \u201eM\u0103 bucur c\u0103 a\u021bi g\u0103sit calea c\u0103tre Dumnezeu, dar toat\u0103 lumea \u00cel g\u0103se\u0219te \u00een alte locuri \u0219i \u00een alte religii. \u201c Deci, cum pute\u021bi comunica Evanghelia cuiva care crede c\u0103 Dumnezeu este prezent \u00een \u00eentreaga natur\u0103? Ce spui atunci c\u00e2nd prietenul t\u0103u crede c\u0103 \u201eDumnezeu\u201c este mai degrab\u0103 o for\u021b\u0103 sau o energie spiritual\u0103 dec\u00e2t o persoan\u0103? \u00centr-o lume \u00een care \u201espiritualitatea\u201c a devenit popular\u0103, iar cunoa\u0219terea lui Dumnezeu aproape c\u0103 a disp\u0103rut, cum pute\u021bi \u00eemp\u0103rt\u0103\u0219i vestea bun\u0103 a lui Isus Hristos? Chiar \u0219i lumea occidental\u0103 a fost influen\u021bat\u0103 de culturi care cred \u00een mai mul\u021bi dumnezei.<\/p>\n<p><em>Dup\u0103 acest nume<\/em> explic\u0103 mesajul central al Bibliei pentru oamenii care nu au nicio idee despre Biblie. Bazat\u0103 pe structura Evangheliei dup\u0103 Ioan, cartea \u00eel distinge clar pe Dumnezeul Bibliei de to\u021bi ceilal\u021bi dumnezei. Ea stabile\u0219te autoritatea Sfintei Scripturi \u0219i compar\u0103 cu aten\u021bie viziunea biblic\u0103 asupra lumii cu viziunile orientale asupra lumii. Ea leag\u0103 povestiri-cheie din Vechiul \u0219i Noul Testament pentru a dezv\u0103lui identitatea lui Dumnezeu \u0219i natura p\u0103catului, cu scopul de a r\u0103spunde la dou\u0103 \u00eentreb\u0103ri: \u201eCine este Isus?\u201c \u0219i \u201eCe \u00eenseamn\u0103 povestea crucii \u0219i a morm\u00e2ntului?\u201c Cartea \u00eei ajut\u0103 pe oameni s\u0103 \u00een\u021beleag\u0103 despre ce este vorba \u00een Biblie.<\/p>","protected":false},"excerpt":{"rendered":"<div class=\"productView-info-bulkPricing\">\n<p>Pre\u021buri \u00een vrac: Mai jos sunt ratele de reducere \u00een vrac disponibile pentru fiecare articol individual atunci c\u00e2nd achizi\u021biona\u021bi o anumit\u0103 cantitate<\/p>\n<ul>\n<li>Cump\u0103ra\u021bi 3 - 11 \u0219i primi\u021bi 20% reducere<\/li>\n<li>Cump\u0103ra\u021bi 12 - 23 \u0219i primi\u021bi 30% reducere<\/li>\n<li>Cump\u0103ra\u021bi 24 sau mai mult \u0219i primi\u021bi 40% reducere<\/li>\n<\/ul>\n<\/div>","protected":false},"featured_media":861,"comment_status":"closed","ping_status":"closed","template":"","meta":{"_acf_changed":false,"_glsr_average":0,"_glsr_ranking":0,"_glsr_reviews":0},"product_brand":[109],"product_cat":[76,18,50,17],"product_tag":[53],"giftcard-category":[],"class_list":{"0":"post-860","1":"product","2":"type-product","3":"status-publish","4":"has-post-thumbnail","6":"product_brand-der-versprochene-unter-diesem-namen","7":"product_cat-englisch","8":"product_cat-evangelisation_nachfolge","9":"product_cat-fernostliche-weltanschauung","10":"product_cat-new-release","11":"product_tag-english","13":"first","14":"instock","15":"taxable","16":"shipping-taxable","17":"purchasable","18":"product-type-simple"},"acf":[],"_links":{"self":[{"href":"https:\/\/eu.goodseed.com\/ro\/wp-json\/wp\/v2\/product\/860","targetHints":{"allow":["GET"]}}],"collection":[{"href":"https:\/\/eu.goodseed.com\/ro\/wp-json\/wp\/v2\/product"}],"about":[{"href":"https:\/\/eu.goodseed.com\/ro\/wp-json\/wp\/v2\/types\/product"}],"replies":[{"embeddable":true,"href":"https:\/\/eu.goodseed.com\/ro\/wp-json\/wp\/v2\/comments?post=860"}],"wp:featuredmedia":[{"embeddable":true,"href":"https:\/\/eu.goodseed.com\/ro\/wp-json\/wp\/v2\/media\/861"}],"wp:attachment":[{"href":"https:\/\/eu.goodseed.com\/ro\/wp-json\/wp\/v2\/media?parent=860"}],"wp:term":[{"taxonomy":"product_brand","embeddable":true,"href":"https:\/\/eu.goodseed.com\/ro\/wp-json\/wp\/v2\/product_brand?post=860"},{"taxonomy":"product_cat","embeddable":true,"href":"https:\/\/eu.goodseed.com\/ro\/wp-json\/wp\/v2\/product_cat?post=860"},{"taxonomy":"product_tag","embeddable":true,"href":"https:\/\/eu.goodseed.com\/ro\/wp-json\/wp\/v2\/product_tag?post=860"},{"taxonomy":"giftcard-category","embeddable":true,"href":"https:\/\/eu.goodseed.com\/ro\/wp-json\/wp\/v2\/giftcard-category?post=860"}],"curies":[{"name":"wp","href":"https:\/\/api.w.org\/{rel}","templated":true}]}}