{"id":858,"date":"2025-04-29T07:38:05","date_gmt":"2025-04-29T07:38:05","guid":{"rendered":"https:\/\/eu.goodseed.com\/?post_type=product&#038;p=858"},"modified":"2025-12-05T01:19:23","modified_gmt":"2025-12-05T01:19:23","slug":"all-that-the-prophets-have-spoken-english","status":"publish","type":"product","link":"https:\/\/eu.goodseed.com\/ro\/product\/all-that-the-prophets-have-spoken-english\/","title":{"rendered":"Tot ce au spus profe\u021bii (englez\u0103)"},"content":{"rendered":"<blockquote>\n<ul>\n<li><strong>Cump\u0103ra\u021bi 4 - 11 <\/strong>\u0219i primi\u021bi <strong>20% Reducere<\/strong><\/li>\n<li><strong>Cump\u0103ra\u021bi 12 - 23 <\/strong>\u0219i primi\u021bi <strong>30% Reducere<\/strong><\/li>\n<li><strong>Cump\u0103ra\u021bi 24 sau mai mult <\/strong>\u0219i primi\u021bi <strong>40% Reducere<\/strong><\/li>\n<\/ul>\n<\/blockquote>\n<p>Mit der zunehmenden Verbreitung des Islams treffen Sie mehr Muslime. Aber wie k\u00f6nnen Sie ihnen die zentrale Botschaft der Heiligen Schrift vermitteln? Wo soll man anfangen? Wie kann man \u00fcberhaupt anfangen?<\/p>\n<p>In ihrem heiligen Buch, dem Koran, wird den Muslimen gesagt, dass sie an die Thora des Mose, die Psalmen Davids und das Evangelium von Jesus glauben sollen. Und wenn Sie jemals mit ihnen \u00fcber die Heilige Schrift gesprochen haben, haben sie Ihnen vielleicht gesagt, dass sie &#8222;allen Propheten glauben&#8220;.<\/p>\n<p>De\u0219i multe povestiri din Vechiul Testament sunt men\u021bionate \u0219i \u00een Coran \u0219i ambele vorbesc despre aceia\u0219i profe\u021bi, exist\u0103 diferen\u021be semnificative \u00een interpretare \u0219i \u00een\u021belegere. Dar cum pute\u021bi trece peste aceste diferen\u021be pentru a transmite mesajul Bibliei \u00eentr-un mod pe care ei \u00eel pot \u00een\u021belege?<\/p>\n<p><em>All that the Prophets have Spoken<\/em> takes a look at the Word of God from the perspective of a Muslim reader, all without referral to Islam or the Quran. With an awareness of what Muslims believe about key prophets, this book examines what the Scripture has to say about these men and connects them with the core message of the Bible. Keeping in mind the Islamic perspective, the book builds on this understanding and addresses questions Muslims might have, so that by the end, they will have a clear understanding of the God of the Bible.<\/p>\n<p><a title=\"Sample chapters of the book\" href=\"http:\/\/www.goodseed.com\/pdfs\/samples\/sample-atp-eng-039001.pdf\" target=\"_blank\" rel=\"noopener\"><strong>Read sample chapters<\/strong><\/a><\/p>\n<p>This edition includes 98 online video clips. You can watch these video clips on your mobile device or web browser. Use the QR codes and URLs to access them. (<a href=\"http:\/\/goodseed.com\/atp\" target=\"_blank\" rel=\"noopener\">See the videos online<\/a>.) An optional DVD with these clips is also available for separate purchase. To purchase, go to <a href=\"https:\/\/ca.goodseed.com\/add-on-dvd-for-all-that-the-prophets-have-spoken\/\" target=\"_blank\" rel=\"noopener\">Add-On DVD for All that the Prophets Have Spoken<\/a>.<\/p>\n<p>&nbsp;<\/p>\n<p><strong>Caracteristici<\/strong><\/p>\n<ul>\n<li><strong>Scris pentru adul\u021bi \u0219i tineri:<\/strong> \u00cen\u021beles de copiii de la v\u00e2rsta de zece ani, dar scris pentru adolescen\u021bi \u0219i adul\u021bi.<\/li>\n<li><strong>Presupuneri:<\/strong> Presupune c\u0103 atunci c\u00e2nd cititorii se g\u00e2ndesc la Dumnezeu, ei se g\u00e2ndesc la un singur Dumnezeu \u0219i c\u0103 Dumnezeu este o persoan\u0103, nu o for\u021b\u0103. Nu se presupune nicio alt\u0103 cunoa\u0219tere a Bibliei.<\/li>\n<li><strong>viziunea musulman\u0103 asupra lumii:<\/strong> Explic\u0103 mesajul Bibliei \u00eentr-un mod pe care oamenii cu un fundal cultural islamic (dar nu neap\u0103rat musulmani prin convingere) \u00eel pot \u00een\u021belege f\u0103r\u0103 a amesteca viziunile islamic\u0103 \u0219i biblic\u0103 asupra lumii.<\/li>\n<li><strong>Cronologic:<\/strong> Beginnt mit der Erschaffung des Universums und geht dann der Reihe nach durch die Schl\u00fcsselgeschichten des Alten Testaments zum Neuen Testament \u00fcber, um die Bedeutung des Kreuzes und des Grabes aufzuzeigen. Die Hauptgeschichte der Bibel wird zu einem universellen, allumfassenden Drama zusammengef\u00fcgt. Es folgt demselben Handlungsstrang wie \u201eDer Fremde auf dem Weg nach Emmaus\u201c, unterscheidet sich aber um 25 Prozent. Der Unterschied ist signifikant.<\/li>\n<li><strong>Bazat pe Evanghelia dup\u0103 Ioan:<\/strong> Folose\u0219te Evanghelia dup\u0103 Ioan ca model; \u00een acela\u0219i timp, ofer\u0103 povestirile de fundal necesare pentru a contextualiza Evanghelia. Se presupune c\u0103 cititorul \u0219tie foarte pu\u021bin, dac\u0103 nu chiar nimic, despre Cuv\u00e2ntul lui Dumnezeu.<\/li>\n<li><strong>Obiectiv:<\/strong> Die Heilige Schrift darf f\u00fcr sich selbst sprechen, wenn sie die gute Nachricht von Jesus Christus pr\u00e4sentiert. Es gibt kein Zureden zum Glauben. Die Botschaft wird objektiv dargelegt; die Entscheidung, ob man glaubt oder nicht, bleibt dem Leser \u00fcberlassen.<\/li>\n<li><strong>Exceptarea Scripturii de la tradi\u021biile religioase:<\/strong> Der Leser wird in das Wort Gottes eingef\u00fchrt, ohne dass er mit religi\u00f6sen Fallen konfrontiert wird.<\/li>\n<li><strong>Versuri biblice:<\/strong> Spus\u0103 ca o poveste, 1244 de versete biblice sunt \u00eempletite \u00een text. Cititorul se implic\u0103 el \u00eensu\u0219i \u00een textul Bibliei.<\/li>\n<li><strong>Ilustrat\u0103:<\/strong> Peste 100 de desene, h\u0103r\u021bi \u0219i diagrame ajut\u0103 la explicarea pove\u0219tii.<\/li>\n<li><strong>Conceput ca un cadou:<\/strong> Cartea poate fi dat\u0103 mai departe ca un tratat evanghelic. \u00cen acest fel, cititorii pot experimenta singuri mesajul Bibliei.<\/li>\n<\/ul>\n<p>Seitenzahl: 288<br \/>\nISBN: 9781890082536<\/p>\n<p>De asemenea, disponibil: <a href=\"https:\/\/ca.goodseed.com\/all-that-the-prophets-have-spoken-english-ebook\/\">Edi\u021bie eBook<\/a><\/p>","protected":false},"excerpt":{"rendered":"<div class=\"productView-info-bulkPricing\">\n<p>Bulk Pricing: Below are the available bulk discount rates for each individual item when you purchase a certain amount<\/p>\n<ul>\n<li>Cump\u0103ra\u021bi 3 - 11 \u0219i primi\u021bi 20% reducere<\/li>\n<li>Cump\u0103ra\u021bi 12 - 23 \u0219i primi\u021bi 30% reducere<\/li>\n<li>Cump\u0103ra\u021bi 24 sau mai mult \u0219i primi\u021bi 40% reducere<\/li>\n<\/ul>\n<\/div>\n<div class=\"productView-specs\">\n<div><\/div>\n<\/div>","protected":false},"featured_media":859,"comment_status":"closed","ping_status":"closed","template":"","meta":{"_acf_changed":false,"_glsr_average":0,"_glsr_ranking":0,"_glsr_reviews":0},"product_brand":[111],"product_cat":[76,18,49,17],"product_tag":[53],"giftcard-category":[],"class_list":{"0":"post-858","1":"product","2":"type-product","3":"status-publish","4":"has-post-thumbnail","6":"product_brand-alles-was-die-propheten-verheissen-haben","7":"product_cat-englisch","8":"product_cat-evangelisation_nachfolge","9":"product_cat-islamische-weltanschauung","10":"product_cat-new-release","11":"product_tag-english","13":"first","14":"instock","15":"taxable","16":"shipping-taxable","17":"purchasable","18":"product-type-simple"},"acf":[],"_links":{"self":[{"href":"https:\/\/eu.goodseed.com\/ro\/wp-json\/wp\/v2\/product\/858","targetHints":{"allow":["GET"]}}],"collection":[{"href":"https:\/\/eu.goodseed.com\/ro\/wp-json\/wp\/v2\/product"}],"about":[{"href":"https:\/\/eu.goodseed.com\/ro\/wp-json\/wp\/v2\/types\/product"}],"replies":[{"embeddable":true,"href":"https:\/\/eu.goodseed.com\/ro\/wp-json\/wp\/v2\/comments?post=858"}],"wp:featuredmedia":[{"embeddable":true,"href":"https:\/\/eu.goodseed.com\/ro\/wp-json\/wp\/v2\/media\/859"}],"wp:attachment":[{"href":"https:\/\/eu.goodseed.com\/ro\/wp-json\/wp\/v2\/media?parent=858"}],"wp:term":[{"taxonomy":"product_brand","embeddable":true,"href":"https:\/\/eu.goodseed.com\/ro\/wp-json\/wp\/v2\/product_brand?post=858"},{"taxonomy":"product_cat","embeddable":true,"href":"https:\/\/eu.goodseed.com\/ro\/wp-json\/wp\/v2\/product_cat?post=858"},{"taxonomy":"product_tag","embeddable":true,"href":"https:\/\/eu.goodseed.com\/ro\/wp-json\/wp\/v2\/product_tag?post=858"},{"taxonomy":"giftcard-category","embeddable":true,"href":"https:\/\/eu.goodseed.com\/ro\/wp-json\/wp\/v2\/giftcard-category?post=858"}],"curies":[{"name":"wp","href":"https:\/\/api.w.org\/{rel}","templated":true}]}}