{"id":852,"date":"2025-04-29T07:22:59","date_gmt":"2025-04-29T07:22:59","guid":{"rendered":"https:\/\/eu.goodseed.com\/?post_type=product&#038;p=852"},"modified":"2025-07-30T22:28:20","modified_gmt":"2025-07-30T22:28:20","slug":"by-this-name-leaders-guide-english-pdf","status":"publish","type":"product","link":"https:\/\/eu.goodseed.com\/ro\/product\/by-this-name-leaders-guide-english-pdf\/","title":{"rendered":"By This Name Ghid pentru manageri (englez\u0103, PDF)"},"content":{"rendered":"<p><strong>HINWEIS: Dies ist eine PDF-Version des\u00a0<\/strong><strong>die\u00a0<a href=\"https:\/\/ca.goodseed.com\/by-this-name-leaders-guide-english\/\">Leitfaden f\u00fcr F\u00fchrungskr\u00e4fte<\/a>\u00a0for\u00a0<em><a href=\"https:\/\/ca.goodseed.com\/by-this-name-english\/\">Unter diesem Namen<\/a><\/em>.<\/strong><\/p>\n<p>In der heutigen Welt \u00fcbernehmen viele ihre eigene Art von Spiritualit\u00e4t und machen Gott zu dem, was sie wollen. Andere halten Gott f\u00fcr eine unpers\u00f6nliche Kraft. <em>By This Name <\/em>verwendet eine selten verwendete, aber solide biblische Methode, um den Gott der Bibel von anderen Formen der Spiritualit\u00e4t zu unterscheiden, und dabei zwei Fragen beantworten: \u201eWer ist Jesus?\u201c und \u201eWas hat es mit dem Kreuz und dem Grab auf sich?\u201c Es stellt die Autorit\u00e4t der Heiligen Schrift heraus und vergleicht die biblische Weltanschauung mit anderen Weltanschauungen in einer objektiven, nicht aufdringlichen Weise.<\/p>\n<p><em>Das Handbuch f\u00fcr Leiter <\/em>ist ideal f\u00fcr jeden Gl\u00e4ubigen, der jemanden durch einen sch\u00f6pfungsgem\u00e4\u00dfen Zugang zum Evangelium lehren m\u00f6chte. Es gibt einen soliden \u00dcberblick \u00fcber die Hauptbotschaft der Bibel. Es verkn\u00fcpft die wichtigsten Geschichten des Alten und Neuen Testaments miteinander, um die Identit\u00e4t Gottes und das Wesen der S\u00fcnde zu offenbaren und dabei zwei Fragen zu beantworten: \u201eWer ist Jesus?\u201c und \u201eWas hat es mit der Geschichte vom Kreuz und dem Grab auf sich?\u201c Sie hilft dem Menschen, die Hauptbotschaft der Bibel klar zu verstehen.<\/p>\n<p>&nbsp;<\/p>\n<p><strong>Features: <\/strong><\/p>\n<ul>\n<li>PDF-Lehrerhandbuch<\/li>\n<li>Enth\u00e4lt den vollst\u00e4ndigen Text des Buches<\/li>\n<li>Angaben dazu, wie man allein oder mit einem Co-Lehrer unterrichtet und wie man die visuellen Hilfsmittel, Videos und das Arbeitsbuch verwendet<\/li>\n<li>Videos, die online \u00fcber QR-Code und URLs zug\u00e4nglich sind<\/li>\n<li>Ein Abschnitt mit Anmerkungen f\u00fcr den Leiter, der tiefer gehende Informationen bietet<\/li>\n<\/ul>\n<p>Dieses Lehrerhandbuch ist auch ein Bestandteil der <a href=\"https:\/\/ca. goodseed.com\/worldview-rethink-curriculum-box-english\/\">Worldview Rethink-Lehrplanbox<\/a>. Er kann allein oder mit anderen Worldview Rethink-Ressourcen verwendet werden.<\/p>\n<p>&nbsp;<\/p>\n<p><a href=\"https:\/\/ca.goodseed.com\/coupon-codes-and-ebook-downloads\/\">[Klicken Sie hier, um Hilfe bei der Verwendung der Coupons oder beim Herunterladen der Ebooks zu erhalten.]<\/a><\/p>\n","protected":false},"excerpt":{"rendered":"<p>HINWEIS: Dies ist eine PDF-Version des\u00a0die\u00a0Leitfaden f\u00fcr F\u00fchrungskr\u00e4fte\u00a0for\u00a0Unter diesem Namen. In der heutigen Welt \u00fcbernehmen viele ihre eigene Art von Spiritualit\u00e4t und machen Gott zu dem, was sie wollen. Andere halten Gott f\u00fcr eine unpers\u00f6nliche Kraft. By This Name verwendet eine selten verwendete, aber solide biblische Methode, um den Gott der Bibel von anderen Formen [&hellip;]<\/p>\n","protected":false},"featured_media":853,"comment_status":"closed","ping_status":"closed","template":"","meta":{"_acf_changed":false,"_glsr_average":0,"_glsr_ranking":0,"_glsr_reviews":0},"product_brand":[109],"product_cat":[24,76,18,50,17],"product_tag":[53],"giftcard-category":[],"class_list":{"0":"post-852","1":"product","2":"type-product","3":"status-publish","4":"has-post-thumbnail","6":"product_brand-der-versprochene-unter-diesem-namen","7":"product_cat-ebooks","8":"product_cat-englisch","9":"product_cat-evangelisation_nachfolge","10":"product_cat-fernostliche-weltanschauung","11":"product_cat-new-release","12":"product_tag-english","14":"first","15":"instock","16":"taxable","17":"shipping-taxable","18":"purchasable","19":"product-type-simple"},"acf":[],"_links":{"self":[{"href":"https:\/\/eu.goodseed.com\/ro\/wp-json\/wp\/v2\/product\/852","targetHints":{"allow":["GET"]}}],"collection":[{"href":"https:\/\/eu.goodseed.com\/ro\/wp-json\/wp\/v2\/product"}],"about":[{"href":"https:\/\/eu.goodseed.com\/ro\/wp-json\/wp\/v2\/types\/product"}],"replies":[{"embeddable":true,"href":"https:\/\/eu.goodseed.com\/ro\/wp-json\/wp\/v2\/comments?post=852"}],"wp:featuredmedia":[{"embeddable":true,"href":"https:\/\/eu.goodseed.com\/ro\/wp-json\/wp\/v2\/media\/853"}],"wp:attachment":[{"href":"https:\/\/eu.goodseed.com\/ro\/wp-json\/wp\/v2\/media?parent=852"}],"wp:term":[{"taxonomy":"product_brand","embeddable":true,"href":"https:\/\/eu.goodseed.com\/ro\/wp-json\/wp\/v2\/product_brand?post=852"},{"taxonomy":"product_cat","embeddable":true,"href":"https:\/\/eu.goodseed.com\/ro\/wp-json\/wp\/v2\/product_cat?post=852"},{"taxonomy":"product_tag","embeddable":true,"href":"https:\/\/eu.goodseed.com\/ro\/wp-json\/wp\/v2\/product_tag?post=852"},{"taxonomy":"giftcard-category","embeddable":true,"href":"https:\/\/eu.goodseed.com\/ro\/wp-json\/wp\/v2\/giftcard-category?post=852"}],"curies":[{"name":"wp","href":"https:\/\/api.w.org\/{rel}","templated":true}]}}