{"id":848,"date":"2025-04-29T07:15:58","date_gmt":"2025-04-29T07:15:58","guid":{"rendered":"https:\/\/eu.goodseed.com\/?post_type=product&#038;p=848"},"modified":"2025-12-05T01:19:51","modified_gmt":"2025-12-05T01:19:51","slug":"by-this-name-french","status":"publish","type":"product","link":"https:\/\/eu.goodseed.com\/ro\/product\/by-this-name-french\/","title":{"rendered":"Sub acest nume (francez\u0103)"},"content":{"rendered":"<blockquote>\n<ul>\n<li><strong>Cump\u0103ra\u021bi 4 - 11 <\/strong>\u0219i primi\u021bi <strong>20% Reducere<\/strong><\/li>\n<li><strong>Cump\u0103ra\u021bi 12 - 23 <\/strong>\u0219i primi\u021bi <strong>30% Reducere<\/strong><\/li>\n<li><strong>Cump\u0103ra\u021bi 24 sau mai mult <\/strong>\u0219i primi\u021bi <strong>40% Reducere<\/strong><\/li>\n<\/ul>\n<\/blockquote>\n<p class=\"no-fr\">Aceasta este <em>Par ce nom<\/em>, edi\u021bia francez\u0103 a <em><a title=\"Dup\u0103 acest nume\" href=\"https:\/\/ca. goodseed.com\/by-this-name-english\/\">Dup\u0103 acest nume<\/a><\/em>.<\/p>\n<p>Urm\u0103toarea este descrierea edi\u021biei \u00een limba englez\u0103:<\/p>\n<p>Este posibil s\u0103 vi se fi spus: \u201eM\u0103 bucur c\u0103 a\u021bi g\u0103sit calea c\u0103tre Dumnezeu, dar toat\u0103 lumea \u00cel g\u0103se\u0219te \u00een alte locuri \u0219i \u00een alte religii\u201c. A\u0219adar, cum \u00eemp\u0103rt\u0103\u0219i\u021bi Evanghelia cu cineva care crede c\u0103 Dumnezeu este prezent \u00een \u00eentreaga natur\u0103? Ce spui atunci c\u00e2nd prietenul t\u0103u crede c\u0103 \u201eDumnezeu\u201c este mai degrab\u0103 o for\u021b\u0103 sau o energie spiritual\u0103 dec\u00e2t o persoan\u0103? \u00centr-o lume \u00een care \u201espiritualitatea\u201c a devenit popular\u0103, iar cunoa\u0219terea lui Dumnezeu aproape c\u0103 a disp\u0103rut, cum pute\u021bi \u00eemp\u0103rt\u0103\u0219i vestea cea bun\u0103 a lui Isus Hristos? Chiar \u0219i lumea occidental\u0103 a fost influen\u021bat\u0103 de culturi care cred \u00een mai mul\u021bi dumnezei.<\/p>\n<p>\u201eDup\u0103 acest nume\u201c explic\u0103 mesajul central al Bibliei pentru oamenii care nu cunosc Biblia. Bazat\u0103 pe structura Evangheliei dup\u0103 Ioan, cartea \u00eel distinge clar pe Dumnezeul Bibliei de to\u021bi ceilal\u021bi dumnezei. Ea stabile\u0219te autoritatea Sfintei Scripturi \u0219i compar\u0103 cu aten\u021bie viziunea biblic\u0103 asupra lumii cu viziunile orientale asupra lumii. Ea leag\u0103 povestiri-cheie din Vechiul \u0219i Noul Testament pentru a dezv\u0103lui identitatea lui Dumnezeu \u0219i natura p\u0103catului, cu scopul de a r\u0103spunde la dou\u0103 \u00eentreb\u0103ri: \u201eCine este Isus?\u201c \u0219i \u201eCe \u00eenseamn\u0103 povestea crucii \u0219i a morm\u00e2ntului?\u201c Cartea \u00eei ajut\u0103 pe oameni s\u0103 \u00een\u021beleag\u0103 despre ce este vorba \u00een Biblie.<\/p>\n<p>\u201eDup\u0103 acest nume\u201c urmeaz\u0103 o structur\u0103 cronologic\u0103 similar\u0103 cu \u201eStr\u0103inul de pe drumul spre Emaus\u201c, dar con\u021binutul s\u0103u difer\u0103 cu 60%.<\/p>\n<p><a title=\"Exemple de lectur\u0103 a c\u0103r\u021bii\" href=\"http:\/\/www.goodseed.com\/pdfs\/samples\/sample-btn-french-049002.pdf\" target=\"_blank\" rel=\"noopener\"><strong>Mostre de lectur\u0103<\/strong><\/a><\/p>\n<h4><\/h4>\n<h4><strong>Caracteristici<\/strong><\/h4>\n<ul>\n<li><strong>Scris pentru adul\u021bi \u0219i tineri:<\/strong> Cartea este potrivit\u0103 pentru adul\u021bi \u0219i tineri.<\/li>\n<li><strong>Condi\u021bii prealabile:<\/strong> Se presupune c\u0103 cititorii au cuno\u0219tin\u021be mici sau deloc despre Biblie.<\/li>\n<li><strong>Viziunea oriental\u0103 asupra lumii:<\/strong> Abordeaz\u0103 un mod de g\u00e2ndire post-modern, post-cre\u0219tin \u0219i secular. Abordeaz\u0103, de asemenea, probleme care decurg din politeism, panteism, animism, agnosticism \u0219i ateism.<\/li>\n<li><strong>Cronologic:<\/strong> \u00cencepe cu crearea universului \u0219i apoi trece secven\u021bial prin pove\u0219tile cheie ale Vechiului Testament p\u00e2n\u0103 la Noul Testament pentru a dezv\u0103lui semnifica\u021bia crucii \u0219i a morm\u00e2ntului. Povestea principal\u0103 a Bibliei este \u00eempletit\u0103 \u00eentr-o dram\u0103 universal\u0103, atotcuprinz\u0103toare. Cartea urmeaz\u0103 acela\u0219i scenariu ca \u0219i \u201eStr\u0103inul de pe drumul spre Emaus\u201c, dar este cu 60% diferit\u0103 de aceasta.<\/li>\n<li><strong>Bazat pe Evanghelia dup\u0103 Ioan:<\/strong> Folose\u0219te Evanghelia dup\u0103 Ioan ca model; \u00een acela\u0219i timp, ofer\u0103 povestirile de fundal necesare pentru a contextualiza Evanghelia. Se presupune c\u0103 cititorul \u0219tie foarte pu\u021bin sau nimic despre Biblie.<\/li>\n<li><strong>Dumnezeul Bibliei este unic:<\/strong> El r\u0103spunde la \u00eentrebarea: \u201eCe face cartea voastr\u0103 sf\u00e2nt\u0103 mai bun\u0103 dec\u00e2t a mea?\u201c \u201ePrin acest nume\u201c abordeaz\u0103 ceea ce \u00eel distinge pe Dumnezeul Bibliei de to\u021bi ceilal\u021bi dumnezei sau spirite.<\/li>\n<li><strong>Exceptarea Bibliei de la tradi\u021biile religioase:<\/strong> Cititorii sunt introdu\u0219i \u00een Biblie f\u0103r\u0103 niciun bagaj religios.<\/li>\n<li><strong>Obiectiv:<\/strong> Biblia este l\u0103sat\u0103 s\u0103 vorbeasc\u0103 de la sine prezent\u00e2nd vestea bun\u0103 a Domnului Isus Hristos. Nu exist\u0103 nicio convingere de a crede. Mesajul este prezentat obiectiv; decizia de a crede sau nu este l\u0103sat\u0103 la latitudinea cititorului.<\/li>\n<li><strong>Versuri biblice:<\/strong> Spus\u0103 ca o poveste, 1570 de versete biblice sunt \u00eempletite \u00een text. Cititorul se implic\u0103 el \u00eensu\u0219i \u00een textul Bibliei.<\/li>\n<li><strong>Ilustrat\u0103:<\/strong> Peste 100 de desene, h\u0103r\u021bi \u0219i diagrame ajut\u0103 la explicarea pove\u0219tii.<\/li>\n<li><strong>Conceput ca un cadou:<\/strong> Cartea poate fi dat\u0103 mai departe ca un tratat evanghelic. \u00cen acest fel, cititorii pot experimenta singuri mesajul Bibliei.<\/li>\n<\/ul>\n<p>Num\u0103r de pagini: 522<br \/>\nISBN: 97811890082826<\/p>\n<p>De asemenea, disponibil: <a href=\"https:\/\/ca.goodseed.com\/by-this-name-french-ebook\/\">Edi\u021bie eBook<\/a><\/p>","protected":false},"excerpt":{"rendered":"<p>Pre\u021buri \u00een vrac:<\/p>\n<p>Mai jos sunt ratele de reducere disponibile pentru fiecare articol individual atunci c\u00e2nd achizi\u021biona\u021bi o anumit\u0103 cantitate<\/p>\n<ul>\n<li>Cump\u0103ra\u021bi 4 - 11 \u0219i primi\u021bi 20% reducere<\/li>\n<li>Cump\u0103ra\u021bi 12 - 23 \u0219i primi\u021bi 30% reducere<\/li>\n<li>Cump\u0103ra\u021bi 24 sau mai mult \u0219i primi\u021bi 40% reducere<\/li>\n<\/ul>","protected":false},"featured_media":849,"comment_status":"closed","ping_status":"closed","template":"","meta":{"_acf_changed":false,"_glsr_average":0,"_glsr_ranking":0,"_glsr_reviews":0},"product_brand":[109],"product_cat":[24,18,50,78,17],"product_tag":[52],"giftcard-category":[],"class_list":{"0":"post-848","1":"product","2":"type-product","3":"status-publish","4":"has-post-thumbnail","6":"product_brand-der-versprochene-unter-diesem-namen","7":"product_cat-ebooks","8":"product_cat-evangelisation_nachfolge","9":"product_cat-fernostliche-weltanschauung","10":"product_cat-franzoesisch","11":"product_cat-new-release","12":"product_tag-french","14":"first","15":"instock","16":"taxable","17":"shipping-taxable","18":"purchasable","19":"product-type-simple"},"acf":[],"_links":{"self":[{"href":"https:\/\/eu.goodseed.com\/ro\/wp-json\/wp\/v2\/product\/848","targetHints":{"allow":["GET"]}}],"collection":[{"href":"https:\/\/eu.goodseed.com\/ro\/wp-json\/wp\/v2\/product"}],"about":[{"href":"https:\/\/eu.goodseed.com\/ro\/wp-json\/wp\/v2\/types\/product"}],"replies":[{"embeddable":true,"href":"https:\/\/eu.goodseed.com\/ro\/wp-json\/wp\/v2\/comments?post=848"}],"wp:featuredmedia":[{"embeddable":true,"href":"https:\/\/eu.goodseed.com\/ro\/wp-json\/wp\/v2\/media\/849"}],"wp:attachment":[{"href":"https:\/\/eu.goodseed.com\/ro\/wp-json\/wp\/v2\/media?parent=848"}],"wp:term":[{"taxonomy":"product_brand","embeddable":true,"href":"https:\/\/eu.goodseed.com\/ro\/wp-json\/wp\/v2\/product_brand?post=848"},{"taxonomy":"product_cat","embeddable":true,"href":"https:\/\/eu.goodseed.com\/ro\/wp-json\/wp\/v2\/product_cat?post=848"},{"taxonomy":"product_tag","embeddable":true,"href":"https:\/\/eu.goodseed.com\/ro\/wp-json\/wp\/v2\/product_tag?post=848"},{"taxonomy":"giftcard-category","embeddable":true,"href":"https:\/\/eu.goodseed.com\/ro\/wp-json\/wp\/v2\/giftcard-category?post=848"}],"curies":[{"name":"wp","href":"https:\/\/api.w.org\/{rel}","templated":true}]}}