{"id":801,"date":"2025-04-29T05:23:04","date_gmt":"2025-04-29T05:23:04","guid":{"rendered":"https:\/\/eu.goodseed.com\/?post_type=product&#038;p=801"},"modified":"2025-12-05T01:29:16","modified_gmt":"2025-12-05T01:29:16","slug":"by-this-name-thai","status":"publish","type":"product","link":"https:\/\/eu.goodseed.com\/ro\/product\/by-this-name-thai\/","title":{"rendered":"Unter diesem Namen (Thai)"},"content":{"rendered":"<div>\n<ul>\n<li><strong>Kaufen Sie 12 oder mehr <\/strong>\u0219i primi\u021bi <strong>10% Reducere<\/strong><\/li>\n<\/ul>\n<\/div>\n<p>Dies ist die thail\u00e4ndische Ausgabe von &#8222;<a title=\"Dup\u0103 acest nume\" href=\"https:\/\/ca.goodseed.com\/by-this-name-english\/\">Dup\u0103 acest nume<\/a>.&#8220; Es handelt sich um spiralgebundene B\u00fccher, die nicht genau wie abgebildet sind.<\/p>\n<p>Urm\u0103toarea este descrierea edi\u021biei \u00een limba englez\u0103:<\/p>\n<p>Vielleicht hat man Ihnen gesagt: \u201eIch bin froh, dass Sie Ihren Weg zu Gott gefunden haben, aber jeder findet ihn an anderen Orten und in anderen Religionen\u201c. Wie teilen Sie also das Evangelium mit jemandem, der glaubt, dass Gott in der ganzen Natur gegenw\u00e4rtig ist? Was sagen Sie, wenn Ihr Freund sich \u201eGott\u201c eher als eine spirituelle Kraft oder Energie denn als eine Person vorstellt? Wie k\u00f6nnen Sie in einer Welt, in der \u201eSpiritualit\u00e4t\u201c popul\u00e4r geworden ist und das Wissen um Gott so gut wie verschwunden ist, die gute Nachricht von Jesus Christus weitergeben? Selbst die westliche Welt ist von Kulturen beeinflusst worden, die an viele G\u00f6tter glauben.<\/p>\n<p>\u201eBy This Name\u201c erkl\u00e4rt die Kernbotschaft der Bibel f\u00fcr Menschen, die keine Ahnung von der Bibel haben. Anhand der Struktur des Johannesevangeliums hebt das Buch den Gott der Bibel deutlich von allen anderen G\u00f6ttern ab. Es begr\u00fcndet die Autorit\u00e4t der Heiligen Schrift und vergleicht die biblische Weltanschauung behutsam mit \u00f6stlichen Weltanschauungen. Es verkn\u00fcpft Schl\u00fcsselgeschichten aus dem Alten und Neuen Testament, um die Identit\u00e4t Gottes und das Wesen der S\u00fcnde zu enth\u00fcllen, mit dem Ziel, zwei Fragen zu beantworten: \u201eWer ist Jesus?\u201c und \u201eWas hat es mit der Geschichte vom Kreuz und dem Grab auf sich?\u201c Das Buch hilft den Menschen zu verstehen, worum es in der Bibel \u00fcberhaupt geht.<\/p>\n<p>\u201eBy This Name\u201c folgt einem \u00e4hnlichen chronologischen Aufbau wie \u201eThe Stranger on the Road to Emmaus\u201c, unterscheidet sich aber zu 60 Prozent vom Inhalt.<\/p>\n<h4><strong>Caracteristici<\/strong><\/h4>\n<ul>\n<li><strong>Scris pentru adul\u021bi \u0219i tineri:<\/strong> Cartea este potrivit\u0103 pentru adul\u021bi \u0219i tineri.<\/li>\n<li><strong>Presupuneri:<\/strong> Setzt voraus, dass die Leser wenig oder gar keine Kenntnisse \u00fcber die Bibel haben.<\/li>\n<li><strong>Viziunea oriental\u0103 asupra lumii:<\/strong> Setzt sich mit einer postmodernen, postchristlichen, s\u00e4kularen Denkweise auseinander. Geht auch auf Fragen ein, die sich aus Polytheismus, Pantheismus, Animismus, Agnostizismus und Atheismus ergeben.<\/li>\n<li><strong>Cronologic:<\/strong> Beginnt mit der Erschaffung des Universums und geht dann der Reihe nach durch die Schl\u00fcsselgeschichten des Alten Testaments zum Neuen Testament \u00fcber, um die Bedeutung des Kreuzes und des Grabes zu enth\u00fcllen. Die Hauptgeschichte der Bibel wird zu einem universellen, allumfassenden Drama zusammengef\u00fcgt. Folgt demselben Handlungsstrang wie \u201eDer Fremde auf dem Weg nach Emmaus\u201c, unterscheidet sich aber zu 60 Prozent.<\/li>\n<li><strong>Bazat pe Evanghelia dup\u0103 Ioan:<\/strong> Verwendet das Johannesevangelium als Vorlage, liefert aber gleichzeitig die notwendigen Hintergrundgeschichten, um dem Evangelium einen Kontext zu geben. Es geht davon aus, dass der Leser wenig oder gar nichts \u00fcber die Bibel wei\u00df.<\/li>\n<li><strong>Stellt den Gott der Bibel heraus:<\/strong> Beantwortet die Frage: \u201eWas macht Ihr heiliges Buch besser als meines?\u201c \u201eBei diesem Namen\u201c spricht an, was den Gott der Bibel von allen anderen G\u00f6ttern oder Geistern unterscheidet.<\/li>\n<li><strong>Exceptarea Bibliei de la tradi\u021biile religioase:<\/strong> Der Leser lernt die Bibel ohne religi\u00f6ses Drumherum kennen.<\/li>\n<li><strong>Obiectiv:<\/strong> Biblia este l\u0103sat\u0103 s\u0103 vorbeasc\u0103 de la sine prezent\u00e2nd vestea bun\u0103 a Domnului Isus Hristos. Nu exist\u0103 nicio convingere de a crede. Mesajul este prezentat obiectiv; decizia de a crede sau nu este l\u0103sat\u0103 la latitudinea cititorului.<\/li>\n<li><strong>Versuri biblice:<\/strong> Spus\u0103 ca o poveste, 1570 de versete biblice sunt \u00eempletite \u00een text. Cititorul se implic\u0103 el \u00eensu\u0219i \u00een textul Bibliei.<\/li>\n<li><strong>Ilustrat\u0103:<\/strong> Peste 100 de desene, h\u0103r\u021bi \u0219i diagrame ajut\u0103 la explicarea pove\u0219tii.<\/li>\n<li><strong>Conceput ca un cadou:<\/strong> Cartea poate fi dat\u0103 mai departe ca un tratat evanghelic. \u00cen acest fel, cititorii pot experimenta singuri mesajul Bibliei.<\/li>\n<\/ul>\n<p>Seitenzahl: 443<br \/>\nISBN: 9781927429068<\/p>","protected":false},"excerpt":{"rendered":"<p>Pre\u021buri \u00een vrac:<\/p>\n<p>Mai jos sunt ratele de reducere disponibile pentru fiecare articol individual atunci c\u00e2nd achizi\u021biona\u021bi o anumit\u0103 cantitate<\/p>\n<ul>\n<li>Cump\u0103ra\u021bi 12 sau mai mult \u0219i primi\u021bi 10% reducere<\/li>\n<\/ul>","protected":false},"featured_media":802,"comment_status":"closed","ping_status":"closed","template":"","meta":{"_acf_changed":false,"_glsr_average":0,"_glsr_ranking":0,"_glsr_reviews":0},"product_brand":[109],"product_cat":[18,50,95],"product_tag":[],"giftcard-category":[],"class_list":{"0":"post-801","1":"product","2":"type-product","3":"status-publish","4":"has-post-thumbnail","6":"product_brand-der-versprochene-unter-diesem-namen","7":"product_cat-evangelisation_nachfolge","8":"product_cat-fernostliche-weltanschauung","9":"product_cat-thailaendisch","11":"first","12":"instock","13":"taxable","14":"shipping-taxable","15":"purchasable","16":"product-type-simple"},"acf":[],"_links":{"self":[{"href":"https:\/\/eu.goodseed.com\/ro\/wp-json\/wp\/v2\/product\/801","targetHints":{"allow":["GET"]}}],"collection":[{"href":"https:\/\/eu.goodseed.com\/ro\/wp-json\/wp\/v2\/product"}],"about":[{"href":"https:\/\/eu.goodseed.com\/ro\/wp-json\/wp\/v2\/types\/product"}],"replies":[{"embeddable":true,"href":"https:\/\/eu.goodseed.com\/ro\/wp-json\/wp\/v2\/comments?post=801"}],"wp:featuredmedia":[{"embeddable":true,"href":"https:\/\/eu.goodseed.com\/ro\/wp-json\/wp\/v2\/media\/802"}],"wp:attachment":[{"href":"https:\/\/eu.goodseed.com\/ro\/wp-json\/wp\/v2\/media?parent=801"}],"wp:term":[{"taxonomy":"product_brand","embeddable":true,"href":"https:\/\/eu.goodseed.com\/ro\/wp-json\/wp\/v2\/product_brand?post=801"},{"taxonomy":"product_cat","embeddable":true,"href":"https:\/\/eu.goodseed.com\/ro\/wp-json\/wp\/v2\/product_cat?post=801"},{"taxonomy":"product_tag","embeddable":true,"href":"https:\/\/eu.goodseed.com\/ro\/wp-json\/wp\/v2\/product_tag?post=801"},{"taxonomy":"giftcard-category","embeddable":true,"href":"https:\/\/eu.goodseed.com\/ro\/wp-json\/wp\/v2\/giftcard-category?post=801"}],"curies":[{"name":"wp","href":"https:\/\/api.w.org\/{rel}","templated":true}]}}