{"id":756,"date":"2025-04-29T03:14:06","date_gmt":"2025-04-29T03:14:06","guid":{"rendered":"https:\/\/eu.goodseed.com\/?post_type=product&#038;p=756"},"modified":"2025-12-05T01:29:51","modified_gmt":"2025-12-05T01:29:51","slug":"the-stranger-on-the-road-to-emmaus-korean","status":"publish","type":"product","link":"https:\/\/eu.goodseed.com\/ro\/product\/the-stranger-on-the-road-to-emmaus-korean\/","title":{"rendered":"Str\u0103inul pe drumul spre Emaus (coreean\u0103)"},"content":{"rendered":"<div class=\"container 4661726c6579\">\n<div class=\"accordion-block\">\n<div id=\"accordion--description\" class=\"accordion-content is-open\" aria-hidden=\"false\">\n<div>\n<p>Dies ist die koreanische Ausgabe von &#8222;<a title=\"The Stranger on the Road to Emmaus\" href=\"https:\/\/ca.goodseed.com\/the-stranger-on-the-road-to-emmaus-english\/\">The Stranger on the Road to Emmaus<\/a>&#8222;.<\/p>\n<p>Es folgt die Beschreibung aus der englischen Ausgabe:<\/p>\n<p>\u201cThe Stranger on the Road to Emmaus\u201d gives a solid overview of the main message of the Bible. It ties together key Old and New Testament stories to reveal the identity of God and the nature of sin, all the time answering two questions: \u201cWho is Jesus?\u201d and \u201cWhat is the story of the cross and the tomb all about?\u201d It helps a person understand clearly what is the main message of Bible.<\/p>\n<p><em>\u201cThe Bible makes so much sense now!\u201d<\/em><\/p>\n<p>This book is ideal for people who come from a Christianized background, whether Catholic, Protestant or Orthodox. It assumes readers have a concept of only one God who is a person\u2014not a force.<\/p>\n<p><strong>Caracteristici<\/strong><\/p>\n<ul>\n<li><strong>Scris pentru adul\u021bi \u0219i tineri:<\/strong> Verstanden von Kindern ab 10 Jahren, aber geschrieben f\u00fcr Erwachsene und Jugendliche.<\/li>\n<li><strong>Presupuneri:<\/strong> Presupune c\u0103 atunci c\u00e2nd cititorii se g\u00e2ndesc la Dumnezeu, ei se g\u00e2ndesc la un singur Dumnezeu \u0219i c\u0103 Dumnezeu este o persoan\u0103, nu o for\u021b\u0103. Nu se presupune nicio alt\u0103 cunoa\u0219tere a Bibliei.<\/li>\n<li><strong>Christlich gepr\u00e4gte Weltanschauung:<\/strong> Ideal f\u00fcr Leser, die aus einem vom Christentum gepr\u00e4gten Umfeld kommen, sei es katholisch, protestantisch oder orthodox.<\/li>\n<li><strong>Bazat pe Evanghelia dup\u0103 Ioan:<\/strong> Verwendet das Johannesevangelium als Vorlage; bietet gleichzeitig die notwendigen Hintergrundgeschichten, um dem Evangelium einen Kontext zu geben. Es wird davon ausgegangen, dass der Leser wenig oder gar nichts \u00fcber die Bibel wei\u00df.<\/li>\n<li><strong>Cronologic:<\/strong> Es beginnt mit der Erschaffung des Universums und geht dann der Reihe nach durch die Schl\u00fcsselgeschichten des Alten Testaments ins Neue Testament \u00fcber, um die Bedeutung des Kreuzes und des Grabes zu enth\u00fcllen. Die Hauptgeschichte der Bibel wird zu einem universellen, allumfassenden Drama zusammengef\u00fcgt.<\/li>\n<li><strong>Exceptarea Bibliei de la tradi\u021biile religioase:<\/strong> Der Leser lernt die Bibel ohne religi\u00f6ses Drumherum kennen.<\/li>\n<li><strong>Obiectiv:<\/strong> Biblia este l\u0103sat\u0103 s\u0103 vorbeasc\u0103 de la sine prezent\u00e2nd vestea bun\u0103 a Domnului Isus Hristos. Nu exist\u0103 nicio convingere de a crede. Mesajul este prezentat obiectiv; decizia de a crede sau nu este l\u0103sat\u0103 la latitudinea cititorului.<\/li>\n<li><strong>Versuri biblice:<\/strong> Als Geschichte erz\u00e4hlt, sind 1177 Bibelverse in den Text eingewoben. Der Leser setzt sich selbst mit dem Text der Bibel auseinander.<\/li>\n<li><strong>Ilustrat\u0103:<\/strong> Peste 100 de desene, h\u0103r\u021bi \u0219i diagrame ajut\u0103 la explicarea pove\u0219tii.<\/li>\n<li><strong>Conceput ca un cadou:<\/strong> Das Buch kann wie ein Evangeliumstraktat weitergegeben werden. Die Leser k\u00f6nnen dann die Botschaft der Bibel selbst lernen.<\/li>\n<li><strong>Gestaltet f\u00fcr den Einsatz in einem Kurs:<\/strong> Diese Ressource kann als Studentenbuch in einer Bibelarbeit verwendet werden. (Erfahren Sie mehr \u00fcber &#8222;<a title=\"Worldview Rethink\" href=\"https:\/\/ca.goodseed.com\/worldview-rethink-the-course-family\/\">The Worldview Rethink Course<\/a>.&#8220;)<\/li>\n<\/ul>\n<p>Anzahl der Seiten: 311<br \/>\nISBN: 1890082171<\/p>\n<\/div>\n<\/div>\n<\/div>\n<\/div>\n<div id=\"tab-related\">\n<div class=\"grid-bg\">\n<div class=\"container\"><\/div>\n<\/div>\n<\/div>","protected":false},"excerpt":{"rendered":"<p>Pre\u021buri \u00een vrac:<\/p>\n<p>Mai jos sunt ratele de reducere disponibile pentru fiecare articol individual atunci c\u00e2nd achizi\u021biona\u021bi o anumit\u0103 cantitate<\/p>\n<ul>\n<li>Cump\u0103ra\u021bi 12 sau mai mult \u0219i primi\u021bi 10% reducere<\/li>\n<\/ul>","protected":false},"featured_media":760,"comment_status":"closed","ping_status":"closed","template":"","meta":{"_acf_changed":false,"_glsr_average":0,"_glsr_ranking":0,"_glsr_reviews":0},"product_brand":[],"product_cat":[48,18,83,17],"product_tag":[54],"giftcard-category":[],"class_list":{"0":"post-756","1":"product","2":"type-product","3":"status-publish","4":"has-post-thumbnail","6":"product_cat-christliche-weltanschauung","7":"product_cat-evangelisation_nachfolge","8":"product_cat-koreanisch","9":"product_cat-new-release","10":"product_tag-korean","12":"first","13":"instock","14":"taxable","15":"shipping-taxable","16":"purchasable","17":"product-type-simple"},"acf":[],"_links":{"self":[{"href":"https:\/\/eu.goodseed.com\/ro\/wp-json\/wp\/v2\/product\/756","targetHints":{"allow":["GET"]}}],"collection":[{"href":"https:\/\/eu.goodseed.com\/ro\/wp-json\/wp\/v2\/product"}],"about":[{"href":"https:\/\/eu.goodseed.com\/ro\/wp-json\/wp\/v2\/types\/product"}],"replies":[{"embeddable":true,"href":"https:\/\/eu.goodseed.com\/ro\/wp-json\/wp\/v2\/comments?post=756"}],"wp:featuredmedia":[{"embeddable":true,"href":"https:\/\/eu.goodseed.com\/ro\/wp-json\/wp\/v2\/media\/760"}],"wp:attachment":[{"href":"https:\/\/eu.goodseed.com\/ro\/wp-json\/wp\/v2\/media?parent=756"}],"wp:term":[{"taxonomy":"product_brand","embeddable":true,"href":"https:\/\/eu.goodseed.com\/ro\/wp-json\/wp\/v2\/product_brand?post=756"},{"taxonomy":"product_cat","embeddable":true,"href":"https:\/\/eu.goodseed.com\/ro\/wp-json\/wp\/v2\/product_cat?post=756"},{"taxonomy":"product_tag","embeddable":true,"href":"https:\/\/eu.goodseed.com\/ro\/wp-json\/wp\/v2\/product_tag?post=756"},{"taxonomy":"giftcard-category","embeddable":true,"href":"https:\/\/eu.goodseed.com\/ro\/wp-json\/wp\/v2\/giftcard-category?post=756"}],"curies":[{"name":"wp","href":"https:\/\/api.w.org\/{rel}","templated":true}]}}