{"id":628,"date":"2025-04-28T09:19:06","date_gmt":"2025-04-28T09:19:06","guid":{"rendered":"https:\/\/eu.goodseed.com\/?post_type=product&#038;p=628"},"modified":"2025-11-28T19:44:50","modified_gmt":"2025-11-28T19:44:50","slug":"the-stranger-on-the-road-to-emmaus-mp3-audiobook-spanish","status":"publish","type":"product","link":"https:\/\/eu.goodseed.com\/ro\/product\/the-stranger-on-the-road-to-emmaus-mp3-audiobook-spanish\/","title":{"rendered":"Der Fremde auf dem Weg nach Emmaus &#8211; MP3-H\u00f6rbuch (Spanisch)"},"content":{"rendered":"<p>Dieses spanische H\u00f6rbuch bringt den vollst\u00e4ndigen Text der spanischen Ausgabe von \u201e<a title=\"Vereinfachte chinesische Ausgabe von &quot;Der Fremde auf dem Weg nach Emmaus&quot;\" href=\"https:\/\/ca.goodseed.com\/the-stranger-on-the-road-to-emmaus-spanish\/\">Str\u0103inul pe drumul spre Emaus<\/a>\u201c zum Leben. Dieses MP3-Audioformat, das direkt aus \u201eDer Fremde\u201c gelesen wird, ist eine gro\u00dfartige Erg\u00e4nzung zum Buch. Es hilft auch denjenigen, die lieber durch Zuh\u00f6ren lernen, und ist f\u00fcr Sehbehinderte, Reisende, Autofahrer oder Menschen mit schlechten Lesef\u00e4higkeiten geeignet.<\/p>\n<p>Dieses H\u00f6rbuch ist auch als digitaler Download erh\u00e4ltlich:\u00a0<a title=\"Downloadable MP3\" href=\"https:\/\/ca.goodseed.com\/the-stranger-on-the-road-to-emmaus-mp3-audiobook-download-spanish\/\">Der Fremde auf dem Weg nach Emmaus MP3-H\u00f6rbuch-Download (Spanisch)<\/a><\/p>\n<p>&nbsp;<\/p>\n<p>Format: MP3<br \/>\nAnzahl der Discs: 1<br \/>\nDauer: 10 Stunden<br \/>\nISBN: 9781927429570<\/p>","protected":false},"excerpt":{"rendered":"<p>Pre\u021buri \u00een vrac:<\/p>\n<p>Mai jos sunt ratele de reducere disponibile pentru fiecare articol individual atunci c\u00e2nd achizi\u021biona\u021bi o anumit\u0103 cantitate<\/p>\n<ul>\n<li>Buy 4 &#8211; 15 and get 15% off<\/li>\n<li>Buy 16 or above and get 25% off<\/li>\n<\/ul>","protected":false},"featured_media":630,"comment_status":"closed","ping_status":"closed","template":"","meta":{"_acf_changed":false,"_glsr_average":0,"_glsr_ranking":0,"_glsr_reviews":0},"product_brand":[],"product_cat":[18],"product_tag":[56],"giftcard-category":[],"class_list":{"0":"post-628","1":"product","2":"type-product","3":"status-publish","4":"has-post-thumbnail","6":"product_cat-evangelisation_nachfolge","7":"product_tag-spanish","9":"first","10":"instock","11":"taxable","12":"shipping-taxable","13":"purchasable","14":"product-type-simple"},"acf":[],"_links":{"self":[{"href":"https:\/\/eu.goodseed.com\/ro\/wp-json\/wp\/v2\/product\/628","targetHints":{"allow":["GET"]}}],"collection":[{"href":"https:\/\/eu.goodseed.com\/ro\/wp-json\/wp\/v2\/product"}],"about":[{"href":"https:\/\/eu.goodseed.com\/ro\/wp-json\/wp\/v2\/types\/product"}],"replies":[{"embeddable":true,"href":"https:\/\/eu.goodseed.com\/ro\/wp-json\/wp\/v2\/comments?post=628"}],"wp:featuredmedia":[{"embeddable":true,"href":"https:\/\/eu.goodseed.com\/ro\/wp-json\/wp\/v2\/media\/630"}],"wp:attachment":[{"href":"https:\/\/eu.goodseed.com\/ro\/wp-json\/wp\/v2\/media?parent=628"}],"wp:term":[{"taxonomy":"product_brand","embeddable":true,"href":"https:\/\/eu.goodseed.com\/ro\/wp-json\/wp\/v2\/product_brand?post=628"},{"taxonomy":"product_cat","embeddable":true,"href":"https:\/\/eu.goodseed.com\/ro\/wp-json\/wp\/v2\/product_cat?post=628"},{"taxonomy":"product_tag","embeddable":true,"href":"https:\/\/eu.goodseed.com\/ro\/wp-json\/wp\/v2\/product_tag?post=628"},{"taxonomy":"giftcard-category","embeddable":true,"href":"https:\/\/eu.goodseed.com\/ro\/wp-json\/wp\/v2\/giftcard-category?post=628"}],"curies":[{"name":"wp","href":"https:\/\/api.w.org\/{rel}","templated":true}]}}