{"id":605,"date":"2025-04-28T09:03:27","date_gmt":"2025-04-28T09:03:27","guid":{"rendered":"https:\/\/eu.goodseed.com\/?post_type=product&#038;p=605"},"modified":"2025-12-05T01:35:13","modified_gmt":"2025-12-05T01:35:13","slug":"all-that-the-prophets-have-spoken-arabic","status":"publish","type":"product","link":"https:\/\/eu.goodseed.com\/ro\/product\/all-that-the-prophets-have-spoken-arabic\/","title":{"rendered":"Alles, was die Propheten gesprochen haben (Arabisch)"},"content":{"rendered":"<div>\n<ul>\n<li><strong>Cump\u0103ra\u021bi 12 sau mai multe <\/strong>\u0219i primi\u021bi <strong>10% Reducere<\/strong><\/li>\n<\/ul>\n<\/div>\n<p>Dies ist die arabische Ausgabe von \u201e<a title=\"Tot ceea ce au spus profe\u021bii\" href=\"https:\/\/ca.goodseed.com\/all-that-the-prophets-have-spoken-english\/\">Tot ceea ce au spus profe\u021bii<\/a>.\u201c<\/p>\n<p>&nbsp;<\/p>\n<p>Urm\u0103toarea descriere este preluat\u0103 din edi\u021bia \u00een limba englez\u0103:<\/p>\n<p>Pe m\u0103sur\u0103 ce influen\u021ba islamului se r\u0103sp\u00e2nde\u0219te, ve\u021bi \u00eent\u00e2lni tot mai mul\u021bi musulmani. Dar cum le pute\u021bi transmite mesajul central al Sfintei Scripturi? De unde ar trebui s\u0103 \u00eencepe\u021bi? Cum pute\u021bi chiar s\u0103 \u00eencepe\u021bi?<\/p>\n<p>\u00cen cartea lor sf\u00e2nt\u0103, Coranul, musulmanilor li se spune s\u0103 cread\u0103 \u00een Tora lui Moise, Psalmii lui David \u0219i Evanghelia lui Iisus. \u0218i dac\u0103 a\u021bi vorbit vreodat\u0103 cu ei despre Sfintele Scripturi, este posibil s\u0103 v\u0103 fi spus c\u0103 \u201ecred \u00een to\u021bi profe\u021bii\u201c.<\/p>\n<p>De\u0219i multe povestiri din Vechiul Testament sunt men\u021bionate \u0219i \u00een Coran \u0219i ambele vorbesc despre aceia\u0219i profe\u021bi, exist\u0103 diferen\u021be semnificative \u00een interpretare \u0219i \u00een\u021belegere. Dar cum pute\u021bi trece peste aceste diferen\u021be pentru a transmite mesajul Bibliei \u00eentr-un mod pe care ei \u00eel pot \u00een\u021belege?<\/p>\n<p>\u201cAlles, was die Propheten gesagt haben&#8220; betrachtet das Wort Gottes aus der Perspektive eines muslimischen Lesers, ohne sich auf den Islam oder den Koran zu beziehen. Im Bewusstsein dessen, was Muslime \u00fcber die wichtigsten Propheten glauben, untersucht dieses Buch, was die Heilige Schrift \u00fcber diese M\u00e4nner zu sagen hat, und verbindet sie mit der Kernbotschaft der Bibel. Unter Ber\u00fccksichtigung der islamischen Perspektive baut das Buch auf diesem Verst\u00e4ndnis auf und geht auf Fragen ein, die Muslime haben k\u00f6nnten, so dass sie am Ende ein klares Verst\u00e4ndnis des Gottes der Bibel haben werden.<\/p>\n<p><strong><a title=\"ATP arabic sample chapters\" href=\"http:\/\/www.goodseed.com\/pdfs\/samples\/sample-atp-arabic-030002.pdf\" target=\"_blank\" rel=\"noopener\">Beispielkapitel lesen<\/a><\/strong><\/p>\n<p>&nbsp;<\/p>\n<p>&nbsp;<\/p>\n<p><strong>Caracteristici<\/strong><\/p>\n<ul>\n<li><strong>Scris pentru adul\u021bi \u0219i tineri:<\/strong> \u00cen\u021beles de copiii de la v\u00e2rsta de zece ani, dar scris pentru adolescen\u021bi \u0219i adul\u021bi.<\/li>\n<li><strong>Presupuneri:<\/strong> Presupune c\u0103 atunci c\u00e2nd cititorii se g\u00e2ndesc la Dumnezeu, ei se g\u00e2ndesc la un singur Dumnezeu \u0219i c\u0103 Dumnezeu este o persoan\u0103, nu o for\u021b\u0103. Nu se presupune nicio alt\u0103 cunoa\u0219tere a Bibliei.<\/li>\n<li><strong>viziunea musulman\u0103 asupra lumii:<\/strong> Explic\u0103 mesajul Bibliei \u00eentr-un mod pe care oamenii cu un fundal cultural islamic (dar nu neap\u0103rat musulmani prin convingere) \u00eel pot \u00een\u021belege f\u0103r\u0103 a amesteca viziunile islamic\u0103 \u0219i biblic\u0103 asupra lumii.<\/li>\n<li><strong>Cronologic:<\/strong> Beginnend mit der Erschaffung des Universums und dann fortlaufend durch die Schl\u00fcsselgeschichten des Alten Testaments, geht es ins Neue Testament, um die Bedeutung des Kreuzes und des Grabes zu enth\u00fcllen. Die Hauptgeschichte der Bibel wird zu einem universellen, allumfassenden Drama zusammengef\u00fcgt. Es folgt demselben Handlungsstrang wie \u201eDer Fremde auf dem Weg nach Emmaus\u201c, unterscheidet sich aber um 25 Prozent. Der Unterschied ist signifikant.<\/li>\n<li><strong>Bazat pe Evanghelia dup\u0103 Ioan:<\/strong> Verwendet das Johannesevangelium als Vorlage; gleichzeitig liefert es die notwendigen Hintergrundgeschichten, um dem Evangelium einen Kontext zu geben. Es wird davon ausgegangen, dass der Leser wenig oder gar nichts \u00fcber das Wort Gottes wei\u00df.<\/li>\n<li><strong>Obiectiv:<\/strong> Die Heilige Schrift darf f\u00fcr sich selbst sprechen, wenn es darum geht, die gute Nachricht vom Herrn Jesus Christus zu pr\u00e4sentieren. Es gibt keine \u00dcberredung zum Glauben. Die Botschaft wird objektiv dargeboten; die Entscheidung, ob man glaubt oder nicht, bleibt dem Leser \u00fcberlassen.<\/li>\n<li><strong>Exceptarea Scripturii de la tradi\u021biile religioase:<\/strong> Die Leser werden in das Wort Gottes eingef\u00fchrt, ohne das Drumherum der Religion.<\/li>\n<li><strong>Versuri biblice:<\/strong> Spus\u0103 ca o poveste, 1244 de versete biblice sunt \u00eempletite \u00een text. Cititorul se implic\u0103 el \u00eensu\u0219i \u00een textul Bibliei.<\/li>\n<li><strong>Ilustrat\u0103:<\/strong> Peste 100 de desene, h\u0103r\u021bi \u0219i diagrame ajut\u0103 la explicarea pove\u0219tii.<\/li>\n<li><strong>Conceput ca un cadou:<\/strong> Cartea poate fi dat\u0103 mai departe ca un tratat evanghelic. \u00cen acest fel, cititorii pot experimenta singuri mesajul Bibliei.<\/li>\n<\/ul>\n<p>Anzahl der Seiten: 258<br \/>\nISBN: 9781890082550<\/p>","protected":false},"excerpt":{"rendered":"<p>Buy 12 oder mehr und erhalten 10% Rabatt Dies ist die arabische Ausgabe von \u201eAlles, was die Propheten gesagt haben.\u201c &nbsp; Die folgende Beschreibung stammt aus der englischen Ausgabe: In dem Ma\u00dfe, in dem sich der Einfluss des Islam ausbreitet, treffen Sie mehr Muslime. Aber wie kann man ihnen die zentrale Botschaft der Heiligen Schrift [&hellip;]<\/p>\n","protected":false},"featured_media":606,"comment_status":"closed","ping_status":"closed","template":"","meta":{"_acf_changed":false,"_glsr_average":0,"_glsr_ranking":0,"_glsr_reviews":0},"product_brand":[],"product_cat":[79,18,49],"product_tag":[59],"giftcard-category":[],"class_list":{"0":"post-605","1":"product","2":"type-product","3":"status-publish","4":"has-post-thumbnail","6":"product_cat-arabisch","7":"product_cat-evangelisation_nachfolge","8":"product_cat-islamische-weltanschauung","9":"product_tag-arabic","11":"first","12":"instock","13":"taxable","14":"shipping-taxable","15":"purchasable","16":"product-type-simple"},"acf":[],"_links":{"self":[{"href":"https:\/\/eu.goodseed.com\/ro\/wp-json\/wp\/v2\/product\/605","targetHints":{"allow":["GET"]}}],"collection":[{"href":"https:\/\/eu.goodseed.com\/ro\/wp-json\/wp\/v2\/product"}],"about":[{"href":"https:\/\/eu.goodseed.com\/ro\/wp-json\/wp\/v2\/types\/product"}],"replies":[{"embeddable":true,"href":"https:\/\/eu.goodseed.com\/ro\/wp-json\/wp\/v2\/comments?post=605"}],"wp:featuredmedia":[{"embeddable":true,"href":"https:\/\/eu.goodseed.com\/ro\/wp-json\/wp\/v2\/media\/606"}],"wp:attachment":[{"href":"https:\/\/eu.goodseed.com\/ro\/wp-json\/wp\/v2\/media?parent=605"}],"wp:term":[{"taxonomy":"product_brand","embeddable":true,"href":"https:\/\/eu.goodseed.com\/ro\/wp-json\/wp\/v2\/product_brand?post=605"},{"taxonomy":"product_cat","embeddable":true,"href":"https:\/\/eu.goodseed.com\/ro\/wp-json\/wp\/v2\/product_cat?post=605"},{"taxonomy":"product_tag","embeddable":true,"href":"https:\/\/eu.goodseed.com\/ro\/wp-json\/wp\/v2\/product_tag?post=605"},{"taxonomy":"giftcard-category","embeddable":true,"href":"https:\/\/eu.goodseed.com\/ro\/wp-json\/wp\/v2\/giftcard-category?post=605"}],"curies":[{"name":"wp","href":"https:\/\/api.w.org\/{rel}","templated":true}]}}