{"id":597,"date":"2025-04-28T08:59:07","date_gmt":"2025-04-28T08:59:07","guid":{"rendered":"https:\/\/eu.goodseed.com\/?post_type=product&#038;p=597"},"modified":"2025-12-05T01:35:23","modified_gmt":"2025-12-05T01:35:23","slug":"all-that-the-prophets-have-spoken-simplified-chinese","status":"publish","type":"product","link":"https:\/\/eu.goodseed.com\/ro\/product\/all-that-the-prophets-have-spoken-simplified-chinese\/","title":{"rendered":"Alles, was die Propheten gesagt haben (Vereinfachtes Chinesisch)"},"content":{"rendered":"<div>\n<ul>\n<li><strong>Cump\u0103ra\u021bi 12 sau mai multe <\/strong>\u0219i primi\u021bi <strong>10% Reducere<\/strong><\/li>\n<\/ul>\n<\/div>\n<p>Dies ist die vereinfachte chinesische Ausgabe von &#8222;<a title=\"Tot ceea ce au spus profe\u021bii\" href=\"https:\/\/ca.goodseed.com\/all-that-the-prophets-have-spoken-english\/\">Tot ceea ce au spus profe\u021bii<\/a>.\u201c<\/p>\n<p>&nbsp;<\/p>\n<p>Urm\u0103toarea descriere este preluat\u0103 din edi\u021bia \u00een limba englez\u0103:<\/p>\n<p>Pe m\u0103sur\u0103 ce influen\u021ba islamului se r\u0103sp\u00e2nde\u0219te, ve\u021bi \u00eent\u00e2lni tot mai mul\u021bi musulmani. Dar cum le pute\u021bi transmite mesajul central al Sfintei Scripturi? De unde ar trebui s\u0103 \u00eencepe\u021bi? Cum pute\u021bi chiar s\u0103 \u00eencepe\u021bi?<\/p>\n<p>\u00cen cartea lor sf\u00e2nt\u0103, Coranul, musulmanilor li se spune s\u0103 cread\u0103 \u00een Tora lui Moise, Psalmii lui David \u0219i Evanghelia lui Iisus. \u0218i dac\u0103 a\u021bi vorbit vreodat\u0103 cu ei despre Sfintele Scripturi, este posibil s\u0103 v\u0103 fi spus c\u0103 \u201ecred \u00een to\u021bi profe\u021bii\u201c.<\/p>\n<p>Zwar werden viele Geschichten aus dem Alten Testament im Koran erw\u00e4hnt, und beide sprechen von denselben Propheten, doch gibt es erhebliche Unterschiede in der Auslegung und im Verst\u00e4ndnis. Aber wie \u00fcberbr\u00fcckt man diese Unterschiede, um die Botschaft der Bibel auf eine Weise zu vermitteln, die die Menschen verstehen?<\/p>\n<p>\u201eAlles, was die Propheten gesagt haben\u201c betrachtet das Wort Gottes aus der Perspektive eines muslimischen Lesers, ohne sich dabei auf den Islam oder den Koran zu beziehen. Im Bewusstsein dessen, was Muslime \u00fcber die wichtigsten Propheten glauben, untersucht dieses Buch, was die Heilige Schrift \u00fcber diese M\u00e4nner zu sagen hat, und bringt sie mit der Kernbotschaft der Bibel in Verbindung. Unter Ber\u00fccksichtigung der islamischen Perspektive baut das Buch auf diesem Verst\u00e4ndnis auf und geht auf Fragen ein, die Muslime haben k\u00f6nnten, so dass sie am Ende ein klares Verst\u00e4ndnis des Gottes der Bibel haben werden.<\/p>\n<p>&nbsp;<\/p>\n<p><strong>Caracteristici<\/strong><\/p>\n<ul>\n<li><strong>Scris pentru adul\u021bi \u0219i tineri:<\/strong> \u00cen\u021beles de copiii de la v\u00e2rsta de zece ani, dar scris pentru adolescen\u021bi \u0219i adul\u021bi.<\/li>\n<li><strong>Presupuneri:<\/strong> Presupune c\u0103 atunci c\u00e2nd cititorii se g\u00e2ndesc la Dumnezeu, ei se g\u00e2ndesc la un singur Dumnezeu \u0219i c\u0103 Dumnezeu este o persoan\u0103, nu o for\u021b\u0103. Nu se presupune nicio alt\u0103 cunoa\u0219tere a Bibliei.<\/li>\n<li><strong>viziunea musulman\u0103 asupra lumii:<\/strong> Explic\u0103 mesajul Bibliei \u00eentr-un mod pe care oamenii cu un fundal cultural islamic (dar nu neap\u0103rat musulmani prin convingere) \u00eel pot \u00een\u021belege f\u0103r\u0103 a amesteca viziunile islamic\u0103 \u0219i biblic\u0103 asupra lumii.<\/li>\n<li><strong>Cronologic:<\/strong> Beginnt mit der Erschaffung des Universums und geht dann der Reihe nach durch die Schl\u00fcsselgeschichten des Alten Testaments zum Neuen Testament \u00fcber, um die Bedeutung des Kreuzes und des Grabes aufzuzeigen. Die Hauptgeschichte der Bibel wird zu einem universellen, allumfassenden Drama zusammengef\u00fcgt. Es folgt demselben Handlungsstrang wie \u201eDer Fremde auf dem Weg nach Emmaus\u201c, unterscheidet sich aber um 25 Prozent. Der Unterschied ist signifikant.<\/li>\n<li><strong>Basierend auf dem Johannes-Evangelium:<\/strong> Verwendet das Johannes-Evangelium als Vorlage, liefert aber gleichzeitig die notwendigen Hintergrundgeschichten, um dem Evangelium einen Kontext zu geben. Es wird davon ausgegangen, dass der Leser, wenn \u00fcberhaupt, nur sehr wenig \u00fcber das Wort Gottes wei\u00df.<\/li>\n<li><strong>Obiectiv:<\/strong> Die Heilige Schrift darf f\u00fcr sich selbst sprechen, wenn sie die gute Nachricht vom Herrn Jesus Christus pr\u00e4sentiert. Es gibt keine \u00dcberredung zum Glauben. Die Botschaft wird objektiv dargelegt; die Entscheidung, ob man glaubt oder nicht, bleibt dem Leser \u00fcberlassen.<\/li>\n<li><strong>Exceptarea Scripturii de la tradi\u021biile religioase:<\/strong> Die Leser werden in das Wort Gottes eingef\u00fchrt, ohne dass sie mit religi\u00f6sen Fallen konfrontiert werden.<\/li>\n<li><strong>Versuri biblice:<\/strong> Spus\u0103 ca o poveste, 1244 de versete biblice sunt \u00eempletite \u00een text. Cititorul se implic\u0103 el \u00eensu\u0219i \u00een textul Bibliei.<\/li>\n<li><strong>Ilustrat\u0103:<\/strong> Peste 100 de desene, h\u0103r\u021bi \u0219i diagrame ajut\u0103 la explicarea pove\u0219tii.<\/li>\n<li><strong>Conceput ca un cadou:<\/strong> Cartea poate fi dat\u0103 mai departe ca un tratat evanghelic. \u00cen acest fel, cititorii pot experimenta singuri mesajul Bibliei.<\/li>\n<\/ul>\n<p>Seitenzahl: 299<br \/>\nISBN: 1553360907<\/p>","protected":false},"excerpt":{"rendered":"<p>Pre\u021buri \u00een vrac:<\/p>\n<p>Mai jos sunt ratele de reducere disponibile pentru fiecare articol individual atunci c\u00e2nd achizi\u021biona\u021bi o anumit\u0103 cantitate<\/p>\n<ul>\n<li>Cump\u0103ra\u021bi 12 sau mai mult \u0219i primi\u021bi 10% reducere<\/li>\n<\/ul>","protected":false},"featured_media":599,"comment_status":"closed","ping_status":"closed","template":"","meta":{"_acf_changed":false,"_glsr_average":0,"_glsr_ranking":0,"_glsr_reviews":0},"product_brand":[],"product_cat":[80,18,49],"product_tag":[55],"giftcard-category":[],"class_list":{"0":"post-597","1":"product","2":"type-product","3":"status-publish","4":"has-post-thumbnail","6":"product_cat-chinesisch","7":"product_cat-evangelisation_nachfolge","8":"product_cat-islamische-weltanschauung","9":"product_tag-chinese","11":"first","12":"instock","13":"taxable","14":"shipping-taxable","15":"purchasable","16":"product-type-simple"},"acf":[],"_links":{"self":[{"href":"https:\/\/eu.goodseed.com\/ro\/wp-json\/wp\/v2\/product\/597","targetHints":{"allow":["GET"]}}],"collection":[{"href":"https:\/\/eu.goodseed.com\/ro\/wp-json\/wp\/v2\/product"}],"about":[{"href":"https:\/\/eu.goodseed.com\/ro\/wp-json\/wp\/v2\/types\/product"}],"replies":[{"embeddable":true,"href":"https:\/\/eu.goodseed.com\/ro\/wp-json\/wp\/v2\/comments?post=597"}],"wp:featuredmedia":[{"embeddable":true,"href":"https:\/\/eu.goodseed.com\/ro\/wp-json\/wp\/v2\/media\/599"}],"wp:attachment":[{"href":"https:\/\/eu.goodseed.com\/ro\/wp-json\/wp\/v2\/media?parent=597"}],"wp:term":[{"taxonomy":"product_brand","embeddable":true,"href":"https:\/\/eu.goodseed.com\/ro\/wp-json\/wp\/v2\/product_brand?post=597"},{"taxonomy":"product_cat","embeddable":true,"href":"https:\/\/eu.goodseed.com\/ro\/wp-json\/wp\/v2\/product_cat?post=597"},{"taxonomy":"product_tag","embeddable":true,"href":"https:\/\/eu.goodseed.com\/ro\/wp-json\/wp\/v2\/product_tag?post=597"},{"taxonomy":"giftcard-category","embeddable":true,"href":"https:\/\/eu.goodseed.com\/ro\/wp-json\/wp\/v2\/giftcard-category?post=597"}],"curies":[{"name":"wp","href":"https:\/\/api.w.org\/{rel}","templated":true}]}}