{"id":526,"date":"2025-04-28T08:31:34","date_gmt":"2025-04-28T08:31:34","guid":{"rendered":"https:\/\/eu.goodseed.com\/?post_type=product&#038;p=526"},"modified":"2025-12-05T01:45:37","modified_gmt":"2025-12-05T01:45:37","slug":"all-that-the-prophets-have-spoken-portuguese","status":"publish","type":"product","link":"https:\/\/eu.goodseed.com\/ro\/product\/all-that-the-prophets-have-spoken-portuguese\/","title":{"rendered":"Alles, was die Propheten geredet haben (Portugiesisch)"},"content":{"rendered":"<div>\n<ul>\n<li><strong>Cump\u0103ra\u021bi 12 sau mai multe <\/strong>\u0219i primi\u021bi <strong>10% Reducere<\/strong><\/li>\n<\/ul>\n<\/div>\n<p>Aceasta este edi\u021bia portughez\u0103 a \u201e<a title=\"Tot ce au spus profe\u021bii\" href=\"https:\/\/ca.goodseed.com\/all-that-the-prophets-have-spoken-english\/\">Tot ce au spus profe\u021bii<\/a>.\u201c<\/p>\n<p>&nbsp;<\/p>\n<p>Urm\u0103toarea descriere este preluat\u0103 din edi\u021bia \u00een limba englez\u0103:<\/p>\n<p>Pe m\u0103sur\u0103 ce influen\u021ba islamului se r\u0103sp\u00e2nde\u0219te, ve\u021bi \u00eent\u00e2lni tot mai mul\u021bi musulmani. Dar cum le pute\u021bi transmite mesajul central al Sfintei Scripturi? De unde ar trebui s\u0103 \u00eencepe\u021bi? Cum pute\u021bi chiar s\u0103 \u00eencepe\u021bi?<\/p>\n<p>\u00cen cartea lor sf\u00e2nt\u0103, Coranul, musulmanilor li se spune s\u0103 cread\u0103 \u00een Tora lui Moise, Psalmii lui David \u0219i Evanghelia lui Iisus. \u0218i dac\u0103 a\u021bi vorbit vreodat\u0103 cu ei despre Sfintele Scripturi, este posibil s\u0103 v\u0103 fi spus c\u0103 \u201ecred \u00een to\u021bi profe\u021bii\u201c.<\/p>\n<p>De\u0219i multe povestiri din Vechiul Testament sunt men\u021bionate \u0219i \u00een Coran \u0219i ambele vorbesc despre aceia\u0219i profe\u021bi, exist\u0103 diferen\u021be semnificative \u00een interpretare \u0219i \u00een\u021belegere. Dar cum pute\u021bi trece peste aceste diferen\u021be pentru a transmite mesajul Bibliei \u00eentr-un mod pe care ei \u00eel pot \u00een\u021belege?<\/p>\n<p>\u201eTot ce au spus profe\u021bii\u201c analizeaz\u0103 Cuv\u00e2ntul lui Dumnezeu din perspectiva unui cititor musulman, f\u0103r\u0103 a face referire la islam sau la Coran. Con\u0219tient\u0103 de ceea ce cred musulmanii despre profe\u021bii majori, aceast\u0103 carte examineaz\u0103 ceea ce Scriptura are de spus despre ace\u0219ti oameni \u0219i face leg\u0103tura cu mesajul central al Bibliei. Lu\u00e2nd \u00een considerare perspectiva islamic\u0103, cartea se bazeaz\u0103 pe aceast\u0103 \u00een\u021belegere \u0219i abordeaz\u0103 \u00eentreb\u0103rile pe care musulmanii le-ar putea avea, astfel \u00eenc\u00e2t, la final, ace\u0219tia s\u0103 aib\u0103 o \u00een\u021belegere clar\u0103 a Dumnezeului Bibliei.<\/p>\n<p>&nbsp;<\/p>\n<p><strong>Caracteristici<\/strong><\/p>\n<ul>\n<li><strong>Scris pentru adul\u021bi \u0219i tineri:<\/strong> \u00cen\u021beles de copiii de la v\u00e2rsta de zece ani, dar scris pentru adolescen\u021bi \u0219i adul\u021bi.<\/li>\n<li><strong>Presupuneri:<\/strong> Presupune c\u0103 atunci c\u00e2nd cititorii se g\u00e2ndesc la Dumnezeu, ei se g\u00e2ndesc la un singur Dumnezeu \u0219i c\u0103 Dumnezeu este o persoan\u0103, nu o for\u021b\u0103. Nu se presupune nicio alt\u0103 cunoa\u0219tere a Bibliei.<\/li>\n<li><strong>viziunea musulman\u0103 asupra lumii:<\/strong> Explic\u0103 mesajul Bibliei \u00eentr-un mod pe care oamenii cu un fundal cultural islamic (dar nu neap\u0103rat musulmani prin convingere) \u00eel pot \u00een\u021belege f\u0103r\u0103 a amesteca viziunile islamic\u0103 \u0219i biblic\u0103 asupra lumii.<\/li>\n<li><strong>Cronologic:<\/strong> \u00cencepe cu crearea universului \u0219i apoi trece secven\u021bial prin pove\u0219tile cheie ale Vechiului Testament p\u00e2n\u0103 la Noul Testament pentru a dezv\u0103lui semnifica\u021bia crucii \u0219i a morm\u00e2ntului. Povestea principal\u0103 a Bibliei este reunit\u0103 \u00eentr-o dram\u0103 universal\u0103, atotcuprinz\u0103toare. Urmeaz\u0103 aceea\u0219i poveste ca \u201eStr\u0103inul de pe drumul spre Emaus\u201c, dar difer\u0103 cu 25%. Diferen\u021ba este semnificativ\u0103.<\/li>\n<li><strong>Bazat pe Evanghelia dup\u0103 Ioan:<\/strong> Folose\u0219te Evanghelia dup\u0103 Ioan ca model; \u00een acela\u0219i timp, ofer\u0103 povestirile de fundal necesare pentru a contextualiza Evanghelia. Se presupune c\u0103 cititorul \u0219tie foarte pu\u021bin, dac\u0103 nu chiar nimic, despre Cuv\u00e2ntul lui Dumnezeu.<\/li>\n<li><strong>Obiectiv:<\/strong> Scriptura este l\u0103sat\u0103 s\u0103 vorbeasc\u0103 de la sine atunci c\u00e2nd prezint\u0103 vestea bun\u0103 a lui Isus Hristos. Nu exist\u0103 nicio convingere de a crede. Mesajul este prezentat obiectiv; decizia de a crede sau nu este l\u0103sat\u0103 la latitudinea cititorului.<\/li>\n<li><strong>Exceptarea Scripturii de la tradi\u021biile religioase:<\/strong> Cititorii sunt introdu\u0219i \u00een Cuv\u00e2ntul lui Dumnezeu f\u0103r\u0103 niciun fel de aparen\u021be religioase.<\/li>\n<li><strong>Versuri biblice:<\/strong> Spus\u0103 ca o poveste, 1244 de versete biblice sunt \u00eempletite \u00een text. Cititorul se implic\u0103 el \u00eensu\u0219i \u00een textul Bibliei.<\/li>\n<li><strong>Ilustrat\u0103:<\/strong> Peste 100 de desene, h\u0103r\u021bi \u0219i diagrame ajut\u0103 la explicarea pove\u0219tii.<\/li>\n<li><strong>Conceput ca un cadou:<\/strong> Cartea poate fi dat\u0103 mai departe ca un tratat evanghelic. \u00cen acest fel, cititorii pot experimenta singuri mesajul Bibliei.<\/li>\n<\/ul>\n<p>Num\u0103r de pagini: 281<br \/>\nISBN: 9781890082765<\/p>","protected":false},"excerpt":{"rendered":"<p>Pre\u021buri \u00een vrac:<\/p>\n<p>Mai jos sunt ratele de reducere disponibile pentru fiecare articol individual atunci c\u00e2nd achizi\u021biona\u021bi o anumit\u0103 cantitate<\/p>\n<ul>\n<li>Cump\u0103ra\u021bi 12 sau mai mult \u0219i primi\u021bi 10% reducere<\/li>\n<\/ul>","protected":false},"featured_media":548,"comment_status":"closed","ping_status":"closed","template":"","meta":{"_acf_changed":false,"_glsr_average":0,"_glsr_ranking":0,"_glsr_reviews":0},"product_brand":[],"product_cat":[18,49,17,87],"product_tag":[66],"giftcard-category":[],"class_list":{"0":"post-526","1":"product","2":"type-product","3":"status-publish","4":"has-post-thumbnail","6":"product_cat-evangelisation_nachfolge","7":"product_cat-islamische-weltanschauung","8":"product_cat-new-release","9":"product_cat-portuguese","10":"product_tag-portuguese","12":"first","13":"instock","14":"taxable","15":"shipping-taxable","16":"purchasable","17":"product-type-simple"},"acf":[],"_links":{"self":[{"href":"https:\/\/eu.goodseed.com\/ro\/wp-json\/wp\/v2\/product\/526","targetHints":{"allow":["GET"]}}],"collection":[{"href":"https:\/\/eu.goodseed.com\/ro\/wp-json\/wp\/v2\/product"}],"about":[{"href":"https:\/\/eu.goodseed.com\/ro\/wp-json\/wp\/v2\/types\/product"}],"replies":[{"embeddable":true,"href":"https:\/\/eu.goodseed.com\/ro\/wp-json\/wp\/v2\/comments?post=526"}],"wp:featuredmedia":[{"embeddable":true,"href":"https:\/\/eu.goodseed.com\/ro\/wp-json\/wp\/v2\/media\/548"}],"wp:attachment":[{"href":"https:\/\/eu.goodseed.com\/ro\/wp-json\/wp\/v2\/media?parent=526"}],"wp:term":[{"taxonomy":"product_brand","embeddable":true,"href":"https:\/\/eu.goodseed.com\/ro\/wp-json\/wp\/v2\/product_brand?post=526"},{"taxonomy":"product_cat","embeddable":true,"href":"https:\/\/eu.goodseed.com\/ro\/wp-json\/wp\/v2\/product_cat?post=526"},{"taxonomy":"product_tag","embeddable":true,"href":"https:\/\/eu.goodseed.com\/ro\/wp-json\/wp\/v2\/product_tag?post=526"},{"taxonomy":"giftcard-category","embeddable":true,"href":"https:\/\/eu.goodseed.com\/ro\/wp-json\/wp\/v2\/giftcard-category?post=526"}],"curies":[{"name":"wp","href":"https:\/\/api.w.org\/{rel}","templated":true}]}}