{"id":465,"date":"2025-04-28T07:12:47","date_gmt":"2025-04-28T07:12:47","guid":{"rendered":"https:\/\/eu.goodseed.com\/?post_type=product&#038;p=465"},"modified":"2025-12-05T01:47:44","modified_gmt":"2025-12-05T01:47:44","slug":"all-that-the-prophets-have-spoken-companion-workbook-turkish","status":"publish","type":"product","link":"https:\/\/eu.goodseed.com\/ro\/product\/all-that-the-prophets-have-spoken-companion-workbook-turkish\/","title":{"rendered":"All das, was die Propheten gesprochen haben Begleitendes Arbeitsbuch (T\u00fcrkisch)"},"content":{"rendered":"<p>Dieses t\u00fcrkische Arbeitsbuch ist eine unverzichtbare Erg\u00e4nzung zu &#8222;<a title=\"Tot ceea ce au spus profe\u021bii\" href=\"https:\/\/ca.goodseed.com\/all-that-the-prophets-have-spoken-turkish\/\">Tot ceea ce au spus profe\u021bii<\/a>\u201e. Acesta ofer\u0103 o modalitate u\u0219oar\u0103 de a revizui materialul studiat. Dac\u0103 ceva nu este clar pentru elevii dumneavoastr\u0103, ve\u021bi afla cu ajutorul caietului de lucru. Fiecare capitol corespunde capitolelor din \u201eTo\u021bi profe\u021bii\u201c \u0219i pune \u00eentreb\u0103ri menite s\u0103 consolideze punctele-cheie \u0219i ofer\u0103 sarcini suplimentare pentru a-i aduce pe elevi \u00een Biblie \u00eens\u0103\u0219i.<\/p>\n<p>Unele dintre \u00eentreb\u0103ri sunt \u00eentreb\u0103ri cu alegere multipl\u0103, \u00eentreb\u0103ri de tip cloze \u0219i cuvinte \u00eencruci\u0219ate, ale c\u0103ror r\u0103spunsuri pot fi g\u0103site la sf\u00e2r\u0219itul c\u0103r\u021bii de lucru.<\/p>\n<p>Acesta este un instrument ideal pentru un studiu biblic la domiciliu, pentru \u0219coala duminical\u0103 sau pentru o tab\u0103r\u0103 biblic\u0103.<\/p>\n<p>Anzahl der Seiten: 96<br \/>\nISBN: 9789759062736<\/p>","protected":false},"excerpt":{"rendered":"<p>Dieses t\u00fcrkische Arbeitsbuch ist eine unverzichtbare Erg\u00e4nzung zu &#8222;Alles, was die Propheten gesagt haben&#8222;. Es bietet eine einfache M\u00f6glichkeit, den Lernstoff zu wiederholen, der gerade studiert wird. Wenn Ihren Sch\u00fclern etwas nicht klar ist, werden Sie es mit Hilfe des Arbeitsbuchs herausfinden. Jedes Kapitel korrespondiert mit den Kapiteln in &#8222;Alle Propheten&#8220; und stellt Fragen, die [&hellip;]<\/p>\n","protected":false},"featured_media":466,"comment_status":"closed","ping_status":"closed","template":"","meta":{"_acf_changed":false,"_glsr_average":0,"_glsr_ranking":0,"_glsr_reviews":0},"product_brand":[],"product_cat":[18,49,88],"product_tag":[58],"giftcard-category":[],"class_list":{"0":"post-465","1":"product","2":"type-product","3":"status-publish","4":"has-post-thumbnail","6":"product_cat-evangelisation_nachfolge","7":"product_cat-islamische-weltanschauung","8":"product_cat-tuerkisch","9":"product_tag-turkish","11":"first","12":"instock","13":"taxable","14":"shipping-taxable","15":"purchasable","16":"product-type-simple"},"acf":[],"_links":{"self":[{"href":"https:\/\/eu.goodseed.com\/ro\/wp-json\/wp\/v2\/product\/465","targetHints":{"allow":["GET"]}}],"collection":[{"href":"https:\/\/eu.goodseed.com\/ro\/wp-json\/wp\/v2\/product"}],"about":[{"href":"https:\/\/eu.goodseed.com\/ro\/wp-json\/wp\/v2\/types\/product"}],"replies":[{"embeddable":true,"href":"https:\/\/eu.goodseed.com\/ro\/wp-json\/wp\/v2\/comments?post=465"}],"wp:featuredmedia":[{"embeddable":true,"href":"https:\/\/eu.goodseed.com\/ro\/wp-json\/wp\/v2\/media\/466"}],"wp:attachment":[{"href":"https:\/\/eu.goodseed.com\/ro\/wp-json\/wp\/v2\/media?parent=465"}],"wp:term":[{"taxonomy":"product_brand","embeddable":true,"href":"https:\/\/eu.goodseed.com\/ro\/wp-json\/wp\/v2\/product_brand?post=465"},{"taxonomy":"product_cat","embeddable":true,"href":"https:\/\/eu.goodseed.com\/ro\/wp-json\/wp\/v2\/product_cat?post=465"},{"taxonomy":"product_tag","embeddable":true,"href":"https:\/\/eu.goodseed.com\/ro\/wp-json\/wp\/v2\/product_tag?post=465"},{"taxonomy":"giftcard-category","embeddable":true,"href":"https:\/\/eu.goodseed.com\/ro\/wp-json\/wp\/v2\/giftcard-category?post=465"}],"curies":[{"name":"wp","href":"https:\/\/api.w.org\/{rel}","templated":true}]}}