{"id":459,"date":"2025-04-28T07:07:49","date_gmt":"2025-04-28T07:07:49","guid":{"rendered":"https:\/\/eu.goodseed.com\/?post_type=product&#038;p=459"},"modified":"2025-11-28T19:55:42","modified_gmt":"2025-11-28T19:55:42","slug":"the-lamb-picture-book-with-cd-simplified-chinese","status":"publish","type":"product","link":"https:\/\/eu.goodseed.com\/ro\/product\/the-lamb-picture-book-with-cd-simplified-chinese\/","title":{"rendered":"Mielul - Carte ilustrat\u0103 cu CD (chinez\u0103 simplificat\u0103)"},"content":{"rendered":"<p>Dies ist die vereinfachte chinesische (Mandarin) Ausgabe von \u201e<a title=\"Mielul\" href=\"https:\/\/ca.goodseed.com\/the-lamb-picture-book-with-cd-english\/\">Das Lamm.<\/a>\u201c<\/p>\n<p>Es folgt die Beschreibung aus der englischen Ausgabe.<\/p>\n<p>Wie erkl\u00e4ren wir Kindern das Evangelium auf eine Weise, die sie verstehen k\u00f6nnen? Wie k\u00f6nnen wir ihnen erkl\u00e4ren, dass sie einen Erl\u00f6ser brauchen, ohne die Details zu verw\u00e4ssern? Wie k\u00f6nnen wir ihre Aufmerksamkeit lange genug aufrechterhalten, um ihnen zu erkl\u00e4ren, worum es in der Bibel \u00fcberhaupt geht? Wie k\u00f6nnen wir akkurat sein, aber dennoch ber\u00fccksichtigen, dass sie einfachere Erkl\u00e4rungen brauchen?<\/p>\n<p>\u201eDas Lamm\u201c ist ein Buch f\u00fcr Kinder im Alter von f\u00fcnf bis zehn Jahren. Dieses Bilderbuch fesselt Kinder mit seinen farbigen Illustrationen und nimmt sie mit auf eine Reise durch das Herz der biblischen Botschaft. Das Buch beginnt mit der Erschaffung des Universums und erkl\u00e4rt die wichtigsten biblischen Konzepte: Wer ist Gott? Wie ist Gott? Was ist S\u00fcnde? Woher kommt das B\u00f6se? Warum brauchen wir einen Retter? Das Buch schlie\u00dft mit einer klaren Erkl\u00e4rung der Identit\u00e4t Jesu und seiner erstaunlichen Leistung als unser Erl\u00f6ser.<\/p>\n<p>Das Buch stellt eine klare Verbindung zwischen Jesus und dem alttestamentlichen Opferlamm her. Themen wie der Tod werden in einer ehrlichen, geradlinigen Weise behandelt. Die anschaulichen Details rund um die Erl\u00f6sungsgeschichte werden sensibel behandelt, aber nicht verw\u00e4ssert. Am Ende wird den Kindern erkl\u00e4rt, wer Gott ist und was er am Kreuz f\u00fcr die Menschheit getan hat. Es ist eine Botschaft der Hoffnung, die jedes Kind h\u00f6ren sollte.<\/p>\n<h4>Caracteristici<\/h4>\n<ul>\n<li><strong>Scris pentru copii:<\/strong> Potrivit pentru toate v\u00e2rstele, dar scris pentru copii cu v\u00e2rsta de peste cinci ani.<\/li>\n<li><strong>Complet ilustrat:<\/strong> 50 Farbbilder des begnadeten K\u00fcnstlers Ian Mastin erwecken die Geschichte des Evangeliums zum Leben. (Siehe <a title=\"Ianmastin.com\" href=\"http:\/\/ianmastin.com\/\">ianmastin.com<\/a>)<\/li>\n<li><strong>Condi\u021bii prealabile:<\/strong> Setzt keine Vorkenntnisse der Bibel voraus.<\/li>\n<li><strong>Cronologic:<\/strong> Beginnt mit der Erschaffung des Universums und geht dann der Reihe nach durch die Schl\u00fcsselgeschichten des Alten Testaments zum Neuen Testament \u00fcber, um die Bedeutung des Kreuzes und des Grabes zu enth\u00fcllen. Die Hauptgeschichte der Bibel wird zu einem universellen, allumfassenden Drama verkn\u00fcpft.<\/li>\n<li><strong>Legt ein Fundament:<\/strong> Der Ansatz von der Sch\u00f6pfung bis zum Kreuz hilft, die gesamte Bibel in einen Kontext zu stellen. Hilft Kindern, die Gesamtbotschaft der Bibel ohne Verwirrung zu verstehen.<\/li>\n<li><strong>Genaue Darstellung des Evangeliums:<\/strong> Komplexe Themen wie Tod, S\u00fcnde, das B\u00f6se und Gottes Versorgung werden einf\u00fchlsam und f\u00fcr Kinder verst\u00e4ndlich dargestellt.<\/li>\n<li><strong>Eingebaute Wiederholung:<\/strong> Jedes Kapitel beginnt mit einer Wiederholung und endet mit Fragen, die sicherstellen sollen, dass Kinder die Botschaft klar verstehen.<\/li>\n<li><strong>Audiobook:<\/strong> Inklusive CD. Die Geschichte wird von der Autorin und Heather Holdsworth, einer begabten Kinderp\u00e4dagogin, erz\u00e4hlt. Die Kinder k\u00f6nnen sich auf die Geschichte einlassen, indem sie dem Buch folgen, w\u00e4hrend sie zuh\u00f6ren. Enth\u00e4lt &#8222;The Lamb Song&#8220;, vorgetragen von Carla Newsham und ihren Kindern: Toni-Marie, Joyelle, &#038; Brooklyn.<\/li>\n<li><strong>Conceput ca un cadou:<\/strong> Dieses Hardcover-Buch ist ein sch\u00f6nes und elegantes Geschenk, entweder f\u00fcr ein Kind oder eine Familie mit Kindern.<\/li>\n<li><strong>Gestaltet f\u00fcr Andachten:<\/strong> Kann f\u00fcr Familienandachten oder Bibelgeschichten gelesen werden.<\/li>\n<\/ul>\n<div>\n<p>\u00a0<iframe src=\"https:\/\/www.youtube.com\/embed\/IojxLpPNdE4?fs=1\" width=\"440\" height=\"330\" frameborder=\"0\" allowfullscreen=\"allowfullscreen\"><\/iframe><\/p>\n<p>Anzahl der Seiten: 183<br \/>\nISBN: 9781890082680<br \/>\nFormat des H\u00f6rbuchs: Audio-CD<br \/>\nDauer des H\u00f6rbuchs: Ungef\u00e4hr 60 Minuten<\/p>\n<\/div>","protected":false},"excerpt":{"rendered":"<p>Pre\u021buri \u00een vrac:<\/p>\n<p>Mai jos sunt ratele de reducere disponibile pentru fiecare articol individual atunci c\u00e2nd achizi\u021biona\u021bi o anumit\u0103 cantitate<\/p>\n<ul>\n<li>Buy 5 or above and pay only $20.00 each<\/li>\n<\/ul>","protected":false},"featured_media":463,"comment_status":"closed","ping_status":"closed","template":"","meta":{"_acf_changed":false,"_glsr_average":0,"_glsr_ranking":0,"_glsr_reviews":0},"product_brand":[],"product_cat":[80,18,21],"product_tag":[55],"giftcard-category":[],"class_list":{"0":"post-459","1":"product","2":"type-product","3":"status-publish","4":"has-post-thumbnail","6":"product_cat-chinesisch","7":"product_cat-evangelisation_nachfolge","8":"product_cat-kinder","9":"product_tag-chinese","11":"first","12":"instock","13":"taxable","14":"shipping-taxable","15":"purchasable","16":"product-type-simple"},"acf":[],"_links":{"self":[{"href":"https:\/\/eu.goodseed.com\/ro\/wp-json\/wp\/v2\/product\/459","targetHints":{"allow":["GET"]}}],"collection":[{"href":"https:\/\/eu.goodseed.com\/ro\/wp-json\/wp\/v2\/product"}],"about":[{"href":"https:\/\/eu.goodseed.com\/ro\/wp-json\/wp\/v2\/types\/product"}],"replies":[{"embeddable":true,"href":"https:\/\/eu.goodseed.com\/ro\/wp-json\/wp\/v2\/comments?post=459"}],"wp:featuredmedia":[{"embeddable":true,"href":"https:\/\/eu.goodseed.com\/ro\/wp-json\/wp\/v2\/media\/463"}],"wp:attachment":[{"href":"https:\/\/eu.goodseed.com\/ro\/wp-json\/wp\/v2\/media?parent=459"}],"wp:term":[{"taxonomy":"product_brand","embeddable":true,"href":"https:\/\/eu.goodseed.com\/ro\/wp-json\/wp\/v2\/product_brand?post=459"},{"taxonomy":"product_cat","embeddable":true,"href":"https:\/\/eu.goodseed.com\/ro\/wp-json\/wp\/v2\/product_cat?post=459"},{"taxonomy":"product_tag","embeddable":true,"href":"https:\/\/eu.goodseed.com\/ro\/wp-json\/wp\/v2\/product_tag?post=459"},{"taxonomy":"giftcard-category","embeddable":true,"href":"https:\/\/eu.goodseed.com\/ro\/wp-json\/wp\/v2\/giftcard-category?post=459"}],"curies":[{"name":"wp","href":"https:\/\/api.w.org\/{rel}","templated":true}]}}