{"id":442,"date":"2025-04-28T06:54:27","date_gmt":"2025-04-28T06:54:27","guid":{"rendered":"https:\/\/eu.goodseed.com\/?post_type=product&#038;p=442"},"modified":"2025-12-05T01:48:03","modified_gmt":"2025-12-05T01:48:03","slug":"the-story-that-matters-hungarian","status":"publish","type":"product","link":"https:\/\/eu.goodseed.com\/ro\/product\/the-story-that-matters-hungarian\/","title":{"rendered":"Povestea care conteaz\u0103 (maghiar\u0103)"},"content":{"rendered":"<p class=\"no-fr\">Aceasta este edi\u021bia maghiar\u0103 a <em><a href=\"https:\/\/ca.goodseed.com\/the-story-that-matters-english\/\">Povestea care conteaz\u0103<\/a><\/em>.<\/p>\n<p>Aceast\u0103 bro\u0219ur\u0103 de 64 de pagini explic\u0103 Evanghelia cronologic, de la crea\u021bie p\u00e2n\u0103 la cruce. Cu ajutorul unor desene expresive \u0219i al unui text atent controlat, mesajul central al Bibliei este explicat \u00eentr-o englez\u0103 u\u0219or de \u00een\u021beles, astfel \u00eenc\u00e2t chiar \u0219i o persoan\u0103 care folose\u0219te engleza ca a doua limb\u0103 s\u0103 \u00eel poat\u0103 \u00een\u021belege clar.<\/p>\n<p>Pre\u021bul este astfel \u00eenc\u00e2t acestea pot fi distribuite \u00een num\u0103r mare. Bisericile pot prezenta aceste bro\u0219uri vizitatorilor sau le pot distribui la concerte sau la programele bisericii. Persoanele fizice pot, de asemenea, s\u0103 ofere bro\u0219ura familiei, prietenilor \u0219i vecinilor, ca un tratat evanghelic.<\/p>\n<p>Aceast\u0103 carte este o variant\u0103 a <em><a href=\"https:\/\/ca.goodseed.com\/what-are-christmas-and-easter-all-about-english\/\">Ce \u00eenseamn\u0103 Cr\u0103ciunul \u0219i Pa\u0219tele?<\/a><\/em> Textul este identic, dar sunt folosite desene expresive. Este, de asemenea, potrivit pentru utilizare \u00een afara perioadei de Cr\u0103ciun \u0219i Pa\u0219te.<br \/>\n&nbsp;<\/p>\n<p><strong>CARACTERISTICI<\/strong><\/p>\n<ul>\n<li><strong>Rentabil pentru cadouri \u00een vrac: <\/strong>Aceast\u0103 bro\u0219ur\u0103 are un format de h\u00e2rtie de ziar cusut\u0103 la \u0219a, ceea ce o face foarte accesibil\u0103. Este ideal\u0103 pentru a fi distribuit\u0103 \u00een num\u0103r mare. O biseric\u0103 poate ag\u0103\u021ba un exemplar pe fiecare u\u0219\u0103 din cartier f\u0103r\u0103 s\u0103 \u00ee\u0219i rup\u0103 bugetul!<\/li>\n<li><strong>Condi\u021bii prealabile:<\/strong> Se presupune c\u0103 cititorul are pu\u021bine sau deloc cuno\u0219tin\u021be anterioare despre Biblie<\/li>\n<li><strong>Cronologic:<\/strong> \u00cencepe cu crearea universului, apoi trece secven\u021bial prin pove\u0219tile cheie ale Vechiului Testament \u0219i intr\u0103 \u00een Noul Testament pentru a dezv\u0103lui semnifica\u021bia crucii \u0219i a morm\u00e2ntului. Povestea principal\u0103 a Bibliei este \u00eempletit\u0103 \u00eentr-o dram\u0103 universal\u0103, atotcuprinz\u0103toare. Con\u021binutul este p\u0103strat scurt, astfel \u00eenc\u00e2t un cititor s\u0103 poat\u0103 parcurge cartea \u00een aproximativ 45 de minute.<\/li>\n<li><strong>Desene line expresive:<\/strong> Ilustra\u021biile talentatului artist Matt Almy aduc povestea Evangheliei la via\u021b\u0103.<\/li>\n<\/ul>\n<p>&nbsp;<\/p>\n<p><strong>SUPORT DE CARTE<\/strong><\/p>\n<p>Exist\u0103 coper\u021bi de carte care <em>Povestea care conteaz\u0103<\/em> \u00eempacheta\u021bi cartea pentru a o face \u0219i mai atractiv\u0103 ca \u0219i cadou. De exemplu, la o zi de na\u0219tere sau la o s\u0103rb\u0103toare, pute\u021bi \u00eenveli cartea cu o banderole care spune: \u201eV\u0103 mul\u021bumim c\u0103 a\u021bi s\u0103rb\u0103torit cu noi!\u201c Sau la \u00eenmorm\u00e2ntarea unei persoane dragi, pute\u021bi avea un teanc de c\u0103r\u021bi \u00eenvelite \u00een man\u0219onul care spune: \u201eAncora speran\u021bei \u0219i p\u0103cii noastre\u201c. Aceste \u0219i alte man\u0219oane fac s\u0103 fie u\u0219or s\u0103 oferi\u021bi cuiva o explica\u021bie clar\u0103 a Evangheliei. Pe site-ul nostru web ve\u021bi g\u0103si o selec\u021bie larg\u0103 de plicuri pe care le pute\u021bi desc\u0103rca \u0219i tip\u0103ri singuri. Sper\u0103m c\u0103, pe m\u0103sur\u0103 ce r\u0103sfoi\u021bi op\u021biunile, ve\u021bi g\u0103si \u0219i mai multe modalit\u0103\u021bi de a \u00eemp\u0103rt\u0103\u0219i Evanghelia.<a href=\"http:\/\/www.goodseed.com\/the-story-that-matters.html#book-sleeves\" target=\"_blank\" rel=\"noopener\">Vezi coper\u021bile c\u0103r\u021bilor &gt;&gt;<\/a><\/p>","protected":false},"excerpt":{"rendered":"<p>Dies ist die ungarische Ausgabe von The Story that Matters. Dieses 64-seitige B\u00fcchlein erkl\u00e4rt das Evangelium auf chronologische Weise von der Sch\u00f6pfung bis zum Kreuz. Mit ausdrucksstarken Strichzeichnungen und sorgf\u00e4ltig kontrolliertem Text wird die Kernbotschaft der Bibel in einfach zu verstehendem Englisch erkl\u00e4rt, so dass auch jemand, der Englisch als Zweitsprache benutzt, sie klar verstehen [&hellip;]<\/p>\n","protected":false},"featured_media":427,"comment_status":"closed","ping_status":"closed","template":"","meta":{"_acf_changed":false,"_glsr_average":0,"_glsr_ranking":0,"_glsr_reviews":0},"product_brand":[],"product_cat":[19,18,98],"product_tag":[72],"giftcard-category":[],"class_list":{"0":"post-442","1":"product","2":"type-product","3":"status-publish","4":"has-post-thumbnail","6":"product_cat-broschuren-zur-evangelisation","7":"product_cat-evangelisation_nachfolge","8":"product_cat-ungarisch","9":"product_tag-hungarian","11":"first","12":"instock","13":"taxable","14":"shipping-taxable","15":"purchasable","16":"product-type-simple"},"acf":[],"_links":{"self":[{"href":"https:\/\/eu.goodseed.com\/ro\/wp-json\/wp\/v2\/product\/442","targetHints":{"allow":["GET"]}}],"collection":[{"href":"https:\/\/eu.goodseed.com\/ro\/wp-json\/wp\/v2\/product"}],"about":[{"href":"https:\/\/eu.goodseed.com\/ro\/wp-json\/wp\/v2\/types\/product"}],"replies":[{"embeddable":true,"href":"https:\/\/eu.goodseed.com\/ro\/wp-json\/wp\/v2\/comments?post=442"}],"wp:featuredmedia":[{"embeddable":true,"href":"https:\/\/eu.goodseed.com\/ro\/wp-json\/wp\/v2\/media\/427"}],"wp:attachment":[{"href":"https:\/\/eu.goodseed.com\/ro\/wp-json\/wp\/v2\/media?parent=442"}],"wp:term":[{"taxonomy":"product_brand","embeddable":true,"href":"https:\/\/eu.goodseed.com\/ro\/wp-json\/wp\/v2\/product_brand?post=442"},{"taxonomy":"product_cat","embeddable":true,"href":"https:\/\/eu.goodseed.com\/ro\/wp-json\/wp\/v2\/product_cat?post=442"},{"taxonomy":"product_tag","embeddable":true,"href":"https:\/\/eu.goodseed.com\/ro\/wp-json\/wp\/v2\/product_tag?post=442"},{"taxonomy":"giftcard-category","embeddable":true,"href":"https:\/\/eu.goodseed.com\/ro\/wp-json\/wp\/v2\/giftcard-category?post=442"}],"curies":[{"name":"wp","href":"https:\/\/api.w.org\/{rel}","templated":true}]}}