{"id":437,"date":"2025-04-28T06:47:30","date_gmt":"2025-04-28T06:47:30","guid":{"rendered":"https:\/\/eu.goodseed.com\/?post_type=product&#038;p=437"},"modified":"2025-12-05T01:48:17","modified_gmt":"2025-12-05T01:48:17","slug":"story-that-matters-french","status":"publish","type":"product","link":"https:\/\/eu.goodseed.com\/ro\/product\/story-that-matters-french\/","title":{"rendered":"Povestea care conteaz\u0103 (francez\u0103)"},"content":{"rendered":"<div class=\"container 4661726c6579\">\n<div class=\"accordion-block\">\n<div id=\"accordion--description\" class=\"accordion-content is-open\" aria-hidden=\"false\">\n<div>\n<blockquote>\n<ul>\n<li><strong>Kaufen Sie 10 &#8211; 49 <\/strong>\u0219i primi\u021bi <strong>15% Rabatt<\/strong><\/li>\n<li><strong>Kaufen Sie 50 &#8211; 99 <\/strong>\u0219i primi\u021bi <strong>25% Rabatt<\/strong><\/li>\n<li><strong>Kaufen Sie 100 oder mehr <\/strong>\u0219i primi\u021bi <strong>35% Rabatt<\/strong><\/li>\n<\/ul>\n<\/blockquote>\n<p class=\"no-fr\">Dies ist<em>L&#8217;Histoire qui fait toute la diff\u00e9rence,<\/em> die franz\u00f6sische Ausgabe von <em><a href=\"https:\/\/ca.goodseed.com\/the-story-that-matters-english\/\">Die Geschichte, auf die es ankommt<\/a><\/em>.<\/p>\n<p>Dieses 64-seitige B\u00fcchlein erkl\u00e4rt das Evangelium chronologisch von der Sch\u00f6pfung bis zum Kreuz. Mit ausdrucksstarken Strichzeichnungen und sorgf\u00e4ltig kontrolliertem Text wird die Kernbotschaft der Bibel in leicht verst\u00e4ndlichem Englisch erkl\u00e4rt, so dass auch jemand, der Englisch als Zweitsprache benutzt, sie klar verstehen kann.<\/p>\n<p>Der Preis ist so bemessen, dass es in gro\u00dfer Zahl verschenkt werden kann. Kirchen k\u00f6nnen diese Brosch\u00fcren Besuchern vorlegen oder sie bei Konzerten oder Kirchenprogrammen verteilen. Auch Einzelpersonen k\u00f6nnen die Brosch\u00fcre wie ein Evangeliumstraktat an Familie, Freunde und Nachbarn weitergeben.<\/p>\n<p>Aceast\u0103 carte este o variant\u0103 a<em><a href=\"https:\/\/ca.goodseed.com\/what-are-christmas-and-easter-all-about-english\/\">Ce \u00eenseamn\u0103 Cr\u0103ciunul \u0219i Pa\u0219tele?<\/a><\/em>Der Text ist identisch, aber es werden ausdrucksstarke Linien verwendet. Der Titel ist auch f\u00fcr die Verwendung au\u00dferhalb der Weihnachts- und Osterzeit geeignet.<br \/>\n<strong>CARACTERISTICI<\/strong><\/p>\n<ul>\n<li><strong>Rentabil pentru cadouri \u00een vrac: <\/strong>In gro\u00dfen Mengen gekauft, ist es preiswerter als eine Tasse Kaffee &#8211; billiger als eine Weihnachts- oder Osterkarte. Es ist ideal, um in gro\u00dfer Zahl zu verschenken. Eine Kirche kann es an jede T\u00fcr in der Nachbarschaft h\u00e4ngen, ohne das Budget zu sprengen!<\/li>\n<li><strong>Presupuneri:<\/strong> Es wird davon ausgegangen, dass der Leser wenig oder keine Vorkenntnisse \u00fcber die Bibel hat<\/li>\n<li><strong>Cronologic:<\/strong> Beginnend mit der Erschaffung des Universums und dann fortlaufend durch die Schl\u00fcsselgeschichten des Alten Testaments, geht es ins Neue Testament, um die Bedeutung des Kreuzes und des Grabes zu enth\u00fcllen. Die Hauptgeschichte der Bibel wird zu einem universellen, allumfassenden Drama zusammengef\u00fcgt. Der Inhalt ist kurz gehalten, so dass ein Leser das Buch in etwa 45 Minuten durchlesen kann.<\/li>\n<li><strong>Desene line expresive:<\/strong> Illustrationen des begnadeten K\u00fcnstlers Matt Almy erwecken die Geschichte des Evangeliums zum Leben.<\/li>\n<\/ul>\n<p>&nbsp;<\/p>\n<p><strong>BUCHUMSCHLAG<\/strong><\/p>\n<p>Exist\u0103 coper\u021bi de carte care <em>Die Geschichte, auf die es ankommt<\/em> umh\u00fcllen, um es als Geschenk attraktiver zu machen. Zum Beispiel kann man das Buch bei einem Geburtstag oder einer Feier mit einer H\u00fclle umwickeln, auf der steht: \u201eDanke, dass du mit uns feierst!\u201c Oder bei der Beerdigung eines geliebten Menschen k\u00f6nnen Sie einen Stapel B\u00fccher in die H\u00fclle einwickeln, auf der steht: \u201eDer Anker unserer Hoffnung und unseres Friedens\u201c. Diese und andere H\u00fclsen machen es leicht, jemanden mit einer klaren Erkl\u00e4rung des Evangeliums zu verlassen. Auf unserer Website finden Sie eine gro\u00dfe Auswahl an H\u00fcllen, die Sie herunterladen und selbst ausdrucken k\u00f6nnen. Wir hoffen, dass Sie bei der Durchsicht der Optionen auf noch mehr M\u00f6glichkeiten aufmerksam werden, das Evangelium weiterzugeben. <a href=\"http:\/\/www.goodseed.com\/the-story-that-matters.html#book-sleeves\" target=\"_blank\" rel=\"noopener\">Vezi coper\u021bile c\u0103r\u021bilor &gt;&gt;<\/a><\/p>\n<p>Num\u0103r de pagini: 64<br \/>\nISBN: 9781927429549<\/p>\n<\/div>\n<\/div>\n<\/div>\n<\/div>","protected":false},"excerpt":{"rendered":"<p>Pre\u021buri \u00een vrac:<\/p>\n<p>Mai jos sunt ratele de reducere disponibile pentru fiecare articol individual atunci c\u00e2nd achizi\u021biona\u021bi o anumit\u0103 cantitate<\/p>\n<ul>\n<li>Buy 10 &#8211; 49 and get 15% off<\/li>\n<li>Buy 50 &#8211; 99 and get 25% off<\/li>\n<li>Buy 100 or above and get 35% off<\/li>\n<\/ul>","protected":false},"featured_media":1605,"comment_status":"closed","ping_status":"closed","template":"","meta":{"_acf_changed":false,"_glsr_average":0,"_glsr_ranking":0,"_glsr_reviews":0},"product_brand":[],"product_cat":[19,78],"product_tag":[52],"giftcard-category":[],"class_list":{"0":"post-437","1":"product","2":"type-product","3":"status-publish","4":"has-post-thumbnail","6":"product_cat-broschuren-zur-evangelisation","7":"product_cat-franzoesisch","8":"product_tag-french","10":"first","11":"instock","12":"taxable","13":"shipping-taxable","14":"purchasable","15":"product-type-simple"},"acf":[],"_links":{"self":[{"href":"https:\/\/eu.goodseed.com\/ro\/wp-json\/wp\/v2\/product\/437","targetHints":{"allow":["GET"]}}],"collection":[{"href":"https:\/\/eu.goodseed.com\/ro\/wp-json\/wp\/v2\/product"}],"about":[{"href":"https:\/\/eu.goodseed.com\/ro\/wp-json\/wp\/v2\/types\/product"}],"replies":[{"embeddable":true,"href":"https:\/\/eu.goodseed.com\/ro\/wp-json\/wp\/v2\/comments?post=437"}],"wp:featuredmedia":[{"embeddable":true,"href":"https:\/\/eu.goodseed.com\/ro\/wp-json\/wp\/v2\/media\/1605"}],"wp:attachment":[{"href":"https:\/\/eu.goodseed.com\/ro\/wp-json\/wp\/v2\/media?parent=437"}],"wp:term":[{"taxonomy":"product_brand","embeddable":true,"href":"https:\/\/eu.goodseed.com\/ro\/wp-json\/wp\/v2\/product_brand?post=437"},{"taxonomy":"product_cat","embeddable":true,"href":"https:\/\/eu.goodseed.com\/ro\/wp-json\/wp\/v2\/product_cat?post=437"},{"taxonomy":"product_tag","embeddable":true,"href":"https:\/\/eu.goodseed.com\/ro\/wp-json\/wp\/v2\/product_tag?post=437"},{"taxonomy":"giftcard-category","embeddable":true,"href":"https:\/\/eu.goodseed.com\/ro\/wp-json\/wp\/v2\/giftcard-category?post=437"}],"curies":[{"name":"wp","href":"https:\/\/api.w.org\/{rel}","templated":true}]}}