{"id":395,"date":"2025-04-28T06:07:10","date_gmt":"2025-04-28T06:07:10","guid":{"rendered":"https:\/\/eu.goodseed.com\/?post_type=product&#038;p=395"},"modified":"2025-12-05T01:49:50","modified_gmt":"2025-12-05T01:49:50","slug":"the-lamb-picture-book-softcover-german","status":"publish","type":"product","link":"https:\/\/eu.goodseed.com\/ro\/product\/the-lamb-picture-book-softcover-german\/","title":{"rendered":"Mielul - Carte ilustrat\u0103 - Copert\u0103 moale (german\u0103)"},"content":{"rendered":"<blockquote>\n<ul>\n<li><strong>Kaufen Sie 4\u201315 B\u00fccher<\/strong> \u0219i primi\u021bi <strong>20 % Rabatt<\/strong><\/li>\n<li><strong>Kaufen Sie 16 B\u00fccher oder mehr<\/strong> \u0219i primi\u021bi <strong>35 % Rabatt<\/strong><\/li>\n<\/ul>\n<\/blockquote>\n<p>Wie erkl\u00e4ren wir Kindern das Evangelium verst\u00e4ndlich? Wie erkl\u00e4ren wir ihnen, dass sie einen Erl\u00f6ser brauchen, ohne die Details zu verw\u00e4ssern? Wie k\u00f6nnen wir ihre Aufmerksamkeit lange genug fesseln, um ihnen zu erkl\u00e4ren, worum es in der Bibel geht? Wie k\u00f6nnen wir pr\u00e4zise sein und gleichzeitig ber\u00fccksichtigen, dass sie einfachere Erkl\u00e4rungen brauchen?<\/p>\n<p>\u201eMielul\u201c este o carte pentru copii cu v\u00e2rste cuprinse \u00eentre cinci \u0219i zece ani. Cu ilustra\u021biile sale colorate, aceast\u0103 carte ilustrat\u0103 \u00eei poart\u0103 pe copii \u00eentr-o c\u0103l\u0103torie prin inima mesajului biblic. \u00cencep\u00e2nd cu crearea universului, cartea explic\u0103 concepte biblice cheie: Cine este Dumnezeu? Cum este Dumnezeu? Ce este p\u0103catul? De unde vine r\u0103ul? De ce avem nevoie de un M\u00e2ntuitor? Cartea se \u00eencheie cu o explica\u021bie clar\u0103 a identit\u0103\u021bii lui Isus \u0219i a darului s\u0103u minunat ca M\u00e2ntuitor al nostru.<\/p>\n<p>Das Buch stellt eine klare Verbindung zwischen Jesus und dem Opferlamm des Alten Testaments her. Themen wie der Tod werden ehrlich und direkt behandelt. Die anschaulichen Details der Erl\u00f6sungsgeschichte werden einf\u00fchlsam behandelt, aber nicht verw\u00e4ssert. Am Ende erfahren Kinder, wer Gott ist und was er am Kreuz f\u00fcr die Menschheit getan hat. Es ist eine Botschaft der Hoffnung, die jedes Kind h\u00f6ren sollte.<\/p>\n<h4>Caracteristici<\/h4>\n<ul>\n<li><strong>Scris pentru copii:<\/strong>\u00a0Potrivit pentru toate v\u00e2rstele, dar scris pentru copii cu v\u00e2rsta de peste cinci ani.<\/li>\n<li><strong>Complet ilustrat:<\/strong>\u00a050 de picturi color realizate de talentatul artist Ian Mastin aduc la via\u021b\u0103 povestea Evangheliei. (A se vedea <a title=\"Ianmastin.com\" href=\"http:\/\/ianmastin.com\/\">ianmastin.com<\/a>)<\/li>\n<li><strong>Presupuneri:<\/strong>\u00a0Nu necesit\u0103 nicio cunoa\u0219tere a Bibliei.<\/li>\n<li><strong>Cronologic:<\/strong>\u00a0\u00cencepe cu crearea universului \u0219i apoi progreseaz\u0103 secven\u021bial prin povestirile majore ale Vechiului Testament, \u00eenainte de a trece la Noul Testament \u0219i de a dezv\u0103lui semnifica\u021bia crucii \u0219i a morm\u00e2ntului. Povestea principal\u0103 a Bibliei este \u021besut\u0103 \u00eentr-o dram\u0103 universal\u0103, atotcuprinz\u0103toare.<\/li>\n<li><strong>Baza:<\/strong> Abordarea de la crea\u021bie p\u00e2n\u0103 la cruce ajut\u0103 la contextualizarea \u00eentregii Biblii. \u00cei ajut\u0103 pe copii s\u0103 \u00een\u021beleag\u0103 mesajul general al Bibliei f\u0103r\u0103 confuzie.<\/li>\n<li><strong>Prezentarea precis\u0103 a Evangheliei:<\/strong> Komplexe Themen wie Tod, S\u00fcnde, B\u00f6ses und Gottes F\u00fcrsorge werden einf\u00fchlsam und kinderleicht dargestellt.<\/li>\n<li><strong>Repeti\u021bie integrat\u0103:<\/strong> Fiecare capitol \u00eencepe cu o recapitulare \u0219i se \u00eencheie cu \u00eentreb\u0103ri pentru a se asigura c\u0103 copiii \u00een\u021beleg clar mesajul.<\/li>\n<li><strong>Audiobook:<\/strong> Die Geschichte wird vom Autor und Heather Holdsworth, einer begabten Kinderg\u00e4rtnerin, erz\u00e4hlt. Kinder k\u00f6nnen sich in die Geschichte einbringen, indem sie dem Buch beim Zuh\u00f6ren folgen. Enth\u00e4lt \u201eThe Lamb Song\u201c, vorgetragen von Carla Newsham und ihren Kindern Toni-Marie, Joyelle und Brooklyn.<\/li>\n<li><strong>Pentru a da departe:<\/strong>\u00a0Aceast\u0103 carte cartonat\u0103 este un cadou frumos \u0219i elegant pentru un copil sau o familie cu copii.<\/li>\n<li><strong>Pentru devo\u021biune:<\/strong>\u00a0Poate fi citit ca un devo\u021bional de familie sau pentru citirea pove\u0219tilor biblice.<\/li>\n<\/ul>\n<div>\n<p>\u00a0<iframe src=\"https:\/\/www.youtube.com\/embed\/IojxLpPNdE4?fs=1\" width=\"440\" height=\"330\" frameborder=\"0\" allowfullscreen=\"allowfullscreen\"><\/iframe><\/p>\n<p>No. of pages: 183<br \/>\nISBN: 9783961900466<\/p>\n<\/div>","protected":false},"excerpt":{"rendered":"<p>Pre\u021buri \u00een vrac:<\/p>\n<p>Mai jos sunt ratele de reducere disponibile pentru fiecare articol individual atunci c\u00e2nd achizi\u021biona\u021bi o anumit\u0103 cantitate<\/p>\n<ul>\n<li>Buy 4 &#8211; 15 and get 20% off<\/li>\n<li>Buy 16 or above and get 35% off<\/li>\n<\/ul>","protected":false},"featured_media":396,"comment_status":"closed","ping_status":"closed","template":"","meta":{"_acf_changed":false,"_glsr_average":0,"_glsr_ranking":0,"_glsr_reviews":0},"product_brand":[110],"product_cat":[77,18,21,17],"product_tag":[60],"giftcard-category":[],"class_list":{"0":"post-395","1":"product","2":"type-product","3":"status-publish","4":"has-post-thumbnail","6":"product_brand-das-lamm","7":"product_cat-deutsch","8":"product_cat-evangelisation_nachfolge","9":"product_cat-kinder","10":"product_cat-new-release","11":"product_tag-german","13":"first","14":"instock","15":"taxable","16":"shipping-taxable","17":"purchasable","18":"product-type-simple"},"acf":[],"_links":{"self":[{"href":"https:\/\/eu.goodseed.com\/ro\/wp-json\/wp\/v2\/product\/395","targetHints":{"allow":["GET"]}}],"collection":[{"href":"https:\/\/eu.goodseed.com\/ro\/wp-json\/wp\/v2\/product"}],"about":[{"href":"https:\/\/eu.goodseed.com\/ro\/wp-json\/wp\/v2\/types\/product"}],"replies":[{"embeddable":true,"href":"https:\/\/eu.goodseed.com\/ro\/wp-json\/wp\/v2\/comments?post=395"}],"wp:featuredmedia":[{"embeddable":true,"href":"https:\/\/eu.goodseed.com\/ro\/wp-json\/wp\/v2\/media\/396"}],"wp:attachment":[{"href":"https:\/\/eu.goodseed.com\/ro\/wp-json\/wp\/v2\/media?parent=395"}],"wp:term":[{"taxonomy":"product_brand","embeddable":true,"href":"https:\/\/eu.goodseed.com\/ro\/wp-json\/wp\/v2\/product_brand?post=395"},{"taxonomy":"product_cat","embeddable":true,"href":"https:\/\/eu.goodseed.com\/ro\/wp-json\/wp\/v2\/product_cat?post=395"},{"taxonomy":"product_tag","embeddable":true,"href":"https:\/\/eu.goodseed.com\/ro\/wp-json\/wp\/v2\/product_tag?post=395"},{"taxonomy":"giftcard-category","embeddable":true,"href":"https:\/\/eu.goodseed.com\/ro\/wp-json\/wp\/v2\/giftcard-category?post=395"}],"curies":[{"name":"wp","href":"https:\/\/api.w.org\/{rel}","templated":true}]}}