{"id":393,"date":"2025-04-28T06:03:48","date_gmt":"2025-04-28T06:03:48","guid":{"rendered":"https:\/\/eu.goodseed.com\/?post_type=product&#038;p=393"},"modified":"2025-12-05T01:49:59","modified_gmt":"2025-12-05T01:49:59","slug":"the-lamb-picture-book-with-cd-luxembourgish","status":"publish","type":"product","link":"https:\/\/eu.goodseed.com\/ro\/product\/the-lamb-picture-book-with-cd-luxembourgish\/","title":{"rendered":"Mielul - Carte ilustrat\u0103 cu CD (luxemburghez\u0103)"},"content":{"rendered":"<div class=\"accordion-navigation toggleLink is-open\" role=\"button\" data-collapsible=\"#accordion--description\" aria-label=\"Description\" aria-controls=\"accordion--description\" aria-expanded=\"true\">\n<h5 class=\"accordion-title\"><span style=\"font-size: 16px\">&#8222;D&#8217;Lammchen&#8220; is the Luxembourgish edition of &#8222;<\/span><a style=\"font-size: 16px\" title=\"Mielul\" href=\"https:\/\/ca.goodseed.com\/the-lamb-picture-book-with-cd-english\/\">Mielul.<\/a><span style=\"font-size: 16px\">&#8222;<\/span><\/h5>\n<\/div>\n<div id=\"accordion--description\" class=\"accordion-content is-open\" aria-hidden=\"false\">\n<p>Urm\u0103toarea descriere este preluat\u0103 din edi\u021bia \u00een limba englez\u0103.<\/p>\n<p>Cum le explic\u0103m copiilor Evanghelia \u00eentr-un mod u\u0219or de \u00een\u021beles? Cum le explic\u0103m c\u0103 au nevoie de un M\u00e2ntuitor f\u0103r\u0103 s\u0103 dilu\u0103m detaliile? Cum le putem re\u021bine aten\u021bia suficient de mult timp pentru a le explica con\u021binutul Bibliei? Cum putem fi preci\u0219i, recunosc\u00e2nd \u00een acela\u0219i timp c\u0103 ei au nevoie de explica\u021bii mai simple?<\/p>\n<p>\u201eMielul\u201c este o carte pentru copii cu v\u00e2rste cuprinse \u00eentre cinci \u0219i zece ani. Cu ilustra\u021biile sale colorate, aceast\u0103 carte ilustrat\u0103 \u00eei poart\u0103 pe copii \u00eentr-o c\u0103l\u0103torie prin inima mesajului biblic. \u00cencep\u00e2nd cu crearea universului, cartea explic\u0103 concepte biblice cheie: Cine este Dumnezeu? Cum este Dumnezeu? Ce este p\u0103catul? De unde vine r\u0103ul? De ce avem nevoie de un M\u00e2ntuitor? Cartea se \u00eencheie cu o explica\u021bie clar\u0103 a identit\u0103\u021bii lui Isus \u0219i a darului s\u0103u minunat ca M\u00e2ntuitor al nostru.<\/p>\n<p>Cartea stabile\u0219te o leg\u0103tur\u0103 clar\u0103 \u00eentre Iisus \u0219i mielul sacrificat din Vechiul Testament. Subiecte precum moartea sunt abordate onest \u0219i direct. Detaliile vii ale istoriei m\u00e2ntuirii sunt tratate cu sensibilitate, dar nu sunt diluate. La final, copiii afl\u0103 cine este Dumnezeu \u0219i ce a f\u0103cut El pentru omenire pe cruce. Este un mesaj de speran\u021b\u0103 pe care fiecare copil ar trebui s\u0103-l aud\u0103.<\/p>\n<h4>Caracteristici<\/h4>\n<ul>\n<li><strong>Scris pentru copii:<\/strong>\u00a0Potrivit pentru toate v\u00e2rstele, dar scris pentru copii cu v\u00e2rsta de peste cinci ani.<\/li>\n<li><strong>Complet ilustrat:<\/strong>\u00a050 de picturi color realizate de talentatul artist Ian Mastin aduc la via\u021b\u0103 povestea Evangheliei. (A se vedea <a title=\"Ianmastin.com\" href=\"http:\/\/ianmastin.com\/\">ianmastin.com<\/a>)<\/li>\n<li><strong>Presupuneri:<\/strong>\u00a0Nu necesit\u0103 nicio cunoa\u0219tere a Bibliei.<\/li>\n<li><strong>Cronologic:<\/strong>\u00a0\u00cencepe cu crearea universului \u0219i apoi progreseaz\u0103 secven\u021bial prin povestirile majore ale Vechiului Testament, \u00eenainte de a trece la Noul Testament \u0219i de a dezv\u0103lui semnifica\u021bia crucii \u0219i a morm\u00e2ntului. Povestea principal\u0103 a Bibliei este \u021besut\u0103 \u00eentr-o dram\u0103 universal\u0103, atotcuprinz\u0103toare.<\/li>\n<li><strong>Baza:<\/strong> Abordarea de la crea\u021bie p\u00e2n\u0103 la cruce ajut\u0103 la contextualizarea \u00eentregii Biblii. \u00cei ajut\u0103 pe copii s\u0103 \u00een\u021beleag\u0103 mesajul general al Bibliei f\u0103r\u0103 confuzie.<\/li>\n<li><strong>Prezentarea precis\u0103 a Evangheliei:<\/strong> Subiecte complexe precum moartea, p\u0103catul, r\u0103ul \u0219i providen\u021ba lui Dumnezeu sunt prezentate \u00eentr-un mod sensibil \u0219i prietenos pentru copii.<\/li>\n<li><strong>Repeti\u021bie integrat\u0103:<\/strong> Fiecare capitol \u00eencepe cu o recapitulare \u0219i se \u00eencheie cu \u00eentreb\u0103ri pentru a se asigura c\u0103 copiii \u00een\u021beleg clar mesajul.<\/li>\n<li><strong>Audiobook:<\/strong> CD inclus. Povestea este narat\u0103 de autor \u0219i de Heather Holdsworth, o educatoare de gr\u0103dini\u021b\u0103 talentat\u0103. Copiii se pot implica \u00een poveste urm\u0103rind \u00een timp ce ascult\u0103 cartea. Include \u201eC\u00e2ntecul mielului\u201c interpretat de Carla Newsham \u0219i copiii ei Toni-Marie, Joyelle \u0219i Brooklyn.<\/li>\n<li><strong>Pentru a da departe:<\/strong>\u00a0Aceast\u0103 carte cartonat\u0103 este un cadou frumos \u0219i elegant pentru un copil sau o familie cu copii.<\/li>\n<li><strong>Pentru devo\u021biune:<\/strong>\u00a0Poate fi citit ca un devo\u021bional de familie sau pentru citirea pove\u0219tilor biblice.<\/li>\n<\/ul>\n<div>\n<p>\u00a0<iframe src=\"https:\/\/www.youtube.com\/embed\/IojxLpPNdE4?fs=1\" width=\"440\" height=\"330\" frameborder=\"0\" allowfullscreen=\"allowfullscreen\"><\/iframe><\/p>\n<p>Num\u0103r de pagini: 183<br \/>\nISBN: 9781890082185<br \/>\nFormat audiobook: Audio CD<br \/>\nDurata audiobook-ului: aprox. 60 de minute<\/p>\n<\/div>\n<\/div>","protected":false},"excerpt":{"rendered":"<p>Pre\u021buri \u00een vrac:<\/p>\n<p>Mai jos sunt ratele de reducere disponibile pentru fiecare articol individual atunci c\u00e2nd achizi\u021biona\u021bi o anumit\u0103 cantitate<\/p>\n<ul>\n<li>Buy 4 &#8211; 15 and get 20% off<\/li>\n<li>Buy 16 or above and get 35% off<\/li>\n<\/ul>","protected":false},"featured_media":394,"comment_status":"closed","ping_status":"closed","template":"","meta":{"_acf_changed":false,"_glsr_average":0,"_glsr_ranking":0,"_glsr_reviews":0},"product_brand":[],"product_cat":[18,21,91,17],"product_tag":[67],"giftcard-category":[],"class_list":{"0":"post-393","1":"product","2":"type-product","3":"status-publish","4":"has-post-thumbnail","6":"product_cat-evangelisation_nachfolge","7":"product_cat-kinder","8":"product_cat-luxemburgisch","9":"product_cat-new-release","10":"product_tag-luxembourgish","12":"first","13":"instock","14":"taxable","15":"shipping-taxable","16":"purchasable","17":"product-type-simple"},"acf":[],"_links":{"self":[{"href":"https:\/\/eu.goodseed.com\/ro\/wp-json\/wp\/v2\/product\/393","targetHints":{"allow":["GET"]}}],"collection":[{"href":"https:\/\/eu.goodseed.com\/ro\/wp-json\/wp\/v2\/product"}],"about":[{"href":"https:\/\/eu.goodseed.com\/ro\/wp-json\/wp\/v2\/types\/product"}],"replies":[{"embeddable":true,"href":"https:\/\/eu.goodseed.com\/ro\/wp-json\/wp\/v2\/comments?post=393"}],"wp:featuredmedia":[{"embeddable":true,"href":"https:\/\/eu.goodseed.com\/ro\/wp-json\/wp\/v2\/media\/394"}],"wp:attachment":[{"href":"https:\/\/eu.goodseed.com\/ro\/wp-json\/wp\/v2\/media?parent=393"}],"wp:term":[{"taxonomy":"product_brand","embeddable":true,"href":"https:\/\/eu.goodseed.com\/ro\/wp-json\/wp\/v2\/product_brand?post=393"},{"taxonomy":"product_cat","embeddable":true,"href":"https:\/\/eu.goodseed.com\/ro\/wp-json\/wp\/v2\/product_cat?post=393"},{"taxonomy":"product_tag","embeddable":true,"href":"https:\/\/eu.goodseed.com\/ro\/wp-json\/wp\/v2\/product_tag?post=393"},{"taxonomy":"giftcard-category","embeddable":true,"href":"https:\/\/eu.goodseed.com\/ro\/wp-json\/wp\/v2\/giftcard-category?post=393"}],"curies":[{"name":"wp","href":"https:\/\/api.w.org\/{rel}","templated":true}]}}