{"id":358,"date":"2025-04-28T03:44:44","date_gmt":"2025-04-28T03:44:44","guid":{"rendered":"https:\/\/eu.goodseed.com\/?post_type=product&#038;p=358"},"modified":"2025-07-03T07:55:55","modified_gmt":"2025-07-03T07:55:55","slug":"the-stranger-on-the-road-to-emmaus-leaders-guide-english-pdf","status":"publish","type":"product","link":"https:\/\/eu.goodseed.com\/ro\/product\/the-stranger-on-the-road-to-emmaus-leaders-guide-english-pdf\/","title":{"rendered":"The Stranger on the Road to Emmaus &#8211; Leitfaden f\u00fcr F\u00fchrungskr\u00e4fte (Englisch, PDF)"},"content":{"rendered":"","protected":false},"excerpt":{"rendered":"","protected":false},"featured_media":359,"comment_status":"closed","ping_status":"closed","template":"","meta":{"_acf_changed":false,"_glsr_average":0,"_glsr_ranking":0,"_glsr_reviews":0},"product_brand":[],"product_cat":[24,76,18],"product_tag":[53],"giftcard-category":[],"class_list":{"0":"post-358","1":"product","2":"type-product","3":"status-publish","4":"has-post-thumbnail","6":"product_cat-ebooks","7":"product_cat-englisch","8":"product_cat-evangelisation_nachfolge","9":"product_tag-english","11":"first","12":"instock","13":"taxable","14":"shipping-taxable","15":"purchasable","16":"product-type-simple"},"acf":[],"_links":{"self":[{"href":"https:\/\/eu.goodseed.com\/ro\/wp-json\/wp\/v2\/product\/358","targetHints":{"allow":["GET"]}}],"collection":[{"href":"https:\/\/eu.goodseed.com\/ro\/wp-json\/wp\/v2\/product"}],"about":[{"href":"https:\/\/eu.goodseed.com\/ro\/wp-json\/wp\/v2\/types\/product"}],"replies":[{"embeddable":true,"href":"https:\/\/eu.goodseed.com\/ro\/wp-json\/wp\/v2\/comments?post=358"}],"wp:featuredmedia":[{"embeddable":true,"href":"https:\/\/eu.goodseed.com\/ro\/wp-json\/wp\/v2\/media\/359"}],"wp:attachment":[{"href":"https:\/\/eu.goodseed.com\/ro\/wp-json\/wp\/v2\/media?parent=358"}],"wp:term":[{"taxonomy":"product_brand","embeddable":true,"href":"https:\/\/eu.goodseed.com\/ro\/wp-json\/wp\/v2\/product_brand?post=358"},{"taxonomy":"product_cat","embeddable":true,"href":"https:\/\/eu.goodseed.com\/ro\/wp-json\/wp\/v2\/product_cat?post=358"},{"taxonomy":"product_tag","embeddable":true,"href":"https:\/\/eu.goodseed.com\/ro\/wp-json\/wp\/v2\/product_tag?post=358"},{"taxonomy":"giftcard-category","embeddable":true,"href":"https:\/\/eu.goodseed.com\/ro\/wp-json\/wp\/v2\/giftcard-category?post=358"}],"curies":[{"name":"wp","href":"https:\/\/api.w.org\/{rel}","templated":true}]}}