{"id":323,"date":"2025-04-25T03:56:13","date_gmt":"2025-04-25T03:56:13","guid":{"rendered":"https:\/\/eu.goodseed.com\/?post_type=product&#038;p=323"},"modified":"2025-12-05T01:53:24","modified_gmt":"2025-12-05T01:53:24","slug":"what-are-christmas-and-easter-all-about-chinese","status":"publish","type":"product","link":"https:\/\/eu.goodseed.com\/ro\/product\/what-are-christmas-and-easter-all-about-chinese\/","title":{"rendered":"Ce \u00eenseamn\u0103 Cr\u0103ciunul \u0219i Pa\u0219tele? (Chinez\u0103)"},"content":{"rendered":"<ul>\n<li>Kaufen Sie 10 &#8211; 49 und erhalten Sie 15% Rabatt<\/li>\n<li>Kaufen Sie 50 &#8211; 99 und erhalten Sie 25% Rabatt<\/li>\n<li>Kaufen Sie 100 oder mehr und erhalten Sie 35% Rabatt<\/li>\n<\/ul>\n<p>Wie andere GoodSeed-Hilfsmittel erkl\u00e4rt dieses Buch das Evangelium in chronologischer Reihenfolge von der Sch\u00f6pfung bis zum Kreuz. Dieses 80-seitige B\u00fcchlein ist preislich so gestaltet, dass es in gro\u00dfer St\u00fcckzahl verschenkt werden kann. Kirchen k\u00f6nnen diese Brosch\u00fcren an Besucher verschenken oder sie bei Konzerten oder kirchlichen Programmen &#8211; insbesondere bei Oster- oder Weihnachtsveranstaltungen &#8211; verteilen. Auch Einzelpersonen k\u00f6nnen das Heft wie ein Evangeliumstraktat an Familie, Freunde und Nachbarn weitergeben.<\/p>\n<p><strong>Caracteristici<\/strong><br \/>\nGeschrieben f\u00fcr Menschen mit begrenzten Sprachkenntnissen: Durch die Verwendung von EasyEnglish ist es f\u00fcr Kinder, Jugendliche, ESL und Menschen, die nicht viel lesen, geeignet.<br \/>\nPreisg\u00fcnstig f\u00fcr Massengeschenke: Diese Brosch\u00fcre ist sehr erschwinglich. Wenn man es in gro\u00dfen Mengen kauft, kostet es weniger als eine Tasse Kaffee &#8211; billiger als eine Weihnachts- oder Osterkarte. Es ist ideal, um es in gro\u00dfen Mengen zu verschenken. Eine Kirche kann es an jede T\u00fcr in einem Viertel h\u00e4ngen, ohne das Budget zu sprengen!<br \/>\nAnnahmen: Setzt voraus, dass der Leser keine oder nur geringe Vorkenntnisse \u00fcber die Bibel hat<br \/>\nChronologisch: Beginnt mit der Erschaffung des Universums und geht dann der Reihe nach durch die Schl\u00fcsselgeschichten des Alten Testaments, um dann im Neuen Testament die Bedeutung des Kreuzes und des Grabes zu enth\u00fcllen. Die Hauptgeschichte<\/p>\n<p><strong>Eigenschaften<\/strong><\/p>\n<ul>\n<li><strong>Geschrieben f\u00fcr Menschen mit begrenzten Sprachkenntnissen<\/strong>: Durch die Verwendung von EasyEnglish ist es f\u00fcr Kinder, Jugendliche, ESL und Menschen, die nicht viel lesen, geeignet.<\/li>\n<li><strong>Preisg\u00fcnstig f\u00fcr Massengeschenke<\/strong>: Diese Brosch\u00fcre ist sehr erschwinglich. Wenn man es in gro\u00dfen Mengen kauft, kostet es weniger als eine Tasse Kaffee &#8211; billiger als eine Weihnachts- oder Osterkarte. Es ist ideal, um es in gro\u00dfen Mengen zu verschenken. Eine Kirche kann es an jede T\u00fcr in einem Viertel h\u00e4ngen, ohne das Budget zu sprengen!<\/li>\n<li><strong>Annahmen<\/strong>: Setzt voraus, dass der Leser keine oder nur geringe Vorkenntnisse \u00fcber die Bibel hat<\/li>\n<li><strong>Chronologisch<\/strong>: Beginnt mit der Erschaffung des Universums und geht dann der Reihe nach durch die Schl\u00fcsselgeschichten des Alten Testaments zum Neuen Testament \u00fcber, um die Bedeutung des Kreuzes und des Grabes zu enth\u00fcllen. Die Hauptgeschichte der Bibel wird zu einem universellen, allumfassenden Drama zusammengef\u00fcgt. Der Inhalt ist kurz gehalten, so dass ein Leser das Buch in etwa 45 Minuten durcharbeiten kann.<\/li>\n<li><strong>Vollst\u00e4ndig illustriert<\/strong>: Farbige Bilder des begabten K\u00fcnstlers Ian Mastin erwecken die Geschichte des Evangeliums zum Leben. (Siehe ianmastin.com)<\/li>\n<\/ul>\n<p>Anzahl der Seiten: 80<br \/>\nISBN: 97811173040967<\/p>\n<p>\u5723\u8bde\u8282\u00a0\u4e0e\u00a0\u590d\u6d3b\u8282<\/p>\n<p>\u7684\u771f\u6b63\u610f\u4e49<\/p>\n<p>&nbsp;<\/p>\n<p>\u8fd9\u672c\u4e66\u5230\u5e95\u8bf4\u4e86\u4ec0\u4e48\uff1f<\/p>\n<p>\u8fd9\u672c\u4e66\u7684\u76ee\u7684\u662f\u8bb2\u8ff0\u4e86\u5723\u7ecf\u91cc\u9762\u6700\u91cd\u8981\u7684\u6545\u4e8b\u3002\u5b83\u544a\u8bc9\u6211\u4eec\u5723\u8bde\u8282\u4e0e\u590d\u6d3b\u8282\u7684\u771f\u6b63\u610f\u4e49\u3002\u7136\u800c\u8fd9\u672c\u4e66\u5e76\u6ca1\u6709\u56e0\u7740\u8282\u65e5\u6545\u4e8b\u7684\u7ed3\u675f\u800c\u505c\u4e0b\u6765\uff0c\u5b83\u544a\u8bc9\u6211\u4eec\u66f4\u591a\u5173\u4e8e\u4eba\u751f\u3001\u6b7b\u4ea1\u4ee5\u53ca\u6b7b\u4ea1\u4ee5\u540e\u7684\u751f\u547d\u3002\u5b83\u5e2e\u52a9\u6211\u4eec\u4e86\u89e3\uff0c\u5723\u7ecf\u662f\u600e\u6837\u7684\u4e00\u672c\u4e66\uff01<\/p>\n<p>\u9ad8\u7ea6\u7ff0\u662f\u4e00\u4f4d\u6765\u81ea\u52a0\u62ff\u5927\u7684\u4f5c\u5bb6\u3002 \u9a6c\u5b9c\u5b89\u662f\u4e00\u4f4d\u6765\u81ea\u6fb3\u5927\u5229\u4e9a\u7684\u827a\u672f\u5bb6\u3002<\/p>","protected":false},"excerpt":{"rendered":"<p>Preise f\u00fcr Gro\u00dfmengen:<\/p>\n<p>Nachfolgend finden Sie die verf\u00fcgbaren Mengenrabatte f\u00fcr jeden einzelnen Artikel, wenn Sie eine bestimmte Menge kaufen<\/p>\n<ul>\n<li>Kaufen Sie 10 &#8211; 49 und erhalten Sie 15% Rabatt<\/li>\n<li>Kaufen Sie 50 &#8211; 99 und erhalten Sie 25% Rabatt<\/li>\n<li>Kaufen Sie 100 oder mehr und erhalten Sie 35% Rabatt<\/li>\n<\/ul>","protected":false},"featured_media":324,"comment_status":"closed","ping_status":"closed","template":"","meta":{"_acf_changed":false,"_glsr_average":0,"_glsr_ranking":0,"_glsr_reviews":0},"product_brand":[],"product_cat":[19,80,17],"product_tag":[55],"giftcard-category":[],"class_list":{"0":"post-323","1":"product","2":"type-product","3":"status-publish","4":"has-post-thumbnail","6":"product_cat-broschuren-zur-evangelisation","7":"product_cat-chinesisch","8":"product_cat-new-release","9":"product_tag-chinese","11":"first","12":"instock","13":"taxable","14":"shipping-taxable","15":"purchasable","16":"product-type-simple"},"acf":[],"_links":{"self":[{"href":"https:\/\/eu.goodseed.com\/ro\/wp-json\/wp\/v2\/product\/323","targetHints":{"allow":["GET"]}}],"collection":[{"href":"https:\/\/eu.goodseed.com\/ro\/wp-json\/wp\/v2\/product"}],"about":[{"href":"https:\/\/eu.goodseed.com\/ro\/wp-json\/wp\/v2\/types\/product"}],"replies":[{"embeddable":true,"href":"https:\/\/eu.goodseed.com\/ro\/wp-json\/wp\/v2\/comments?post=323"}],"wp:featuredmedia":[{"embeddable":true,"href":"https:\/\/eu.goodseed.com\/ro\/wp-json\/wp\/v2\/media\/324"}],"wp:attachment":[{"href":"https:\/\/eu.goodseed.com\/ro\/wp-json\/wp\/v2\/media?parent=323"}],"wp:term":[{"taxonomy":"product_brand","embeddable":true,"href":"https:\/\/eu.goodseed.com\/ro\/wp-json\/wp\/v2\/product_brand?post=323"},{"taxonomy":"product_cat","embeddable":true,"href":"https:\/\/eu.goodseed.com\/ro\/wp-json\/wp\/v2\/product_cat?post=323"},{"taxonomy":"product_tag","embeddable":true,"href":"https:\/\/eu.goodseed.com\/ro\/wp-json\/wp\/v2\/product_tag?post=323"},{"taxonomy":"giftcard-category","embeddable":true,"href":"https:\/\/eu.goodseed.com\/ro\/wp-json\/wp\/v2\/giftcard-category?post=323"}],"curies":[{"name":"wp","href":"https:\/\/api.w.org\/{rel}","templated":true}]}}